{"id":38718,"date":"2025-07-04T16:03:46","date_gmt":"2025-07-04T14:03:46","guid":{"rendered":"https:\/\/www.cocoome.com\/?post_type=product&#038;p=38718"},"modified":"2025-07-23T08:44:46","modified_gmt":"2025-07-23T06:44:46","slug":"cocoo-me-sling-preemie-kopie","status":"publish","type":"product","link":"https:\/\/www.cocoome.com\/it\/produkt\/cocoo-me-sling-preemie-kopie\/","title":{"rendered":"cocoo-me\u00ae Sling Preemie (Kopie)"},"content":{"rendered":"<div class=\"wpb-content-wrapper\"><p>[vc_row full_width=&#8221;stretch_row&#8221; css=&#8221;.vc_custom_1605626832008{margin-top: 0px !important;margin-bottom: 0px !important;border-top-width: 0px !important;border-bottom-width: 0px !important;padding-top: 0px !important;background-color: #f8f8f8 !important;}&#8221;][vc_column css=&#8221;.vc_custom_1605626827873{margin-top: 0px !important;border-top-width: 0px !important;padding-top: 0px !important;}&#8221;][vc_empty_space][vc_row_inner][vc_column_inner width=&#8221;1\/3&#8243;][vc_column_text css=&#8221;.vc_custom_1624016469754{margin-top: 25px !important;margin-right: 25px !important;margin-bottom: 25px !important;margin-left: 25px !important;padding-top: 25px !important;padding-bottom: 25px !important;}&#8221; el_class=&#8221;iconmittext&#8221;]<\/p>\n<p style=\"text-align: center;\"><strong><img class=\"alignnone wp-image-2952\" role=\"img\" src=\"https:\/\/www.cocoome.com\/wp-content\/uploads\/2020\/10\/heart-icon.svg\" alt=\"Cocoome.com Jackenerweiterung\" width=\"30\" height=\"33\" title=\"Cocoome.com Jackenerweiterung\"><\/strong><\/p>\n<p style=\"text-align: center;\">Cotone organico <strong>di alta qualit\u00e0<\/strong><br \/>\n(GOTS)<\/p>\n<p>[\/vc_column_text][\/vc_column_inner][vc_column_inner width=&#8221;1\/3&#8243;][vc_column_text css=&#8221;.vc_custom_1624016475201{margin-top: 25px !important;margin-right: 25px !important;margin-bottom: 25px !important;margin-left: 25px !important;padding-top: 25px !important;padding-right: 25px !important;padding-bottom: 25px !important;padding-left: 25px !important;}&#8221; el_class=&#8221;iconmittext&#8221;]<\/p>\n<p style=\"text-align: center;\"><strong><img class=\"alignnone wp-image-2952\" role=\"img\" src=\"https:\/\/www.cocoome.com\/wp-content\/uploads\/2020\/10\/heart-icon.svg\" alt=\"Cocoome.com Jackenerweiterung\" width=\"30\" height=\"33\" title=\"Cocoome.com Jackenerweiterung\"><\/strong><\/p>\n<p style=\"text-align: center;\"><strong>Facile<\/strong> da rilegare\n<\/p>\n<p>[\/vc_column_text][\/vc_column_inner][vc_column_inner width=&#8221;1\/3&#8243;][vc_column_text css=&#8221;.vc_custom_1624016481833{margin-top: 25px !important;margin-right: 25px !important;margin-bottom: 25px !important;margin-left: 25px !important;padding-top: 25px !important;padding-bottom: 25px !important;}&#8221; el_class=&#8221;iconmittext&#8221;]<\/p>\n<p style=\"text-align: center;\"><strong><img class=\"alignnone wp-image-2952\" role=\"img\" src=\"https:\/\/www.cocoome.com\/wp-content\/uploads\/2020\/10\/heart-icon.svg\" alt=\"Cocoome.com Jackenerweiterung\" width=\"30\" height=\"33\" title=\"Cocoome.com Jackenerweiterung\"><\/strong><\/p>\n<p style=\"text-align: center;\">\n<strong>sicuro<\/strong> per la pelle del bambino<\/p>\n<p>[\/vc_column_text][\/vc_column_inner][\/vc_row_inner][vc_empty_space][vc_column_text]<\/p>\n<h2 style=\"text-align: center; text-transform: none;\">TESTATO <strong>CON COMPETENZA<\/strong> <\/h2>\n<p>[\/vc_column_text][vc_column_text]<\/p>\n<p style=\"text-align: center; font-size: 16px;\">L&#8217;imbragatura cocoo-me\u00ae \u00e8 stata sviluppata e testata in stretta collaborazione con consulenti di babywearing. Esperti, ostetriche e scuole di babywearing raccomandano l&#8217;imbragatura cocoo-me\u00ae,<br \/>\nL&#8217;imbragatura elastica per bambini.   <\/p>\n<p>[\/vc_column_text][vc_empty_space][\/vc_column][\/vc_row][vc_row css=&#8221;.vc_custom_1603996988111{margin-top: -100px !important;}&#8221;][vc_column offset=&#8221;vc_hidden-sm vc_hidden-xs&#8221;][vc_single_image image=&#8221;3065&#8243; img_size=&#8221;full&#8221; alignment=&#8221;right&#8221; onclick=&#8221;zoom&#8221; css=&#8221;.vc_custom_1603997316936{margin-top: -15px !important;}&#8221;][\/vc_column][\/vc_row][vc_row css=&#8221;.vc_custom_1603997570510{padding-top: 35px !important;}&#8221;][vc_column offset=&#8221;vc_hidden-lg vc_hidden-md&#8221;][vc_single_image image=&#8221;3065&#8243; img_size=&#8221;full&#8221; alignment=&#8221;center&#8221; onclick=&#8221;zoom&#8221;][\/vc_column][\/vc_row][vc_row][vc_column][vc_column_text]<\/p>\n<h2 style=\"text-align: center;\">PRODOTTI <strong>IN MODO SOSTENIBILE ED<\/strong> EQUO<\/h2>\n<p>[\/vc_column_text][vc_column_text]<\/p>\n<p style=\"text-align: center; font-size: 16px;\">Le imbragature cocoo-me\u00ae sono &#8220;Made in Europe&#8221;. Commissioniamo regolarmente a istituzioni sociali la fabbricazione dei nostri prodotti. In questo modo, sosteniamo le donne che si reinseriscono nel mondo del lavoro.    <\/p>\n<p>[\/vc_column_text][vc_empty_space][\/vc_column][\/vc_row][vc_row][vc_column][vc_column_text]<\/p>\n<h2><strong>Come si portano i neonati o i bambini prematuri in una fascia?<\/strong><\/h2>\n<p>Portare in braccio i bambini prematuri pu\u00f2 avere un effetto positivo sul loro sviluppo in molti modi. \u2764\ufe0f Sappiamo che i neonati prematuri che hanno un contatto fisico intenso mostrano segni vitali migliori e hanno meno interruzioni respiratorie. Un corretto trasporto favorisce inoltre una maturazione ottimale delle anche. Tuttavia, \u00e8 bene ricordare che non tutti i tipi di legame sono adatti ai neonati prematuri. Il trasporto pu\u00f2 anche prevenire la formazione di una testa piatta, perch\u00e9 stare tanto tempo sdraiato nell&#8217;incubatrice pu\u00f2 favorire questo fenomeno e portare a gravi danni. Se offri al tuo bambino tanto contatto con la pelle, tanto trasporto e tante coccole, hai l&#8217;opportunit\u00e0 di fargli iniziare la vita pi\u00f9 facilmente \u2764\ufe0f       <\/p>\n<p>Alcuni ospedali dispongono gi\u00e0 di personale specializzato nel trasporto di bambini prematuri, quindi vale la pena chiedere. In caso contrario, alcuni consulenti di babywearing hanno una formazione specifica su questo argomento.[\/vc_column_text][vc_column_text]<\/p>\n<h2><strong>I vantaggi del trasporto di bambini prematuri<\/strong><\/h2>\n<p><span style=\"font-weight: 400;\">I bambini prematuri portati in braccio hanno meno interruzioni respiratorie e il contatto con la pelle ha un effetto stabilizzante sul bambino.<\/span><\/p>\n<p><span style=\"font-weight: 400;\">&#8211; Il tuo bambino ricorda le sensazioni che prova nel grembo materno quando viene portato in grembo.  <\/span><br \/>\n<span style=\"font-weight: 400;\">&#8211; Il legame pu\u00f2 essere recuperato, i genitori acquistano fiducia nel rapporto con il bambino<\/span><br \/>\n<span style=\"font-weight: 400;\">&#8211; I bambini prematuri che vengono portati in braccio si nutrono meglio e sono molto pi\u00f9 tranquilli.<\/span><span style=\"font-weight: 400;\"><br \/>\n<\/span><span style=\"font-weight: 400;\">&#8211; Il rapporto genitore-figlio si rafforza<\/span><\/p>\n<h2><strong>Morbido e sicuro: questo \u00e8 il babywearing!<\/strong><\/h2>\n<p>Puoi continuare a dare al tuo neonato il calore, la vicinanza e i confini che gi\u00e0 conosce dal grembo materno. Questo aiuta molti bambini ad ambientarsi meglio e a elaborare le nuove impressioni e la nascita. Soprattutto all&#8217;inizio, i bambini sono spesso molto irrequieti, piangono molto e sono difficili da calmare. Il babywearing pu\u00f2 aiutare a dare al bambino la vicinanza necessaria.     <\/p>\n<h3><strong>Metodo di legatura per neonati prematuri<\/strong><\/h3>\n<p><span style=\"font-weight: 400;\">Il metodo di legatura che raccomandiamo per i neonati prematuri assicura che le gambe non siano troppo distanziate. Questo video \u00e8 stato realizzato in stretta collaborazione con Julia L\u00fcbke (   <\/span><a href=\"http:\/\/www.klammer-aeffchen.de\" target=\"_blank\" rel=\"noopener\"><span style=\"font-weight: 400;\">www.klammer-aeffchen.de<\/span><\/a><span style=\"font-weight: 400;\">). Se hai bisogno di aiuto, contatta una consulente di babywearing con una formazione adeguata per i bambini prematuri!<\/span>[\/vc_column_text]<div class=\"gem-youtube gem-wrapbox gem-wrapbox-style-no-style rounded-corners gem-wrapbox-position-below\" style=\"width: 100%;\"><div class=\"gem-wrapbox-inner gem-ratio-style\" style=\"padding-top: 56.25%\"> <div class=\"brlbs-cmpnt-container brlbs-cmpnt-content-blocker brlbs-cmpnt-with-individual-styles\" data-borlabs-cookie-content-blocker-id=\"default\" data-borlabs-cookie-content=\"PGlmcmFtZSBjbGFzcz0iZ2VtLXdyYXBib3gtZWxlbWVudCBpbWctcmVzcG9uc2l2ZSIgd2lkdGg9IjEwMCUiIGhlaWdodD0iMzAwIiBhbGxvd2Z1bGxzY3JlZW49ImFsbG93ZnVsbHNjcmVlbiIgZnJhbWVib3JkZXI9IjAiIHNjcm9sbGluZz0ibm8iIG1hcmdpbmhlaWdodD0iMCIgbWFyZ2lud2lkdGg9IjAiIHNyYz0iLy93d3cueW91dHViZS5jb20vZW1iZWQvRkhJMFpjTy1LTUE\/cmVsPTAmYW1wO3dtb2RlPW9wYXF1ZSI+PC9pZnJhbWU+\"><div class=\"brlbs-cmpnt-cb-preset-a\"> <p class=\"brlbs-cmpnt-cb-description\">Stai visualizzando un contenuto segnaposto da <strong>Predefinito<\/strong>. Per accedere al contenuto effettivo, clicca sul pulsante sottostante. Si prega di notare che in questo modo si condividono i dati con provider di terze parti.<\/p> <div class=\"brlbs-cmpnt-cb-buttons\"> <a class=\"brlbs-cmpnt-cb-btn\" href=\"#\" data-borlabs-cookie-unblock role=\"button\">Sblocca il contenuto<\/a> <a class=\"brlbs-cmpnt-cb-btn\" href=\"#\" data-borlabs-cookie-accept-service role=\"button\" style=\"display: none\">Accetta il servizio richiesto e sblocca i contenuti<\/a> <\/div> <a class=\"brlbs-cmpnt-cb-provider-toggle\" href=\"#\" data-borlabs-cookie-show-provider-information role=\"button\">Ulteriori informazioni<\/a> <\/div><\/div><\/div><\/div>[vc_row_inner][vc_column_inner][vc_empty_space height=&#8221;50px&#8221;]<div class=\"preloader\"><div class=\"preloader-spin\"><\/div><\/div><div class=\"size-medium style1 gem-testimonials\" style=background-color:> <div id=\"post-28022\" class=\"gem-testimonial-item post-28022 thegem_testimonial type-thegem_testimonial status-publish has-post-thumbnail\"> <div class=\"gem-testimonial-wrapper quote-color-added \"> <div class=\"gem-testimonial-image\"> <img width=\"160\" height=\"160\" src=\"https:\/\/www.cocoome.com\/wp-content\/uploads\/2021\/06\/REVIEW_JuliaPoetsch_853x1024-thegem-person-160.jpg\" class=\"img-responsive img-circle wp-post-image\" alt=\"Review Fr\u00fchchen Tragetuch\" srcset=\"https:\/\/www.cocoome.com\/wp-content\/uploads\/2021\/06\/REVIEW_JuliaPoetsch_853x1024-thegem-testimonial.jpg 2x\" sizes=\"100vw\" title=\"Cocoome.com Jackenerweiterung\"> <\/div> <div class=\"gem-testimonial-content\"> <div class=\"gem-testimonial-name\" style=\"color: #5a636a\">Julia P\u00f6tsch<\/div> <div class=\"gem-testimonial-company\" >Fondatore cocoome<\/div> <div class=\"gem-testimonial-text\" > <p>Essendo io stessa una mamma prematura, sono particolarmente interessata ad aiutare i genitori di bambini prematuri. I momenti meravigliosi che si vivono quando si porta in grembo il proprio bambino durante questo periodo difficile fanno dimenticare per un attimo tutto il resto.<\/p>\n<p><strong>Il mio consiglio: coccolarsi pelle a pelle in una fascia porta beb\u00e8: indescrivibile!<\/strong><\/p>\n<p>&nbsp;<\/p>\n<p><img class=\"wp-image-3171 aligncenter\" role=\"img\" src=\"https:\/\/www.cocoome.com\/wp-content\/uploads\/2020\/10\/quote-icon.svg\" alt=\"Opinione di Feedback - Le migliori estensioni e imbracature per giacche di cocoome.com\" width=\"60\" height=\"44 padding-top:32px;\" title=\"Cocoome.com Jackenerweiterung\"><\/p> <\/div> <\/div> <span style=\"color: #ffffff \" class=\"custom-color-blockqute-mark\">&#xe60c;<\/span> <\/div> <\/div> <div class=\"testimonials_svg\"><svg style=\"fill: \" width=\"100\" height=\"50\"><path d=\"M 0,-1 Q 45,5 50,50 Q 55,5 100,-1\" \/><\/svg><\/div><\/div>[vc_empty_space height=&#8221;50px&#8221;][\/vc_column_inner][\/vc_row_inner][vc_row_inner][vc_column_inner][vc_column_text]<\/p>\n<h2><strong>I marsupi offrono molti vantaggi: uno di questi \u00e8 sicuramente questo!<\/strong><\/h2>\n<p>Molti genitori amano utilizzare il marsupio come ausilio per la nanna: offre sicurezza, protezione e calore. Il tuo bambino pu\u00f2 sentire il tuo battito cardiaco e si sente completamente al sicuro. Le migliori condizioni per far addormentare il tuo bambino! E non preoccuparti: con questo marsupio non lo vizierai e il tuo bambino continuer\u00e0 a dormire nella culla prima o poi.[\/vc_column_text][\/vc_column_inner][\/vc_row_inner][\/vc_column][\/vc_row]<\/p>\n<\/div>","protected":false},"excerpt":{"rendered":"<p><strong>La fascia per i bambini prematuri!<\/strong><\/p>\n<p><span style=\"font-weight: 400;\">L&#8217;imbragatura elastica di cocoo-me\u00ae \u00e8 ideale per il tuo bambino prematuro. Ecco perch\u00e9 abbiamo sviluppato l&#8217;imbragatura cocoo-me\u00ae Preemie appositamente per i bambini prematuri. L&#8217;imbragatura \u00e8 morbidissima e abbraccia perfettamente te e il corpo del tuo bambino. Il cotone organico di alta qualit\u00e0 \u00e8 certificato GOTS e quindi assolutamente sicuro per la pelle delicata del tuo bambino prematuro.     <\/span><\/p>\n<p><a href=\"https:\/\/www.cocoome.com\/wp-content\/uploads\/2020\/10\/heart-icon.svg\"><img class=\"alignnone wp-image-2952\" role=\"img\" src=\"https:\/\/www.cocoome.com\/wp-content\/uploads\/2020\/10\/heart-icon.svg\" alt=\"\" width=\"18\" height=\"20\"><\/a> <b>Facile da usare<\/b><span style=\"font-weight: 400;\"> &#8211; Facile da legare, metodo di legatura particolarmente consigliato per i neonati prematuri<\/span><\/p>\n<p><a href=\"https:\/\/www.cocoome.com\/wp-content\/uploads\/2020\/10\/heart-icon.svg\"><img class=\"alignnone wp-image-2952\" role=\"img\" src=\"https:\/\/www.cocoome.com\/wp-content\/uploads\/2020\/10\/heart-icon.svg\" alt=\"\" width=\"18\" height=\"20\"><\/a> <b>Vestibilit\u00e0 ottimale<\/b><span style=\"font-weight: 400;\"> &#8211; Si adatta come una seconda pelle<\/span><span style=\"font-weight: 400;\"><br \/>\n<\/span><\/p>\n<p><a href=\"https:\/\/www.cocoome.com\/wp-content\/uploads\/2020\/10\/heart-icon.svg\"><img class=\"alignnone wp-image-2952\" role=\"img\" src=\"https:\/\/www.cocoome.com\/wp-content\/uploads\/2020\/10\/heart-icon.svg\" alt=\"\" width=\"18\" height=\"20\"><\/a> <b>Materiali eccellenti<\/b><span style=\"font-weight: 400;\"> &#8211; Cotone biologico (kbA), certificato GOTS<\/span><\/p>\n<p><a href=\"https:\/\/www.cocoome.com\/wp-content\/uploads\/2020\/10\/heart-icon.svg\"><img class=\"alignnone wp-image-2952\" role=\"img\" src=\"https:\/\/www.cocoome.com\/wp-content\/uploads\/2020\/10\/heart-icon.svg\" alt=\"\" width=\"18\" height=\"20\"><\/a> <b>Di alta qualit\u00e0<\/b><span style=\"font-weight: 400;\"> &#8211; fatto a mano in Europa<\/span><\/p>\n<p><a href=\"https:\/\/www.cocoome.com\/wp-content\/uploads\/2020\/10\/heart-icon.svg\"><img class=\"alignnone wp-image-2952\" role=\"img\" src=\"https:\/\/www.cocoome.com\/wp-content\/uploads\/2020\/10\/heart-icon.svg\" alt=\"\" width=\"18\" height=\"20\"><\/a> <b>Testato con competenza<\/b><span style=\"font-weight: 400;\"> &#8211; Raccomandato dalle scuole di babywearing e dalle ostetriche<\/span><\/p>\n","protected":false},"featured_media":38997,"template":"","meta":[],"product_brand":[],"product_cat":[308,589],"product_tag":[312,325],"class_list":{"0":"post-38718","1":"product","2":"type-product","3":"status-publish","4":"has-post-thumbnail","6":"product_cat-imbragatura-per-bambini","7":"product_cat-trasportare-i-vestiti","8":"product_tag-fionda","9":"product_tag-imbragatura-per-bambini","11":"first","12":"instock","13":"taxable","14":"shipping-taxable","15":"purchasable","16":"product-type-variable","17":"has-default-attributes"},"_links":{"self":[{"href":"https:\/\/www.cocoome.com\/it\/wp-json\/wp\/v2\/product\/38718","targetHints":{"allow":["GET"]}}],"collection":[{"href":"https:\/\/www.cocoome.com\/it\/wp-json\/wp\/v2\/product"}],"about":[{"href":"https:\/\/www.cocoome.com\/it\/wp-json\/wp\/v2\/types\/product"}],"wp:featuredmedia":[{"embeddable":true,"href":"https:\/\/www.cocoome.com\/it\/wp-json\/wp\/v2\/media\/38997"}],"wp:attachment":[{"href":"https:\/\/www.cocoome.com\/it\/wp-json\/wp\/v2\/media?parent=38718"}],"wp:term":[{"taxonomy":"product_brand","embeddable":true,"href":"https:\/\/www.cocoome.com\/it\/wp-json\/wp\/v2\/product_brand?post=38718"},{"taxonomy":"product_cat","embeddable":true,"href":"https:\/\/www.cocoome.com\/it\/wp-json\/wp\/v2\/product_cat?post=38718"},{"taxonomy":"product_tag","embeddable":true,"href":"https:\/\/www.cocoome.com\/it\/wp-json\/wp\/v2\/product_tag?post=38718"}],"curies":[{"name":"wp","href":"https:\/\/api.w.org\/{rel}","templated":true}]}}