{"id":35919,"date":"2025-01-15T16:56:21","date_gmt":"2025-01-15T15:56:21","guid":{"rendered":"https:\/\/www.cocoome.com\/?post_type=product&#038;p=35919"},"modified":"2025-06-27T12:20:20","modified_gmt":"2025-06-27T10:20:20","slug":"cocoo-me-helium-marsupio-per-bambini-kopie","status":"publish","type":"product","link":"https:\/\/www.cocoome.com\/it\/produkt\/cocoo-me-helium-marsupio-per-bambini-kopie\/","title":{"rendered":"barella di prova cocoo-me"},"content":{"rendered":"<div class=\"wpb-content-wrapper\"><p>[vc_row css=&#8221;.vc_custom_1605624837647{margin-top: 0px !important;margin-bottom: 0px !important;border-top-width: 0px !important;border-bottom-width: 0px !important;padding-top: 0px !important;padding-bottom: 0px !important;}&#8221;][vc_column offset=&#8221;vc_hidden-lg vc_hidden-md&#8221; css=&#8221;.vc_custom_1605624846093{margin-top: 0px !important;margin-bottom: 0px !important;border-top-width: 0px !important;border-bottom-width: 0px !important;padding-top: 0px !important;padding-bottom: 0px !important;}&#8221;][vc_single_image image=&#8221;32332&#8243; img_size=&#8221;full&#8221; alignment=&#8221;center&#8221; css=&#8221;.vc_custom_1729850607196{margin-top: 0px !important;margin-bottom: 0px !important;border-top-width: 0px !important;border-bottom-width: 0px !important;padding-top: 0px !important;padding-bottom: 0px !important;}&#8221;][vc_empty_space][\/vc_column][\/vc_row][vc_row css=&#8221;.vc_custom_1605623924093{margin-top: 0px !important;margin-bottom: 0px !important;border-top-width: 0px !important;border-bottom-width: 0px !important;padding-top: 0px !important;padding-bottom: 0px !important;}&#8221;][vc_column offset=&#8221;vc_hidden-sm vc_hidden-xs&#8221;][vc_single_image image=&#8221;1118&#8243; img_size=&#8221;full&#8221;][vc_empty_space][vc_column_text css=&#8221;.vc_custom_1605624186602{padding-bottom: 15px !important;}&#8221;]<img class=\"alignnone wp-image-2952 aligncenter\" role=\"img\" src=\"https:\/\/www.cocoome.com\/wp-content\/uploads\/2020\/10\/heart-icon.svg\" alt=\"Cocoome.com Jackenerweiterung\" width=\"29\" height=\"32\" title=\"Cocoome.com Jackenerweiterung\">[\/vc_column_text][\/vc_column][\/vc_row][vc_row full_width=&#8221;stretch_row_content_no_spaces&#8221; content_placement=&#8221;middle&#8221; disable_element=&#8221;yes&#8221; css=&#8221;.vc_custom_1715968094473{background-image: url(https:\/\/www.cocoome.com\/wp-content\/uploads\/2022\/10\/Cocoome-Hochwertige-Babytrage-Helium-1.jpg?id=11621) !important;background-position: center !important;background-repeat: no-repeat !important;background-size: cover !important;}&#8221;][vc_column offset=&#8221;vc_hidden-sm vc_hidden-xs&#8221; css=&#8221;.vc_custom_1605624129454{margin-top: 0px !important;margin-bottom: 0px !important;border-top-width: 0px !important;border-bottom-width: 0px !important;padding-top: 0px !important;padding-bottom: 0px !important;}&#8221;][vc_empty_space height=&#8221;720&#8243;][\/vc_column][\/vc_row][vc_row full_width=&#8221;stretch_row_content_no_spaces&#8221; content_placement=&#8221;middle&#8221; css=&#8221;.vc_custom_1605793691252{background-position: center !important;background-repeat: no-repeat !important;background-size: cover !important;}&#8221; el_class=&#8221;hintergrundbild&#8221;][vc_column css=&#8221;.vc_custom_1715968108194{margin-top: 0px !important;margin-bottom: 0px !important;border-top-width: 0px !important;border-bottom-width: 0px !important;padding-top: 0px !important;padding-bottom: 0px !important;}&#8221;][vc_single_image image=&#8221;35279&#8243; img_size=&#8221;full&#8221; alignment=&#8221;center&#8221; css=&#8221;&#8221;][\/vc_column][\/vc_row][vc_row full_width=&#8221;stretch_row_content&#8221; equal_height=&#8221;yes&#8221;][vc_column width=&#8221;1\/3&#8243; css=&#8221;.vc_custom_1603994507071{border-radius: 1px !important;}&#8221;][vc_column_text css=&#8221;.vc_custom_1742492130189{margin-top: 25px !important;margin-right: 25px !important;margin-bottom: 25px !important;margin-left: 25px !important;padding-top: 25px !important;padding-right: 25px !important;padding-bottom: 25px !important;padding-left: 25px !important;border-radius: 1px !important;}&#8221; el_class=&#8221;.iconmittext&#8221;]<\/p>\n<p style=\"text-align: center;\"><strong><img class=\"alignnone wp-image-2952\" role=\"img\" src=\"https:\/\/www.cocoome.com\/wp-content\/uploads\/2020\/10\/heart-icon.svg\" alt=\"Cocoome.com Jackenerweiterung\" width=\"30\" height=\"33\" title=\"Cocoome.com Jackenerweiterung\"><\/strong><\/p>\n<p style=\"text-align: center;\"><strong>Prova semplicemente<\/strong><br \/>\nScelta di diversi modelli<\/p>\n<p>[\/vc_column_text][\/vc_column][vc_column width=&#8221;1\/3&#8243;][vc_column_text css=&#8221;.vc_custom_1737103698819{margin-top: 25px !important;margin-right: 25px !important;margin-bottom: 25px !important;margin-left: 25px !important;padding-top: 25px !important;padding-right: 25px !important;padding-bottom: 25px !important;padding-left: 25px !important;border-radius: 1px !important;}&#8221; el_class=&#8221;.iconmittext&#8221;]<\/p>\n<p style=\"text-align: center;\"><strong><img class=\"alignnone wp-image-2952\" role=\"img\" src=\"https:\/\/www.cocoome.com\/wp-content\/uploads\/2020\/10\/heart-icon.svg\" alt=\"Cocoome.com Jackenerweiterung\" width=\"30\" height=\"33\" title=\"Cocoome.com Jackenerweiterung\"><\/strong><\/p>\n<p style=\"text-align: center;\">\nP<strong>eriodo di prova<\/strong> 7 giorni dopo aver ricevuto la barella<\/p>\n<p>[\/vc_column_text][\/vc_column][vc_column width=&#8221;1\/3&#8243;][vc_column_text css=&#8221;.vc_custom_1737979849368{margin-top: 25px !important;margin-right: 25px !important;margin-bottom: 25px !important;margin-left: 25px !important;padding-top: 25px !important;padding-right: 25px !important;padding-bottom: 25px !important;padding-left: 25px !important;border-radius: 1px !important;}&#8221; el_class=&#8221;.iconmittext&#8221;]<\/p>\n<p style=\"text-align: center;\"><strong><img class=\"alignnone wp-image-2952\" role=\"img\" src=\"https:\/\/www.cocoome.com\/wp-content\/uploads\/2020\/10\/heart-icon.svg\" alt=\"Cocoome.com Jackenerweiterung\" width=\"30\" height=\"33\" title=\"Cocoome.com Jackenerweiterung\"><\/strong><\/p>\n<p style=\"text-align: center;\">\nR<strong>imborso <\/strong> La quota di noleggio verr\u00e0 rimborsata al momento dell&#8217;acquisto.<\/p>\n<p>[\/vc_column_text][\/vc_column][\/vc_row][vc_row][vc_column][vc_empty_space][vc_column_text css=&#8221;&#8221;]<\/p>\n<h2 style=\"text-align: center;\">NON SEI ANCORA SICURO DI COSA SIA ADATTO A TE E AL TUO BAMBINO? ORDINA semplicemente il <strong>trasportino<\/strong> cocoo-me\u00ae <strong>che preferisci<\/strong> e provalo per 7 giorni. <\/h2>\n<p>[\/vc_column_text][vc_column_text css=&#8221;&#8221;]<\/p>\n<p style=\"text-align: center; font-size: 16px;\">Comunicaci il colore che preferisci al momento dell&#8217;ordine e cercheremo di inviarti il colore che preferisci.<\/p>\n<p>[\/vc_column_text][vc_empty_space][\/vc_column][\/vc_row][vc_row full_width=&#8221;stretch_row_content_no_spaces&#8221; content_placement=&#8221;middle&#8221; disable_element=&#8221;yes&#8221; css=&#8221;.vc_custom_1715968867828{margin-top: 0px !important;margin-bottom: 0px !important;border-top-width: 0px !important;border-bottom-width: 0px !important;padding-top: 0px !important;padding-bottom: 0px !important;background-image: url(https:\/\/www.cocoome.com\/wp-content\/uploads\/2022\/10\/Cocoome-Hochwertige-Babytrage-Helium-wrapconversion-2.jpg?id=11623) !important;background-position: center !important;background-repeat: no-repeat !important;background-size: cover !important;}&#8221;][vc_column css=&#8221;.vc_custom_1605626856423{margin-top: 0px !important;margin-bottom: 0px !important;border-top-width: 0px !important;border-bottom-width: 0px !important;padding-top: 0px !important;padding-bottom: 0px !important;}&#8221; offset=&#8221;vc_hidden-sm vc_hidden-xs&#8221;][vc_empty_space height=&#8221;720&#8243;][\/vc_column][\/vc_row][vc_row full_width=&#8221;stretch_row_content_no_spaces&#8221; content_placement=&#8221;middle&#8221; css=&#8221;.vc_custom_1605626841700{margin-top: 0px !important;margin-bottom: 0px !important;border-top-width: 0px !important;border-bottom-width: 0px !important;padding-top: 0px !important;padding-bottom: 0px !important;background-position: center !important;background-repeat: no-repeat !important;background-size: cover !important;}&#8221;][vc_column css=&#8221;.vc_custom_1715968272585{margin-top: 0px !important;margin-bottom: 0px !important;border-top-width: 0px !important;border-bottom-width: 0px !important;padding-top: 0px !important;padding-bottom: 0px !important;}&#8221;][vc_single_image image=&#8221;35270&#8243; img_size=&#8221;full&#8221; alignment=&#8221;center&#8221; css=&#8221;.vc_custom_1737107965060{margin-top: 0px !important;margin-bottom: 0px !important;border-top-width: 0px !important;border-bottom-width: 0px !important;padding-top: 0px !important;padding-bottom: 0px !important;}&#8221;][\/vc_column][\/vc_row][vc_row full_width=&#8221;stretch_row&#8221; css=&#8221;.vc_custom_1605626832008{margin-top: 0px !important;margin-bottom: 0px !important;border-top-width: 0px !important;border-bottom-width: 0px !important;padding-top: 0px !important;background-color: #f8f8f8 !important;}&#8221;][vc_column css=&#8221;.vc_custom_1605626827873{margin-top: 0px !important;border-top-width: 0px !important;padding-top: 0px !important;}&#8221;][vc_empty_space height=&#8221;50px&#8221;][vc_column_text css=&#8221;&#8221;]<\/p>\n<h2 style=\"text-align: center;\">Se decidi di acquistare un <strong>ausilio per il trasporto<\/strong> <strong>cocoo-me\u00ae<\/strong>, riceverai il tuo pagamento come credito.<\/h2>\n<p>[\/vc_column_text][vc_empty_space][\/vc_column][\/vc_row][vc_row full_width=&#8221;stretch_row_content_no_spaces&#8221; content_placement=&#8221;middle&#8221; disable_element=&#8221;yes&#8221; css=&#8221;.vc_custom_1715968875503{margin-top: 0px !important;margin-bottom: 0px !important;border-top-width: 0px !important;border-bottom-width: 0px !important;padding-top: 0px !important;padding-bottom: 0px !important;background-image: url(https:\/\/www.cocoome.com\/wp-content\/uploads\/2022\/10\/cocoome-helium-elfenbein-elastische-babytrage-wrapconversion.jpg?id=12385) !important;background-position: center !important;background-repeat: no-repeat !important;background-size: cover !important;}&#8221;][vc_column css=&#8221;.vc_custom_1605626856423{margin-top: 0px !important;margin-bottom: 0px !important;border-top-width: 0px !important;border-bottom-width: 0px !important;padding-top: 0px !important;padding-bottom: 0px !important;}&#8221; offset=&#8221;vc_hidden-sm vc_hidden-xs&#8221;][vc_empty_space height=&#8221;720&#8243;][\/vc_column][\/vc_row][vc_row full_width=&#8221;stretch_row_content_no_spaces&#8221; content_placement=&#8221;middle&#8221; css=&#8221;.vc_custom_1605626841700{margin-top: 0px !important;margin-bottom: 0px !important;border-top-width: 0px !important;border-bottom-width: 0px !important;padding-top: 0px !important;padding-bottom: 0px !important;background-position: center !important;background-repeat: no-repeat !important;background-size: cover !important;}&#8221;][vc_column css=&#8221;.vc_custom_1715968884766{margin-top: 0px !important;margin-bottom: 0px !important;border-top-width: 0px !important;border-bottom-width: 0px !important;padding-top: 0px !important;padding-bottom: 0px !important;}&#8221;][vc_single_image image=&#8221;32601&#8243; img_size=&#8221;full&#8221; alignment=&#8221;center&#8221; css=&#8221;.vc_custom_1729852225938{margin-top: 0px !important;margin-bottom: 0px !important;border-top-width: 0px !important;border-bottom-width: 0px !important;padding-top: 0px !important;padding-bottom: 0px !important;}&#8221;][\/vc_column][\/vc_row][vc_row full_width=&#8221;stretch_row&#8221; css=&#8221;.vc_custom_1605626832008{margin-top: 0px !important;margin-bottom: 0px !important;border-top-width: 0px !important;border-bottom-width: 0px !important;padding-top: 0px !important;background-color: #f8f8f8 !important;}&#8221;][vc_column css=&#8221;.vc_custom_1605626827873{margin-top: 0px !important;border-top-width: 0px !important;padding-top: 0px !important;}&#8221;][vc_empty_space height=&#8221;50px&#8221;][vc_column_text]<\/p>\n<h2 style=\"text-align: center;\">TESTATO <strong>CON COMPETENZA<\/strong> <\/h2>\n<p>[\/vc_column_text][vc_column_text css=&#8221;&#8221;]<\/p>\n<p style=\"text-align: center;\">Tutti i marsupi cocoo-me\u00ae sono stati sviluppati e testati in stretta collaborazione con consulenti di babywearing.<\/p>\n<p>[\/vc_column_text][vc_empty_space][\/vc_column][\/vc_row][vc_row css=&#8221;.vc_custom_1603996988111{margin-top: -100px !important;}&#8221;][vc_column offset=&#8221;vc_hidden-sm vc_hidden-xs&#8221;][vc_single_image image=&#8221;3065&#8243; img_size=&#8221;full&#8221; alignment=&#8221;right&#8221; onclick=&#8221;zoom&#8221; css=&#8221;.vc_custom_1666811768117{padding-top: 15px !important;}&#8221;][\/vc_column][\/vc_row][vc_row css=&#8221;.vc_custom_1603997570510{padding-top: 35px !important;}&#8221;][vc_column offset=&#8221;vc_hidden-lg vc_hidden-md&#8221;][vc_single_image image=&#8221;3065&#8243; img_size=&#8221;full&#8221; alignment=&#8221;center&#8221; onclick=&#8221;zoom&#8221; css=&#8221;.vc_custom_1666812016388{margin-top: 40px !important;}&#8221;][\/vc_column][\/vc_row][vc_row disable_element=&#8221;yes&#8221; css=&#8221;.vc_custom_1729843595557{margin-top: 0px !important;margin-bottom: 0px !important;border-top-width: 0px !important;border-bottom-width: 0px !important;padding-top: 0px !important;padding-bottom: 0px !important;border-radius: 1px !important;}&#8221;][vc_column css=&#8221;.vc_custom_1605625657517{margin-top: 0px !important;margin-bottom: 0px !important;border-top-width: 0px !important;border-bottom-width: 0px !important;padding-top: 0px !important;padding-bottom: 0px !important;}&#8221;]<div class=\"preloader\"><div class=\"preloader-spin\"><\/div><\/div><div class=\"size-medium style1 gem-testimonials\" style=background-color:> <div id=\"post-28032\" class=\"gem-testimonial-item post-28032 thegem_testimonial type-thegem_testimonial status-publish has-post-thumbnail\"> <div class=\"gem-testimonial-wrapper quote-color-added \"> <div class=\"gem-testimonial-image\"> <img width=\"160\" height=\"160\" src=\"https:\/\/www.cocoome.com\/wp-content\/uploads\/2022\/11\/Maria-Vikydal-Trageberaterin-thegem-person-160.jpg\" class=\"img-responsive img-circle wp-post-image\" alt=\"Maria Vikydal Trageberaterin\" srcset=\"https:\/\/www.cocoome.com\/wp-content\/uploads\/2022\/11\/Maria-Vikydal-Trageberaterin.jpg 2x\" sizes=\"100vw\" title=\"Cocoome.com Jackenerweiterung\"> <\/div> <div class=\"gem-testimonial-content\"> <div class=\"gem-testimonial-name\" style=\"color: #5a636a\">Maria Vikydal<\/div> <div class=\"gem-testimonial-company\" >Consulente babywearing<\/div> <div class=\"gem-testimonial-text\" > <p>Grazie al tessuto elasticizzato, Helium abbraccia perfettamente le spalle ed \u00e8 ideale per trasportare gli oggetti pi\u00f9 pesanti. L&#8217;ho testato con mia figlia (11 kg, 1 anno e mezzo) e ci ha assolutamente convinti entrambi.<\/p>\n<p>&nbsp;<\/p>\n<p><img class=\"wp-image-3171 aligncenter\" role=\"img\" src=\"https:\/\/www.cocoome.com\/wp-content\/uploads\/2020\/10\/quote-icon.svg\" alt=\"Opinione di Feedback - Le migliori estensioni e imbracature per giacche di cocoome.com\" width=\"60\" height=\"44 padding-top:32px;\" title=\"Cocoome.com Jackenerweiterung\"><\/p> <\/div> <\/div> <span style=\"color: #ffffff \" class=\"custom-color-blockqute-mark\">&#xe60c;<\/span> <\/div> <\/div> <div id=\"post-28035\" class=\"gem-testimonial-item post-28035 thegem_testimonial type-thegem_testimonial status-publish has-post-thumbnail\"> <div class=\"gem-testimonial-wrapper quote-color-added \"> <div class=\"gem-testimonial-image\"> <img width=\"160\" height=\"160\" src=\"https:\/\/www.cocoome.com\/wp-content\/uploads\/2021\/03\/Verfasserin-Anne-Kohl-thegem-person-160.jpg\" class=\"img-responsive img-circle wp-post-image\" alt=\"Verfasserin Anne Kohl\" srcset=\"https:\/\/www.cocoome.com\/wp-content\/uploads\/2021\/03\/Verfasserin-Anne-Kohl-thegem-testimonial.jpg 2x\" sizes=\"100vw\" title=\"Cocoome.com Jackenerweiterung\"> <\/div> <div class=\"gem-testimonial-content\"> <div class=\"gem-testimonial-name\" style=\"color: #5a636a\">Anne Kohl<\/div> <div class=\"gem-testimonial-company\" >Fisioterapista<\/div> <div class=\"gem-testimonial-text\" > <p>Helium si adatta in modo super ergonomico al bambino. Allo stesso tempo, sembra una seconda pelle. Si allaccia molto rapidamente e soddisfa tutte le esigenze di facilit\u00e0 nella vita quotidiana di una mamma.<\/p> <\/div> <\/div> <span style=\"color: #ffffff \" class=\"custom-color-blockqute-mark\">&#xe60c;<\/span> <\/div> <\/div> <div id=\"post-28031\" class=\"gem-testimonial-item post-28031 thegem_testimonial type-thegem_testimonial status-publish has-post-thumbnail\"> <div class=\"gem-testimonial-wrapper quote-color-added \"> <div class=\"gem-testimonial-image\"> <img width=\"160\" height=\"160\" src=\"https:\/\/www.cocoome.com\/wp-content\/uploads\/2022\/10\/Trageberaterin-Janine-Evers-thegem-person-160.png\" class=\"img-responsive img-circle wp-post-image\" alt=\"Trageberaterin Janine Evers\" srcset=\"https:\/\/www.cocoome.com\/wp-content\/uploads\/2022\/10\/Trageberaterin-Janine-Evers-thegem-testimonial.png 2x\" sizes=\"100vw\" title=\"Cocoome.com Jackenerweiterung\"> <\/div> <div class=\"gem-testimonial-content\"> <div class=\"gem-testimonial-name\" style=\"color: #5a636a\">Janine Evers<\/div> <div class=\"gem-testimonial-company\" >Consulenza sul babywearing Suederelbe<\/div> <div class=\"gem-testimonial-text\" > <p>Sono felice di aver gi\u00e0 potuto provare il trasportatore ad elio. Il nome \u00e8 all&#8217;altezza delle promesse: \u00e8 un marsupio leggero (e facile da indossare) e molto confortevole. La barella pu\u00f2 essere stretta meravigliosamente e, se ben legata, resiste a lungo senza scivolare o cedere. \u00c8 un ottimo prodotto e non vedo l&#8217;ora di mostrarlo ai genitori consulenti.<\/p>\n<p>&nbsp;<\/p>\n<p><img class=\"wp-image-3171 aligncenter\" role=\"img\" src=\"https:\/\/www.cocoome.com\/wp-content\/uploads\/2020\/10\/quote-icon.svg\" alt=\"Opinione di Feedback - Le migliori estensioni e imbracature per giacche di cocoome.com\" width=\"60\" height=\"44 padding-top:32px;\" title=\"Cocoome.com Jackenerweiterung\"><\/p> <\/div> <\/div> <span style=\"color: #ffffff \" class=\"custom-color-blockqute-mark\">&#xe60c;<\/span> <\/div> <\/div> <div class=\"testimonials_svg\"><svg style=\"fill: \" width=\"100\" height=\"50\"><path d=\"M 0,-1 Q 45,5 50,50 Q 55,5 100,-1\" \/><\/svg><\/div><\/div>[\/vc_column][\/vc_row][vc_row full_width=&#8221;stretch_row_content_no_spaces&#8221; content_placement=&#8221;middle&#8221; disable_element=&#8221;yes&#8221; css=&#8221;.vc_custom_1667225390121{background-image: url(https:\/\/www.cocoome.com\/wp-content\/uploads\/2020\/10\/Tragetuecher-Babytragetuch-fuer-die-ganze-Familie2.jpg?id=3409) !important;background-position: center !important;background-repeat: no-repeat !important;background-size: cover !important;}&#8221;][vc_column][vc_empty_space height=&#8221;500&#8243;][\/vc_column][\/vc_row]<\/p>\n<\/div>","protected":false},"excerpt":{"rendered":"<h5><strong>TESTTRAGE &#8211; Trova il marsupio perfetto per te e il tuo bambino!  <\/strong><\/h5>\n<p style=\"font-weight: 400;\">Non sai se un marsupio, una fascia o un&#8217;imbragatura ad anelli sono adatti a te? Con il nostro marsupio di prova, puoi provare il tuo modello preferito nel comfort di casa tua. <\/p>\n<p><a href=\"https:\/\/www.cocoome.com\/wp-content\/uploads\/2020\/10\/heart-icon.svg\"><img class=\"alignnone wp-image-2952\" role=\"img\" src=\"https:\/\/www.cocoome.com\/wp-content\/uploads\/2020\/10\/heart-icon.svg\" alt=\"\" width=\"18\" height=\"20\"><\/a> <strong>La tua scelta &#8211; <\/strong>Scegli tra diversi ausili per il trasporto<strong>. <\/strong><br \/>\n<a href=\"https:\/\/www.cocoome.com\/wp-content\/uploads\/2020\/10\/heart-icon.svg\"><img class=\"alignnone wp-image-2952\" role=\"img\" src=\"https:\/\/www.cocoome.com\/wp-content\/uploads\/2020\/10\/heart-icon.svg\" alt=\"\" width=\"18\" height=\"20\"><\/a> <strong>Test flessibile: <\/strong>prova a tuo piacimento per 7 giorni, senza pressioni.<br \/>\n<a href=\"https:\/\/www.cocoome.com\/wp-content\/uploads\/2020\/10\/heart-icon.svg\"><img class=\"alignnone wp-image-2952\" role=\"img\" src=\"https:\/\/www.cocoome.com\/wp-content\/uploads\/2020\/10\/heart-icon.svg\" alt=\"\" width=\"18\" height=\"20\"><\/a> <strong>Ci sono domande? &#8211;  <\/strong>Hai bisogno di assistenza o hai delle domande? Siamo qui per aiutarti!<br \/>\n<a href=\"https:\/\/www.cocoome.com\/wp-content\/uploads\/2020\/10\/heart-icon.svg\"><img class=\"alignnone wp-image-2952\" role=\"img\" src=\"https:\/\/www.cocoome.com\/wp-content\/uploads\/2020\/10\/heart-icon.svg\" alt=\"\" width=\"18\" height=\"20\"><\/a> <strong>Credito all&#8217;acquisto &#8211; <\/strong>rimborso della tariffa di noleggio (45\u20ac) quando si acquista una barella.<br \/>\n<a href=\"https:\/\/www.cocoome.com\/wp-content\/uploads\/2020\/10\/heart-icon.svg\"><img class=\"alignnone wp-image-2952\" role=\"img\" src=\"https:\/\/www.cocoome.com\/wp-content\/uploads\/2020\/10\/heart-icon.svg\" alt=\"\" width=\"18\" height=\"20\"><\/a> <strong>Il colore preferito? &#8211;  <\/strong>Specifica il colore desiderato (sotto le note) al momento dell&#8217;ordine.<\/p>\n","protected":false},"featured_media":0,"template":"","meta":[],"product_brand":[],"product_cat":[334,593],"product_tag":[337,558,336,335,559],"class_list":{"0":"post-35919","1":"product","2":"type-product","3":"status-publish","5":"product_cat-marsupi","6":"product_cat-portare-laids","7":"product_tag-aiuto-al-trasporto","8":"product_tag-bambino","9":"product_tag-conversione-dellinvolucro","10":"product_tag-marsupio","11":"product_tag-mezza-fibbia","13":"first","14":"instock","15":"taxable","16":"shipping-taxable","17":"purchasable","18":"product-type-variable"},"_links":{"self":[{"href":"https:\/\/www.cocoome.com\/it\/wp-json\/wp\/v2\/product\/35919","targetHints":{"allow":["GET"]}}],"collection":[{"href":"https:\/\/www.cocoome.com\/it\/wp-json\/wp\/v2\/product"}],"about":[{"href":"https:\/\/www.cocoome.com\/it\/wp-json\/wp\/v2\/types\/product"}],"wp:attachment":[{"href":"https:\/\/www.cocoome.com\/it\/wp-json\/wp\/v2\/media?parent=35919"}],"wp:term":[{"taxonomy":"product_brand","embeddable":true,"href":"https:\/\/www.cocoome.com\/it\/wp-json\/wp\/v2\/product_brand?post=35919"},{"taxonomy":"product_cat","embeddable":true,"href":"https:\/\/www.cocoome.com\/it\/wp-json\/wp\/v2\/product_cat?post=35919"},{"taxonomy":"product_tag","embeddable":true,"href":"https:\/\/www.cocoome.com\/it\/wp-json\/wp\/v2\/product_tag?post=35919"}],"curies":[{"name":"wp","href":"https:\/\/api.w.org\/{rel}","templated":true}]}}