{"id":27400,"date":"2021-01-21T11:18:05","date_gmt":"2021-01-21T10:18:05","guid":{"rendered":"https:\/\/www.cocoome.com\/produkt\/salvietta-per-bambini-in-mussola-5-in-1\/"},"modified":"2024-11-06T21:53:23","modified_gmt":"2024-11-06T20:53:23","slug":"salvietta-per-bambini-in-mussola-5-in-1","status":"publish","type":"product","link":"https:\/\/www.cocoome.com\/it\/produkt\/salvietta-per-bambini-in-mussola-5-in-1\/","title":{"rendered":"Salvietta per bambini in mussola 5 in 1"},"content":{"rendered":"<div class=\"wpb-content-wrapper\"><p>[vc_row full_width=&#8221;stretch_row_content&#8221;][vc_column width=&#8221;1\/3&#8243;][vc_column_text css=&#8221;.vc_custom_1603996008878{margin-top: 25px !important;margin-right: 25px !important;margin-bottom: 25px !important;margin-left: 25px !important;padding-top: 25px !important;padding-right: 25px !important;padding-bottom: 25px !important;padding-left: 25px !important;border-radius: 1px !important;}&#8221; el_class=&#8221;iconmittext&#8221;]<\/p>\n<p style=\"text-align: center;\"><strong><img class=\"alignnone wp-image-2952\" role=\"img\" src=\"https:\/\/www.cocoome.com\/wp-content\/uploads\/2020\/10\/heart-icon.svg\" alt=\"Cocoome.com Jackenerweiterung\" width=\"30\" height=\"33\" title=\"Cocoome.com Jackenerweiterung\"><\/strong><\/p>\n<p style=\"text-align: center;\">\nA<strong>lta qualit\u00e0<\/strong> Materiali eccellenti<\/p>\n<p>[\/vc_column_text][\/vc_column][vc_column width=&#8221;1\/3&#8243;][vc_column_text css=&#8221;.vc_custom_1603994752929{margin-top: 25px !important;margin-right: 25px !important;margin-bottom: 25px !important;margin-left: 25px !important;padding-top: 25px !important;padding-right: 25px !important;padding-bottom: 25px !important;padding-left: 25px !important;border-radius: 1px !important;}&#8221; el_class=&#8221;iconmittext&#8221;]<\/p>\n<p style=\"text-align: center;\"><strong><img class=\"alignnone wp-image-2952\" role=\"img\" src=\"https:\/\/www.cocoome.com\/wp-content\/uploads\/2020\/10\/heart-icon.svg\" alt=\"Cocoome.com Jackenerweiterung\" width=\"30\" height=\"33\" title=\"Cocoome.com Jackenerweiterung\"><\/strong><\/p>\n<p style=\"text-align: center;\">\nD<strong>elicato<\/strong>p<strong>er la pelle del<\/strong> tuo bambino<\/p>\n<p>[\/vc_column_text][\/vc_column][vc_column width=&#8221;1\/3&#8243;][vc_column_text css=&#8221;.vc_custom_1603994758314{margin-top: 25px !important;margin-right: 25px !important;margin-bottom: 25px !important;margin-left: 25px !important;padding-top: 25px !important;padding-right: 25px !important;padding-bottom: 25px !important;padding-left: 25px !important;border-radius: 1px !important;}&#8221; el_class=&#8221;iconmittext&#8221;]<\/p>\n<p style=\"text-align: center;\"><strong><img class=\"alignnone wp-image-2952\" role=\"img\" src=\"https:\/\/www.cocoome.com\/wp-content\/uploads\/2020\/10\/heart-icon.svg\" alt=\"Cocoome.com Jackenerweiterung\" width=\"30\" height=\"33\" title=\"Cocoome.com Jackenerweiterung\"><\/strong><\/p>\n<p style=\"text-align: center;\">\nProdotto <strong>ecologico<\/strong> in Europa<\/p>\n<p>[\/vc_column_text][\/vc_column][\/vc_row][vc_row full_width=&#8221;stretch_row_content_no_spaces&#8221; content_placement=&#8221;top&#8221; css=&#8221;.vc_custom_1605793750188{margin-top: 0px !important;margin-bottom: 0px !important;border-top-width: 0px !important;border-bottom-width: 0px !important;background-image: url(https:\/\/www.cocoome.com\/wp-content\/uploads\/2020\/10\/Produktuebersicht-Tragetuch-.jpg?id=2712) !important;background-position: center !important;background-repeat: no-repeat !important;background-size: cover !important;}&#8221; el_class=&#8221;hintergrundbild&#8221;][vc_column offset=&#8221;vc_hidden-sm vc_hidden-xs&#8221;][vc_empty_space height=&#8221;698px&#8221;][\/vc_column][\/vc_row][vc_row full_width=&#8221;stretch_row_content_no_spaces&#8221; content_placement=&#8221;top&#8221; css=&#8221;.vc_custom_1605613807977{margin-top: 0px !important;margin-bottom: 0px !important;border-top-width: 0px !important;border-bottom-width: 0px !important;background-position: center !important;background-repeat: no-repeat !important;background-size: cover !important;}&#8221;][vc_column offset=&#8221;vc_hidden-lg vc_hidden-md&#8221;][vc_single_image image=&#8221;2712&#8243; img_size=&#8221;full&#8221; css=&#8221;.vc_custom_1605613859220{margin-top: 0px !important;margin-bottom: 0px !important;border-top-width: 0px !important;border-bottom-width: 0px !important;padding-top: 0px !important;padding-bottom: 0px !important;}&#8221;][\/vc_column][\/vc_row][vc_row][vc_column][vc_column_text]<\/p>\n<h2>Fasciatura con la fascia per neonati in mussola di cocoo-me<\/h2>\n<p>L&#8217;avvolgimento in fasce aiuta il bambino a regolarsi meglio. Come regola generale, le mani dei bambini nella fascia dovrebbero essere sempre infilate davanti al corpo. I piccoli devono essere sempre imballati con un po&#8217; di tensione, ma mai troppo stretti. I piedi devono essere sempre liberi di pedalare.<\/p>\n<h2>Il panno di mussola: meglio dei pannolini di mussola tradizionali<\/h2>\n<p>Poich\u00e9 il panno di mussola di cocoo.me \u00e8 pi\u00f9 spesso dei pannolini di mussola convenzionali, \u00e8 pi\u00f9 assorbente e risulta davvero fantastico e piacevolmente morbido! Con una dimensione di 80&#215;80 cm, inoltre, \u00e8 davvero enorme e pu\u00f2 essere utilizzato in molti modi diversi! Come panno per il ruttino, per avvolgere il bambino, come sciarpa per la mamma, come panno per le coccole o come coperta per il bambino \u2764 I colori sono bellissimi e non si rovinano: con il panno in mussola di cocoo.me avrete il massimo della qualit\u00e0 e un prodotto che vi piacer\u00e0 a lungo. \ud83e\udd17[\/vc_column_text][\/vc_column][\/vc_row]<\/p>\n<\/div>","protected":false},"excerpt":{"rendered":"<p><strong>I 5 panni per neonati 5 in 1 da non perdere<\/strong><\/p>\n<p><span style=\"font-weight: 400;\">La salvietta in mussola di cocoome, realizzata in 100% cotone biologico (certificato GOTS), \u00e8 pi\u00f9 spessa delle salviette tradizionali grazie ai suoi 2 strati ed \u00e8 particolarmente morbida.<\/span><\/p>\n<p><span style=\"font-weight: 400;\">\u00c8 ideale per la pelle sensibile del bambino, \u00e8 traspirante e lo protegge anche dal sole.<\/span><\/p>\n<p><strong>Uso versatile come: <\/strong><span style=\"font-weight: 400;\">Panno per ruttini, <\/span><span style=\"font-weight: 400;\">panno per l&#8217;allattamento, <\/span><span style=\"font-weight: 400;\">panno per le coccole, <\/span><span style=\"font-weight: 400;\">panno per il ruttino, <\/span><span style=\"font-weight: 400;\">coperta per bambini<\/span><\/p>\n<p>&nbsp;<\/p>\n<p><a href=\"https:\/\/www.cocoome.com\/wp-content\/uploads\/2020\/10\/heart-icon.svg\"><img class=\"alignnone wp-image-2952\" role=\"img\" src=\"https:\/\/www.cocoome.com\/wp-content\/uploads\/2020\/10\/heart-icon.svg\" alt=\"\" width=\"18\" height=\"20\"><\/a> <strong>Extra spesso<\/strong><br \/>\n<a href=\"https:\/\/www.cocoome.com\/wp-content\/uploads\/2020\/10\/heart-icon.svg\"><img class=\"alignnone wp-image-2952\" role=\"img\" src=\"https:\/\/www.cocoome.com\/wp-content\/uploads\/2020\/10\/heart-icon.svg\" alt=\"\" width=\"18\" height=\"20\"><\/a> <strong>Accogliente e morbido<\/strong><br \/>\n<a href=\"https:\/\/www.cocoome.com\/wp-content\/uploads\/2020\/10\/heart-icon.svg\"><img class=\"alignnone wp-image-2952\" role=\"img\" src=\"https:\/\/www.cocoome.com\/wp-content\/uploads\/2020\/10\/heart-icon.svg\" alt=\"\" width=\"18\" height=\"20\"><\/a> <strong>Particolarmente assorbente<\/strong><br \/>\n<a href=\"https:\/\/www.cocoome.com\/wp-content\/uploads\/2020\/10\/heart-icon.svg\"><img class=\"alignnone wp-image-2952\" role=\"img\" src=\"https:\/\/www.cocoome.com\/wp-content\/uploads\/2020\/10\/heart-icon.svg\" alt=\"\" width=\"18\" height=\"20\"><\/a> <strong>Traspirante<\/strong><br \/>\n<a href=\"https:\/\/www.cocoome.com\/wp-content\/uploads\/2020\/10\/heart-icon.svg\"><img class=\"alignnone wp-image-2952\" role=\"img\" src=\"https:\/\/www.cocoome.com\/wp-content\/uploads\/2020\/10\/heart-icon.svg\" alt=\"\" width=\"18\" height=\"20\"><\/a> <strong>Qualit\u00e0 premium<\/strong><\/p>\n","protected":false},"featured_media":26142,"template":"","meta":[],"product_brand":[],"product_cat":[274],"product_tag":[375,378,275,377,376,374,273],"class_list":{"0":"post-27400","1":"product","2":"type-product","3":"status-publish","4":"has-post-thumbnail","6":"product_cat-accessori","7":"product_tag-asciugamano-per-lallattamento","8":"product_tag-coperta-per-bambini","9":"product_tag-copricapo","10":"product_tag-panno-per-dischi","11":"product_tag-panno-per-le-coccole","12":"product_tag-panno-per-ruttini","13":"product_tag-protezione-della-testa","15":"first","16":"outofstock","17":"sale","18":"taxable","19":"shipping-taxable","20":"purchasable","21":"product-type-variable","22":"has-default-attributes"},"_links":{"self":[{"href":"https:\/\/www.cocoome.com\/it\/wp-json\/wp\/v2\/product\/27400","targetHints":{"allow":["GET"]}}],"collection":[{"href":"https:\/\/www.cocoome.com\/it\/wp-json\/wp\/v2\/product"}],"about":[{"href":"https:\/\/www.cocoome.com\/it\/wp-json\/wp\/v2\/types\/product"}],"wp:featuredmedia":[{"embeddable":true,"href":"https:\/\/www.cocoome.com\/it\/wp-json\/wp\/v2\/media\/26142"}],"wp:attachment":[{"href":"https:\/\/www.cocoome.com\/it\/wp-json\/wp\/v2\/media?parent=27400"}],"wp:term":[{"taxonomy":"product_brand","embeddable":true,"href":"https:\/\/www.cocoome.com\/it\/wp-json\/wp\/v2\/product_brand?post=27400"},{"taxonomy":"product_cat","embeddable":true,"href":"https:\/\/www.cocoome.com\/it\/wp-json\/wp\/v2\/product_cat?post=27400"},{"taxonomy":"product_tag","embeddable":true,"href":"https:\/\/www.cocoome.com\/it\/wp-json\/wp\/v2\/product_tag?post=27400"}],"curies":[{"name":"wp","href":"https:\/\/api.w.org\/{rel}","templated":true}]}}