{"id":27354,"date":"2021-10-16T12:31:16","date_gmt":"2021-10-16T10:31:16","guid":{"rendered":"https:\/\/www.cocoome.com\/produkt\/cocoo-me-baby-cocoon-marsupio-tutina-e-sacco-a-pelo-in-un-unico-prodotto\/"},"modified":"2025-06-27T10:11:36","modified_gmt":"2025-06-27T08:11:36","slug":"cocoo-me-baby-cocoon-marsupio-tutina-e-sacco-a-pelo-in-un-unico-prodotto","status":"publish","type":"product","link":"https:\/\/www.cocoome.com\/it\/produkt\/cocoo-me-baby-cocoon-marsupio-tutina-e-sacco-a-pelo-in-un-unico-prodotto\/","title":{"rendered":"cocoo-me\u00ae baby cocoon &#8211; marsupio, tutina e sacco a pelo in un unico prodotto"},"content":{"rendered":"<div class=\"wpb-content-wrapper\"><p>[vc_row css=&#8221;.vc_custom_1605613439550{margin-top: 0px !important;margin-bottom: 0px !important;border-top-width: 0px !important;border-bottom-width: 0px !important;padding-top: 0px !important;padding-bottom: 0px !important;}&#8221;][vc_column offset=&#8221;vc_hidden-lg vc_hidden-md&#8221; css=&#8221;.vc_custom_1605613448653{margin-top: 0px !important;margin-bottom: 0px !important;border-top-width: 0px !important;border-bottom-width: 0px !important;}&#8221;][vc_single_image image=&#8221;1116&#8243; img_size=&#8221;full&#8221; alignment=&#8221;center&#8221;][vc_empty_space][\/vc_column][\/vc_row][vc_row][vc_column offset=&#8221;vc_hidden-sm vc_hidden-xs&#8221;][vc_single_image image=&#8221;1118&#8243; img_size=&#8221;full&#8221;][vc_empty_space][\/vc_column][\/vc_row][vc_row full_width=&#8221;stretch_row_content_no_spaces&#8221; content_placement=&#8221;top&#8221; css=&#8221;.vc_custom_1732678975026{background-image: url(https:\/\/www.cocoome.com\/wp-content\/uploads\/2021\/10\/cocoome-pucksack-schlafsack.webp?id=34590) !important;background-position: center !important;background-repeat: no-repeat !important;background-size: cover !important;}&#8221;][vc_column offset=&#8221;vc_hidden-sm vc_hidden-xs&#8221;][vc_empty_space height=&#8221;950px&#8221;][\/vc_column][\/vc_row][vc_row full_width=&#8221;stretch_row_content_no_spaces&#8221; content_placement=&#8221;top&#8221; css=&#8221;.vc_custom_1605793852412{background-position: center !important;background-repeat: no-repeat !important;background-size: cover !important;}&#8221;][vc_column offset=&#8221;vc_hidden-lg vc_hidden-md&#8221;][vc_single_image image=&#8221;34594&#8243; img_size=&#8221;full&#8221; alignment=&#8221;center&#8221; css=&#8221;&#8221;][\/vc_column][\/vc_row][vc_row full_width=&#8221;stretch_row_content&#8221;][vc_column width=&#8221;1\/3&#8243;][vc_column_text css=&#8221;.vc_custom_1634544723545{margin-top: 25px !important;margin-right: 25px !important;margin-bottom: 25px !important;margin-left: 25px !important;padding-top: 25px !important;padding-right: 25px !important;padding-bottom: 25px !important;padding-left: 25px !important;border-radius: 1px !important;}&#8221; el_class=&#8221;iconmittext&#8221;]<\/p>\n<p style=\"text-align: center;\"><strong><img class=\"alignnone wp-image-2952\" role=\"img\" src=\"https:\/\/www.cocoome.com\/wp-content\/uploads\/2020\/10\/heart-icon.svg\" alt=\"Cocoome.com Jackenerweiterung\" width=\"30\" height=\"33\" title=\"Cocoome.com Jackenerweiterung\"><\/strong><\/p>\n<p style=\"text-align: center;\">\n<strong>delicato per la pelle del<\/strong> tuo bambino<\/p>\n<p>[\/vc_column_text][\/vc_column][vc_column width=&#8221;1\/3&#8243;][vc_column_text css=&#8221;.vc_custom_1634544738371{margin-top: 25px !important;margin-right: 25px !important;margin-bottom: 25px !important;margin-left: 25px !important;padding-top: 25px !important;padding-right: 25px !important;padding-bottom: 25px !important;padding-left: 25px !important;border-radius: 1px !important;}&#8221; el_class=&#8221;iconmittext&#8221;]<\/p>\n<p style=\"text-align: center;\"><strong><img class=\"alignnone wp-image-2952\" role=\"img\" src=\"https:\/\/www.cocoome.com\/wp-content\/uploads\/2020\/10\/heart-icon.svg\" alt=\"Cocoome.com Jackenerweiterung\" width=\"30\" height=\"33\" title=\"Cocoome.com Jackenerweiterung\"><\/strong><\/p>\n<p style=\"text-align: center;\">\nS<strong>ostenibile<\/strong> e multifunzionale<\/p>\n<p>[\/vc_column_text][\/vc_column][vc_column width=&#8221;1\/3&#8243;][vc_column_text css=&#8221;.vc_custom_1634544760826{margin-top: 25px !important;margin-right: 25px !important;margin-bottom: 25px !important;margin-left: 25px !important;padding-top: 25px !important;padding-right: 25px !important;padding-bottom: 25px !important;padding-left: 25px !important;border-radius: 1px !important;}&#8221; el_class=&#8221;iconmittext&#8221;]<\/p>\n<p style=\"text-align: center;\"><strong><img class=\"alignnone wp-image-2952\" role=\"img\" src=\"https:\/\/www.cocoome.com\/wp-content\/uploads\/2020\/10\/heart-icon.svg\" alt=\"Cocoome.com Jackenerweiterung\" width=\"30\" height=\"33\" title=\"Cocoome.com Jackenerweiterung\"><\/strong><\/p>\n<p style=\"text-align: center;\">\nCotone organico certificato<strong>di alta qualit\u00e0<\/strong><\/p>\n<p>[\/vc_column_text][\/vc_column][\/vc_row][vc_row][vc_column][vc_empty_space][vc_column_text]<\/p>\n<p style=\"text-align: center;\">Senza pannolini <strong>e <\/strong>senza pannolini<\/p>\n<p>[\/vc_column_text][vc_column_text]<\/p>\n<p style=\"text-align: center; font-size: 16px;\">Se si desidera avvolgere il bambino o fare pratica senza pannolino, \u00e8 possibile sciogliere rapidamente il nodo. Il confortevole materiale in cotone biologico certificato (kbA) \u00e8 assolutamente innocuo per la pelle del bambino.<\/p>\n<p>[\/vc_column_text][vc_empty_space][\/vc_column][\/vc_row][vc_row full_width=&#8221;stretch_row_content_no_spaces&#8221; content_placement=&#8221;top&#8221; css=&#8221;.vc_custom_1634545078497{margin-top: 0px !important;margin-bottom: 0px !important;border-top-width: 0px !important;border-bottom-width: 0px !important;background-image: url(https:\/\/www.cocoome.com\/wp-content\/uploads\/2021\/10\/Bild-WICKELN-cocoome-Pucksack.jpg?id=5208) !important;background-position: center !important;background-repeat: no-repeat !important;background-size: cover !important;}&#8221; el_class=&#8221;hintergrundbild&#8221;][vc_column offset=&#8221;vc_hidden-sm vc_hidden-xs&#8221;][vc_empty_space height=&#8221;950px&#8221;][\/vc_column][\/vc_row][vc_row full_width=&#8221;stretch_row_content_no_spaces&#8221; content_placement=&#8221;top&#8221; css=&#8221;.vc_custom_1605613807977{margin-top: 0px !important;margin-bottom: 0px !important;border-top-width: 0px !important;border-bottom-width: 0px !important;background-position: center !important;background-repeat: no-repeat !important;background-size: cover !important;}&#8221;][vc_column offset=&#8221;vc_hidden-lg vc_hidden-md&#8221;][vc_single_image image=&#8221;5208&#8243; img_size=&#8221;full&#8221; css=&#8221;.vc_custom_1634545090736{margin-top: 0px !important;margin-bottom: 0px !important;border-top-width: 0px !important;border-bottom-width: 0px !important;padding-top: 0px !important;padding-bottom: 0px !important;}&#8221;][\/vc_column][\/vc_row][vc_row full_width=&#8221;stretch_row&#8221; css=&#8221;.vc_custom_1634561066420{margin-bottom: 0px !important;padding-bottom: 0px !important;background-color: #f8f8f8 !important;}&#8221;][vc_column][vc_column_text css=&#8221;.vc_custom_1634547735464{padding-top: 32px !important;}&#8221;]<\/p>\n<h2 style=\"text-align: center; text-transform: none;\"><strong>Il bozzolo per bambini cocoo-me\u00ae &#8211; un must have<\/strong><\/h2>\n<p>[\/vc_column_text][vc_separator css=&#8221;.vc_custom_1605621462183{padding-top: 15px !important;padding-bottom: 15px !important;}&#8221;][vc_column_text]<a href=\"https:\/\/www.cocoome.com\/wp-content\/uploads\/2020\/10\/tipp-font.svg\"><img class=\"wp-image-2995 alignleft\" role=\"img\" src=\"https:\/\/www.cocoome.com\/wp-content\/uploads\/2020\/10\/tipp-font.svg\" alt=\"I migliori consigli per l&#039;estensione della giacca\" width=\"104\" height=\"58\" title=\"Cocoome.com Jackenerweiterung\"><\/a><\/p>\n<p style=\"font-size: 16px; text-align: left;\">Fissare il bambino in fascia solo finch\u00e9 non \u00e8 in grado di girarsi da solo. Se si utilizza il bozzolo cocoo-me\u00ae come tutina o sacco a pelo, \u00e8 necessario lasciare fuori le braccia del bambino.<\/p>\n<p>[\/vc_column_text][vc_empty_space][\/vc_column][\/vc_row][vc_row full_width=&#8221;stretch_row_content_no_spaces&#8221; css=&#8221;.vc_custom_1634561043198{margin-top: 0px !important;padding-top: 0px !important;}&#8221;][vc_column width=&#8221;1\/2&#8243;][vc_single_image image=&#8221;34581&#8243; img_size=&#8221;full&#8221; css=&#8221;.vc_custom_1732678339717{margin-top: 0px !important;margin-bottom: 0px !important;border-top-width: 0px !important;border-bottom-width: 0px !important;padding-top: 0px !important;padding-bottom: 0px !important;}&#8221;][\/vc_column][vc_column width=&#8221;1\/2&#8243;][vc_single_image image=&#8221;34585&#8243; img_size=&#8221;full&#8221; css=&#8221;.vc_custom_1732678391157{margin-top: 0px !important;margin-bottom: 0px !important;border-top-width: 0px !important;border-bottom-width: 0px !important;padding-top: 0px !important;padding-bottom: 0px !important;}&#8221;][\/vc_column][\/vc_row][vc_row gap=&#8221;20&#8243; content_placement=&#8221;middle&#8221; css=&#8221;.vc_custom_1605610463476{margin-bottom: 0px !important;border-bottom-width: 0px !important;padding-bottom: 0px !important;}&#8221;][vc_column css=&#8221;.vc_custom_1605610439683{margin-top: 0px !important;margin-bottom: 0px !important;border-top-width: 0px !important;border-bottom-width: 0px !important;padding-top: 0px !important;padding-bottom: 0px !important;border-radius: 1px !important;}&#8221; offset=&#8221;vc_hidden-sm vc_hidden-xs&#8221;][vc_empty_space]<div class=\"preloader\"><div class=\"preloader-spin\"><\/div><\/div><div class=\"size-medium style1 gem-testimonials fullwidth-block\" style=background-color:> <div id=\"post-28023\" class=\"gem-testimonial-item post-28023 thegem_testimonial type-thegem_testimonial status-publish has-post-thumbnail\"> <div class=\"gem-testimonial-wrapper quote-color-added \"> <div class=\"gem-testimonial-image\"> <img width=\"160\" height=\"160\" src=\"https:\/\/www.cocoome.com\/wp-content\/uploads\/2020\/11\/Julia-Poetsch-thegem-person-160.png\" class=\"img-responsive img-circle wp-post-image\" alt=\"Julia Poetsch\" srcset=\"https:\/\/www.cocoome.com\/wp-content\/uploads\/2020\/11\/Julia-Poetsch.png 2x\" sizes=\"100vw\" title=\"Cocoome.com Jackenerweiterung\"> <\/div> <div class=\"gem-testimonial-content\"> <div class=\"gem-testimonial-name\" style=\"color: #5a636a\">Julia P\u00f6tsch<\/div> <div class=\"gem-testimonial-company\" >Fondatore di cocoo-me<\/div> <div class=\"gem-testimonial-text\" > <p>&#8220;Poich\u00e9 so per esperienza personale quanto spazio e quanto denaro occorrono per attrezzare i neonati per la prima volta, sviluppiamo prodotti che i genitori possono utilizzare in varie funzioni per un periodo di tempo pi\u00f9 lungo&#8221;.<\/p>\n<p>&nbsp;<\/p>\n<p>&nbsp;<\/p>\n<p><img class=\"wp-image-3171 aligncenter\" role=\"img\" src=\"https:\/\/www.cocoome.com\/wp-content\/uploads\/2020\/10\/quote-icon.svg\" alt=\"Opinione di Feedback - Le migliori estensioni e imbracature per giacche di cocoome.com\" width=\"60\" height=\"44 margin-top:32px;\" title=\"Cocoome.com Jackenerweiterung\"><\/p> <\/div> <\/div> <span style=\"color: #ffffff \" class=\"custom-color-blockqute-mark\">&#xe60c;<\/span> <\/div> <\/div> <div class=\"testimonials_svg\"><svg style=\"fill: \" width=\"100\" height=\"50\"><path d=\"M 0,-1 Q 45,5 50,50 Q 55,5 100,-1\" \/><\/svg><\/div><\/div>[\/vc_column][\/vc_row][vc_row gap=&#8221;20&#8243; content_placement=&#8221;middle&#8221; css=&#8221;.vc_custom_1605610360494{margin-top: 0px !important;margin-bottom: 0px !important;border-top-width: 0px !important;border-bottom-width: 0px !important;padding-top: 0px !important;padding-bottom: 0px !important;}&#8221;][vc_column css=&#8221;.vc_custom_1605610554270{margin-top: 0px !important;margin-bottom: 0px !important;border-top-width: 0px !important;border-bottom-width: 0px !important;padding-top: 0px !important;padding-bottom: 0px !important;border-radius: 1px !important;}&#8221; offset=&#8221;vc_hidden-lg vc_hidden-md&#8221;][vc_empty_space]<div class=\"preloader\"><div class=\"preloader-spin\"><\/div><\/div><div class=\"size-medium style1 gem-testimonials fullwidth-block\" style=background-color:> <div id=\"post-28023\" class=\"gem-testimonial-item post-28023 thegem_testimonial type-thegem_testimonial status-publish has-post-thumbnail\"> <div class=\"gem-testimonial-wrapper quote-color-added \"> <div class=\"gem-testimonial-image\"> <img width=\"160\" height=\"160\" src=\"https:\/\/www.cocoome.com\/wp-content\/uploads\/2020\/11\/Julia-Poetsch-thegem-person-160.png\" class=\"img-responsive img-circle wp-post-image\" alt=\"Julia Poetsch\" srcset=\"https:\/\/www.cocoome.com\/wp-content\/uploads\/2020\/11\/Julia-Poetsch.png 2x\" sizes=\"100vw\" title=\"Cocoome.com Jackenerweiterung\"> <\/div> <div class=\"gem-testimonial-content\"> <div class=\"gem-testimonial-name\" style=\"color: #5a636a\">Julia P\u00f6tsch<\/div> <div class=\"gem-testimonial-company\" >Fondatore di cocoo-me<\/div> <div class=\"gem-testimonial-text\" > <p>&#8220;Poich\u00e9 so per esperienza personale quanto spazio e quanto denaro occorrono per attrezzare i neonati per la prima volta, sviluppiamo prodotti che i genitori possono utilizzare in varie funzioni per un periodo di tempo pi\u00f9 lungo&#8221;.<\/p>\n<p>&nbsp;<\/p>\n<p>&nbsp;<\/p>\n<p><img class=\"wp-image-3171 aligncenter\" role=\"img\" src=\"https:\/\/www.cocoome.com\/wp-content\/uploads\/2020\/10\/quote-icon.svg\" alt=\"Opinione di Feedback - Le migliori estensioni e imbracature per giacche di cocoome.com\" width=\"60\" height=\"44 margin-top:32px;\" title=\"Cocoome.com Jackenerweiterung\"><\/p> <\/div> <\/div> <span style=\"color: #ffffff \" class=\"custom-color-blockqute-mark\">&#xe60c;<\/span> <\/div> <\/div> <div class=\"testimonials_svg\"><svg style=\"fill: \" width=\"100\" height=\"50\"><path d=\"M 0,-1 Q 45,5 50,50 Q 55,5 100,-1\" \/><\/svg><\/div><\/div>[\/vc_column][\/vc_row][vc_row][vc_column][vc_column_text]<\/p>\n<h2 style=\"text-align: center;\"><strong>Semplice. Flessibile.<\/strong> <strong>Multifunzionale.<\/strong><\/h2>\n<p>[\/vc_column_text][vc_column_text]<\/p>\n<p style=\"text-align: center;\">Per un tempo spensierato e felice di conoscenza reciproca.<\/p>\n<p>[\/vc_column_text][vc_empty_space][vc_masonry_media_grid element_width=&#8221;6&#8243; gap=&#8221;35&#8243; item=&#8221;6941&#8243; grid_id=&#8221;vc_gid:1732678624522-bc570f3c-2a40-2&#8243; include=&#8221;5210,5211&#8243;][vc_empty_space height=&#8221;60px&#8221;][vc_single_image image=&#8221;3002&#8243; img_size=&#8221;full&#8221; alignment=&#8221;center&#8221;][vc_empty_space][vc_column_text]<\/p>\n<p style=\"text-align: center;\">&#8211; da Sconosciuto &#8211;<\/p>\n<p style=\"text-align: center;\"><img class=\"alignnone wp-image-2952\" role=\"img\" src=\"https:\/\/www.cocoome.com\/wp-content\/uploads\/2020\/10\/heart-icon.svg\" alt=\"Cocoome.com Jackenerweiterung\" width=\"16\" height=\"17\" title=\"Cocoome.com Jackenerweiterung\"><\/p>\n<p>[\/vc_column_text][vc_empty_space][vc_column_text]<\/p>\n<h2>Conoscete gi\u00e0 le bellissime tutine e i marsupi di Cocoo-me?<\/h2>\n<p>Potete usarli per il vostro neonato per dargli la comodit\u00e0 di cui ha bisogno quando dorme. Lo zaino ricorda al bambino il grembo della madre, facilitando il rilassamento e il sonno. Lo zaino pu\u00f2 essere aperto sul fondo, ad esempio per facilitare il cambio del pannolino. I piedi dei pi\u00f9 piccoli possono essere portati in posizione accovacciata legando le estremit\u00e0 in un nodo.<\/p>\n<p>Se anche voi siete interessati a portare il vostro bambino, troverete le imbragature giuste per <a href=\"https:\/\/www.cocoome.com\/it\/produkt\/cocoo-me-sling-preemie\/\">neonati<\/a> e <a href=\"https:\/\/www.cocoome.com\/it\/produkt\/imbragatura-cocoo-me\/\">bambini pi\u00f9 grandi (imbragature a fascia)<\/a>.[\/vc_column_text][\/vc_column][\/vc_row]<\/p>\n<\/div>","protected":false},"excerpt":{"rendered":"<h2><strong>Zaino, tutina e sacco a pelo in uno:<\/strong><\/h2>\n<p>Questo \u00e8 il bozzolo per bambini di cocoo-me\u00ae. Un must assoluto per i neonati!<\/p>\n<p>Garantito per farvi addormentare.<\/p>\n<p>Il bozzolo cocoo-me\u00ae si adatta perfettamente al corpo del bambino grazie al polsino. A seconda che lo si utilizzi come marsupio, tutina o sacco a pelo, il baby cocoon \u00e8 flessibile anche in lunghezza e cresce con il bambino. Basta fare un nodo e il gioco \u00e8 fatto!<\/p>\n<p>&nbsp;<\/p>\n<p><a href=\"https:\/\/www.cocoome.com\/wp-content\/uploads\/2020\/10\/heart-icon.svg\"><img class=\"alignnone wp-image-2952\" role=\"img\" src=\"https:\/\/www.cocoome.com\/wp-content\/uploads\/2020\/10\/heart-icon.svg\" alt=\"\" width=\"18\" height=\"20\"><\/a> <strong>Multifunzionale <\/strong>: come marsupio, tutina o sacco a pelo.<br \/>\n<a href=\"https:\/\/www.cocoome.com\/wp-content\/uploads\/2020\/10\/heart-icon.svg\"><img class=\"alignnone wp-image-2952\" role=\"img\" src=\"https:\/\/www.cocoome.com\/wp-content\/uploads\/2020\/10\/heart-icon.svg\" alt=\"\" width=\"18\" height=\"20\"><\/a> <strong>Dimensioni variabili<\/strong> &#8211; cresce con voi, si adatta perfettamente<br \/>\n<a href=\"https:\/\/www.cocoome.com\/wp-content\/uploads\/2020\/10\/heart-icon.svg\"><img class=\"alignnone wp-image-2952\" role=\"img\" src=\"https:\/\/www.cocoome.com\/wp-content\/uploads\/2020\/10\/heart-icon.svg\" alt=\"\" width=\"18\" height=\"20\"><\/a> <strong>Facile da usare<\/strong>: non \u00e8 necessario un disco o una tecnica di avvolgimento.<br \/>\n<a href=\"https:\/\/www.cocoome.com\/wp-content\/uploads\/2020\/10\/heart-icon.svg\"><img class=\"alignnone wp-image-2952\" role=\"img\" src=\"https:\/\/www.cocoome.com\/wp-content\/uploads\/2020\/10\/heart-icon.svg\" alt=\"\" width=\"18\" height=\"20\"><\/a> <strong>Sicuro e confortevole<\/strong>: morbido cotone organico certificato<br \/>\n<a href=\"https:\/\/www.cocoome.com\/wp-content\/uploads\/2020\/10\/heart-icon.svg\"><img class=\"alignnone wp-image-2952\" role=\"img\" src=\"https:\/\/www.cocoome.com\/wp-content\/uploads\/2020\/10\/heart-icon.svg\" alt=\"\" width=\"18\" height=\"20\"><\/a> <strong>Alta qualit\u00e0<\/strong> &#8211; fatto a mano in Austria<\/p>\n","protected":false},"featured_media":26337,"template":"","meta":[],"product_brand":[],"product_cat":[357],"product_tag":[358],"class_list":{"0":"post-27354","1":"product","2":"type-product","3":"status-publish","4":"has-post-thumbnail","6":"product_cat-zaino","7":"product_tag-zaino","9":"first","10":"instock","11":"taxable","12":"shipping-taxable","13":"purchasable","14":"product-type-variable"},"_links":{"self":[{"href":"https:\/\/www.cocoome.com\/it\/wp-json\/wp\/v2\/product\/27354","targetHints":{"allow":["GET"]}}],"collection":[{"href":"https:\/\/www.cocoome.com\/it\/wp-json\/wp\/v2\/product"}],"about":[{"href":"https:\/\/www.cocoome.com\/it\/wp-json\/wp\/v2\/types\/product"}],"wp:featuredmedia":[{"embeddable":true,"href":"https:\/\/www.cocoome.com\/it\/wp-json\/wp\/v2\/media\/26337"}],"wp:attachment":[{"href":"https:\/\/www.cocoome.com\/it\/wp-json\/wp\/v2\/media?parent=27354"}],"wp:term":[{"taxonomy":"product_brand","embeddable":true,"href":"https:\/\/www.cocoome.com\/it\/wp-json\/wp\/v2\/product_brand?post=27354"},{"taxonomy":"product_cat","embeddable":true,"href":"https:\/\/www.cocoome.com\/it\/wp-json\/wp\/v2\/product_cat?post=27354"},{"taxonomy":"product_tag","embeddable":true,"href":"https:\/\/www.cocoome.com\/it\/wp-json\/wp\/v2\/product_tag?post=27354"}],"curies":[{"name":"wp","href":"https:\/\/api.w.org\/{rel}","templated":true}]}}