{"id":27267,"date":"2022-07-14T20:10:11","date_gmt":"2022-07-14T18:10:11","guid":{"rendered":"https:\/\/www.cocoome.com\/produkt\/imbragatura-ad-anello-cocoo-me\/"},"modified":"2025-07-15T16:35:20","modified_gmt":"2025-07-15T14:35:20","slug":"imbragatura-ad-anello-cocoo-me","status":"publish","type":"product","link":"https:\/\/www.cocoome.com\/it\/produkt\/imbragatura-ad-anello-cocoo-me\/","title":{"rendered":"Imbragatura ad anello cocoo-me"},"content":{"rendered":"<div class=\"wpb-content-wrapper\"><p>[vc_row css=&#8221;.vc_custom_1605624837647{margin-top: 0px !important;margin-bottom: 0px !important;border-top-width: 0px !important;border-bottom-width: 0px !important;padding-top: 0px !important;padding-bottom: 0px !important;}&#8221;][vc_column offset=&#8221;vc_hidden-lg vc_hidden-md&#8221; css=&#8221;.vc_custom_1605624846093{margin-top: 0px !important;margin-bottom: 0px !important;border-top-width: 0px !important;border-bottom-width: 0px !important;padding-top: 0px !important;padding-bottom: 0px !important;}&#8221;][vc_single_image image=&#8221;32332&#8243; img_size=&#8221;full&#8221; alignment=&#8221;center&#8221; css=&#8221;.vc_custom_1729850987734{margin-top: 0px !important;margin-bottom: 0px !important;border-top-width: 0px !important;border-bottom-width: 0px !important;padding-top: 0px !important;padding-bottom: 0px !important;}&#8221;][vc_empty_space][\/vc_column][\/vc_row][vc_row css=&#8221;.vc_custom_1605623924093{margin-top: 0px !important;margin-bottom: 0px !important;border-top-width: 0px !important;border-bottom-width: 0px !important;padding-top: 0px !important;padding-bottom: 0px !important;}&#8221;][vc_column offset=&#8221;vc_hidden-sm vc_hidden-xs&#8221;][vc_single_image image=&#8221;1118&#8243; img_size=&#8221;full&#8221;][vc_empty_space][vc_column_text css=&#8221;.vc_custom_1605624186602{padding-bottom: 15px !important;}&#8221;]<img class=\"alignnone wp-image-2952 aligncenter\" role=\"img\" src=\"https:\/\/www.cocoome.com\/wp-content\/uploads\/2020\/10\/heart-icon.svg\" alt=\"Cocoome.com Jackenerweiterung\" width=\"29\" height=\"32\" title=\"Cocoome.com Jackenerweiterung\">[\/vc_column_text][\/vc_column][\/vc_row][vc_row full_width=&#8221;stretch_row_content_no_spaces&#8221; content_placement=&#8221;middle&#8221; css=&#8221;.vc_custom_1657825605510{background-image: url(https:\/\/www.cocoome.com\/wp-content\/uploads\/2022\/07\/Der-RingSling-von-Cocoome.jpg?id=7128) !important;background-position: center !important;background-repeat: no-repeat !important;background-size: cover !important;}&#8221;][vc_column offset=&#8221;vc_hidden-sm vc_hidden-xs&#8221; css=&#8221;.vc_custom_1605624129454{margin-top: 0px !important;margin-bottom: 0px !important;border-top-width: 0px !important;border-bottom-width: 0px !important;padding-top: 0px !important;padding-bottom: 0px !important;}&#8221;][vc_empty_space height=&#8221;513&#8243;][\/vc_column][\/vc_row][vc_row full_width=&#8221;stretch_row_content_no_spaces&#8221; content_placement=&#8221;middle&#8221; css=&#8221;.vc_custom_1605793691252{background-position: center !important;background-repeat: no-repeat !important;background-size: cover !important;}&#8221; el_class=&#8221;hintergrundbild&#8221;][vc_column offset=&#8221;vc_hidden-lg vc_hidden-md&#8221; css=&#8221;.vc_custom_1605626711148{margin-top: 0px !important;margin-bottom: 0px !important;border-top-width: 0px !important;border-bottom-width: 0px !important;padding-top: 0px !important;padding-bottom: 0px !important;}&#8221;][vc_single_image image=&#8221;7128&#8243; img_size=&#8221;full&#8221; alignment=&#8221;center&#8221;][\/vc_column][\/vc_row][vc_row full_width=&#8221;stretch_row_content&#8221; equal_height=&#8221;yes&#8221;][vc_column width=&#8221;1\/3&#8243; css=&#8221;.vc_custom_1603994507071{border-radius: 1px !important;}&#8221;][vc_column_text css=&#8221;.vc_custom_1603994715591{margin-top: 25px !important;margin-right: 25px !important;margin-bottom: 25px !important;margin-left: 25px !important;padding-top: 25px !important;padding-right: 25px !important;padding-bottom: 25px !important;padding-left: 25px !important;border-radius: 1px !important;}&#8221; el_class=&#8221;.iconmittext&#8221;]<\/p>\n<p style=\"text-align: center;\"><strong><img class=\"alignnone wp-image-2952\" role=\"img\" src=\"https:\/\/www.cocoome.com\/wp-content\/uploads\/2020\/10\/heart-icon.svg\" alt=\"Cocoome.com Jackenerweiterung\" width=\"30\" height=\"33\" title=\"Cocoome.com Jackenerweiterung\"><\/strong><\/p>\n<p style=\"text-align: center;\">Cotone biologico <strong>di alta qualit\u00e0<\/strong><br \/>\n(GOTS)<\/p>\n<p>[\/vc_column_text][\/vc_column][vc_column width=&#8221;1\/3&#8243;][vc_column_text css=&#8221;.vc_custom_1657825804501{margin-top: 25px !important;margin-right: 25px !important;margin-bottom: 25px !important;margin-left: 25px !important;padding-top: 25px !important;padding-right: 25px !important;padding-bottom: 25px !important;padding-left: 25px !important;border-radius: 1px !important;}&#8221; el_class=&#8221;.iconmittext&#8221;]<\/p>\n<p style=\"text-align: center;\"><strong><img class=\"alignnone wp-image-2952\" role=\"img\" src=\"https:\/\/www.cocoome.com\/wp-content\/uploads\/2020\/10\/heart-icon.svg\" alt=\"Cocoome.com Jackenerweiterung\" width=\"30\" height=\"33\" title=\"Cocoome.com Jackenerweiterung\"><\/strong><\/p>\n<p style=\"text-align: center;\">\nPreparati <strong>semplicemente<\/strong> &#8211; inserisci<\/p>\n<p>[\/vc_column_text][\/vc_column][vc_column width=&#8221;1\/3&#8243;][vc_column_text css=&#8221;.vc_custom_1657825822700{margin-top: 25px !important;margin-right: 25px !important;margin-bottom: 25px !important;margin-left: 25px !important;padding-top: 25px !important;padding-right: 25px !important;padding-bottom: 25px !important;padding-left: 25px !important;border-radius: 1px !important;}&#8221; el_class=&#8221;.iconmittext&#8221;]<\/p>\n<p style=\"text-align: center;\"><strong><img class=\"alignnone wp-image-2952\" role=\"img\" src=\"https:\/\/www.cocoome.com\/wp-content\/uploads\/2020\/10\/heart-icon.svg\" alt=\"Cocoome.com Jackenerweiterung\" width=\"30\" height=\"33\" title=\"Cocoome.com Jackenerweiterung\"><\/strong><\/p>\n<p style=\"text-align: center;\">\nC<strong>omodo<\/strong> per le spalle sensibili<\/p>\n<p>[\/vc_column_text][\/vc_column][\/vc_row][vc_row][vc_column][vc_empty_space][vc_column_text]<img class=\"wp-image-2995 aligncenter\" role=\"img\" src=\"https:\/\/www.cocoome.com\/wp-content\/uploads\/2020\/10\/tipp-font.svg\" alt=\"I migliori consigli per l&#039;estensione della giacca\" width=\"170\" height=\"95\" title=\"Cocoome.com Jackenerweiterung\">[\/vc_column_text][vc_column_text]<\/p>\n<p style=\"text-align: center; font-size: 16px;\">Sistemate i fili dell&#8217;imbragatura negli anelli e tirate l&#8217;imbragatura ad anelli (stretta come una maglietta) prima di mettervi il bambino. Questo garantisce un comfort perfetto nell&#8217;imbragatura elastica! <\/p>\n<p>[\/vc_column_text][vc_empty_space][\/vc_column][\/vc_row][vc_row full_width=&#8221;stretch_row_content_no_spaces&#8221; content_placement=&#8221;middle&#8221; css=&#8221;.vc_custom_1657827260725{margin-top: 0px !important;margin-bottom: 0px !important;border-top-width: 0px !important;border-bottom-width: 0px !important;padding-top: 0px !important;padding-bottom: 0px !important;background-image: url(https:\/\/www.cocoome.com\/wp-content\/uploads\/2022\/07\/RingSling-Tragehilfe.jpg?id=7129) !important;background-position: center !important;background-repeat: no-repeat !important;background-size: cover !important;}&#8221;][vc_column css=&#8221;.vc_custom_1605626856423{margin-top: 0px !important;margin-bottom: 0px !important;border-top-width: 0px !important;border-bottom-width: 0px !important;padding-top: 0px !important;padding-bottom: 0px !important;}&#8221; offset=&#8221;vc_hidden-sm vc_hidden-xs&#8221;][vc_empty_space height=&#8221;721&#8243;][\/vc_column][\/vc_row][vc_row full_width=&#8221;stretch_row_content_no_spaces&#8221; content_placement=&#8221;middle&#8221; css=&#8221;.vc_custom_1657827349126{margin-top: 0px !important;margin-bottom: 0px !important;border-top-width: 0px !important;border-bottom-width: 0px !important;padding-top: 0px !important;padding-bottom: 0px !important;background-position: center !important;background-repeat: no-repeat !important;background-size: cover !important;}&#8221;][vc_column offset=&#8221;vc_hidden-lg vc_hidden-md&#8221; css=&#8221;.vc_custom_1605626837372{margin-top: 0px !important;margin-bottom: 0px !important;border-top-width: 0px !important;border-bottom-width: 0px !important;padding-top: 0px !important;padding-bottom: 0px !important;}&#8221;][vc_single_image image=&#8221;7130&#8243; img_size=&#8221;full&#8221; css=&#8221;.vc_custom_1657827340456{margin-top: 0px !important;margin-bottom: 0px !important;border-top-width: 0px !important;border-bottom-width: 0px !important;padding-top: 0px !important;padding-bottom: 0px !important;}&#8221;][\/vc_column][\/vc_row][vc_row full_width=&#8221;stretch_row&#8221; css=&#8221;.vc_custom_1605626832008{margin-top: 0px !important;margin-bottom: 0px !important;border-top-width: 0px !important;border-bottom-width: 0px !important;padding-top: 0px !important;background-color: #f8f8f8 !important;}&#8221;][vc_column css=&#8221;.vc_custom_1605626827873{margin-top: 0px !important;border-top-width: 0px !important;padding-top: 0px !important;}&#8221;][vc_empty_space height=&#8221;50px&#8221;][vc_column_text]<\/p>\n<h2 style=\"text-align: center; text-transform: none;\">TESTATO <strong>CON COMPETENZA<\/strong> <\/h2>\n<p>[\/vc_column_text][vc_column_text]<\/p>\n<p style=\"text-align: center; font-size: 16px;\">L&#8217;imbragatura ad anelli cocoo-me\u00ae \u00e8 stata sviluppata e testata in stretta collaborazione con consulenti di babywearing. Gli specialisti, le ostetriche e le scuole di babywearing raccomandano l&#8217;imbragatura ad anello cocoo-me\u00ae, un&#8217;assoluta lusinga per le spalle! <\/p>\n<p>[\/vc_column_text][vc_empty_space][\/vc_column][\/vc_row][vc_row css=&#8221;.vc_custom_1603996988111{margin-top: -100px !important;}&#8221;][vc_column offset=&#8221;vc_hidden-sm vc_hidden-xs&#8221;][vc_single_image image=&#8221;3065&#8243; img_size=&#8221;full&#8221; alignment=&#8221;right&#8221; onclick=&#8221;zoom&#8221; css=&#8221;.vc_custom_1603997316936{margin-top: -15px !important;}&#8221;][\/vc_column][\/vc_row][vc_row css=&#8221;.vc_custom_1603997570510{padding-top: 35px !important;}&#8221;][vc_column offset=&#8221;vc_hidden-lg vc_hidden-md&#8221;][vc_single_image image=&#8221;3065&#8243; img_size=&#8221;full&#8221; alignment=&#8221;center&#8221; onclick=&#8221;zoom&#8221;][\/vc_column][\/vc_row][vc_row css=&#8221;.vc_custom_1605768735840{margin-top: 0px !important;margin-bottom: 0px !important;border-top-width: 0px !important;border-bottom-width: 0px !important;padding-top: 0px !important;padding-bottom: 0px !important;border-radius: 1px !important;}&#8221;][vc_column css=&#8221;.vc_custom_1605625657517{margin-top: 0px !important;margin-bottom: 0px !important;border-top-width: 0px !important;border-bottom-width: 0px !important;padding-top: 0px !important;padding-bottom: 0px !important;}&#8221;]<div class=\"preloader\"><div class=\"preloader-spin\"><\/div><\/div><div class=\"size-medium style1 gem-testimonials\" style=background-color:> <div id=\"post-28018\" class=\"gem-testimonial-item post-28018 thegem_testimonial type-thegem_testimonial status-publish has-post-thumbnail\"> <div class=\"gem-testimonial-wrapper quote-color-added \"> <div class=\"gem-testimonial-image\"> <img width=\"160\" height=\"160\" src=\"https:\/\/www.cocoome.com\/wp-content\/uploads\/2022\/07\/Nadine-Raschenhofer-RingSling-Feedback-Rezension-thegem-person-160.jpg\" class=\"img-responsive img-circle wp-post-image\" alt=\"Nadine Raschenhofer RingSling Feedback Rezension\" srcset=\"https:\/\/www.cocoome.com\/wp-content\/uploads\/2022\/07\/Nadine-Raschenhofer-RingSling-Feedback-Rezension-thegem-testimonial.jpg 2x\" sizes=\"100vw\" title=\"Cocoome.com Jackenerweiterung\"> <\/div> <div class=\"gem-testimonial-content\"> <div class=\"gem-testimonial-name\" style=\"color: #5a636a\">Nadine Raschhofer<\/div> <div class=\"gem-testimonial-company\" >Consulente babywearing<\/div> <div class=\"gem-testimonial-text\" > <p>Sono assolutamente entusiasta. \u00c8 cos\u00ec mega morbido e accogliente. Non mi piacciono molto le imbragature ad anello, perch\u00e9 le trovo sempre un po&#8217; scomode sulla spalla. Non \u00e8 certo questo il caso. In ogni caso, si tratta di un mega punto a favore.<\/p>\n<p>&nbsp;<\/p>\n<p><img class=\"wp-image-3171 aligncenter\" role=\"img\" src=\"https:\/\/www.cocoome.com\/wp-content\/uploads\/2020\/10\/quote-icon.svg\" alt=\"Opinione di Feedback - Le migliori estensioni e imbracature per giacche di cocoome.com\" width=\"60\" height=\"44 padding-top:32px;\" title=\"Cocoome.com Jackenerweiterung\"><\/p> <\/div> <\/div> <span style=\"color: #ffffff \" class=\"custom-color-blockqute-mark\">&#xe60c;<\/span> <\/div> <\/div> <div class=\"testimonials_svg\"><svg style=\"fill: \" width=\"100\" height=\"50\"><path d=\"M 0,-1 Q 45,5 50,50 Q 55,5 100,-1\" \/><\/svg><\/div><\/div>[\/vc_column][\/vc_row][vc_row css=&#8221;.vc_custom_1605626633892{margin-top: 0px !important;border-top-width: 0px !important;padding-top: 0px !important;}&#8221;][vc_column css=&#8221;.vc_custom_1605626627348{margin-top: 0px !important;border-top-width: 0px !important;padding-top: 0px !important;}&#8221;][vc_column_text]<\/p>\n<h2 style=\"text-align: center;\"><strong>RIMANERE FLESSIBILI<\/strong><\/h2>\n<p>[\/vc_column_text][vc_column_text]<\/p>\n<p style=\"text-align: center; font-size: 16px;\">L&#8217;<strong>imbragatura ad anello<\/strong> \u00e8 ideale per i viaggi o per i momenti di pausa.<\/p>\n<p>[\/vc_column_text][vc_empty_space][vc_masonry_media_grid element_width=&#8221;6&#8243; gap=&#8221;35&#8243; item=&#8221;6941&#8243; initial_loading_animation=&#8221;none&#8221; grid_id=&#8221;vc_gid:1729850865793-7a3f6b92-1958-3&#8243; include=&#8221;7134,7135&#8243;][vc_empty_space height=&#8221;70px&#8221;][vc_single_image image=&#8221;3002&#8243; img_size=&#8221;full&#8221; alignment=&#8221;center&#8221;][vc_empty_space][vc_column_text]<\/p>\n<p style=\"text-align: center;\">&#8211; da Sconosciuto &#8211;<\/p>\n<p style=\"text-align: center;\"><img class=\"alignnone wp-image-2952\" role=\"img\" src=\"https:\/\/www.cocoome.com\/wp-content\/uploads\/2020\/10\/heart-icon.svg\" alt=\"Cocoome.com Jackenerweiterung\" width=\"16\" height=\"17\" title=\"Cocoome.com Jackenerweiterung\"><\/p>\n<p>[\/vc_column_text][vc_empty_space][\/vc_column][\/vc_row][vc_row full_width=&#8221;stretch_row_content_no_spaces&#8221; content_placement=&#8221;middle&#8221; css=&#8221;.vc_custom_1657828270017{background-image: url(https:\/\/www.cocoome.com\/wp-content\/uploads\/2022\/07\/Der-RingSling-von-Cocoome-zum-Tragen-fuer-dein-Baby.jpg?id=7133) !important;background-position: center !important;background-repeat: no-repeat !important;background-size: cover !important;}&#8221;][vc_column][vc_empty_space height=&#8221;777&#8243;][\/vc_column][\/vc_row][vc_row][vc_column][vc_empty_space][vc_column_text]<\/p>\n<h2>Come si indossa correttamente l&#8217;imbragatura ad anello cocoo-me? \ud83e\udd70<\/h2>\n<p>Tatjana di @liebevoll_gebunden mostra oggi la versione inclinata &#8211; con questa, l&#8217;anello si allontana dal collo e quindi non pu\u00f2 costringervi Una volta pre-legata, potete indossare l&#8217;imbragatura ad anello pi\u00f9 volte senza dover riannodare tutto. Consigliamo semplicemente di risistemare l&#8217;imbragatura negli anelli prima di mettere il bambino e di stringerla. \u2764\ufe0f Il video corrispondente \u00e8 disponibile <a href=\"https:\/\/www.cocoome.com\/it\/istruzioni-per-cocoo-me\/\">qui<\/a>.[\/vc_column_text][vc_empty_space][vc_column_text]<\/p>\n<h3>Altri ausili per il trasporto di COCOO-ME<\/h3>\n<ul>\n<li><a href=\"https:\/\/www.cocoome.com\/it\/produkt\/imbragatura-cocoo-me\/\">Imbragatura COCOO-ME\u00ae (L&#8217;imbragatura elastica!)<\/a><\/li>\n<li><a href=\"https:\/\/www.cocoome.com\/it\/produkt\/cocoo-me-sling-preemie\/\">COCOO-ME\u00ae SLING PREEMIE (la fascia per neonati prematuri!)<\/a><\/li>\n<\/ul>\n<p><a href=\"https:\/\/www.cocoome.com\/it\/blog\/\">Nel nostro blog<\/a> troverete anche articoli interessanti sul trasporto dei nostri cari.[\/vc_column_text][vc_empty_space][\/vc_column][\/vc_row]<\/p>\n<\/div>","protected":false},"excerpt":{"rendered":"<p><strong>Un assoluto adulatore di spalle!<\/strong><\/p>\n<p>L&#8217;imbragatura ad anello \u00e8 l&#8217;ausilio di trasporto pi\u00f9 semplice per un uso rapido e per brevi distanze. \u00c8 adatto dalla nascita fino all&#8217;et\u00e0 dei bambini. Grazie alla sua elasticit\u00e0, l&#8217;imbragatura ad anello di cocoo-me\u00ae offre una maggiore libert\u00e0 di movimento rispetto alle imbragature ad anello &#8220;classiche&#8221;. \u00c8 particolarmente accogliente sulle spalle e si adatta perfettamente a voi e al corpo del vostro bambino. L&#8217;imbragatura ad anelli cocoo-me\u00ae \u00e8 LA soluzione per i bambini irrequieti e per i genitori con spalle sensibili alla pressione!    <\/p>\n<p><a href=\"https:\/\/www.cocoome.com\/wp-content\/uploads\/2020\/10\/heart-icon.svg\"><img class=\"alignnone wp-image-2952\" role=\"img\" src=\"https:\/\/www.cocoome.com\/wp-content\/uploads\/2020\/10\/heart-icon.svg\" alt=\"\" width=\"18\" height=\"20\"><\/a> Facile <strong>e veloce<\/strong>: preparare e inserire<br \/>\n<a href=\"https:\/\/www.cocoome.com\/wp-content\/uploads\/2020\/10\/heart-icon.svg\"><img class=\"alignnone wp-image-2952\" role=\"img\" src=\"https:\/\/www.cocoome.com\/wp-content\/uploads\/2020\/10\/heart-icon.svg\" alt=\"\" width=\"18\" height=\"20\"><\/a> <strong>Confortevole e accogliente<\/strong> &#8211; si adatta come una seconda pelle<br \/>\n<a href=\"https:\/\/www.cocoome.com\/wp-content\/uploads\/2020\/10\/heart-icon.svg\"><img class=\"alignnone wp-image-2952\" role=\"img\" src=\"https:\/\/www.cocoome.com\/wp-content\/uploads\/2020\/10\/heart-icon.svg\" alt=\"\" width=\"18\" height=\"20\"><\/a> <strong>Materiale elasticizzato<\/strong> &#8211; particolarmente confortevole sulle spalle e sul collo<br \/>\n<a href=\"https:\/\/www.cocoome.com\/wp-content\/uploads\/2020\/10\/heart-icon.svg\"><img class=\"alignnone wp-image-2952\" role=\"img\" src=\"https:\/\/www.cocoome.com\/wp-content\/uploads\/2020\/10\/heart-icon.svg\" alt=\"\" width=\"18\" height=\"20\"><\/a> <strong>Perfetto come aiuto per il sonno<\/strong> &#8211; per i bambini irrequieti che richiedono un movimento costante<br \/>\n<a href=\"https:\/\/www.cocoome.com\/wp-content\/uploads\/2020\/10\/heart-icon.svg\"><img class=\"alignnone wp-image-2952\" role=\"img\" src=\"https:\/\/www.cocoome.com\/wp-content\/uploads\/2020\/10\/heart-icon.svg\" alt=\"\" width=\"18\" height=\"20\"><\/a> <strong>Ideale per i viaggi<\/strong> &#8211; confezione piccola<\/p>\n","protected":false},"featured_media":26652,"template":"","meta":[],"product_brand":[],"product_cat":[308,589],"product_tag":[312,326,325,327],"class_list":{"0":"post-27267","1":"product","2":"type-product","3":"status-publish","4":"has-post-thumbnail","6":"product_cat-imbragatura-per-bambini","7":"product_cat-trasportare-i-vestiti","8":"product_tag-fionda","9":"product_tag-imbragatura-ad-anello","10":"product_tag-imbragatura-per-bambini","11":"product_tag-ladulatore-di-spalle","13":"first","14":"instock","15":"taxable","16":"shipping-taxable","17":"purchasable","18":"product-type-variable","19":"has-default-attributes"},"_links":{"self":[{"href":"https:\/\/www.cocoome.com\/it\/wp-json\/wp\/v2\/product\/27267","targetHints":{"allow":["GET"]}}],"collection":[{"href":"https:\/\/www.cocoome.com\/it\/wp-json\/wp\/v2\/product"}],"about":[{"href":"https:\/\/www.cocoome.com\/it\/wp-json\/wp\/v2\/types\/product"}],"wp:featuredmedia":[{"embeddable":true,"href":"https:\/\/www.cocoome.com\/it\/wp-json\/wp\/v2\/media\/26652"}],"wp:attachment":[{"href":"https:\/\/www.cocoome.com\/it\/wp-json\/wp\/v2\/media?parent=27267"}],"wp:term":[{"taxonomy":"product_brand","embeddable":true,"href":"https:\/\/www.cocoome.com\/it\/wp-json\/wp\/v2\/product_brand?post=27267"},{"taxonomy":"product_cat","embeddable":true,"href":"https:\/\/www.cocoome.com\/it\/wp-json\/wp\/v2\/product_cat?post=27267"},{"taxonomy":"product_tag","embeddable":true,"href":"https:\/\/www.cocoome.com\/it\/wp-json\/wp\/v2\/product_tag?post=27267"}],"curies":[{"name":"wp","href":"https:\/\/api.w.org\/{rel}","templated":true}]}}