{"id":27137,"date":"2021-01-21T10:46:19","date_gmt":"2021-01-21T09:46:19","guid":{"rendered":"https:\/\/www.cocoome.com\/produkt\/cappuccio-per-lestensione-della-giacca-a-clip\/"},"modified":"2025-01-08T22:32:38","modified_gmt":"2025-01-08T21:32:38","slug":"cappuccio-per-lestensione-della-giacca-a-clip","status":"publish","type":"product","link":"https:\/\/www.cocoome.com\/it\/produkt\/cappuccio-per-lestensione-della-giacca-a-clip\/","title":{"rendered":"Cappuccio per l&#8217;estensione della giacca a clip"},"content":{"rendered":"<div class=\"wpb-content-wrapper\"><p>[vc_row css=&#8221;.vc_custom_1605613439550{margin-top: 0px !important;margin-bottom: 0px !important;border-top-width: 0px !important;border-bottom-width: 0px !important;padding-top: 0px !important;padding-bottom: 0px !important;}&#8221;][vc_column offset=&#8221;vc_hidden-lg vc_hidden-md&#8221; css=&#8221;.vc_custom_1605613448653{margin-top: 0px !important;margin-bottom: 0px !important;border-top-width: 0px !important;border-bottom-width: 0px !important;}&#8221;][vc_single_image image=&#8221;32332&#8243; img_size=&#8221;full&#8221; alignment=&#8221;center&#8221; css=&#8221;&#8221;][vc_empty_space][\/vc_column][\/vc_row][vc_row][vc_column offset=&#8221;vc_hidden-sm vc_hidden-xs&#8221;][vc_single_image image=&#8221;1118&#8243; img_size=&#8221;full&#8221;][vc_empty_space][\/vc_column][\/vc_row][vc_row full_width=&#8221;stretch_row_content_no_spaces&#8221; content_placement=&#8221;top&#8221; css=&#8221;.vc_custom_1604327619436{background-image: url(https:\/\/www.cocoome.com\/wp-content\/uploads\/2020\/10\/ls-slider-1-slide-1.jpg?id=1141) !important;background-position: center !important;background-repeat: no-repeat !important;background-size: cover !important;}&#8221;][vc_column offset=&#8221;vc_hidden-sm vc_hidden-xs&#8221;][vc_empty_space height=&#8221;720px&#8221;][\/vc_column][\/vc_row][vc_row full_width=&#8221;stretch_row_content_no_spaces&#8221; content_placement=&#8221;top&#8221; css=&#8221;.vc_custom_1605793852412{background-position: center !important;background-repeat: no-repeat !important;background-size: cover !important;}&#8221;][vc_column offset=&#8221;vc_hidden-lg vc_hidden-md&#8221;][vc_single_image image=&#8221;3214&#8243; img_size=&#8221;full&#8221; alignment=&#8221;center&#8221;][\/vc_column][\/vc_row][vc_row full_width=&#8221;stretch_row_content_no_spaces&#8221;][vc_column][vc_empty_space][vc_single_image image=&#8221;2990&#8243; img_size=&#8221;full&#8221; alignment=&#8221;center&#8221; el_class=&#8221;logoclipin&#8221;][vc_empty_space][\/vc_column][\/vc_row][vc_row full_width=&#8221;stretch_row_content&#8221;][vc_column width=&#8221;1\/3&#8243;][vc_column_text css=&#8221;.vc_custom_1603996008878{margin-top: 25px !important;margin-right: 25px !important;margin-bottom: 25px !important;margin-left: 25px !important;padding-top: 25px !important;padding-right: 25px !important;padding-bottom: 25px !important;padding-left: 25px !important;border-radius: 1px !important;}&#8221; el_class=&#8221;iconmittext&#8221;]<\/p>\n<p style=\"text-align: center;\"><strong><img class=\"alignnone wp-image-2952\" role=\"img\" src=\"https:\/\/www.cocoome.com\/wp-content\/uploads\/2020\/10\/heart-icon.svg\" alt=\"Cocoome.com Jackenerweiterung\" width=\"30\" height=\"33\" title=\"Cocoome.com Jackenerweiterung\"><\/strong><\/p>\n<p style=\"text-align: center;\">\nA<strong>lta qualit\u00e0<\/strong> Materiali eccellenti<\/p>\n<p>[\/vc_column_text][\/vc_column][vc_column width=&#8221;1\/3&#8243;][vc_column_text css=&#8221;.vc_custom_1603994752929{margin-top: 25px !important;margin-right: 25px !important;margin-bottom: 25px !important;margin-left: 25px !important;padding-top: 25px !important;padding-right: 25px !important;padding-bottom: 25px !important;padding-left: 25px !important;border-radius: 1px !important;}&#8221; el_class=&#8221;iconmittext&#8221;]<\/p>\n<p style=\"text-align: center;\"><strong><img class=\"alignnone wp-image-2952\" role=\"img\" src=\"https:\/\/www.cocoome.com\/wp-content\/uploads\/2020\/10\/heart-icon.svg\" alt=\"Cocoome.com Jackenerweiterung\" width=\"30\" height=\"33\" title=\"Cocoome.com Jackenerweiterung\"><\/strong><\/p>\n<p style=\"text-align: center;\">\nD<strong>elicato<\/strong>p<strong>er la pelle del<\/strong> tuo bambino<\/p>\n<p>[\/vc_column_text][\/vc_column][vc_column width=&#8221;1\/3&#8243;][vc_column_text css=&#8221;.vc_custom_1603994758314{margin-top: 25px !important;margin-right: 25px !important;margin-bottom: 25px !important;margin-left: 25px !important;padding-top: 25px !important;padding-right: 25px !important;padding-bottom: 25px !important;padding-left: 25px !important;border-radius: 1px !important;}&#8221; el_class=&#8221;iconmittext&#8221;]<\/p>\n<p style=\"text-align: center;\"><strong><img class=\"alignnone wp-image-2952\" role=\"img\" src=\"https:\/\/www.cocoome.com\/wp-content\/uploads\/2020\/10\/heart-icon.svg\" alt=\"Cocoome.com Jackenerweiterung\" width=\"30\" height=\"33\" title=\"Cocoome.com Jackenerweiterung\"><\/strong><\/p>\n<p style=\"text-align: center;\">\nProdotto <strong>ecologico<\/strong> in Europa<\/p>\n<p>[\/vc_column_text][\/vc_column][\/vc_row][vc_row full_width=&#8221;stretch_row_content_no_spaces&#8221; content_placement=&#8221;top&#8221; css=&#8221;.vc_custom_1605793750188{margin-top: 0px !important;margin-bottom: 0px !important;border-top-width: 0px !important;border-bottom-width: 0px !important;background-image: url(https:\/\/www.cocoome.com\/wp-content\/uploads\/2020\/10\/Produktuebersicht-Tragetuch-.jpg?id=2712) !important;background-position: center !important;background-repeat: no-repeat !important;background-size: cover !important;}&#8221; el_class=&#8221;hintergrundbild&#8221;][vc_column offset=&#8221;vc_hidden-sm vc_hidden-xs&#8221;][vc_empty_space height=&#8221;698px&#8221;][\/vc_column][\/vc_row][vc_row full_width=&#8221;stretch_row_content_no_spaces&#8221; content_placement=&#8221;top&#8221; css=&#8221;.vc_custom_1605613807977{margin-top: 0px !important;margin-bottom: 0px !important;border-top-width: 0px !important;border-bottom-width: 0px !important;background-position: center !important;background-repeat: no-repeat !important;background-size: cover !important;}&#8221;][vc_column offset=&#8221;vc_hidden-lg vc_hidden-md&#8221;][vc_single_image image=&#8221;2712&#8243; img_size=&#8221;full&#8221; css=&#8221;.vc_custom_1605613859220{margin-top: 0px !important;margin-bottom: 0px !important;border-top-width: 0px !important;border-bottom-width: 0px !important;padding-top: 0px !important;padding-bottom: 0px !important;}&#8221;][\/vc_column][\/vc_row][vc_row full_width=&#8221;stretch_row_content_no_spaces&#8221; css=&#8221;.vc_custom_1605606573500{margin-top: 0px !important;margin-bottom: 0px !important;border-top-width: 0px !important;border-bottom-width: 0px !important;background-color: #f8f8f8 !important;}&#8221;][vc_column][vc_empty_space][vc_column_text]<\/p>\n<h2 style=\"text-align: center;\"><strong>CONOSCIUTO <\/strong>DA<\/h2>\n<p>[\/vc_column_text][\/vc_column][\/vc_row][vc_row css=&#8221;.vc_custom_1605612911993{margin-top: 0px !important;margin-bottom: 0px !important;border-top-width: 0px !important;border-bottom-width: 0px !important;padding-top: 0px !important;padding-bottom: 0px !important;background-color: #f8f8f8 !important;}&#8221;][vc_column offset=&#8221;vc_hidden-lg vc_hidden-md&#8221;][vc_single_image image=&#8221;3221&#8243; img_size=&#8221;full&#8221;][vc_empty_space][\/vc_column][\/vc_row][vc_row full_width=&#8221;stretch_row_content_no_spaces&#8221; css=&#8221;.vc_custom_1605606620007{margin-top: 0px !important;margin-bottom: 0px !important;border-top-width: 0px !important;border-bottom-width: 0px !important;background-color: #f8f8f8 !important;}&#8221;][vc_column offset=&#8221;vc_hidden-sm vc_hidden-xs&#8221;][vc_images_carousel images=&#8221;2736,2742,2741,2740,2739&#8243; img_size=&#8221;full&#8221; onclick=&#8221;link_no&#8221; speed=&#8221;3000&#8243; slides_per_view=&#8221;5&#8243; hide_pagination_control=&#8221;yes&#8221; hide_prev_next_buttons=&#8221;yes&#8221;][vc_empty_space][\/vc_column][\/vc_row][vc_row][vc_column][vc_empty_space height=&#8221;16px&#8221;]<div class=\"preloader\"><div class=\"preloader-spin\"><\/div><\/div><div class=\"size-medium style1 gem-testimonials\" style=background-color:> <div id=\"post-28001\" class=\"gem-testimonial-item post-28001 thegem_testimonial type-thegem_testimonial status-publish has-post-thumbnail\"> <div class=\"gem-testimonial-wrapper quote-color-added \"> <div class=\"gem-testimonial-image\"> <img width=\"160\" height=\"160\" src=\"https:\/\/www.cocoome.com\/wp-content\/uploads\/2020\/11\/SusanneLaeufle-thegem-person-160.jpg\" class=\"img-responsive img-circle wp-post-image\" alt=\"Susanne L\u00e4ufle - Hebamme\" srcset=\"https:\/\/www.cocoome.com\/wp-content\/uploads\/2020\/11\/SusanneLaeufle.jpg 2x\" sizes=\"100vw\" title=\"Cocoome.com Jackenerweiterung\"> <\/div> <div class=\"gem-testimonial-content\"> <div class=\"gem-testimonial-name\" style=\"color: #5a636a\">Susanne L\u00e4ufle<\/div> <div class=\"gem-testimonial-position\" >Ostetrica<\/div> <div class=\"gem-testimonial-text\" > <p><span style=\"font-weight: 400;\">Sono entusiasta di cocoome, un prodotto ideale per indossare la propria giacca preferita durante la gravidanza. Le giacche possono anche essere<\/span><span style=\"font-weight: 400;\">estensione<\/span><span style=\"font-weight: 400;\"> pu\u00f2 essere utilizzato anche se la donna decide di portare il bambino sul proprio corpo. Come ostetrica, lo consiglio perch\u00e9 il bambino \u00e8 molto vicino alla mamma e si sente ben protetto.<\/span><\/p>\n<p>&nbsp;<\/p>\n<p><img class=\"wp-image-3171 aligncenter\" role=\"img\" src=\"https:\/\/www.cocoome.com\/wp-content\/uploads\/2020\/10\/quote-icon.svg\" alt=\"Opinione di Feedback - Le migliori estensioni e imbracature per giacche di cocoome.com\" width=\"60\" height=\"44 padding-top:32px;\" title=\"Cocoome.com Jackenerweiterung\"><\/p> <\/div> <\/div> <span style=\"color: #ffffff \" class=\"custom-color-blockqute-mark\">&#xe60c;<\/span> <\/div> <\/div> <div id=\"post-27993\" class=\"gem-testimonial-item post-27993 thegem_testimonial type-thegem_testimonial status-publish\"> <div class=\"gem-testimonial-wrapper quote-color-added \"> <div class=\"gem-testimonial-image\"> <\/div> <div class=\"gem-testimonial-content\"> <div class=\"gem-testimonial-name\" style=\"color: #5a636a\">Daniela Ernst-Uhlier<\/div> <div class=\"gem-testimonial-company\" >Cliente<\/div> <div class=\"gem-testimonial-text\" > <p><span style=\"font-weight: 400;\">Grande idea, grande prodotto! La consegna \u00e8 stata velocissima e il servizio \u00e8 eccellente.<\/span><\/p>\n<p><img class=\"wp-image-3171 aligncenter\" role=\"img\" src=\"https:\/\/www.cocoome.com\/wp-content\/uploads\/2020\/10\/quote-icon.svg\" alt=\"Opinione di Feedback - Le migliori estensioni e imbracature per giacche di cocoome.com\" width=\"60\" height=\"44 padding-top:32px;\" title=\"Cocoome.com Jackenerweiterung\"><\/p> <\/div> <\/div> <span style=\"color: #ffffff \" class=\"custom-color-blockqute-mark\">&#xe60c;<\/span> <\/div> <\/div> <div id=\"post-27997\" class=\"gem-testimonial-item post-27997 thegem_testimonial type-thegem_testimonial status-publish has-post-thumbnail\"> <div class=\"gem-testimonial-wrapper quote-color-added \"> <div class=\"gem-testimonial-image\"> <img width=\"160\" height=\"160\" src=\"https:\/\/www.cocoome.com\/wp-content\/uploads\/2020\/11\/Renate-Dallinger-Trageberaterin-thegem-person-160.jpg\" class=\"img-responsive img-circle wp-post-image\" alt=\"Renate Dallinger Trageberaterin\" srcset=\"https:\/\/www.cocoome.com\/wp-content\/uploads\/2020\/11\/Renate-Dallinger-Trageberaterin-thegem-testimonial.jpg 2x\" sizes=\"100vw\" title=\"Cocoome.com Jackenerweiterung\"> <\/div> <div class=\"gem-testimonial-content\"> <div class=\"gem-testimonial-name\" style=\"color: #5a636a\">Renate Dallinger<\/div> <div class=\"gem-testimonial-position\" >Consulente babywearing<\/div> <div class=\"gem-testimonial-text\" > <p>Come consulente per il babywearing, posso sicuramente raccomandare cocoome. La cosa migliore \u00e8 che l&#8217;inserto si adatta davvero a qualsiasi giacca e non \u00e8 nemmeno necessario un adattatore. La qualit\u00e0 \u00e8 ottima e il prezzo \u00e8 accessibile rispetto a una giacca da babywearing. Anche i miei genitori consulenti sono rimasti molto colpiti dall&#8217;estensione della giacca di cocoome. Continuate a lavorare bene!<\/p>\n<p>&nbsp;<\/p>\n<p><img class=\"wp-image-3171 aligncenter\" role=\"img\" src=\"https:\/\/www.cocoome.com\/wp-content\/uploads\/2020\/10\/quote-icon.svg\" alt=\"Opinione di Feedback - Le migliori estensioni e imbracature per giacche di cocoome.com\" width=\"60\" height=\"44 padding-top:32px;\" title=\"Cocoome.com Jackenerweiterung\"><\/p> <\/div> <\/div> <span style=\"color: #ffffff \" class=\"custom-color-blockqute-mark\">&#xe60c;<\/span> <\/div> <\/div> <div id=\"post-28004\" class=\"gem-testimonial-item post-28004 thegem_testimonial type-thegem_testimonial status-publish has-post-thumbnail\"> <div class=\"gem-testimonial-wrapper quote-color-added \"> <div class=\"gem-testimonial-image\"> <img width=\"160\" height=\"160\" src=\"https:\/\/www.cocoome.com\/wp-content\/uploads\/2020\/11\/SaraL2-thegem-person-160.jpg\" class=\"img-responsive img-circle wp-post-image\" alt=\"SaraL Jackenerweiterung Tragetuch Meinung Feedback\" srcset=\"https:\/\/www.cocoome.com\/wp-content\/uploads\/2020\/11\/SaraL2-thegem-testimonial.jpg 2x\" sizes=\"100vw\" title=\"Cocoome.com Jackenerweiterung\"> <\/div> <div class=\"gem-testimonial-content\"> <div class=\"gem-testimonial-name\" style=\"color: #5a636a\">Sara L.<\/div> <div class=\"gem-testimonial-text\" > <p>Vivo a Troms\u00f8, 344 chilometri a nord del Circolo Polare Artico, dove l&#8217;inverno dura 7-8 mesi. Uno stile di vita attivo richiede un abbigliamento buono, caldo e adeguato. Con l&#8217;estensione per la giacca cocoome, posso indossare le mie buone giacche, che siano softshell, antivento, antipioggia o piumini, con mio figlio, che ora ha 8 settimane, nella fascia. Ama essere portato in braccio e possiamo stare all&#8217;aperto ogni giorno, indipendentemente dal tempo, mentre lo tengo vicino a me. In questo modo so sempre che \u00e8 abbastanza caldo e mi godo la mia libert\u00e0 con questa brillante attrezzatura.<\/p>\n<p>&nbsp;<\/p>\n<p><img class=\"anfuehrungszeichen aligncenter wp-image-3171\" role=\"img\" src=\"https:\/\/www.cocoome.com\/wp-content\/uploads\/2020\/10\/quote-icon.svg\" alt=\"Opinione di Feedback - Le migliori estensioni e imbracature per giacche di cocoome.com\" width=\"60\" height=\"150\" title=\"Cocoome.com Jackenerweiterung\"><\/p> <\/div> <\/div> <span style=\"color: #ffffff \" class=\"custom-color-blockqute-mark\">&#xe60c;<\/span> <\/div> <\/div> <div class=\"testimonials_svg\"><svg style=\"fill: \" width=\"100\" height=\"50\"><path d=\"M 0,-1 Q 45,5 50,50 Q 55,5 100,-1\" \/><\/svg><\/div><\/div>[\/vc_column][\/vc_row][vc_row][vc_column][vc_empty_space][vc_column_text]<\/p>\n<h2 style=\"text-align: center;\"><strong>Rimanere flessibili<\/strong><\/h2>\n<p>[\/vc_column_text][vc_column_text]<\/p>\n<p style=\"text-align: center; font-size: 16px;\">Con l&#8217;estensione della giacca a clip di cocoo-me\u00ae, potete portare il vostro bambino vicino a voi anche nelle giornate fredde e piovose.<\/p>\n<p>[\/vc_column_text][vc_empty_space][vc_masonry_media_grid element_width=&#8221;6&#8243; gap=&#8221;35&#8243; item=&#8221;6941&#8243; grid_id=&#8221;vc_gid:1729850883807-d1e01bbf-58d8-4&#8243; include=&#8221;2999,3070&#8243;][vc_empty_space height=&#8221;60px&#8221;][vc_single_image image=&#8221;3002&#8243; img_size=&#8221;full&#8221; alignment=&#8221;center&#8221;][vc_empty_space][vc_column_text]<\/p>\n<p style=\"text-align: center;\">&#8211; da Sconosciuto &#8211;<\/p>\n<p style=\"text-align: center;\"><img class=\"alignnone wp-image-2952\" role=\"img\" src=\"https:\/\/www.cocoome.com\/wp-content\/uploads\/2020\/10\/heart-icon.svg\" alt=\"Cocoome.com Jackenerweiterung\" width=\"16\" height=\"17\" title=\"Cocoome.com Jackenerweiterung\"><\/p>\n<p>[\/vc_column_text][vc_empty_space][\/vc_column][\/vc_row][vc_row full_width=&#8221;stretch_row_content_no_spaces&#8221; content_placement=&#8221;top&#8221; css=&#8221;.vc_custom_1605793762766{margin-top: 0px !important;margin-bottom: 0px !important;border-top-width: 0px !important;border-bottom-width: 0px !important;padding-top: 0px !important;padding-bottom: 0px !important;background-image: url(https:\/\/www.cocoome.com\/wp-content\/uploads\/2020\/10\/Cocoome-Jackenerweiterung2-e1605614254442.jpg?id=3004) !important;background-position: center !important;background-repeat: no-repeat !important;background-size: cover !important;}&#8221; el_id=&#8221;immagine di sfondo&#8221;][vc_column offset=&#8221;vc_hidden-sm vc_hidden-xs&#8221;][vc_empty_space height=&#8221;650px&#8221;][\/vc_column][\/vc_row][vc_row full_width=&#8221;stretch_row_content_no_spaces&#8221; content_placement=&#8221;top&#8221; css=&#8221;.vc_custom_1605621156129{margin-top: 0px !important;margin-bottom: 0px !important;border-top-width: 0px !important;border-bottom-width: 0px !important;padding-top: 0px !important;padding-bottom: 0px !important;background-position: center !important;background-repeat: no-repeat !important;background-size: cover !important;}&#8221;][vc_column offset=&#8221;vc_hidden-lg vc_hidden-md&#8221; css=&#8221;.vc_custom_1605621165880{margin-top: 0px !important;margin-bottom: 0px !important;border-top-width: 0px !important;border-bottom-width: 0px !important;padding-top: 0px !important;padding-bottom: 0px !important;}&#8221;][vc_single_image image=&#8221;3004&#8243; img_size=&#8221;full&#8221; alignment=&#8221;center&#8221;][\/vc_column][\/vc_row]<\/p>\n<\/div>","protected":false},"excerpt":{"rendered":"<p><strong>IL CAPPUCCIO \u00c8 IL COMPLEMENTO PERFETTO PER L&#8217;ESTENSIONE DELLA GIACCA A CLIP!<\/strong><\/p>\n<p><span style=\"font-weight: 400;\">Il cappuccio clip-in di cocoome si aggiunge all&#8217;estensione della giacca ed \u00e8 adatto dalla nascita fino al primo anno di vita del bambino.<\/span><\/p>\n<p><span style=\"font-weight: 400;\">Grazie ai cordoncini elastici regolabili, la dimensione del cappuccio pu\u00f2 essere facilmente adattata alla testa del bambino.<\/span><\/p>\n<p><span style=\"font-weight: 400;\">Il cappuccio si fissa alla giacca con delle clip, in modo semplice e flessibile.<\/span><\/p>\n<p>&nbsp;<\/p>\n<p><a href=\"https:\/\/www.cocoome.com\/wp-content\/uploads\/2020\/10\/heart-icon.svg\"><img class=\"alignnone wp-image-2952\" role=\"img\" src=\"https:\/\/www.cocoome.com\/wp-content\/uploads\/2020\/10\/heart-icon.svg\" alt=\"\" width=\"18\" height=\"20\"><\/a> <strong>Idrorepellente e antivento<\/strong><br \/>\n<a href=\"https:\/\/www.cocoome.com\/wp-content\/uploads\/2020\/10\/heart-icon.svg\"><img class=\"alignnone wp-image-2952\" role=\"img\" src=\"https:\/\/www.cocoome.com\/wp-content\/uploads\/2020\/10\/heart-icon.svg\" alt=\"\" width=\"18\" height=\"20\"><\/a> <strong>100% traspirante<\/strong><br \/>\n<a href=\"https:\/\/www.cocoome.com\/wp-content\/uploads\/2020\/10\/heart-icon.svg\"><img class=\"alignnone wp-image-2952\" role=\"img\" src=\"https:\/\/www.cocoome.com\/wp-content\/uploads\/2020\/10\/heart-icon.svg\" alt=\"\" width=\"18\" height=\"20\"><\/a> <strong>Crescere con voi<\/strong><br \/>\n<a href=\"https:\/\/www.cocoome.com\/wp-content\/uploads\/2020\/10\/heart-icon.svg\"><img class=\"alignnone wp-image-2952\" role=\"img\" src=\"https:\/\/www.cocoome.com\/wp-content\/uploads\/2020\/10\/heart-icon.svg\" alt=\"\" width=\"18\" height=\"20\"><\/a> <strong>Montaggio flessibile<\/strong><br \/>\n<a href=\"https:\/\/www.cocoome.com\/wp-content\/uploads\/2020\/10\/heart-icon.svg\"><img class=\"alignnone wp-image-2952\" role=\"img\" src=\"https:\/\/www.cocoome.com\/wp-content\/uploads\/2020\/10\/heart-icon.svg\" alt=\"\" width=\"18\" height=\"20\"><\/a> <strong>Realizzato a mano in Europa<\/strong><\/p>\n","protected":false},"featured_media":26058,"template":"","meta":[],"product_brand":[],"product_cat":[270,587],"product_tag":[272,275,273,271],"class_list":{"0":"post-27137","1":"product","2":"type-product","3":"status-publish","4":"has-post-thumbnail","6":"product_cat-estensione-della-giacca","7":"product_cat-estensione-della-giacca-del-marsupio","8":"product_tag-cappuccio","9":"product_tag-copricapo","10":"product_tag-protezione-della-testa","11":"product_tag-sistema-a-clip","13":"first","14":"instock","15":"taxable","16":"shipping-taxable","17":"purchasable","18":"product-type-variable"},"_links":{"self":[{"href":"https:\/\/www.cocoome.com\/it\/wp-json\/wp\/v2\/product\/27137","targetHints":{"allow":["GET"]}}],"collection":[{"href":"https:\/\/www.cocoome.com\/it\/wp-json\/wp\/v2\/product"}],"about":[{"href":"https:\/\/www.cocoome.com\/it\/wp-json\/wp\/v2\/types\/product"}],"wp:featuredmedia":[{"embeddable":true,"href":"https:\/\/www.cocoome.com\/it\/wp-json\/wp\/v2\/media\/26058"}],"wp:attachment":[{"href":"https:\/\/www.cocoome.com\/it\/wp-json\/wp\/v2\/media?parent=27137"}],"wp:term":[{"taxonomy":"product_brand","embeddable":true,"href":"https:\/\/www.cocoome.com\/it\/wp-json\/wp\/v2\/product_brand?post=27137"},{"taxonomy":"product_cat","embeddable":true,"href":"https:\/\/www.cocoome.com\/it\/wp-json\/wp\/v2\/product_cat?post=27137"},{"taxonomy":"product_tag","embeddable":true,"href":"https:\/\/www.cocoome.com\/it\/wp-json\/wp\/v2\/product_tag?post=27137"}],"curies":[{"name":"wp","href":"https:\/\/api.w.org\/{rel}","templated":true}]}}