{"id":27541,"date":"2020-10-15T13:34:20","date_gmt":"2020-10-15T11:34:20","guid":{"rendered":"https:\/\/www.cocoome.com\/informativa-sulla-privacy\/"},"modified":"2025-07-28T20:37:50","modified_gmt":"2025-07-28T18:37:50","slug":"informativa-sulla-privacy","status":"publish","type":"page","link":"https:\/\/www.cocoome.com\/it\/informativa-sulla-privacy\/","title":{"rendered":"Informativa sulla privacy"},"content":{"rendered":"\n<h1><strong>Dichiarazione sul dovere di informazione<\/strong><\/h1>\n<p><em>(Informativa sulla privacy)<\/em><\/p>\n<p>La protezione dei vostri dati personali ci sta particolarmente a cuore. Pertanto, trattiamo i vostri dati esclusivamente sulla base delle disposizioni di legge (GDPR, TKG 2003). In questa informativa sulla protezione dei dati, vi informiamo sugli aspetti pi\u00f9 importanti del trattamento dei dati nel contesto del nostro sito web.<\/p>\n<p><strong>Contatto con noi<\/strong><br\/>Se ci contattate tramite il modulo sul sito web o via e-mail, i dati da voi forniti saranno conservati da noi per sei mesi allo scopo di elaborare la richiesta e in caso di domande successive. Non trasmettiamo questi dati senza il vostro consenso.<\/p>\n<p><strong>Memorizzazione dei dati<\/strong><br\/>Desideriamo sottolineare che per semplificare il processo di acquisto e per la successiva elaborazione del contratto, il gestore del webshop memorizza i dati IP del proprietario della connessione sotto forma di cookie, nonch\u00e9 il nome, l&#8217;indirizzo, l&#8217;indirizzo e-mail e i dati di pagamento dell&#8217;acquirente.<br\/>I dati da voi forniti sono necessari per l&#8217;adempimento del contratto o per l&#8217;esecuzione di misure precontrattuali. Senza questi dati non possiamo concludere il contratto con voi. I dati non saranno trasferiti a terzi, ad eccezione del trasferimento dei dati di pagamento alla banca di elaborazione\/fornitore di servizi di pagamento ai fini dell&#8217;addebito del prezzo di acquisto, alla societ\u00e0 di trasporto\/spedizione da noi incaricata di consegnare la merce e al nostro consulente fiscale per adempiere ai nostri obblighi fiscali.<br\/>Dopo aver annullato il processo di acquisto, i dati da noi memorizzati saranno cancellati. In caso di stipula di un contratto, tutti i dati del rapporto contrattuale saranno conservati fino alla scadenza del periodo di conservazione previsto dalla normativa fiscale (7 anni).<\/p>\n<p>I dati relativi al nome, all&#8217;indirizzo, alla merce acquistata e alla data di acquisto vengono inoltre conservati fino alla scadenza della responsabilit\u00e0 del prodotto (10 anni). Il trattamento dei dati avviene sulla base delle disposizioni di legge dell&#8217;articolo 96 (3) TKG e dell&#8217;articolo 6 (1) (a) (consenso) e\/o (b) (necessario per l&#8217;adempimento del contratto) del GDPR.<\/p>\n<p><strong>Biscotti<\/strong><br\/>Il nostro sito web utilizza i cosiddetti cookie. Si tratta di piccoli file di testo che vengono memorizzati sul dispositivo finale con l&#8217;aiuto del browser. Non causano alcun danno.<br\/>Utilizziamo i cookie per rendere il nostro sito web pi\u00f9 facile da usare. Alcuni cookie rimangono memorizzati sul dispositivo finale dell&#8217;utente fino a quando non vengono eliminati. Ci permettono di riconoscere il vostro browser alla successiva visita del nostro sito web.<br\/>Se non lo desiderate, potete impostare il vostro browser in modo che vi informi sull&#8217;impostazione dei cookie e che lo consenta solo in singoli casi.<br\/>Se i cookie vengono disattivati, la funzionalit\u00e0 del nostro sito web potrebbe essere limitata.<\/p>\n<p> <\/p>\n<p>\n\n\n\n\n\n\n\n\n\n\n\n\n\n<\/p>\n<p> <\/p>\n<p><strong>Analisi web<\/strong><\/p>\n<p><br\/>Il nostro sito web utilizza funzioni del servizio di analisi web Google Analytics, eTracker e Siteground. A tal fine vengono utilizzati dei cookie che consentono di analizzare l&#8217;utilizzo del sito web da parte dell&#8217;utente. Le informazioni cos\u00ec generate vengono trasferite al server del provider e l\u00ec memorizzate.<br\/>\u00c8 possibile impedirlo impostando il browser in modo che non vengano memorizzati i cookie.<br\/>Abbiamo stipulato un contratto corrispondente con il fornitore per l&#8217;elaborazione dei dati commissionata.<br\/>Il vostro indirizzo IP viene registrato, ma immediatamente pseudonimizzato cancellando gli ultimi 8 bit. Ci\u00f2 significa che \u00e8 possibile solo una localizzazione approssimativa.<br\/>Il rapporto con il fornitore di analisi web si basa su clausole contrattuali standard\/una decisione di adeguatezza della Commissione europea.<br\/>Il trattamento dei dati avviene sulla base delle disposizioni di legge dell&#8217;articolo 96 (3) TKG e dell&#8217;articolo 6 (1) (a) (consenso) e\/o (f) (interesse legittimo) del GDPR.<br\/>Il nostro interesse ai sensi del GDPR (interesse legittimo) \u00e8 il miglioramento della nostra offerta e del nostro sito web. Poich\u00e9 la privacy dei nostri utenti \u00e8 importante per noi, i dati degli utenti sono pseudonimizzati.<br\/>I dati degli utenti vengono conservati per un periodo di 50 mesi.<\/p>\n<p><strong>Newsletter<\/strong><\/p>\n<p><br\/>Avete la possibilit\u00e0 di iscrivervi alla nostra newsletter tramite il nostro sito web. A tal fine abbiamo bisogno del vostro indirizzo e-mail e della vostra dichiarazione di accettare di ricevere la newsletter.<br\/>Non appena vi sarete registrati alla newsletter, vi invieremo un&#8217;e-mail di conferma con un link per confermare la vostra registrazione.<br\/>\u00c8 possibile cancellare l&#8217;iscrizione alla newsletter in qualsiasi momento. Si prega di inviare la cancellazione al seguente indirizzo e-mail: hello@cocoome.com. In tal caso cancelleremo immediatamente i vostri dati in relazione all&#8217;invio della newsletter.<\/p>\n<p><strong>I vostri diritti<\/strong><\/p>\n<p><br\/>In linea di principio, l&#8217;utente ha diritto all&#8217;informazione, alla rettifica, alla cancellazione, alla limitazione, alla portabilit\u00e0 dei dati, alla cancellazione e all&#8217;opposizione. Se ritenete che il trattamento dei vostri dati violi la legge sulla protezione dei dati o che i vostri diritti di protezione dei dati siano stati violati in qualsiasi altro modo, potete presentare un reclamo all&#8217;autorit\u00e0 di vigilanza. In Austria, si tratta dell&#8217;autorit\u00e0 per la protezione dei dati.<\/p>\n<p><strong>Potete contattarci ai seguenti recapiti:<\/strong><br\/>cocoome e.U.<br\/>Hengsberg 64<br\/>A-8411 Hengsberg<br\/>Tel: +43 6507700793<br\/>Email: hello@cocoome.com<\/p>\n<p>Stato: dicembre 2017<\/p>\n","protected":false},"excerpt":{"rendered":"<p>Dichiarazione sul dovere di informazione (Informativa sulla privacy) La protezione dei vostri dati personali ci sta particolarmente a cuore. Pertanto,&#8230;<\/p>\n","protected":false},"author":1,"featured_media":0,"parent":0,"menu_order":0,"comment_status":"closed","ping_status":"closed","template":"","meta":{"footnotes":""},"class_list":["post-27541","page","type-page","status-publish"],"_links":{"self":[{"href":"https:\/\/www.cocoome.com\/it\/wp-json\/wp\/v2\/pages\/27541","targetHints":{"allow":["GET"]}}],"collection":[{"href":"https:\/\/www.cocoome.com\/it\/wp-json\/wp\/v2\/pages"}],"about":[{"href":"https:\/\/www.cocoome.com\/it\/wp-json\/wp\/v2\/types\/page"}],"author":[{"embeddable":true,"href":"https:\/\/www.cocoome.com\/it\/wp-json\/wp\/v2\/users\/1"}],"replies":[{"embeddable":true,"href":"https:\/\/www.cocoome.com\/it\/wp-json\/wp\/v2\/comments?post=27541"}],"version-history":[{"count":0,"href":"https:\/\/www.cocoome.com\/it\/wp-json\/wp\/v2\/pages\/27541\/revisions"}],"wp:attachment":[{"href":"https:\/\/www.cocoome.com\/it\/wp-json\/wp\/v2\/media?parent=27541"}],"curies":[{"name":"wp","href":"https:\/\/api.w.org\/{rel}","templated":true}]}}