{"id":47871,"date":"2026-02-27T10:24:27","date_gmt":"2026-02-27T09:24:27","guid":{"rendered":"https:\/\/www.cocoome.com\/?post_type=product&#038;p=47871"},"modified":"2026-03-21T15:10:55","modified_gmt":"2026-03-21T14:10:55","slug":"clips-de-rechange-pour-cocoo-me-clip-in-kopie-2","status":"publish","type":"product","link":"https:\/\/www.cocoome.com\/fr\/produkt\/clips-de-rechange-pour-cocoo-me-clip-in-kopie-2\/","title":{"rendered":"Clips de rechange pour cocoo-me CLIP-IN (Kopie)"},"content":{"rendered":"","protected":false},"excerpt":{"rendered":"<div class=\"\">\n<p><strong>Clips de remplacement pour votre extension de veste cocoo-me\u00ae.<\/strong><\/p>\n<p>Nos clips de remplacement cocoo-me\u00ae garantissent que votre extension de veste continue \u00e0 tenir de mani\u00e8re fiable \u00e0 votre veste. Que ce soit \u00e0 cause d&#8217;une utilisation intensive ou d&#8217;une perte malencontreuse, les clips de rechange vous permettent de tout remettre en place en un rien de temps. <\/p>\n<p>Les clips sont sp\u00e9cialement con\u00e7us pour l&#8217;extension de veste cocoo-me\u00ae Clip-in et s&#8217;adaptent parfaitement pour \u00e9tendre votre veste de mani\u00e8re s\u00fbre et stable, sans fermeture \u00e9clair ni boutons.<\/p>\n<p><strong><a href=\"https:\/\/www.cocoome.com\/wp-content\/uploads\/2020\/10\/heart-icon.svg\"><img class=\"alignnone wp-image-2952\" role=\"img\" src=\"https:\/\/www.cocoome.com\/wp-content\/uploads\/2020\/10\/heart-icon.svg\" alt=\"\" width=\"18\" height=\"20\"><\/a><\/strong><strong>S&#8217;adapte parfaitement &#8211; <\/strong>Convient \u00e0 toutes les extensions de vestes cocoo-me<br \/>\n<a href=\"https:\/\/www.cocoome.com\/wp-content\/uploads\/2020\/10\/heart-icon.svg\"><img class=\"alignnone wp-image-2952\" role=\"img\" src=\"https:\/\/www.cocoome.com\/wp-content\/uploads\/2020\/10\/heart-icon.svg\" alt=\"\" width=\"18\" height=\"20\"><\/a><strong>Facile \u00e0 fixer &#8211; <\/strong>Pr\u00eat \u00e0 l&#8217;emploi en quelques secondes<br \/>\n<a href=\"https:\/\/www.cocoome.com\/wp-content\/uploads\/2020\/10\/heart-icon.svg\"><img class=\"alignnone wp-image-2952\" role=\"img\" src=\"https:\/\/www.cocoome.com\/wp-content\/uploads\/2020\/10\/heart-icon.svg\" alt=\"\" width=\"18\" height=\"20\"><\/a><strong>Disponible en kits<\/strong> &#8211; 3 pi\u00e8ces ou 5 pi\u00e8ces<\/p>\n<\/div>\n<p>Il s&#8217;agit d&#8217;une photo symbolique. Il y a 3 ou 5 pi\u00e8ces dans un set, selon votre choix. <\/p>\n","protected":false},"featured_media":47894,"template":"","meta":[],"product_brand":[],"product_cat":[263],"product_tag":[],"class_list":{"0":"post-47871","1":"product","2":"type-product","3":"status-publish","4":"has-post-thumbnail","6":"product_cat-accessoires-fr","8":"first","9":"instock","10":"taxable","11":"shipping-taxable","12":"purchasable","13":"product-type-variable"},"_links":{"self":[{"href":"https:\/\/www.cocoome.com\/fr\/wp-json\/wp\/v2\/product\/47871","targetHints":{"allow":["GET"]}}],"collection":[{"href":"https:\/\/www.cocoome.com\/fr\/wp-json\/wp\/v2\/product"}],"about":[{"href":"https:\/\/www.cocoome.com\/fr\/wp-json\/wp\/v2\/types\/product"}],"wp:featuredmedia":[{"embeddable":true,"href":"https:\/\/www.cocoome.com\/fr\/wp-json\/wp\/v2\/media\/47894"}],"wp:attachment":[{"href":"https:\/\/www.cocoome.com\/fr\/wp-json\/wp\/v2\/media?parent=47871"}],"wp:term":[{"taxonomy":"product_brand","embeddable":true,"href":"https:\/\/www.cocoome.com\/fr\/wp-json\/wp\/v2\/product_brand?post=47871"},{"taxonomy":"product_cat","embeddable":true,"href":"https:\/\/www.cocoome.com\/fr\/wp-json\/wp\/v2\/product_cat?post=47871"},{"taxonomy":"product_tag","embeddable":true,"href":"https:\/\/www.cocoome.com\/fr\/wp-json\/wp\/v2\/product_tag?post=47871"}],"curies":[{"name":"wp","href":"https:\/\/api.w.org\/{rel}","templated":true}]}}