{"id":46196,"date":"2026-01-11T19:53:19","date_gmt":"2026-01-11T18:53:19","guid":{"rendered":"https:\/\/www.cocoome.com\/?post_type=product&#038;p=46196"},"modified":"2026-01-15T12:48:41","modified_gmt":"2026-01-15T11:48:41","slug":"tissu-de-pesee-pour-pese-bebe-kopie","status":"publish","type":"product","link":"https:\/\/www.cocoome.com\/fr\/produkt\/tissu-de-pesee-pour-pese-bebe-kopie\/","title":{"rendered":"Tissu de pes\u00e9e pour p\u00e8se-b\u00e9b\u00e9 (Kopie)"},"content":{"rendered":"","protected":false},"excerpt":{"rendered":"<h2>L&#8217;\u00e9charpe de bercement \u00e9lastique et douillette pour BABYWAaGEN<\/h2>\n<p>L&#8217;\u00e9charpe de bercement cocoome, fabriqu\u00e9e \u00e0 partir de notre tissu \u00e9lastique pour \u00e9charpe de portage, est un accessoire indispensable pour les sages-femmes et tous les parents. Fabriqu\u00e9 en coton bio certifi\u00e9 GOTS, le drap de bercement cocoome est absolument sans danger pour la peau de b\u00e9b\u00e9. Le drap de bercement cocoome est extensible dans le sens de la largeur et de la longueur et s&#8217;adapte comme une seconde peau. Sans d\u00e9coupes pour les jambes. D\u00e9velopp\u00e9 en \u00e9troite collaboration avec des sages-femmes.<\/p>\n","protected":false},"featured_media":46512,"template":"","meta":[],"product_brand":[],"product_cat":[263],"product_tag":[521],"class_list":{"0":"post-46196","1":"product","2":"type-product","3":"status-publish","4":"has-post-thumbnail","6":"product_cat-accessoires-fr","7":"product_tag-drap-de-berceau","9":"first","10":"instock","11":"taxable","12":"shipping-taxable","13":"purchasable","14":"product-type-simple"},"_links":{"self":[{"href":"https:\/\/www.cocoome.com\/fr\/wp-json\/wp\/v2\/product\/46196","targetHints":{"allow":["GET"]}}],"collection":[{"href":"https:\/\/www.cocoome.com\/fr\/wp-json\/wp\/v2\/product"}],"about":[{"href":"https:\/\/www.cocoome.com\/fr\/wp-json\/wp\/v2\/types\/product"}],"wp:featuredmedia":[{"embeddable":true,"href":"https:\/\/www.cocoome.com\/fr\/wp-json\/wp\/v2\/media\/46512"}],"wp:attachment":[{"href":"https:\/\/www.cocoome.com\/fr\/wp-json\/wp\/v2\/media?parent=46196"}],"wp:term":[{"taxonomy":"product_brand","embeddable":true,"href":"https:\/\/www.cocoome.com\/fr\/wp-json\/wp\/v2\/product_brand?post=46196"},{"taxonomy":"product_cat","embeddable":true,"href":"https:\/\/www.cocoome.com\/fr\/wp-json\/wp\/v2\/product_cat?post=46196"},{"taxonomy":"product_tag","embeddable":true,"href":"https:\/\/www.cocoome.com\/fr\/wp-json\/wp\/v2\/product_tag?post=46196"}],"curies":[{"name":"wp","href":"https:\/\/api.w.org\/{rel}","templated":true}]}}