{"id":36469,"date":"2025-02-18T11:29:25","date_gmt":"2025-02-18T10:29:25","guid":{"rendered":"https:\/\/www.cocoome.com\/?post_type=product&#038;p=36469"},"modified":"2025-06-27T15:42:20","modified_gmt":"2025-06-27T13:42:20","slug":"clips-de-rechange-pour-cocoo-me-clip-in-kopie","status":"publish","type":"product","link":"https:\/\/www.cocoome.com\/fr\/produkt\/clips-de-rechange-pour-cocoo-me-clip-in-kopie\/","title":{"rendered":"Insert de remplacement pour Clip-In"},"content":{"rendered":"<div class=\"wpb-content-wrapper\"><p>[vc_row disable_element=&#8221;yes&#8221;][vc_column][vc_column_text]<strong>Insert d&#8217;hiver pour extension de veste Clip-In &#8211; pi\u00e8ce de rechange<\/strong><\/p>\n<p>doubl\u00e9 de Primaloft\u00a9, r\u00e9chauffe efficacement pendant les saisons froides et tr\u00e8s froides<\/p>\n<p> Vous pouvez commander cet insert d&#8217;hiver s\u00e9par\u00e9ment et l&#8217;ajouter ainsi parfaitement \u00e0 votre extension de veste Clip-In<\/p>\n<p> Tissu ext\u00e9rieur : 100% microfibres avec membrane climatique, 100% respirant, coupe-vent et d\u00e9perlant, colonne d&#8217;eau : 10.000<\/p>\n<p>Doublure : 95% coton bio (kbA), 5% \u00e9lasthanne, certifi\u00e9e GOTS, douce et inoffensive pour la peau de b\u00e9b\u00e9.<\/p>\n<p>Rembourrage : G-LOFT\u00ae (fabricant leader), ultra-l\u00e9ger, r\u00e9chauffe comme du duvet et sans alourdir, hydrofuge, respirant, compressible, l\u00e9ger et d&#8217;une douceur in\u00e9gal\u00e9e.[\/vc_column_text][\/vc_column][\/vc_row]<\/p>\n<\/div>","protected":false},"excerpt":{"rendered":"<div class=\"\">\n<p><strong>Insert de remplacement pour votre extension de veste cocoo-me\u00ae Clip-In<\/strong><\/p>\n<p data-start=\"164\" data-end=\"472\">Qu&#8217;il s&#8217;agisse d&#8217;une utilisation intensive, d&#8217;un d\u00e9faut ou simplement d&#8217;un petit plus pratique, nos inserts de remplacement vous permettent d&#8217;avoir toujours l&#8217;extension ad\u00e9quate \u00e0 port\u00e9e de main.<\/p>\n<p><strong data-start=\"474\" data-end=\"507\">Disponible en deux versions :<\/strong><br data-start=\"507\" data-end=\"510\"><strong data-start=\"512\" data-end=\"530\"><a href=\"https:\/\/www.cocoome.com\/wp-content\/uploads\/2020\/10\/heart-icon.svg\"><img class=\"alignnone wp-image-2952\" role=\"img\" src=\"https:\/\/www.cocoome.com\/wp-content\/uploads\/2020\/10\/heart-icon.svg\" alt=\"\" width=\"18\" height=\"20\"><\/a>Utilisation hivernale<\/strong> <br data-start=\"618\" data-end=\"621\"><strong data-start=\"623\" data-end=\"648\"><a href=\"https:\/\/www.cocoome.com\/wp-content\/uploads\/2020\/10\/heart-icon.svg\"><img class=\"alignnone wp-image-2952\" role=\"img\" src=\"https:\/\/www.cocoome.com\/wp-content\/uploads\/2020\/10\/heart-icon.svg\" alt=\"\" width=\"18\" height=\"20\"><\/a>Utilisation contre le vent et les intemp\u00e9ries<\/strong><\/p>\n<\/div>\n<p>&nbsp;<\/p>\n","protected":false},"featured_media":36964,"template":"","meta":[],"product_brand":[],"product_cat":[263],"product_tag":[],"class_list":{"0":"post-36469","1":"product","2":"type-product","3":"status-publish","4":"has-post-thumbnail","6":"product_cat-accessoires-fr","8":"first","9":"instock","10":"taxable","11":"shipping-taxable","12":"purchasable","13":"product-type-variable"},"_links":{"self":[{"href":"https:\/\/www.cocoome.com\/fr\/wp-json\/wp\/v2\/product\/36469","targetHints":{"allow":["GET"]}}],"collection":[{"href":"https:\/\/www.cocoome.com\/fr\/wp-json\/wp\/v2\/product"}],"about":[{"href":"https:\/\/www.cocoome.com\/fr\/wp-json\/wp\/v2\/types\/product"}],"wp:featuredmedia":[{"embeddable":true,"href":"https:\/\/www.cocoome.com\/fr\/wp-json\/wp\/v2\/media\/36964"}],"wp:attachment":[{"href":"https:\/\/www.cocoome.com\/fr\/wp-json\/wp\/v2\/media?parent=36469"}],"wp:term":[{"taxonomy":"product_brand","embeddable":true,"href":"https:\/\/www.cocoome.com\/fr\/wp-json\/wp\/v2\/product_brand?post=36469"},{"taxonomy":"product_cat","embeddable":true,"href":"https:\/\/www.cocoome.com\/fr\/wp-json\/wp\/v2\/product_cat?post=36469"},{"taxonomy":"product_tag","embeddable":true,"href":"https:\/\/www.cocoome.com\/fr\/wp-json\/wp\/v2\/product_tag?post=36469"}],"curies":[{"name":"wp","href":"https:\/\/api.w.org\/{rel}","templated":true}]}}