{"id":35916,"date":"2025-01-15T16:56:21","date_gmt":"2025-01-15T15:56:21","guid":{"rendered":"https:\/\/www.cocoome.com\/?post_type=product&#038;p=35916"},"modified":"2025-06-27T12:20:20","modified_gmt":"2025-06-27T10:20:20","slug":"cocoo-me-helium-toddler-porte-bebe-kopie","status":"publish","type":"product","link":"https:\/\/www.cocoome.com\/fr\/produkt\/cocoo-me-helium-toddler-porte-bebe-kopie\/","title":{"rendered":"cocoo-me\u00ae Porte-b\u00e9b\u00e9 d&#8217;essai"},"content":{"rendered":"<div class=\"wpb-content-wrapper\"><p>[vc_row css=&#8221;.vc_custom_1605624837647{margin-top: 0px !important;margin-bottom: 0px !important;border-top-width: 0px !important;border-bottom-width: 0px !important;padding-top: 0px !important;padding-bottom: 0px !important;}&#8221;][vc_column offset=&#8221;vc_hidden-lg vc_hidden-md&#8221; css=&#8221;.vc_custom_1605624846093{margin-top: 0px !important;margin-bottom: 0px !important;border-top-width: 0px !important;border-bottom-width: 0px !important;padding-top: 0px !important;padding-bottom: 0px !important;}&#8221;][vc_single_image image=&#8221;32332&#8243; img_size=&#8221;full&#8221; alignment=&#8221;center&#8221; css=&#8221;.vc_custom_1729850607196{margin-top: 0px !important;margin-bottom: 0px !important;border-top-width: 0px !important;border-bottom-width: 0px !important;padding-top: 0px !important;padding-bottom: 0px !important;}&#8221;][vc_empty_space][\/vc_column][\/vc_row][vc_row css=&#8221;.vc_custom_1605623924093{margin-top: 0px !important;margin-bottom: 0px !important;border-top-width: 0px !important;border-bottom-width: 0px !important;padding-top: 0px !important;padding-bottom: 0px !important;}&#8221;][vc_column offset=&#8221;vc_hidden-sm vc_hidden-xs&#8221;][vc_single_image image=&#8221;1118&#8243; img_size=&#8221;full&#8221;][vc_empty_space][vc_column_text css=&#8221;.vc_custom_1605624186602{padding-bottom: 15px !important;}&#8221;]<img class=\"alignnone wp-image-2952 aligncenter\" role=\"img\" src=\"https:\/\/www.cocoome.com\/wp-content\/uploads\/2020\/10\/heart-icon.svg\" alt=\"Cocoome.com Jackenerweiterung\" width=\"29\" height=\"32\" title=\"Cocoome.com Jackenerweiterung\">[\/vc_column_text][\/vc_column][\/vc_row][vc_row full_width=&#8221;stretch_row_content_no_spaces&#8221; content_placement=&#8221;middle&#8221; disable_element=&#8221;yes&#8221; css=&#8221;.vc_custom_1715968094473{background-image: url(https:\/\/www.cocoome.com\/wp-content\/uploads\/2022\/10\/Cocoome-Hochwertige-Babytrage-Helium-1.jpg?id=11621) !important;background-position: center !important;background-repeat: no-repeat !important;background-size: cover !important;}&#8221;][vc_column offset=&#8221;vc_hidden-sm vc_hidden-xs&#8221; css=&#8221;.vc_custom_1605624129454{margin-top: 0px !important;margin-bottom: 0px !important;border-top-width: 0px !important;border-bottom-width: 0px !important;padding-top: 0px !important;padding-bottom: 0px !important;}&#8221;][vc_empty_space height=&#8221;720&#8243;][\/vc_column][\/vc_row][vc_row full_width=&#8221;stretch_row_content_no_spaces&#8221; content_placement=&#8221;middle&#8221; css=&#8221;.vc_custom_1605793691252{background-position: center !important;background-repeat: no-repeat !important;background-size: cover !important;}&#8221; el_class=&#8221;hintergrundbild&#8221;][vc_column css=&#8221;.vc_custom_1715968108194{margin-top: 0px !important;margin-bottom: 0px !important;border-top-width: 0px !important;border-bottom-width: 0px !important;padding-top: 0px !important;padding-bottom: 0px !important;}&#8221;][vc_single_image image=&#8221;35279&#8243; img_size=&#8221;full&#8221; alignment=&#8221;center&#8221; css=&#8221;&#8221;][\/vc_column][\/vc_row][vc_row full_width=&#8221;stretch_row_content&#8221; equal_height=&#8221;yes&#8221;][vc_column width=&#8221;1\/3&#8243; css=&#8221;.vc_custom_1603994507071{border-radius: 1px !important;}&#8221;][vc_column_text css=&#8221;.vc_custom_1742492130189{margin-top: 25px !important;margin-right: 25px !important;margin-bottom: 25px !important;margin-left: 25px !important;padding-top: 25px !important;padding-right: 25px !important;padding-bottom: 25px !important;padding-left: 25px !important;border-radius: 1px !important;}&#8221; el_class=&#8221;.iconmittext&#8221;]<\/p>\n<p style=\"text-align: center;\"><strong><img class=\"alignnone wp-image-2952\" role=\"img\" src=\"https:\/\/www.cocoome.com\/wp-content\/uploads\/2020\/10\/heart-icon.svg\" alt=\"Cocoome.com Jackenerweiterung\" width=\"30\" height=\"33\" title=\"Cocoome.com Jackenerweiterung\"><\/strong><\/p>\n<p style=\"text-align: center;\"><strong>Tester facilement<\/strong><br \/>\nChoisir parmi diff\u00e9rents mod\u00e8les<\/p>\n<p>[\/vc_column_text][\/vc_column][vc_column width=&#8221;1\/3&#8243;][vc_column_text css=&#8221;.vc_custom_1737103698819{margin-top: 25px !important;margin-right: 25px !important;margin-bottom: 25px !important;margin-left: 25px !important;padding-top: 25px !important;padding-right: 25px !important;padding-bottom: 25px !important;padding-left: 25px !important;border-radius: 1px !important;}&#8221; el_class=&#8221;.iconmittext&#8221;]<\/p>\n<p style=\"text-align: center;\"><strong><img class=\"alignnone wp-image-2952\" role=\"img\" src=\"https:\/\/www.cocoome.com\/wp-content\/uploads\/2020\/10\/heart-icon.svg\" alt=\"Cocoome.com Jackenerweiterung\" width=\"30\" height=\"33\" title=\"Cocoome.com Jackenerweiterung\"><\/strong><\/p>\n<p style=\"text-align: center;\"><strong>P\u00e9riode d&#8217;essai<\/strong><br \/>\n7 jours apr\u00e8s r\u00e9ception du porte-b\u00e9b\u00e9<\/p>\n<p>[\/vc_column_text][\/vc_column][vc_column width=&#8221;1\/3&#8243;][vc_column_text css=&#8221;.vc_custom_1737979849368{margin-top: 25px !important;margin-right: 25px !important;margin-bottom: 25px !important;margin-left: 25px !important;padding-top: 25px !important;padding-right: 25px !important;padding-bottom: 25px !important;padding-left: 25px !important;border-radius: 1px !important;}&#8221; el_class=&#8221;.iconmittext&#8221;]<\/p>\n<p style=\"text-align: center;\"><strong><img class=\"alignnone wp-image-2952\" role=\"img\" src=\"https:\/\/www.cocoome.com\/wp-content\/uploads\/2020\/10\/heart-icon.svg\" alt=\"Cocoome.com Jackenerweiterung\" width=\"30\" height=\"33\" title=\"Cocoome.com Jackenerweiterung\"><\/strong><\/p>\n<p style=\"text-align: center;\"><strong>Remboursement <\/strong><br \/>\nLes frais de location sont rembours\u00e9s en cas d&#8217;achat.<\/p>\n<p>[\/vc_column_text][\/vc_column][\/vc_row][vc_row][vc_column][vc_empty_space][vc_column_text css=&#8221;&#8221;]<\/p>\n<h2 style=\"text-align: center;\">VOUS N&#8217;\u00caTES PAS ENCORE S\u00dbR DE CE QUI VOUS CONVIENT ET CONVIENT \u00c0 VOTRE B\u00c9B\u00c9 ? COMMANDEZ SIMPLEMENT L&#8217;<strong>AIDE TRAG\u00c9E<\/strong> cocoo-me\u00ae <strong>DE VOTRE<\/strong> CHOIX ET TESTEZ LES 7 JOURS. <\/h2>\n<p>[\/vc_column_text][vc_column_text css=&#8221;&#8221;]<\/p>\n<p style=\"text-align: center; font-size: 16px;\">Veuillez nous indiquer la couleur de votre choix lors de votre commande et nous essaierons de vous envoyer la couleur de votre choix.<\/p>\n<p>[\/vc_column_text][vc_empty_space][\/vc_column][\/vc_row][vc_row full_width=&#8221;stretch_row_content_no_spaces&#8221; content_placement=&#8221;middle&#8221; disable_element=&#8221;yes&#8221; css=&#8221;.vc_custom_1715968867828{margin-top: 0px !important;margin-bottom: 0px !important;border-top-width: 0px !important;border-bottom-width: 0px !important;padding-top: 0px !important;padding-bottom: 0px !important;background-image: url(https:\/\/www.cocoome.com\/wp-content\/uploads\/2022\/10\/Cocoome-Hochwertige-Babytrage-Helium-wrapconversion-2.jpg?id=11623) !important;background-position: center !important;background-repeat: no-repeat !important;background-size: cover !important;}&#8221;][vc_column css=&#8221;.vc_custom_1605626856423{margin-top: 0px !important;margin-bottom: 0px !important;border-top-width: 0px !important;border-bottom-width: 0px !important;padding-top: 0px !important;padding-bottom: 0px !important;}&#8221; offset=&#8221;vc_hidden-sm vc_hidden-xs&#8221;][vc_empty_space height=&#8221;720&#8243;][\/vc_column][\/vc_row][vc_row full_width=&#8221;stretch_row_content_no_spaces&#8221; content_placement=&#8221;middle&#8221; css=&#8221;.vc_custom_1605626841700{margin-top: 0px !important;margin-bottom: 0px !important;border-top-width: 0px !important;border-bottom-width: 0px !important;padding-top: 0px !important;padding-bottom: 0px !important;background-position: center !important;background-repeat: no-repeat !important;background-size: cover !important;}&#8221;][vc_column css=&#8221;.vc_custom_1715968272585{margin-top: 0px !important;margin-bottom: 0px !important;border-top-width: 0px !important;border-bottom-width: 0px !important;padding-top: 0px !important;padding-bottom: 0px !important;}&#8221;][vc_single_image image=&#8221;35270&#8243; img_size=&#8221;full&#8221; alignment=&#8221;center&#8221; css=&#8221;.vc_custom_1737107965060{margin-top: 0px !important;margin-bottom: 0px !important;border-top-width: 0px !important;border-bottom-width: 0px !important;padding-top: 0px !important;padding-bottom: 0px !important;}&#8221;][\/vc_column][\/vc_row][vc_row full_width=&#8221;stretch_row&#8221; css=&#8221;.vc_custom_1605626832008{margin-top: 0px !important;margin-bottom: 0px !important;border-top-width: 0px !important;border-bottom-width: 0px !important;padding-top: 0px !important;background-color: #f8f8f8 !important;}&#8221;][vc_column css=&#8221;.vc_custom_1605626827873{margin-top: 0px !important;border-top-width: 0px !important;padding-top: 0px !important;}&#8221;][vc_empty_space height=&#8221;50px&#8221;][vc_column_text css=&#8221;&#8221;]<\/p>\n<h2 style=\"text-align: center;\">Si vous d\u00e9cidez d&#8217;acheter un <strong>cocoo-me\u00ae<\/strong> <strong>TRAGEHILE<\/strong>, vous recevrez un cr\u00e9dit d&#8217;imp\u00f4t pour les frais d&#8217;achat.<\/h2>\n<p>[\/vc_column_text][vc_empty_space][\/vc_column][\/vc_row][vc_row full_width=&#8221;stretch_row_content_no_spaces&#8221; content_placement=&#8221;middle&#8221; disable_element=&#8221;yes&#8221; css=&#8221;.vc_custom_1715968875503{margin-top: 0px !important;margin-bottom: 0px !important;border-top-width: 0px !important;border-bottom-width: 0px !important;padding-top: 0px !important;padding-bottom: 0px !important;background-image: url(https:\/\/www.cocoome.com\/wp-content\/uploads\/2022\/10\/cocoome-helium-elfenbein-elastische-babytrage-wrapconversion.jpg?id=12385) !important;background-position: center !important;background-repeat: no-repeat !important;background-size: cover !important;}&#8221;][vc_column css=&#8221;.vc_custom_1605626856423{margin-top: 0px !important;margin-bottom: 0px !important;border-top-width: 0px !important;border-bottom-width: 0px !important;padding-top: 0px !important;padding-bottom: 0px !important;}&#8221; offset=&#8221;vc_hidden-sm vc_hidden-xs&#8221;][vc_empty_space height=&#8221;720&#8243;][\/vc_column][\/vc_row][vc_row full_width=&#8221;stretch_row_content_no_spaces&#8221; content_placement=&#8221;middle&#8221; css=&#8221;.vc_custom_1605626841700{margin-top: 0px !important;margin-bottom: 0px !important;border-top-width: 0px !important;border-bottom-width: 0px !important;padding-top: 0px !important;padding-bottom: 0px !important;background-position: center !important;background-repeat: no-repeat !important;background-size: cover !important;}&#8221;][vc_column css=&#8221;.vc_custom_1715968884766{margin-top: 0px !important;margin-bottom: 0px !important;border-top-width: 0px !important;border-bottom-width: 0px !important;padding-top: 0px !important;padding-bottom: 0px !important;}&#8221;][vc_single_image image=&#8221;32601&#8243; img_size=&#8221;full&#8221; alignment=&#8221;center&#8221; css=&#8221;.vc_custom_1729852225938{margin-top: 0px !important;margin-bottom: 0px !important;border-top-width: 0px !important;border-bottom-width: 0px !important;padding-top: 0px !important;padding-bottom: 0px !important;}&#8221;][\/vc_column][\/vc_row][vc_row full_width=&#8221;stretch_row&#8221; css=&#8221;.vc_custom_1605626832008{margin-top: 0px !important;margin-bottom: 0px !important;border-top-width: 0px !important;border-bottom-width: 0px !important;padding-top: 0px !important;background-color: #f8f8f8 !important;}&#8221;][vc_column css=&#8221;.vc_custom_1605626827873{margin-top: 0px !important;border-top-width: 0px !important;padding-top: 0px !important;}&#8221;][vc_empty_space height=&#8221;50px&#8221;][vc_column_text]<\/p>\n<h2 style=\"text-align: center;\">TEST\u00c9 <strong>AVEC COMP\u00c9TENCE<\/strong> <\/h2>\n<p>[\/vc_column_text][vc_column_text css=&#8221;&#8221;]<\/p>\n<p style=\"text-align: center;\">Tous les porte-b\u00e9b\u00e9s cocoo-me\u00ae ont \u00e9t\u00e9 d\u00e9velopp\u00e9s et test\u00e9s en \u00e9troite collaboration avec des conseillers en portage.<\/p>\n<p>[\/vc_column_text][vc_empty_space][\/vc_column][\/vc_row][vc_row css=&#8221;.vc_custom_1603996988111{margin-top: -100px !important;}&#8221;][vc_column offset=&#8221;vc_hidden-sm vc_hidden-xs&#8221;][vc_single_image image=&#8221;3065&#8243; img_size=&#8221;full&#8221; alignment=&#8221;right&#8221; onclick=&#8221;zoom&#8221; css=&#8221;.vc_custom_1666811768117{padding-top: 15px !important;}&#8221;][\/vc_column][\/vc_row][vc_row css=&#8221;.vc_custom_1603997570510{padding-top: 35px !important;}&#8221;][vc_column offset=&#8221;vc_hidden-lg vc_hidden-md&#8221;][vc_single_image image=&#8221;3065&#8243; img_size=&#8221;full&#8221; alignment=&#8221;center&#8221; onclick=&#8221;zoom&#8221; css=&#8221;.vc_custom_1666812016388{margin-top: 40px !important;}&#8221;][\/vc_column][\/vc_row][vc_row disable_element=&#8221;yes&#8221; css=&#8221;.vc_custom_1729843595557{margin-top: 0px !important;margin-bottom: 0px !important;border-top-width: 0px !important;border-bottom-width: 0px !important;padding-top: 0px !important;padding-bottom: 0px !important;border-radius: 1px !important;}&#8221;][vc_column css=&#8221;.vc_custom_1605625657517{margin-top: 0px !important;margin-bottom: 0px !important;border-top-width: 0px !important;border-bottom-width: 0px !important;padding-top: 0px !important;padding-bottom: 0px !important;}&#8221;]<div class=\"preloader\"><div class=\"preloader-spin\"><\/div><\/div><div class=\"size-medium style1 gem-testimonials\" style=background-color:> <div id=\"post-28030\" class=\"gem-testimonial-item post-28030 thegem_testimonial type-thegem_testimonial status-publish has-post-thumbnail\"> <div class=\"gem-testimonial-wrapper quote-color-added \"> <div class=\"gem-testimonial-image\"> <img width=\"160\" height=\"160\" src=\"https:\/\/www.cocoome.com\/wp-content\/uploads\/2021\/03\/Verfasserin-Anne-Kohl-thegem-person-160.jpg\" class=\"img-responsive img-circle wp-post-image\" alt=\"Verfasserin Anne Kohl\" srcset=\"https:\/\/www.cocoome.com\/wp-content\/uploads\/2021\/03\/Verfasserin-Anne-Kohl-thegem-testimonial.jpg 2x\" sizes=\"100vw\" title=\"Cocoome.com Jackenerweiterung\"> <\/div> <div class=\"gem-testimonial-content\"> <div class=\"gem-testimonial-name\" style=\"color: #5a636a\">Anne Kohl<\/div> <div class=\"gem-testimonial-company\" >Physioth\u00e9rapeute<\/div> <div class=\"gem-testimonial-text\" > <p>L&#8217;h\u00e9lium s&#8217;adapte de mani\u00e8re super ergonomique au b\u00e9b\u00e9. En m\u00eame temps, il donne l&#8217;impression d&#8217;\u00eatre une seconde peau. Il s&#8217;attache tr\u00e8s rapidement et r\u00e9pond \u00e0 tous les besoins de l\u00e9g\u00e8ret\u00e9 dans le quotidien d&#8217;une maman.<\/p> <\/div> <\/div> <span style=\"color: #ffffff \" class=\"custom-color-blockqute-mark\">&#xe60c;<\/span> <\/div> <\/div> <div id=\"post-28037\" class=\"gem-testimonial-item post-28037 thegem_testimonial type-thegem_testimonial status-publish has-post-thumbnail\"> <div class=\"gem-testimonial-wrapper quote-color-added \"> <div class=\"gem-testimonial-image\"> <img width=\"160\" height=\"160\" src=\"https:\/\/www.cocoome.com\/wp-content\/uploads\/2022\/11\/Maria-Vikydal-Trageberaterin-thegem-person-160.jpg\" class=\"img-responsive img-circle wp-post-image\" alt=\"Maria Vikydal Trageberaterin\" srcset=\"https:\/\/www.cocoome.com\/wp-content\/uploads\/2022\/11\/Maria-Vikydal-Trageberaterin.jpg 2x\" sizes=\"100vw\" title=\"Cocoome.com Jackenerweiterung\"> <\/div> <div class=\"gem-testimonial-content\"> <div class=\"gem-testimonial-name\" style=\"color: #5a636a\">Maria Vikydal<\/div> <div class=\"gem-testimonial-company\" >Conseill\u00e8re en portage<\/div> <div class=\"gem-testimonial-text\" > <p>Gr\u00e2ce au tissu \u00e9lastique, l&#8217;Helium s&#8217;adapte parfaitement aux \u00e9paules et s&#8217;en sort tr\u00e8s bien m\u00eame avec des porteurs plus lourds. Je l&#8217;ai test\u00e9 avec ma fille (11kg, 1,5 ans) et il nous a absolument convaincus tous les deux.<\/p>\n<p>&nbsp;<\/p>\n<p><img class=\"wp-image-3171 aligncenter\" role=\"img\" src=\"https:\/\/www.cocoome.com\/wp-content\/uploads\/2020\/10\/quote-icon.svg\" alt=\"Commentaires - Meilleures extensions de veste et \u00e9charpes de portage de cocoome.com\" width=\"60\" height=\"44 padding-top:32px;\" title=\"Cocoome.com Jackenerweiterung\"><\/p> <\/div> <\/div> <span style=\"color: #ffffff \" class=\"custom-color-blockqute-mark\">&#xe60c;<\/span> <\/div> <\/div> <div id=\"post-28033\" class=\"gem-testimonial-item post-28033 thegem_testimonial type-thegem_testimonial status-publish has-post-thumbnail\"> <div class=\"gem-testimonial-wrapper quote-color-added \"> <div class=\"gem-testimonial-image\"> <img width=\"160\" height=\"160\" src=\"https:\/\/www.cocoome.com\/wp-content\/uploads\/2022\/10\/Trageberaterin-Janine-Evers-thegem-person-160.png\" class=\"img-responsive img-circle wp-post-image\" alt=\"Trageberaterin Janine Evers\" srcset=\"https:\/\/www.cocoome.com\/wp-content\/uploads\/2022\/10\/Trageberaterin-Janine-Evers-thegem-testimonial.png 2x\" sizes=\"100vw\" title=\"Cocoome.com Jackenerweiterung\"> <\/div> <div class=\"gem-testimonial-content\"> <div class=\"gem-testimonial-name\" style=\"color: #5a636a\">Janine Evers<\/div> <div class=\"gem-testimonial-company\" >Conseil en portage Suederelbe<\/div> <div class=\"gem-testimonial-text\" > <p>Je suis heureuse d&#8217;avoir d\u00e9j\u00e0 pu essayer la civi\u00e8re \u00e0 h\u00e9lium. Le nom tient ses promesses : c&#8217;est un porte-b\u00e9b\u00e9 l\u00e9ger (et facile \u00e0 mettre) tr\u00e8s agr\u00e9able. Le porte-b\u00e9b\u00e9 peut \u00eatre merveilleusement serr\u00e9 et tient ainsi &#8211; bien attach\u00e9 &#8211; longtemps sans glisser ou c\u00e9der. C&#8217;est un tr\u00e8s bon produit et je me r\u00e9jouis de pouvoir le montrer \u00e0 des parents consultants.<\/p>\n<p>&nbsp;<\/p>\n<p><img class=\"wp-image-3171 aligncenter\" role=\"img\" src=\"https:\/\/www.cocoome.com\/wp-content\/uploads\/2020\/10\/quote-icon.svg\" alt=\"Commentaires - Meilleures extensions de veste et \u00e9charpes de portage de cocoome.com\" width=\"60\" height=\"44 padding-top:32px;\" title=\"Cocoome.com Jackenerweiterung\"><\/p> <\/div> <\/div> <span style=\"color: #ffffff \" class=\"custom-color-blockqute-mark\">&#xe60c;<\/span> <\/div> <\/div> <div class=\"testimonials_svg\"><svg style=\"fill: \" width=\"100\" height=\"50\"><path d=\"M 0,-1 Q 45,5 50,50 Q 55,5 100,-1\" \/><\/svg><\/div><\/div>[\/vc_column][\/vc_row][vc_row full_width=&#8221;stretch_row_content_no_spaces&#8221; content_placement=&#8221;middle&#8221; disable_element=&#8221;yes&#8221; css=&#8221;.vc_custom_1667225390121{background-image: url(https:\/\/www.cocoome.com\/wp-content\/uploads\/2020\/10\/Tragetuecher-Babytragetuch-fuer-die-ganze-Familie2.jpg?id=3409) !important;background-position: center !important;background-repeat: no-repeat !important;background-size: cover !important;}&#8221;][vc_column][vc_empty_space height=&#8221;500&#8243;][\/vc_column][\/vc_row]<\/p>\n<\/div>","protected":false},"excerpt":{"rendered":"<h5><strong>TEST &#8211; Trouvez le porte-b\u00e9b\u00e9 parfait pour vous et votre b\u00e9b\u00e9 !  <\/strong><\/h5>\n<p style=\"font-weight: 400;\">Vous n&#8217;\u00eates pas s\u00fbr de savoir si un porte-b\u00e9b\u00e9, une \u00e9charpe de portage ou un anneau de portage est fait pour vous ? Notre porte-b\u00e9b\u00e9 d&#8217;essai vous permet de tester le mod\u00e8le de votre choix, confortablement install\u00e9 chez vous. <\/p>\n<p><a href=\"https:\/\/www.cocoome.com\/wp-content\/uploads\/2020\/10\/heart-icon.svg\"><img class=\"alignnone wp-image-2952\" role=\"img\" src=\"https:\/\/www.cocoome.com\/wp-content\/uploads\/2020\/10\/heart-icon.svg\" alt=\"\" width=\"18\" height=\"20\"><\/a> <strong>Votre choix &#8211; <\/strong>Choisissez entre diff\u00e9rents porte-b\u00e9b\u00e9s.<br \/>\n<a href=\"https:\/\/www.cocoome.com\/wp-content\/uploads\/2020\/10\/heart-icon.svg\"><img class=\"alignnone wp-image-2952\" role=\"img\" src=\"https:\/\/www.cocoome.com\/wp-content\/uploads\/2020\/10\/heart-icon.svg\" alt=\"\" width=\"18\" height=\"20\"><\/a> <strong>Essai flexible &#8211; <\/strong>essayez tranquillement pendant 7 jours &#8211; sans pression.<br \/>\n<a href=\"https:\/\/www.cocoome.com\/wp-content\/uploads\/2020\/10\/heart-icon.svg\"><img class=\"alignnone wp-image-2952\" role=\"img\" src=\"https:\/\/www.cocoome.com\/wp-content\/uploads\/2020\/10\/heart-icon.svg\" alt=\"\" width=\"18\" height=\"20\"><\/a> <strong>Des questions ? &#8211;  <\/strong>Vous avez besoin d&#8217;aide ou vous avez des questions ? Nous sommes l\u00e0 pour vous aider !<br \/>\n<a href=\"https:\/\/www.cocoome.com\/wp-content\/uploads\/2020\/10\/heart-icon.svg\"><img class=\"alignnone wp-image-2952\" role=\"img\" src=\"https:\/\/www.cocoome.com\/wp-content\/uploads\/2020\/10\/heart-icon.svg\" alt=\"\" width=\"18\" height=\"20\"><\/a> <strong>Cr\u00e9dit \u00e0 l&#8217;achat &#8211; <\/strong>Remboursement des frais de location (45\u20ac) \u00e0 l&#8217;achat d&#8217;un brancard.<br \/>\n<a href=\"https:\/\/www.cocoome.com\/wp-content\/uploads\/2020\/10\/heart-icon.svg\"><img class=\"alignnone wp-image-2952\" role=\"img\" src=\"https:\/\/www.cocoome.com\/wp-content\/uploads\/2020\/10\/heart-icon.svg\" alt=\"\" width=\"18\" height=\"20\"><\/a> <strong>Couleur pr\u00e9f\u00e9r\u00e9e ? &#8211;  <\/strong>Indiquez la couleur de votre choix lors de la commande (dans la rubrique Remarques).<\/p>\n","protected":false},"featured_media":0,"template":"","meta":[],"product_brand":[],"product_cat":[349,595],"product_tag":[352,556,557,350,351],"class_list":{"0":"post-35916","1":"product","2":"type-product","3":"status-publish","5":"product_cat-porte-bebe-fr","6":"product_cat-aide-aux-trages","7":"product_tag-aide-au-portage","8":"product_tag-enfant","9":"product_tag-halfbuckle-fr","10":"product_tag-porte-bebe-fr","11":"product_tag-wrapconversion-fr","13":"first","14":"instock","15":"taxable","16":"shipping-taxable","17":"purchasable","18":"product-type-variable"},"_links":{"self":[{"href":"https:\/\/www.cocoome.com\/fr\/wp-json\/wp\/v2\/product\/35916","targetHints":{"allow":["GET"]}}],"collection":[{"href":"https:\/\/www.cocoome.com\/fr\/wp-json\/wp\/v2\/product"}],"about":[{"href":"https:\/\/www.cocoome.com\/fr\/wp-json\/wp\/v2\/types\/product"}],"wp:attachment":[{"href":"https:\/\/www.cocoome.com\/fr\/wp-json\/wp\/v2\/media?parent=35916"}],"wp:term":[{"taxonomy":"product_brand","embeddable":true,"href":"https:\/\/www.cocoome.com\/fr\/wp-json\/wp\/v2\/product_brand?post=35916"},{"taxonomy":"product_cat","embeddable":true,"href":"https:\/\/www.cocoome.com\/fr\/wp-json\/wp\/v2\/product_cat?post=35916"},{"taxonomy":"product_tag","embeddable":true,"href":"https:\/\/www.cocoome.com\/fr\/wp-json\/wp\/v2\/product_tag?post=35916"}],"curies":[{"name":"wp","href":"https:\/\/api.w.org\/{rel}","templated":true}]}}