{"id":34710,"date":"2024-11-29T15:47:16","date_gmt":"2024-11-29T14:47:16","guid":{"rendered":"https:\/\/www.cocoome.com\/?post_type=product&#038;p=34710"},"modified":"2025-06-27T12:20:49","modified_gmt":"2025-06-27T10:20:49","slug":"anneaux-sling-taille-l-kopie","status":"publish","type":"product","link":"https:\/\/www.cocoome.com\/fr\/produkt\/anneaux-sling-taille-l-kopie\/","title":{"rendered":"Bon d&#8217;achat"},"content":{"rendered":"","protected":false},"excerpt":{"rendered":"<div class=\"\">\n<p><strong>Offrez de la joie avec un bon cocoo-me\u00ae !<\/strong><\/p>\n<p>L&#8217;id\u00e9e de cadeau id\u00e9ale pour les nouveaux parents qui accordent de l&#8217;importance \u00e0 la qualit\u00e9 et au confort. Choisissez parmi les valeurs de nos ch\u00e8ques-cadeaux et faites un plaisir tout particulier. <\/p>\n<p>Le ch\u00e8que-cadeau vous est envoy\u00e9 par e-mail. Si vous le souhaitez, vous pouvez \u00e9galement recevoir une carte de haute qualit\u00e9 par la poste &#8211; avec un espace pour un message personnel. <\/p>\n<p> <strong><a href=\"https:\/\/www.cocoome.com\/wp-content\/uploads\/2020\/10\/heart-icon.svg\"><img class=\"alignnone wp-image-2952\" role=\"img\" src=\"https:\/\/www.cocoome.com\/wp-content\/uploads\/2020\/10\/heart-icon.svg\" alt=\"\" width=\"18\" height=\"20\"><\/a> Utilisation flexible<\/strong> &#8211; pour tous les produits cocoo-me\u00ae.<br \/>\n<a href=\"https:\/\/www.cocoome.com\/wp-content\/uploads\/2020\/10\/heart-icon.svg\"><img class=\"alignnone wp-image-2952\" role=\"img\" src=\"https:\/\/www.cocoome.com\/wp-content\/uploads\/2020\/10\/heart-icon.svg\" alt=\"\" width=\"18\" height=\"20\"><\/a> <strong>Un soutien pr\u00e9cieux<\/strong> &#8211; une id\u00e9e de cadeau id\u00e9ale pour les parents et les b\u00e9b\u00e9s<br \/>\n<a href=\"https:\/\/www.cocoome.com\/wp-content\/uploads\/2020\/10\/heart-icon.svg\"><img class=\"alignnone wp-image-2952\" role=\"img\" src=\"https:\/\/www.cocoome.com\/wp-content\/uploads\/2020\/10\/heart-icon.svg\" alt=\"\" width=\"18\" height=\"20\"><\/a> <strong>Rapide et pratique<\/strong> &#8211; le bon d&#8217;achat arrive directement par e-mail<br \/>\n<a href=\"https:\/\/www.cocoome.com\/wp-content\/uploads\/2020\/10\/heart-icon.svg\"><img class=\"alignnone wp-image-2952\" role=\"img\" src=\"https:\/\/www.cocoome.com\/wp-content\/uploads\/2020\/10\/heart-icon.svg\" alt=\"\" width=\"18\" height=\"20\"><\/a> <strong>Rapide et facile<\/strong> &#8211; disponible sous forme num\u00e9rique et\/ou sous forme de carte de haute qualit\u00e9<br \/>\n<a href=\"https:\/\/www.cocoome.com\/wp-content\/uploads\/2020\/10\/heart-icon.svg\"><img class=\"alignnone wp-image-2952\" role=\"img\" src=\"https:\/\/www.cocoome.com\/wp-content\/uploads\/2020\/10\/heart-icon.svg\" alt=\"\" width=\"18\" height=\"20\"><\/a> <strong>Pour toutes les occasions<\/strong> &#8211; de la baby shower \u00e0 l&#8217;anniversaire<\/p>\n<\/div>\n","protected":false},"featured_media":34746,"template":"","meta":[],"product_brand":[],"product_cat":[263],"product_tag":[],"class_list":{"0":"post-34710","1":"product","2":"type-product","3":"status-publish","4":"has-post-thumbnail","6":"product_cat-accessoires-fr","8":"first","9":"instock","10":"taxable","11":"shipping-taxable","12":"purchasable","13":"product-type-variable"},"_links":{"self":[{"href":"https:\/\/www.cocoome.com\/fr\/wp-json\/wp\/v2\/product\/34710","targetHints":{"allow":["GET"]}}],"collection":[{"href":"https:\/\/www.cocoome.com\/fr\/wp-json\/wp\/v2\/product"}],"about":[{"href":"https:\/\/www.cocoome.com\/fr\/wp-json\/wp\/v2\/types\/product"}],"wp:featuredmedia":[{"embeddable":true,"href":"https:\/\/www.cocoome.com\/fr\/wp-json\/wp\/v2\/media\/34746"}],"wp:attachment":[{"href":"https:\/\/www.cocoome.com\/fr\/wp-json\/wp\/v2\/media?parent=34710"}],"wp:term":[{"taxonomy":"product_brand","embeddable":true,"href":"https:\/\/www.cocoome.com\/fr\/wp-json\/wp\/v2\/product_brand?post=34710"},{"taxonomy":"product_cat","embeddable":true,"href":"https:\/\/www.cocoome.com\/fr\/wp-json\/wp\/v2\/product_cat?post=34710"},{"taxonomy":"product_tag","embeddable":true,"href":"https:\/\/www.cocoome.com\/fr\/wp-json\/wp\/v2\/product_tag?post=34710"}],"curies":[{"name":"wp","href":"https:\/\/api.w.org\/{rel}","templated":true}]}}