{"id":31972,"date":"2024-05-26T14:24:22","date_gmt":"2024-05-26T12:24:22","guid":{"rendered":"https:\/\/www.cocoome.com\/produkt\/brochure-produit\/"},"modified":"2024-05-26T14:24:22","modified_gmt":"2024-05-26T12:24:22","slug":"brochure-produit","status":"publish","type":"product","link":"https:\/\/www.cocoome.com\/fr\/produkt\/brochure-produit\/","title":{"rendered":"Brochure produit"},"content":{"rendered":"<p>Dans cette brochure, les parents trouveront des informations sur le portage, notre gamme et notre marque.<br \/>\nId\u00e9al pour les professionnels, \u00e0 distribuer aux parents int\u00e9ress\u00e9s.<\/p>\n<p><strong>==&gt; 30 pi\u00e8ces maximum par commande <\/strong><\/p>\n","protected":false},"excerpt":{"rendered":"<ul>\n<li>Maximum 30 pi\u00e8ces par commande.<\/li>\n<\/ul>\n<p><em>Veuillez saisir la quantit\u00e9 requise. Nous souhaitons lutter contre le gaspillage inutile des ressources. Aidez-nous \u00e0 le faire.  <\/em><\/p>\n<p><em>Merci beaucoup.<\/em><\/p>\n","protected":false},"featured_media":30161,"template":"","meta":[],"product_brand":[],"product_cat":[547],"product_tag":[],"class_list":{"0":"post-31972","1":"product","2":"type-product","3":"status-publish","4":"has-post-thumbnail","6":"product_cat-materiel-publicitaire","8":"first","9":"instock","10":"taxable","11":"shipping-taxable","12":"purchasable","13":"product-type-simple"},"_links":{"self":[{"href":"https:\/\/www.cocoome.com\/fr\/wp-json\/wp\/v2\/product\/31972","targetHints":{"allow":["GET"]}}],"collection":[{"href":"https:\/\/www.cocoome.com\/fr\/wp-json\/wp\/v2\/product"}],"about":[{"href":"https:\/\/www.cocoome.com\/fr\/wp-json\/wp\/v2\/types\/product"}],"wp:featuredmedia":[{"embeddable":true,"href":"https:\/\/www.cocoome.com\/fr\/wp-json\/wp\/v2\/media\/30161"}],"wp:attachment":[{"href":"https:\/\/www.cocoome.com\/fr\/wp-json\/wp\/v2\/media?parent=31972"}],"wp:term":[{"taxonomy":"product_brand","embeddable":true,"href":"https:\/\/www.cocoome.com\/fr\/wp-json\/wp\/v2\/product_brand?post=31972"},{"taxonomy":"product_cat","embeddable":true,"href":"https:\/\/www.cocoome.com\/fr\/wp-json\/wp\/v2\/product_cat?post=31972"},{"taxonomy":"product_tag","embeddable":true,"href":"https:\/\/www.cocoome.com\/fr\/wp-json\/wp\/v2\/product_tag?post=31972"}],"curies":[{"name":"wp","href":"https:\/\/api.w.org\/{rel}","templated":true}]}}