{"id":27408,"date":"2021-01-21T11:18:05","date_gmt":"2021-01-21T10:18:05","guid":{"rendered":"https:\/\/www.cocoome.com\/produkt\/linge-de-bebe-en-mousseline-5-en-1\/"},"modified":"2024-11-06T21:53:23","modified_gmt":"2024-11-06T20:53:23","slug":"linge-de-bebe-en-mousseline-5-en-1","status":"publish","type":"product","link":"https:\/\/www.cocoome.com\/fr\/produkt\/linge-de-bebe-en-mousseline-5-en-1\/","title":{"rendered":"Linge de b\u00e9b\u00e9 en mousseline 5 en 1"},"content":{"rendered":"<div class=\"wpb-content-wrapper\"><p>[vc_row full_width=&#8221;stretch_row_content&#8221;][vc_column width=&#8221;1\/3&#8243;][vc_column_text css=&#8221;.vc_custom_1603996008878{margin-top: 25px !important;margin-right: 25px !important;margin-bottom: 25px !important;margin-left: 25px !important;padding-top: 25px !important;padding-right: 25px !important;padding-bottom: 25px !important;padding-left: 25px !important;border-radius: 1px !important;}&#8221; el_class=&#8221;iconmittext&#8221;]<\/p>\n<p style=\"text-align: center;\"><strong><img class=\"alignnone wp-image-2952\" role=\"img\" src=\"https:\/\/www.cocoome.com\/wp-content\/uploads\/2020\/10\/heart-icon.svg\" alt=\"Cocoome.com Jackenerweiterung\" width=\"30\" height=\"33\" title=\"Cocoome.com Jackenerweiterung\"><\/strong><\/p>\n<p style=\"text-align: center;\"><strong>Haute qualit\u00e9<\/strong><br \/>\nExcellents mat\u00e9riaux<\/p>\n<p>[\/vc_column_text][\/vc_column][vc_column width=&#8221;1\/3&#8243;][vc_column_text css=&#8221;.vc_custom_1603994752929{margin-top: 25px !important;margin-right: 25px !important;margin-bottom: 25px !important;margin-left: 25px !important;padding-top: 25px !important;padding-right: 25px !important;padding-bottom: 25px !important;padding-left: 25px !important;border-radius: 1px !important;}&#8221; el_class=&#8221;iconmittext&#8221;]<\/p>\n<p style=\"text-align: center;\"><strong><img class=\"alignnone wp-image-2952\" role=\"img\" src=\"https:\/\/www.cocoome.com\/wp-content\/uploads\/2020\/10\/heart-icon.svg\" alt=\"Cocoome.com Jackenerweiterung\" width=\"30\" height=\"33\" title=\"Cocoome.com Jackenerweiterung\"><\/strong><\/p>\n<p style=\"text-align: center;\"><strong>Doux pour la peau<\/strong><br \/>\npour votre b\u00e9b\u00e9<\/p>\n<p>[\/vc_column_text][\/vc_column][vc_column width=&#8221;1\/3&#8243;][vc_column_text css=&#8221;.vc_custom_1603994758314{margin-top: 25px !important;margin-right: 25px !important;margin-bottom: 25px !important;margin-left: 25px !important;padding-top: 25px !important;padding-right: 25px !important;padding-bottom: 25px !important;padding-left: 25px !important;border-radius: 1px !important;}&#8221; el_class=&#8221;iconmittext&#8221;]<\/p>\n<p style=\"text-align: center;\"><strong><img class=\"alignnone wp-image-2952\" role=\"img\" src=\"https:\/\/www.cocoome.com\/wp-content\/uploads\/2020\/10\/heart-icon.svg\" alt=\"Cocoome.com Jackenerweiterung\" width=\"30\" height=\"33\" title=\"Cocoome.com Jackenerweiterung\"><\/strong><\/p>\n<p style=\"text-align: center;\"><strong>\u00c9cologique<\/strong><br \/>\nFabriqu\u00e9 en Europe<\/p>\n<p>[\/vc_column_text][\/vc_column][\/vc_row][vc_row full_width=&#8221;stretch_row_content_no_spaces&#8221; content_placement=&#8221;top&#8221; css=&#8221;.vc_custom_1605793750188{margin-top: 0px !important;margin-bottom: 0px !important;border-top-width: 0px !important;border-bottom-width: 0px !important;background-image: url(https:\/\/www.cocoome.com\/wp-content\/uploads\/2020\/10\/Produktuebersicht-Tragetuch-.jpg?id=2712) !important;background-position: center !important;background-repeat: no-repeat !important;background-size: cover !important;}&#8221; el_class=&#8221;hintergrundbild&#8221;][vc_column offset=&#8221;vc_hidden-sm vc_hidden-xs&#8221;][vc_empty_space height=&#8221;698px&#8221;][\/vc_column][\/vc_row][vc_row full_width=&#8221;stretch_row_content_no_spaces&#8221; content_placement=&#8221;top&#8221; css=&#8221;.vc_custom_1605613807977{margin-top: 0px !important;margin-bottom: 0px !important;border-top-width: 0px !important;border-bottom-width: 0px !important;background-position: center !important;background-repeat: no-repeat !important;background-size: cover !important;}&#8221;][vc_column offset=&#8221;vc_hidden-lg vc_hidden-md&#8221;][vc_single_image image=&#8221;2712&#8243; img_size=&#8221;full&#8221; css=&#8221;.vc_custom_1605613859220{margin-top: 0px !important;margin-bottom: 0px !important;border-top-width: 0px !important;border-bottom-width: 0px !important;padding-top: 0px !important;padding-bottom: 0px !important;}&#8221;][\/vc_column][\/vc_row][vc_row][vc_column][vc_column_text]<\/p>\n<h2>Emmailloter avec la mousseline pour b\u00e9b\u00e9 de cocoo-me\u00ae.<\/h2>\n<p>L&#8217;emmaillotage aide le b\u00e9b\u00e9 \u00e0 mieux s&#8217;autor\u00e9guler. En principe, les mains des b\u00e9b\u00e9s devraient toujours \u00eatre crach\u00e9es devant le corps dans l&#8217;\u00e9charpe de pu\u00e9riculture. Les petits doivent toujours \u00eatre emball\u00e9s avec un peu de traction mais jamais trop fort. Les pieds doivent toujours \u00eatre libres pour p\u00e9daler.<\/p>\n<h2>L&#8217;\u00e9charpe en mousseline &#8211; meilleure que les couches de gaze traditionnelles<\/h2>\n<p>Comme la mousseline cocoo.me est plus \u00e9paisse que les couches de gaze traditionnelles, elle est plus absorbante et vraiment tr\u00e8s douce au toucher ! Avec une taille de 80&#215;80 cm, elle est vraiment \u00e9norme et peut \u00eatre utilis\u00e9e de multiples fa\u00e7ons ! Que ce soit comme crachoir, pour emmailloter ton b\u00e9b\u00e9, comme \u00e9charpe pour maman, comme doudou ou couverture pour b\u00e9b\u00e9 \u2764 Les superbes couleurs sont \u00e9clatantes et ne se d\u00e9lavent pas &#8211; avec la serviette en mousseline cocoo.me, tu obtiens une qualit\u00e9 TOP et un produit dont tu profiteras longtemps. \ud83e\udd17[\/vc_column_text][\/vc_column][\/vc_row]<\/p>\n<\/div>","protected":false},"excerpt":{"rendered":"<p><strong>LE LINGE DE B\u00c9B\u00c9 5 EN 1 MUSSELIN<\/strong><\/p>\n<p><span style=\"font-weight: 400;\">La serviette pour b\u00e9b\u00e9 cocoome en mousseline de coton 100% bio (certifi\u00e9e GOTS) est plus \u00e9paisse que les serviettes molletonn\u00e9es traditionnelles gr\u00e2ce \u00e0 ses 2 couches et est particuli\u00e8rement douce.<\/span><\/p>\n<p><span style=\"font-weight: 400;\">Il est id\u00e9al pour la peau sensible de b\u00e9b\u00e9, respire et prot\u00e8ge \u00e9galement ton b\u00e9b\u00e9 du soleil.<\/span><\/p>\n<p><strong>Utilisable de mani\u00e8re polyvalente comme : <\/strong><span style=\"font-weight: 400;\">Drap \u00e0 crachats, <\/span><span style=\"font-weight: 400;\">tissu d&#8217;allaitement, <\/span><span style=\"font-weight: 400;\">doudou pour b\u00e9b\u00e9, <\/span><span style=\"font-weight: 400;\">Drap pour b\u00e9b\u00e9, <\/span><span style=\"font-weight: 400;\">Couverture pour b\u00e9b\u00e9<\/span><\/p>\n<p>&nbsp;<\/p>\n<p><a href=\"https:\/\/www.cocoome.com\/wp-content\/uploads\/2020\/10\/heart-icon.svg\"><img class=\"alignnone wp-image-2952\" role=\"img\" src=\"https:\/\/www.cocoome.com\/wp-content\/uploads\/2020\/10\/heart-icon.svg\" alt=\"\" width=\"18\" height=\"20\"><\/a> <strong>Extra \u00e9pais<\/strong><br \/>\n<a href=\"https:\/\/www.cocoome.com\/wp-content\/uploads\/2020\/10\/heart-icon.svg\"><img class=\"alignnone wp-image-2952\" role=\"img\" src=\"https:\/\/www.cocoome.com\/wp-content\/uploads\/2020\/10\/heart-icon.svg\" alt=\"\" width=\"18\" height=\"20\"><\/a> <strong>Doux et moelleux<\/strong><br \/>\n<a href=\"https:\/\/www.cocoome.com\/wp-content\/uploads\/2020\/10\/heart-icon.svg\"><img class=\"alignnone wp-image-2952\" role=\"img\" src=\"https:\/\/www.cocoome.com\/wp-content\/uploads\/2020\/10\/heart-icon.svg\" alt=\"\" width=\"18\" height=\"20\"><\/a> <strong>Particuli\u00e8rement absorbant<\/strong><br \/>\n<a href=\"https:\/\/www.cocoome.com\/wp-content\/uploads\/2020\/10\/heart-icon.svg\"><img class=\"alignnone wp-image-2952\" role=\"img\" src=\"https:\/\/www.cocoome.com\/wp-content\/uploads\/2020\/10\/heart-icon.svg\" alt=\"\" width=\"18\" height=\"20\"><\/a> <strong>Respirant<\/strong><br \/>\n<a href=\"https:\/\/www.cocoome.com\/wp-content\/uploads\/2020\/10\/heart-icon.svg\"><img class=\"alignnone wp-image-2952\" role=\"img\" src=\"https:\/\/www.cocoome.com\/wp-content\/uploads\/2020\/10\/heart-icon.svg\" alt=\"\" width=\"18\" height=\"20\"><\/a> <strong>Qualit\u00e9 premium<\/strong><\/p>\n","protected":false},"featured_media":26141,"template":"","meta":[],"product_brand":[],"product_cat":[263],"product_tag":[383,281,381,382,380,379,280],"class_list":{"0":"post-27408","1":"product","2":"type-product","3":"status-publish","4":"has-post-thumbnail","6":"product_cat-accessoires-fr","7":"product_tag-couverture-de-bebe","8":"product_tag-couvre-chef","9":"product_tag-doudou","10":"product_tag-drap-a-langer","11":"product_tag-drap-dallaitement","12":"product_tag-linge-de-crachat","13":"product_tag-protection-de-la-tete","15":"first","16":"outofstock","17":"sale","18":"taxable","19":"shipping-taxable","20":"purchasable","21":"product-type-variable","22":"has-default-attributes"},"_links":{"self":[{"href":"https:\/\/www.cocoome.com\/fr\/wp-json\/wp\/v2\/product\/27408","targetHints":{"allow":["GET"]}}],"collection":[{"href":"https:\/\/www.cocoome.com\/fr\/wp-json\/wp\/v2\/product"}],"about":[{"href":"https:\/\/www.cocoome.com\/fr\/wp-json\/wp\/v2\/types\/product"}],"wp:featuredmedia":[{"embeddable":true,"href":"https:\/\/www.cocoome.com\/fr\/wp-json\/wp\/v2\/media\/26141"}],"wp:attachment":[{"href":"https:\/\/www.cocoome.com\/fr\/wp-json\/wp\/v2\/media?parent=27408"}],"wp:term":[{"taxonomy":"product_brand","embeddable":true,"href":"https:\/\/www.cocoome.com\/fr\/wp-json\/wp\/v2\/product_brand?post=27408"},{"taxonomy":"product_cat","embeddable":true,"href":"https:\/\/www.cocoome.com\/fr\/wp-json\/wp\/v2\/product_cat?post=27408"},{"taxonomy":"product_tag","embeddable":true,"href":"https:\/\/www.cocoome.com\/fr\/wp-json\/wp\/v2\/product_tag?post=27408"}],"curies":[{"name":"wp","href":"https:\/\/api.w.org\/{rel}","templated":true}]}}