{"id":27350,"date":"2021-06-18T09:53:53","date_gmt":"2021-06-18T07:53:53","guid":{"rendered":"https:\/\/www.cocoome.com\/produkt\/cocoo-me-sling-preemie\/"},"modified":"2026-03-12T09:14:30","modified_gmt":"2026-03-12T08:14:30","slug":"cocoo-me-sling-preemie","status":"publish","type":"product","link":"https:\/\/www.cocoome.com\/fr\/produkt\/cocoo-me-sling-preemie\/","title":{"rendered":"cocoo-me\u00ae \u00e9charpe de portage Preemie"},"content":{"rendered":"<div class=\"wpb-content-wrapper\"><p>[vc_row full_width=&#8221;stretch_row&#8221; css=&#8221;.vc_custom_1605626832008{margin-top: 0px !important;margin-bottom: 0px !important;border-top-width: 0px !important;border-bottom-width: 0px !important;padding-top: 0px !important;background-color: #f8f8f8 !important;}&#8221;][vc_column css=&#8221;.vc_custom_1605626827873{margin-top: 0px !important;border-top-width: 0px !important;padding-top: 0px !important;}&#8221;][vc_empty_space][vc_row_inner][vc_column_inner width=&#8221;1\/3&#8243;][vc_column_text css=&#8221;.vc_custom_1624016469754{margin-top: 25px !important;margin-right: 25px !important;margin-bottom: 25px !important;margin-left: 25px !important;padding-top: 25px !important;padding-bottom: 25px !important;}&#8221; el_class=&#8221;iconmittext&#8221;]<\/p>\n<p style=\"text-align: center;\"><strong><img class=\"alignnone wp-image-2952\" role=\"img\" src=\"https:\/\/www.cocoome.com\/wp-content\/uploads\/2020\/10\/heart-icon.svg\" alt=\"Cocoome.com Jackenerweiterung\" width=\"30\" height=\"33\" title=\"Cocoome.com Jackenerweiterung\"><\/strong><\/p>\n<p style=\"text-align: center;\">Coton biologique de <strong>haute qualit\u00e9<\/strong><br \/>\n(GOTS)<\/p>\n<p>[\/vc_column_text][\/vc_column_inner][vc_column_inner width=&#8221;1\/3&#8243;][vc_column_text css=&#8221;.vc_custom_1624016475201{margin-top: 25px !important;margin-right: 25px !important;margin-bottom: 25px !important;margin-left: 25px !important;padding-top: 25px !important;padding-right: 25px !important;padding-bottom: 25px !important;padding-left: 25px !important;}&#8221; el_class=&#8221;iconmittext&#8221;]<\/p>\n<p style=\"text-align: center;\"><strong><img class=\"alignnone wp-image-2952\" role=\"img\" src=\"https:\/\/www.cocoome.com\/wp-content\/uploads\/2020\/10\/heart-icon.svg\" alt=\"Cocoome.com Jackenerweiterung\" width=\"30\" height=\"33\" title=\"Cocoome.com Jackenerweiterung\"><\/strong><\/p>\n<p style=\"text-align: center;\"><strong>Facile \u00e0<\/strong> relier\n<\/p>\n<p>[\/vc_column_text][\/vc_column_inner][vc_column_inner width=&#8221;1\/3&#8243;][vc_column_text css=&#8221;.vc_custom_1624016481833{margin-top: 25px !important;margin-right: 25px !important;margin-bottom: 25px !important;margin-left: 25px !important;padding-top: 25px !important;padding-bottom: 25px !important;}&#8221; el_class=&#8221;iconmittext&#8221;]<\/p>\n<p style=\"text-align: center;\"><strong><img class=\"alignnone wp-image-2952\" role=\"img\" src=\"https:\/\/www.cocoome.com\/wp-content\/uploads\/2020\/10\/heart-icon.svg\" alt=\"Cocoome.com Jackenerweiterung\" width=\"30\" height=\"33\" title=\"Cocoome.com Jackenerweiterung\"><\/strong><\/p>\n<p style=\"text-align: center;\">\n<strong>sans danger<\/strong> pour la peau de b\u00e9b\u00e9<\/p>\n<p>[\/vc_column_text][\/vc_column_inner][\/vc_row_inner][vc_empty_space][vc_column_text]<\/p>\n<h2 style=\"text-align: center; text-transform: none;\">TEST\u00c9 <strong>AVEC COMP\u00c9TENCE<\/strong> <\/h2>\n<p>[\/vc_column_text][vc_column_text]<\/p>\n<p style=\"text-align: center; font-size: 16px;\">L&#8217;\u00e9charpe cocoo-me\u00ae a \u00e9t\u00e9 d\u00e9velopp\u00e9e et test\u00e9e en \u00e9troite collaboration avec des consultants en portage. Les experts, les sages-femmes et les \u00e9coles de portage recommandent l&#8217;\u00e9charpe de portage cocoo-me\u00ae,<br \/>\nL&#8217;\u00e9charpe de portage \u00e9lastique.   <\/p>\n<p>[\/vc_column_text][vc_empty_space][\/vc_column][\/vc_row][vc_row css=&#8221;.vc_custom_1603996988111{margin-top: -100px !important;}&#8221;][vc_column offset=&#8221;vc_hidden-sm vc_hidden-xs&#8221;][vc_single_image image=&#8221;3065&#8243; img_size=&#8221;full&#8221; alignment=&#8221;right&#8221; onclick=&#8221;zoom&#8221; css=&#8221;.vc_custom_1603997316936{margin-top: -15px !important;}&#8221;][\/vc_column][\/vc_row][vc_row css=&#8221;.vc_custom_1603997570510{padding-top: 35px !important;}&#8221;][vc_column offset=&#8221;vc_hidden-lg vc_hidden-md&#8221;][vc_single_image image=&#8221;3065&#8243; img_size=&#8221;full&#8221; alignment=&#8221;center&#8221; onclick=&#8221;zoom&#8221;][\/vc_column][\/vc_row][vc_row][vc_column][vc_column_text]<\/p>\n<h2 style=\"text-align: center;\">PRODUITS DE <strong>MANI\u00c8RE DURABLE ET<\/strong> \u00c9QUITABLE<\/h2>\n<p>[\/vc_column_text][vc_column_text]<\/p>\n<p style=\"text-align: center; font-size: 16px;\">Les harnais cocoo-me\u00ae sont &#8220;Made in Europe&#8221;. Nous confions r\u00e9guli\u00e8rement la fabrication de nos produits \u00e0 des institutions sociales. Nous aidons ainsi les femmes \u00e0 se r\u00e9ins\u00e9rer dans la vie professionnelle.    <\/p>\n<p>[\/vc_column_text][vc_empty_space][\/vc_column][\/vc_row][vc_row][vc_column][vc_column_text]<\/p>\n<h2><strong>Comment portez-vous les nouveau-n\u00e9s ou les pr\u00e9matur\u00e9s en \u00e9charpe ?<\/strong><\/h2>\n<p>Porter un b\u00e9b\u00e9 pr\u00e9matur\u00e9 peut avoir un effet positif sur son d\u00e9veloppement \u00e0 bien des \u00e9gards. \u2764\ufe0f Nous savons que les pr\u00e9matur\u00e9s qui b\u00e9n\u00e9ficient d&#8217;un contact physique important pr\u00e9sentent de meilleurs signes vitaux et ont moins d&#8217;interruptions respiratoires. Un portage correct favorise \u00e9galement une maturation optimale des hanches. Il convient toutefois de noter que tous les types de portage ne conviennent pas aux pr\u00e9matur\u00e9s. Le portage permet \u00e9galement d&#8217;\u00e9viter l&#8217;aplatissement de l&#8217;arri\u00e8re de la t\u00eate, car le fait de rester trop longtemps en couveuse peut favoriser cet aplatissement et entra\u00eener de graves l\u00e9sions. Si vous offrez \u00e0 votre b\u00e9b\u00e9 beaucoup de contact avec la peau, beaucoup de portage et de c\u00e2lins, vous avez la possibilit\u00e9 de lui donner un meilleur d\u00e9part dans la vie. \u2764\ufe0f       <\/p>\n<p>Certains h\u00f4pitaux disposent d\u00e9j\u00e0 d&#8217;un personnel sp\u00e9cialis\u00e9 dans le portage des b\u00e9b\u00e9s pr\u00e9matur\u00e9s. Si ce n&#8217;est pas le cas, certains consultants en portage ont \u00e9galement suivi une formation sp\u00e9ciale sur ce sujet.[\/vc_column_text][vc_column_text]<\/p>\n<h2><strong>Les avantages de porter des enfants pr\u00e9matur\u00e9s<\/strong><\/h2>\n<p><span style=\"font-weight: 400;\">Les b\u00e9b\u00e9s pr\u00e9matur\u00e9s port\u00e9s ont moins d&#8217;interruptions respiratoires et le contact avec la peau a un effet stabilisateur sur le b\u00e9b\u00e9.<\/span><\/p>\n<p><span style=\"font-weight: 400;\">&#8211; Votre b\u00e9b\u00e9 se souvient de la sensation qu&#8217;il conna\u00eet dans le ventre de sa m\u00e8re lorsqu&#8217;il est port\u00e9.  <\/span><br \/>\n<span style=\"font-weight: 400;\">&#8211; L&#8217;attachement peut \u00eatre compens\u00e9, les parents gagnent en confiance dans leur relation avec le b\u00e9b\u00e9.<\/span><br \/>\n<span style=\"font-weight: 400;\">&#8211; Les b\u00e9b\u00e9s pr\u00e9matur\u00e9s port\u00e9s se nourrissent mieux et sont beaucoup plus calmes.<\/span><span style=\"font-weight: 400;\"><br \/>\n<\/span><span style=\"font-weight: 400;\">&#8211; La relation parent-enfant est renforc\u00e9e<\/span><\/p>\n<h2><strong>Douceur et s\u00e9curit\u00e9 &#8211; c&#8217;est \u00e7a le portage !<\/strong><\/h2>\n<p>Vous pouvez continuer \u00e0 donner \u00e0 votre nouveau-n\u00e9 la chaleur, la proximit\u00e9 et les limites qu&#8217;il conna\u00eet d\u00e9j\u00e0 dans le ventre de sa m\u00e8re. Cela permet \u00e0 de nombreux b\u00e9b\u00e9s de mieux s&#8217;adapter et d&#8217;assimiler les nouvelles impressions et la naissance. Au d\u00e9but surtout, les b\u00e9b\u00e9s sont souvent tr\u00e8s agit\u00e9s, pleurent beaucoup et sont difficiles \u00e0 calmer. Le portage peut aider \u00e0 donner \u00e0 l&#8217;enfant la proximit\u00e9 n\u00e9cessaire.     <\/p>\n<h3><strong>M\u00e9thode de fixation pour les b\u00e9b\u00e9s pr\u00e9matur\u00e9s<\/strong><\/h3>\n<p><span style=\"font-weight: 400;\">La m\u00e9thode de ligature que nous recommandons pour les pr\u00e9matur\u00e9s permet d&#8217;\u00e9viter que les jambes ne soient trop \u00e9cart\u00e9es. Cette vid\u00e9o a \u00e9t\u00e9 r\u00e9alis\u00e9e en \u00e9troite collaboration avec Julia L\u00fcbke (   <\/span><a href=\"http:\/\/www.klammer-aeffchen.de\" target=\"_blank\" rel=\"noopener\"><span style=\"font-weight: 400;\">www.klammer-aeffchen.de<\/span><\/a><span style=\"font-weight: 400;\">). Si vous avez besoin d&#8217;aide, contactez un conseiller en portage ayant re\u00e7u une formation adapt\u00e9e aux b\u00e9b\u00e9s pr\u00e9matur\u00e9s !<\/span>[\/vc_column_text]<div class=\"gem-youtube gem-wrapbox gem-wrapbox-style-no-style rounded-corners gem-wrapbox-position-below\" style=\"width: 100%;\"><div class=\"gem-wrapbox-inner gem-ratio-style\" style=\"padding-top: 56.25%\"> <div class=\"brlbs-cmpnt-container brlbs-cmpnt-content-blocker brlbs-cmpnt-with-individual-styles\" data-borlabs-cookie-content-blocker-id=\"default\" data-borlabs-cookie-content=\"PGlmcmFtZSBjbGFzcz0iZ2VtLXdyYXBib3gtZWxlbWVudCBpbWctcmVzcG9uc2l2ZSIgd2lkdGg9IjEwMCUiIGhlaWdodD0iMzAwIiBhbGxvd2Z1bGxzY3JlZW49ImFsbG93ZnVsbHNjcmVlbiIgZnJhbWVib3JkZXI9IjAiIHNjcm9sbGluZz0ibm8iIG1hcmdpbmhlaWdodD0iMCIgbWFyZ2lud2lkdGg9IjAiIHNyYz0iLy93d3cueW91dHViZS5jb20vZW1iZWQvRkhJMFpjTy1LTUE\/cmVsPTAmYW1wO3dtb2RlPW9wYXF1ZSI+PC9pZnJhbWU+\"><div class=\"brlbs-cmpnt-cb-preset-a\"> <p class=\"brlbs-cmpnt-cb-description\">Vous \u00eates actuellement en train de consulter le contenu d'un espace r\u00e9serv\u00e9 de <strong>Par d\u00e9faut<\/strong>. Pour acc\u00e9der au contenu r\u00e9el, cliquez sur le bouton ci-dessous. Veuillez noter que ce faisant, des donn\u00e9es seront partag\u00e9es avec des providers tiers.<\/p> <div class=\"brlbs-cmpnt-cb-buttons\"> <a class=\"brlbs-cmpnt-cb-btn\" href=\"#\" data-borlabs-cookie-unblock role=\"button\">D\u00e9bloquer le contenu<\/a> <a class=\"brlbs-cmpnt-cb-btn\" href=\"#\" data-borlabs-cookie-accept-service role=\"button\" style=\"display: none\">Accepter le service requis et d\u00e9bloquer les contenus<\/a> <\/div> <a class=\"brlbs-cmpnt-cb-provider-toggle\" href=\"#\" data-borlabs-cookie-show-provider-information role=\"button\">Plus d'informations<\/a> <\/div><\/div><\/div><\/div>[vc_row_inner][vc_column_inner][vc_empty_space height=&#8221;50px&#8221;]<div class=\"preloader\"><div class=\"preloader-spin\"><\/div><\/div><div class=\"size-medium style1 gem-testimonials\" style=background-color:> <div id=\"post-28019\" class=\"gem-testimonial-item post-28019 thegem_testimonial type-thegem_testimonial status-publish has-post-thumbnail\"> <div class=\"gem-testimonial-wrapper quote-color-added \"> <div class=\"gem-testimonial-image\"> <img width=\"160\" height=\"160\" src=\"https:\/\/www.cocoome.com\/wp-content\/uploads\/2021\/06\/REVIEW_JuliaPoetsch_853x1024-thegem-person-160.jpg\" class=\"img-responsive img-circle wp-post-image\" alt=\"Review Fr\u00fchchen Tragetuch\" srcset=\"https:\/\/www.cocoome.com\/wp-content\/uploads\/2021\/06\/REVIEW_JuliaPoetsch_853x1024-thegem-testimonial.jpg 2x\" sizes=\"100vw\" title=\"Cocoome.com Jackenerweiterung\"> <\/div> <div class=\"gem-testimonial-content\"> <div class=\"gem-testimonial-name\" style=\"color: #5a636a\">Julia P\u00f6tsch<\/div> <div class=\"gem-testimonial-company\" >Fondatrice cocoome<\/div> <div class=\"gem-testimonial-text\" > <p>\u00c9tant moi-m\u00eame une maman de pr\u00e9matur\u00e9, il me tient particuli\u00e8rement \u00e0 c\u0153ur d&#8217;aider les parents de pr\u00e9matur\u00e9s. Les magnifiques moments de portage pendant cette p\u00e9riode difficile font oublier pour un instant tout ce qui se passe autour.<\/p>\n<p><strong>Mon conseil : se blottir peau contre peau dans l&#8217;\u00e9charpe de portage &#8211; c&#8217;est indescriptible !<\/strong><\/p>\n<p>&nbsp;<\/p>\n<p><img class=\"wp-image-3171 aligncenter\" role=\"img\" src=\"https:\/\/www.cocoome.com\/wp-content\/uploads\/2020\/10\/quote-icon.svg\" alt=\"Commentaires - Meilleures extensions de veste et \u00e9charpes de portage de cocoome.com\" width=\"60\" height=\"44 padding-top:32px;\" title=\"Cocoome.com Jackenerweiterung\"><\/p> <\/div> <\/div> <span style=\"color: #ffffff \" class=\"custom-color-blockqute-mark\">&#xe60c;<\/span> <\/div> <\/div> <div class=\"testimonials_svg\"><svg style=\"fill: \" width=\"100\" height=\"50\"><path d=\"M 0,-1 Q 45,5 50,50 Q 55,5 100,-1\" \/><\/svg><\/div><\/div>[vc_empty_space height=&#8221;50px&#8221;][\/vc_column_inner][\/vc_row_inner][vc_row_inner][vc_column_inner][vc_column_text]<\/p>\n<h2><strong>Les porte-b\u00e9b\u00e9s offrent de nombreux avantages &#8211; l&#8217;un d&#8217;entre eux est sans aucun doute celui-ci !<\/strong><\/h2>\n<p>De nombreux parents aiment utiliser le porte-b\u00e9b\u00e9 comme aide au sommeil &#8211; il offre s\u00e9curit\u00e9 et chaleur douillette. \u2764 Votre b\u00e9b\u00e9 entend les battements de votre c\u0153ur et se sent en totale s\u00e9curit\u00e9. Les meilleures conditions pour que votre b\u00e9b\u00e9 s&#8217;endorme ! Et ne vous inqui\u00e9tez pas &#8211; vous ne g\u00e2terez pas votre b\u00e9b\u00e9 avec cela et il dormira toujours dans son berceau \u00e0 un moment ou \u00e0 un autre.[\/vc_column_text][\/vc_column_inner][\/vc_row_inner][\/vc_column][\/vc_row]<\/p>\n<\/div>","protected":false},"excerpt":{"rendered":"<p><strong>L&#8217;\u00e9charpe de portage pour les b\u00e9b\u00e9s pr\u00e9matur\u00e9s !<\/strong><\/p>\n<p><span style=\"font-weight: 400;\">L&#8217;\u00e9charpe \u00e9lastique de cocoo-me\u00ae est id\u00e9ale pour votre b\u00e9b\u00e9 pr\u00e9matur\u00e9. C&#8217;est pourquoi nous avons d\u00e9velopp\u00e9 l&#8217;\u00e9charpe de portage cocoo-me\u00ae Preemie sp\u00e9cialement pour les b\u00e9b\u00e9s pr\u00e9matur\u00e9s. L&#8217;\u00e9charpe est tr\u00e8s douce et \u00e9pouse parfaitement votre corps et celui de votre b\u00e9b\u00e9. Le coton biologique de haute qualit\u00e9 est certifi\u00e9 GOTS et donc absolument sans danger pour la peau d\u00e9licate de votre b\u00e9b\u00e9 pr\u00e9matur\u00e9.     <\/span><\/p>\n<p><a href=\"https:\/\/www.cocoome.com\/wp-content\/uploads\/2020\/10\/heart-icon.svg\"><img class=\"alignnone wp-image-2952\" role=\"img\" src=\"https:\/\/www.cocoome.com\/wp-content\/uploads\/2020\/10\/heart-icon.svg\" alt=\"\" width=\"18\" height=\"20\"><\/a> <b>Facile \u00e0 utiliser<\/b><span style=\"font-weight: 400;\"> &#8211; Facile \u00e0 attacher, m\u00e9thode d&#8217;attache sp\u00e9cialement recommand\u00e9e pour les b\u00e9b\u00e9s pr\u00e9matur\u00e9s<\/span><\/p>\n<p><a href=\"https:\/\/www.cocoome.com\/wp-content\/uploads\/2020\/10\/heart-icon.svg\"><img class=\"alignnone wp-image-2952\" role=\"img\" src=\"https:\/\/www.cocoome.com\/wp-content\/uploads\/2020\/10\/heart-icon.svg\" alt=\"\" width=\"18\" height=\"20\"><\/a> <b>Coupe optimale<\/b><span style=\"font-weight: 400;\"> &#8211; Comme une seconde peau<\/span><span style=\"font-weight: 400;\"><br \/>\n<\/span><\/p>\n<p><a href=\"https:\/\/www.cocoome.com\/wp-content\/uploads\/2020\/10\/heart-icon.svg\"><img class=\"alignnone wp-image-2952\" role=\"img\" src=\"https:\/\/www.cocoome.com\/wp-content\/uploads\/2020\/10\/heart-icon.svg\" alt=\"\" width=\"18\" height=\"20\"><\/a> <b>Excellentes mati\u00e8res<\/b><span style=\"font-weight: 400;\"> &#8211; Coton biologique (kbA), certifi\u00e9 GOTS<\/span><\/p>\n<p><a href=\"https:\/\/www.cocoome.com\/wp-content\/uploads\/2020\/10\/heart-icon.svg\"><img class=\"alignnone wp-image-2952\" role=\"img\" src=\"https:\/\/www.cocoome.com\/wp-content\/uploads\/2020\/10\/heart-icon.svg\" alt=\"\" width=\"18\" height=\"20\"><\/a> <b>Haute qualit\u00e9<\/b><span style=\"font-weight: 400;\"> &#8211; fabriqu\u00e9 \u00e0 la main en Europe<\/span><\/p>\n<p><a href=\"https:\/\/www.cocoome.com\/wp-content\/uploads\/2020\/10\/heart-icon.svg\"><img class=\"alignnone wp-image-2952\" role=\"img\" src=\"https:\/\/www.cocoome.com\/wp-content\/uploads\/2020\/10\/heart-icon.svg\" alt=\"\" width=\"18\" height=\"20\"><\/a> <b>Test\u00e9 avec comp\u00e9tence<\/b><span style=\"font-weight: 400;\"> &#8211; Recommand\u00e9 par les \u00e9coles de portage et les sages-femmes<\/span><\/p>\n","protected":false},"featured_media":29398,"template":"","meta":[],"product_brand":[],"product_cat":[590,304],"product_tag":[317,356],"class_list":{"0":"post-27350","1":"product","2":"type-product","3":"status-publish","4":"has-post-thumbnail","6":"product_cat-fourrisseaux-de-transport","7":"product_cat-porte-bebe","8":"product_tag-echarpe-de-portage","9":"product_tag-prematures","11":"first","12":"instock","13":"taxable","14":"shipping-taxable","15":"purchasable","16":"product-type-variable"},"_links":{"self":[{"href":"https:\/\/www.cocoome.com\/fr\/wp-json\/wp\/v2\/product\/27350","targetHints":{"allow":["GET"]}}],"collection":[{"href":"https:\/\/www.cocoome.com\/fr\/wp-json\/wp\/v2\/product"}],"about":[{"href":"https:\/\/www.cocoome.com\/fr\/wp-json\/wp\/v2\/types\/product"}],"wp:featuredmedia":[{"embeddable":true,"href":"https:\/\/www.cocoome.com\/fr\/wp-json\/wp\/v2\/media\/29398"}],"wp:attachment":[{"href":"https:\/\/www.cocoome.com\/fr\/wp-json\/wp\/v2\/media?parent=27350"}],"wp:term":[{"taxonomy":"product_brand","embeddable":true,"href":"https:\/\/www.cocoome.com\/fr\/wp-json\/wp\/v2\/product_brand?post=27350"},{"taxonomy":"product_cat","embeddable":true,"href":"https:\/\/www.cocoome.com\/fr\/wp-json\/wp\/v2\/product_cat?post=27350"},{"taxonomy":"product_tag","embeddable":true,"href":"https:\/\/www.cocoome.com\/fr\/wp-json\/wp\/v2\/product_tag?post=27350"}],"curies":[{"name":"wp","href":"https:\/\/api.w.org\/{rel}","templated":true}]}}