{"id":27309,"date":"2021-10-16T12:31:16","date_gmt":"2021-10-16T10:31:16","guid":{"rendered":"https:\/\/www.cocoome.com\/produkt\/cocoo-me-baby-cocoon-sac-a-dos-sac-a-barboteuse-et-sac-de-couchage-tout-en-un\/"},"modified":"2025-06-27T10:11:36","modified_gmt":"2025-06-27T08:11:36","slug":"cocoo-me-baby-cocoon-sac-a-dos-sac-a-barboteuse-et-sac-de-couchage-tout-en-un","status":"publish","type":"product","link":"https:\/\/www.cocoome.com\/fr\/produkt\/cocoo-me-baby-cocoon-sac-a-dos-sac-a-barboteuse-et-sac-de-couchage-tout-en-un\/","title":{"rendered":"cocoo-me\u00ae Baby-Cocoon &#8211; Sac \u00e0 dos, sac \u00e0 barboteuse et sac de couchage tout en un"},"content":{"rendered":"<div class=\"wpb-content-wrapper\"><p>[vc_row css=&#8221;.vc_custom_1605613439550{margin-top: 0px !important;margin-bottom: 0px !important;border-top-width: 0px !important;border-bottom-width: 0px !important;padding-top: 0px !important;padding-bottom: 0px !important;}&#8221;][vc_column offset=&#8221;vc_hidden-lg vc_hidden-md&#8221; css=&#8221;.vc_custom_1605613448653{margin-top: 0px !important;margin-bottom: 0px !important;border-top-width: 0px !important;border-bottom-width: 0px !important;}&#8221;][vc_single_image image=&#8221;1116&#8243; img_size=&#8221;full&#8221; alignment=&#8221;center&#8221;][vc_empty_space][\/vc_column][\/vc_row][vc_row][vc_column offset=&#8221;vc_hidden-sm vc_hidden-xs&#8221;][vc_single_image image=&#8221;1118&#8243; img_size=&#8221;full&#8221;][vc_empty_space][\/vc_column][\/vc_row][vc_row full_width=&#8221;stretch_row_content_no_spaces&#8221; content_placement=&#8221;top&#8221; css=&#8221;.vc_custom_1732678975026{background-image: url(https:\/\/www.cocoome.com\/wp-content\/uploads\/2021\/10\/cocoome-pucksack-schlafsack.webp?id=34590) !important;background-position: center !important;background-repeat: no-repeat !important;background-size: cover !important;}&#8221;][vc_column offset=&#8221;vc_hidden-sm vc_hidden-xs&#8221;][vc_empty_space height=&#8221;950px&#8221;][\/vc_column][\/vc_row][vc_row full_width=&#8221;stretch_row_content_no_spaces&#8221; content_placement=&#8221;top&#8221; css=&#8221;.vc_custom_1605793852412{background-position: center !important;background-repeat: no-repeat !important;background-size: cover !important;}&#8221;][vc_column offset=&#8221;vc_hidden-lg vc_hidden-md&#8221;][vc_single_image image=&#8221;34594&#8243; img_size=&#8221;full&#8221; alignment=&#8221;center&#8221; css=&#8221;&#8221;][\/vc_column][\/vc_row][vc_row full_width=&#8221;stretch_row_content&#8221;][vc_column width=&#8221;1\/3&#8243;][vc_column_text css=&#8221;.vc_custom_1634544723545{margin-top: 25px !important;margin-right: 25px !important;margin-bottom: 25px !important;margin-left: 25px !important;padding-top: 25px !important;padding-right: 25px !important;padding-bottom: 25px !important;padding-left: 25px !important;border-radius: 1px !important;}&#8221; el_class=&#8221;iconmittext&#8221;]<\/p>\n<p style=\"text-align: center;\"><strong><img class=\"alignnone wp-image-2952\" role=\"img\" src=\"https:\/\/www.cocoome.com\/wp-content\/uploads\/2020\/10\/heart-icon.svg\" alt=\"Cocoome.com Jackenerweiterung\" width=\"30\" height=\"33\" title=\"Cocoome.com Jackenerweiterung\"><\/strong><\/p>\n<p style=\"text-align: center;\"><strong>Doux pour la peau<\/strong><br \/>\npour votre b\u00e9b\u00e9<\/p>\n<p>[\/vc_column_text][\/vc_column][vc_column width=&#8221;1\/3&#8243;][vc_column_text css=&#8221;.vc_custom_1634544738371{margin-top: 25px !important;margin-right: 25px !important;margin-bottom: 25px !important;margin-left: 25px !important;padding-top: 25px !important;padding-right: 25px !important;padding-bottom: 25px !important;padding-left: 25px !important;border-radius: 1px !important;}&#8221; el_class=&#8221;iconmittext&#8221;]<\/p>\n<p style=\"text-align: center;\"><strong><img class=\"alignnone wp-image-2952\" role=\"img\" src=\"https:\/\/www.cocoome.com\/wp-content\/uploads\/2020\/10\/heart-icon.svg\" alt=\"Cocoome.com Jackenerweiterung\" width=\"30\" height=\"33\" title=\"Cocoome.com Jackenerweiterung\"><\/strong><\/p>\n<p style=\"text-align: center;\"><strong>Durable<\/strong><br \/>\n&amp; multifonctionnel<\/p>\n<p>[\/vc_column_text][\/vc_column][vc_column width=&#8221;1\/3&#8243;][vc_column_text css=&#8221;.vc_custom_1634544760826{margin-top: 25px !important;margin-right: 25px !important;margin-bottom: 25px !important;margin-left: 25px !important;padding-top: 25px !important;padding-right: 25px !important;padding-bottom: 25px !important;padding-left: 25px !important;border-radius: 1px !important;}&#8221; el_class=&#8221;iconmittext&#8221;]<\/p>\n<p style=\"text-align: center;\"><strong><img class=\"alignnone wp-image-2952\" role=\"img\" src=\"https:\/\/www.cocoome.com\/wp-content\/uploads\/2020\/10\/heart-icon.svg\" alt=\"Cocoome.com Jackenerweiterung\" width=\"30\" height=\"33\" title=\"Cocoome.com Jackenerweiterung\"><\/strong><\/p>\n<p style=\"text-align: center;\">Coton biologique certifi\u00e9 de <strong>haute qualit\u00e9<\/strong>\n<\/p>\n<p>[\/vc_column_text][\/vc_column][\/vc_row][vc_row][vc_column][vc_empty_space][vc_column_text]<\/p>\n<p style=\"text-align: center;\"><strong>L&#8217;emmaillotage et <\/strong>les couches lavables<\/p>\n<p>[\/vc_column_text][vc_column_text]<\/p>\n<p style=\"text-align: center; font-size: 16px;\">Si tu veux changer ton b\u00e9b\u00e9 ou si tu pratiques la m\u00e9thode sans couches, tu peux rapidement d\u00e9faire le n\u0153ud. Le mat\u00e9riau agr\u00e9able en coton bio certifi\u00e9 (kbA) est absolument sans danger pour la peau de b\u00e9b\u00e9.<\/p>\n<p>[\/vc_column_text][vc_empty_space][\/vc_column][\/vc_row][vc_row full_width=&#8221;stretch_row_content_no_spaces&#8221; content_placement=&#8221;top&#8221; css=&#8221;.vc_custom_1634545078497{margin-top: 0px !important;margin-bottom: 0px !important;border-top-width: 0px !important;border-bottom-width: 0px !important;background-image: url(https:\/\/www.cocoome.com\/wp-content\/uploads\/2021\/10\/Bild-WICKELN-cocoome-Pucksack.jpg?id=5208) !important;background-position: center !important;background-repeat: no-repeat !important;background-size: cover !important;}&#8221; el_class=&#8221;hintergrundbild&#8221;][vc_column offset=&#8221;vc_hidden-sm vc_hidden-xs&#8221;][vc_empty_space height=&#8221;950px&#8221;][\/vc_column][\/vc_row][vc_row full_width=&#8221;stretch_row_content_no_spaces&#8221; content_placement=&#8221;top&#8221; css=&#8221;.vc_custom_1605613807977{margin-top: 0px !important;margin-bottom: 0px !important;border-top-width: 0px !important;border-bottom-width: 0px !important;background-position: center !important;background-repeat: no-repeat !important;background-size: cover !important;}&#8221;][vc_column offset=&#8221;vc_hidden-lg vc_hidden-md&#8221;][vc_single_image image=&#8221;5208&#8243; img_size=&#8221;full&#8221; css=&#8221;.vc_custom_1634545090736{margin-top: 0px !important;margin-bottom: 0px !important;border-top-width: 0px !important;border-bottom-width: 0px !important;padding-top: 0px !important;padding-bottom: 0px !important;}&#8221;][\/vc_column][\/vc_row][vc_row full_width=&#8221;stretch_row&#8221; css=&#8221;.vc_custom_1634561066420{margin-bottom: 0px !important;padding-bottom: 0px !important;background-color: #f8f8f8 !important;}&#8221;][vc_column][vc_column_text css=&#8221;.vc_custom_1634547735464{padding-top: 32px !important;}&#8221;]<\/p>\n<h2 style=\"text-align: center; text-transform: none;\"><strong>Le cocoo-me\u00ae Baby-Cocoon &#8211; un must have<\/strong><\/h2>\n<p>[\/vc_column_text][vc_separator css=&#8221;.vc_custom_1605621462183{padding-top: 15px !important;padding-bottom: 15px !important;}&#8221;][vc_column_text]<a href=\"https:\/\/www.cocoome.com\/wp-content\/uploads\/2020\/10\/tipp-font.svg\"><img class=\"wp-image-2995 alignleft\" role=\"img\" src=\"https:\/\/www.cocoome.com\/wp-content\/uploads\/2020\/10\/tipp-font.svg\" alt=\"Meilleurs conseils d&#039;extension de veste\" width=\"104\" height=\"58\" title=\"Cocoome.com Jackenerweiterung\"><\/a><\/p>\n<p style=\"font-size: 16px; text-align: left;\">N&#8217;allaite ton b\u00e9b\u00e9 que jusqu&#8217;\u00e0 ce qu&#8217;il puisse se tourner tout seul. Si tu utilises le cocoo-me\u00ae Baby-Cocoon comme grenouill\u00e8re ou sac de couchage, tu dois laisser les bras de ton b\u00e9b\u00e9 \u00e0 l&#8217;ext\u00e9rieur.<\/p>\n<p>[\/vc_column_text][vc_empty_space][\/vc_column][\/vc_row][vc_row full_width=&#8221;stretch_row_content_no_spaces&#8221; css=&#8221;.vc_custom_1634561043198{margin-top: 0px !important;padding-top: 0px !important;}&#8221;][vc_column width=&#8221;1\/2&#8243;][vc_single_image image=&#8221;34581&#8243; img_size=&#8221;full&#8221; css=&#8221;.vc_custom_1732678339717{margin-top: 0px !important;margin-bottom: 0px !important;border-top-width: 0px !important;border-bottom-width: 0px !important;padding-top: 0px !important;padding-bottom: 0px !important;}&#8221;][\/vc_column][vc_column width=&#8221;1\/2&#8243;][vc_single_image image=&#8221;34585&#8243; img_size=&#8221;full&#8221; css=&#8221;.vc_custom_1732678391157{margin-top: 0px !important;margin-bottom: 0px !important;border-top-width: 0px !important;border-bottom-width: 0px !important;padding-top: 0px !important;padding-bottom: 0px !important;}&#8221;][\/vc_column][\/vc_row][vc_row gap=&#8221;20&#8243; content_placement=&#8221;middle&#8221; css=&#8221;.vc_custom_1605610463476{margin-bottom: 0px !important;border-bottom-width: 0px !important;padding-bottom: 0px !important;}&#8221;][vc_column css=&#8221;.vc_custom_1605610439683{margin-top: 0px !important;margin-bottom: 0px !important;border-top-width: 0px !important;border-bottom-width: 0px !important;padding-top: 0px !important;padding-bottom: 0px !important;border-radius: 1px !important;}&#8221; offset=&#8221;vc_hidden-sm vc_hidden-xs&#8221;][vc_empty_space]<div class=\"preloader\"><div class=\"preloader-spin\"><\/div><\/div><div class=\"size-medium style1 gem-testimonials fullwidth-block\" style=background-color:> <div id=\"post-28041\" class=\"gem-testimonial-item post-28041 thegem_testimonial type-thegem_testimonial status-publish has-post-thumbnail\"> <div class=\"gem-testimonial-wrapper quote-color-added \"> <div class=\"gem-testimonial-image\"> <img width=\"160\" height=\"160\" src=\"https:\/\/www.cocoome.com\/wp-content\/uploads\/2020\/11\/Julia-Poetsch-thegem-person-160.png\" class=\"img-responsive img-circle wp-post-image\" alt=\"Julia Poetsch\" srcset=\"https:\/\/www.cocoome.com\/wp-content\/uploads\/2020\/11\/Julia-Poetsch.png 2x\" sizes=\"100vw\" title=\"Cocoome.com Jackenerweiterung\"> <\/div> <div class=\"gem-testimonial-content\"> <div class=\"gem-testimonial-name\" style=\"color: #5a636a\">Julia P\u00f6tsch<\/div> <div class=\"gem-testimonial-company\" >Fondatrice de cocoo-me\u00ae<\/div> <div class=\"gem-testimonial-text\" > <p>&#8220;Comme je sais par exp\u00e9rience combien d&#8217;espace et d&#8217;argent sont n\u00e9cessaires pour le premier \u00e9quipement de b\u00e9b\u00e9, nous d\u00e9veloppons des produits que les parents peuvent utiliser dans diff\u00e9rentes fonctions sur une longue p\u00e9riode&#8221;.<\/p>\n<p>&nbsp;<\/p>\n<p>&nbsp;<\/p>\n<p><img class=\"wp-image-3171 aligncenter\" role=\"img\" src=\"https:\/\/www.cocoome.com\/wp-content\/uploads\/2020\/10\/quote-icon.svg\" alt=\"Commentaires - Meilleures extensions de veste et \u00e9charpes de portage de cocoome.com\" width=\"60\" height=\"44 margin-top:32px;\" title=\"Cocoome.com Jackenerweiterung\"><\/p> <\/div> <\/div> <span style=\"color: #ffffff \" class=\"custom-color-blockqute-mark\">&#xe60c;<\/span> <\/div> <\/div> <div class=\"testimonials_svg\"><svg style=\"fill: \" width=\"100\" height=\"50\"><path d=\"M 0,-1 Q 45,5 50,50 Q 55,5 100,-1\" \/><\/svg><\/div><\/div>[\/vc_column][\/vc_row][vc_row gap=&#8221;20&#8243; content_placement=&#8221;middle&#8221; css=&#8221;.vc_custom_1605610360494{margin-top: 0px !important;margin-bottom: 0px !important;border-top-width: 0px !important;border-bottom-width: 0px !important;padding-top: 0px !important;padding-bottom: 0px !important;}&#8221;][vc_column css=&#8221;.vc_custom_1605610554270{margin-top: 0px !important;margin-bottom: 0px !important;border-top-width: 0px !important;border-bottom-width: 0px !important;padding-top: 0px !important;padding-bottom: 0px !important;border-radius: 1px !important;}&#8221; offset=&#8221;vc_hidden-lg vc_hidden-md&#8221;][vc_empty_space]<div class=\"preloader\"><div class=\"preloader-spin\"><\/div><\/div><div class=\"size-medium style1 gem-testimonials fullwidth-block\" style=background-color:> <div id=\"post-28041\" class=\"gem-testimonial-item post-28041 thegem_testimonial type-thegem_testimonial status-publish has-post-thumbnail\"> <div class=\"gem-testimonial-wrapper quote-color-added \"> <div class=\"gem-testimonial-image\"> <img width=\"160\" height=\"160\" src=\"https:\/\/www.cocoome.com\/wp-content\/uploads\/2020\/11\/Julia-Poetsch-thegem-person-160.png\" class=\"img-responsive img-circle wp-post-image\" alt=\"Julia Poetsch\" srcset=\"https:\/\/www.cocoome.com\/wp-content\/uploads\/2020\/11\/Julia-Poetsch.png 2x\" sizes=\"100vw\" title=\"Cocoome.com Jackenerweiterung\"> <\/div> <div class=\"gem-testimonial-content\"> <div class=\"gem-testimonial-name\" style=\"color: #5a636a\">Julia P\u00f6tsch<\/div> <div class=\"gem-testimonial-company\" >Fondatrice de cocoo-me\u00ae<\/div> <div class=\"gem-testimonial-text\" > <p>&#8220;Comme je sais par exp\u00e9rience combien d&#8217;espace et d&#8217;argent sont n\u00e9cessaires pour le premier \u00e9quipement de b\u00e9b\u00e9, nous d\u00e9veloppons des produits que les parents peuvent utiliser dans diff\u00e9rentes fonctions sur une longue p\u00e9riode&#8221;.<\/p>\n<p>&nbsp;<\/p>\n<p>&nbsp;<\/p>\n<p><img class=\"wp-image-3171 aligncenter\" role=\"img\" src=\"https:\/\/www.cocoome.com\/wp-content\/uploads\/2020\/10\/quote-icon.svg\" alt=\"Commentaires - Meilleures extensions de veste et \u00e9charpes de portage de cocoome.com\" width=\"60\" height=\"44 margin-top:32px;\" title=\"Cocoome.com Jackenerweiterung\"><\/p> <\/div> <\/div> <span style=\"color: #ffffff \" class=\"custom-color-blockqute-mark\">&#xe60c;<\/span> <\/div> <\/div> <div class=\"testimonials_svg\"><svg style=\"fill: \" width=\"100\" height=\"50\"><path d=\"M 0,-1 Q 45,5 50,50 Q 55,5 100,-1\" \/><\/svg><\/div><\/div>[\/vc_column][\/vc_row][vc_row][vc_column][vc_column_text]<\/p>\n<h2 style=\"text-align: center;\"><strong>Simple. Flexible.<\/strong> <strong>Multifonctionnel.<\/strong><\/h2>\n<p>[\/vc_column_text][vc_column_text]<\/p>\n<p style=\"text-align: center;\">Pour une p\u00e9riode de rencontre insouciante et heureuse.<\/p>\n<p>[\/vc_column_text][vc_empty_space][vc_masonry_media_grid element_width=&#8221;6&#8243; gap=&#8221;35&#8243; item=&#8221;6941&#8243; grid_id=&#8221;vc_gid:1732678624522-bc570f3c-2a40-2&#8243; include=&#8221;5210,5211&#8243;][vc_empty_space height=&#8221;60px&#8221;][vc_single_image image=&#8221;3002&#8243; img_size=&#8221;full&#8221; alignment=&#8221;center&#8221;][vc_empty_space][vc_column_text]<\/p>\n<p style=\"text-align: center;\">&#8211; de l&#8217;inconnu &#8211;<\/p>\n<p style=\"text-align: center;\"><img class=\"alignnone wp-image-2952\" role=\"img\" src=\"https:\/\/www.cocoome.com\/wp-content\/uploads\/2020\/10\/heart-icon.svg\" alt=\"Cocoome.com Jackenerweiterung\" width=\"16\" height=\"17\" title=\"Cocoome.com Jackenerweiterung\"><\/p>\n<p>[\/vc_column_text][vc_empty_space][vc_column_text]<\/p>\n<h2>Connais-tu d\u00e9j\u00e0 les magnifiques grenouill\u00e8res et sacs \u00e0 dos de cocoo-me ?<\/h2>\n<p>Tu peux l&#8217;utiliser pour ton nouveau-n\u00e9 afin de lui offrir le confort dont il a besoin pendant son sommeil. Le sac \u00e0 dos rappelle \u00e0 ton b\u00e9b\u00e9 le ventre de sa m\u00e8re &#8211; ce qui lui permet de se d\u00e9tendre plus facilement et de mieux dormir. Le bas du sac \u00e0 dos peut \u00eatre ouvert &#8211; par exemple pour faciliter le change. Pour les tout petits, les pieds peuvent \u00eatre mis en position accroupie si tu fais un n\u0153ud avec les extr\u00e9mit\u00e9s.<\/p>\n<p>Si vous \u00eates \u00e9galement int\u00e9ress\u00e9 par le portage de votre b\u00e9b\u00e9, vous trouverez chez nous les \u00e9charpes de portage adapt\u00e9es aux <a href=\"https:\/\/www.cocoome.com\/it\/produkt\/cocoo-me-sling-preemie\/\">nouveau-n\u00e9s<\/a> et <a href=\"https:\/\/www.cocoome.com\/it\/produkt\/imbragatura-cocoo-me\/\">aux b\u00e9b\u00e9s d\u00e9j\u00e0 plus grands (\u00e9charpe de portage Sling)<\/a>.[\/vc_column_text][\/vc_column][\/vc_row]<\/p>\n<\/div>","protected":false},"excerpt":{"rendered":"<h2><strong>Sac \u00e0 dos, sac \u00e0 barboteuse et sac de couchage en un :<\/strong><\/h2>\n<p>C&#8217;est le cocon pour b\u00e9b\u00e9 de cocoo-me\u00ae. Un must have absolu pour les nouveau-n\u00e9s !<\/p>\n<p>Avec garantie d&#8217;endormissement.<\/p>\n<p>Le cocoo-me\u00ae Baby-Cocoon s&#8217;adapte parfaitement au corps de ton b\u00e9b\u00e9 gr\u00e2ce \u00e0 la ceinture. Selon que tu l&#8217;utilises comme sac \u00e0 dos, gigoteuse ou sac de couchage : m\u00eame en longueur, le cocon de b\u00e9b\u00e9 est toujours flexible et grandit avec le b\u00e9b\u00e9. Il suffit de faire un n\u0153ud et le tour est jou\u00e9 !<\/p>\n<p>&nbsp;<\/p>\n<p><a href=\"https:\/\/www.cocoome.com\/wp-content\/uploads\/2020\/10\/heart-icon.svg\"><img class=\"alignnone wp-image-2952\" role=\"img\" src=\"https:\/\/www.cocoome.com\/wp-content\/uploads\/2020\/10\/heart-icon.svg\" alt=\"\" width=\"18\" height=\"20\"><\/a> <strong>Multifonctionnel <\/strong>&#8211; comme sac \u00e0 dos, sac \u00e0 barboteuse ou sac de couchage<br \/>\n<a href=\"https:\/\/www.cocoome.com\/wp-content\/uploads\/2020\/10\/heart-icon.svg\"><img class=\"alignnone wp-image-2952\" role=\"img\" src=\"https:\/\/www.cocoome.com\/wp-content\/uploads\/2020\/10\/heart-icon.svg\" alt=\"\" width=\"18\" height=\"20\"><\/a> <strong>Taille variable<\/strong> &#8211; grandit avec toi, s&#8217;adapte parfaitement<br \/>\n<a href=\"https:\/\/www.cocoome.com\/wp-content\/uploads\/2020\/10\/heart-icon.svg\"><img class=\"alignnone wp-image-2952\" role=\"img\" src=\"https:\/\/www.cocoome.com\/wp-content\/uploads\/2020\/10\/heart-icon.svg\" alt=\"\" width=\"18\" height=\"20\"><\/a> <strong>Facile \u00e0 utiliser<\/strong> &#8211; pas de technique de palet ou d&#8217;enroulement n\u00e9cessaire<br \/>\n<a href=\"https:\/\/www.cocoome.com\/wp-content\/uploads\/2020\/10\/heart-icon.svg\"><img class=\"alignnone wp-image-2952\" role=\"img\" src=\"https:\/\/www.cocoome.com\/wp-content\/uploads\/2020\/10\/heart-icon.svg\" alt=\"\" width=\"18\" height=\"20\"><\/a> <strong>Inoffensif &amp; confortable<\/strong> &#8211; coton bio certifi\u00e9 doux et moelleux<br \/>\n<a href=\"https:\/\/www.cocoome.com\/wp-content\/uploads\/2020\/10\/heart-icon.svg\"><img class=\"alignnone wp-image-2952\" role=\"img\" src=\"https:\/\/www.cocoome.com\/wp-content\/uploads\/2020\/10\/heart-icon.svg\" alt=\"\" width=\"18\" height=\"20\"><\/a> <strong>Qualit\u00e9 sup\u00e9rieure<\/strong> &#8211; fabriqu\u00e9 \u00e0 la main en Autriche<\/p>\n","protected":false},"featured_media":26336,"template":"","meta":[],"product_brand":[],"product_cat":[347],"product_tag":[348],"class_list":{"0":"post-27309","1":"product","2":"type-product","3":"status-publish","4":"has-post-thumbnail","6":"product_cat-sac-a-dos","7":"product_tag-sac-a-dos","9":"first","10":"instock","11":"taxable","12":"shipping-taxable","13":"purchasable","14":"product-type-variable"},"_links":{"self":[{"href":"https:\/\/www.cocoome.com\/fr\/wp-json\/wp\/v2\/product\/27309","targetHints":{"allow":["GET"]}}],"collection":[{"href":"https:\/\/www.cocoome.com\/fr\/wp-json\/wp\/v2\/product"}],"about":[{"href":"https:\/\/www.cocoome.com\/fr\/wp-json\/wp\/v2\/types\/product"}],"wp:featuredmedia":[{"embeddable":true,"href":"https:\/\/www.cocoome.com\/fr\/wp-json\/wp\/v2\/media\/26336"}],"wp:attachment":[{"href":"https:\/\/www.cocoome.com\/fr\/wp-json\/wp\/v2\/media?parent=27309"}],"wp:term":[{"taxonomy":"product_brand","embeddable":true,"href":"https:\/\/www.cocoome.com\/fr\/wp-json\/wp\/v2\/product_brand?post=27309"},{"taxonomy":"product_cat","embeddable":true,"href":"https:\/\/www.cocoome.com\/fr\/wp-json\/wp\/v2\/product_cat?post=27309"},{"taxonomy":"product_tag","embeddable":true,"href":"https:\/\/www.cocoome.com\/fr\/wp-json\/wp\/v2\/product_tag?post=27309"}],"curies":[{"name":"wp","href":"https:\/\/api.w.org\/{rel}","templated":true}]}}