{"id":27255,"date":"2022-07-14T20:10:11","date_gmt":"2022-07-14T18:10:11","guid":{"rendered":"https:\/\/www.cocoome.com\/produkt\/cocoo-me-ringsling\/"},"modified":"2025-07-15T16:35:15","modified_gmt":"2025-07-15T14:35:15","slug":"cocoo-me-ringsling","status":"publish","type":"product","link":"https:\/\/www.cocoome.com\/fr\/produkt\/cocoo-me-ringsling\/","title":{"rendered":"cocoo-me\u00ae RingSling"},"content":{"rendered":"<div class=\"wpb-content-wrapper\"><p>[vc_row css=&#8221;.vc_custom_1605624837647{margin-top: 0px !important;margin-bottom: 0px !important;border-top-width: 0px !important;border-bottom-width: 0px !important;padding-top: 0px !important;padding-bottom: 0px !important;}&#8221;][vc_column offset=&#8221;vc_hidden-lg vc_hidden-md&#8221; css=&#8221;.vc_custom_1605624846093{margin-top: 0px !important;margin-bottom: 0px !important;border-top-width: 0px !important;border-bottom-width: 0px !important;padding-top: 0px !important;padding-bottom: 0px !important;}&#8221;][vc_single_image image=&#8221;32332&#8243; img_size=&#8221;full&#8221; alignment=&#8221;center&#8221; css=&#8221;.vc_custom_1729850987734{margin-top: 0px !important;margin-bottom: 0px !important;border-top-width: 0px !important;border-bottom-width: 0px !important;padding-top: 0px !important;padding-bottom: 0px !important;}&#8221;][vc_empty_space][\/vc_column][\/vc_row][vc_row css=&#8221;.vc_custom_1605623924093{margin-top: 0px !important;margin-bottom: 0px !important;border-top-width: 0px !important;border-bottom-width: 0px !important;padding-top: 0px !important;padding-bottom: 0px !important;}&#8221;][vc_column offset=&#8221;vc_hidden-sm vc_hidden-xs&#8221;][vc_single_image image=&#8221;1118&#8243; img_size=&#8221;full&#8221;][vc_empty_space][vc_column_text css=&#8221;.vc_custom_1605624186602{padding-bottom: 15px !important;}&#8221;]<img class=\"alignnone wp-image-2952 aligncenter\" role=\"img\" src=\"https:\/\/www.cocoome.com\/wp-content\/uploads\/2020\/10\/heart-icon.svg\" alt=\"Cocoome.com Jackenerweiterung\" width=\"29\" height=\"32\" title=\"Cocoome.com Jackenerweiterung\">[\/vc_column_text][\/vc_column][\/vc_row][vc_row full_width=&#8221;stretch_row_content_no_spaces&#8221; content_placement=&#8221;middle&#8221; css=&#8221;.vc_custom_1657825605510{background-image: url(https:\/\/www.cocoome.com\/wp-content\/uploads\/2022\/07\/Der-RingSling-von-Cocoome.jpg?id=7128) !important;background-position: center !important;background-repeat: no-repeat !important;background-size: cover !important;}&#8221;][vc_column offset=&#8221;vc_hidden-sm vc_hidden-xs&#8221; css=&#8221;.vc_custom_1605624129454{margin-top: 0px !important;margin-bottom: 0px !important;border-top-width: 0px !important;border-bottom-width: 0px !important;padding-top: 0px !important;padding-bottom: 0px !important;}&#8221;][vc_empty_space height=&#8221;513&#8243;][\/vc_column][\/vc_row][vc_row full_width=&#8221;stretch_row_content_no_spaces&#8221; content_placement=&#8221;middle&#8221; css=&#8221;.vc_custom_1605793691252{background-position: center !important;background-repeat: no-repeat !important;background-size: cover !important;}&#8221; el_class=&#8221;hintergrundbild&#8221;][vc_column offset=&#8221;vc_hidden-lg vc_hidden-md&#8221; css=&#8221;.vc_custom_1605626711148{margin-top: 0px !important;margin-bottom: 0px !important;border-top-width: 0px !important;border-bottom-width: 0px !important;padding-top: 0px !important;padding-bottom: 0px !important;}&#8221;][vc_single_image image=&#8221;7128&#8243; img_size=&#8221;full&#8221; alignment=&#8221;center&#8221;][\/vc_column][\/vc_row][vc_row full_width=&#8221;stretch_row_content&#8221; equal_height=&#8221;yes&#8221;][vc_column width=&#8221;1\/3&#8243; css=&#8221;.vc_custom_1603994507071{border-radius: 1px !important;}&#8221;][vc_column_text css=&#8221;.vc_custom_1603994715591{margin-top: 25px !important;margin-right: 25px !important;margin-bottom: 25px !important;margin-left: 25px !important;padding-top: 25px !important;padding-right: 25px !important;padding-bottom: 25px !important;padding-left: 25px !important;border-radius: 1px !important;}&#8221; el_class=&#8221;.iconmittext&#8221;]<\/p>\n<p style=\"text-align: center;\"><strong><img class=\"alignnone wp-image-2952\" role=\"img\" src=\"https:\/\/www.cocoome.com\/wp-content\/uploads\/2020\/10\/heart-icon.svg\" alt=\"Cocoome.com Jackenerweiterung\" width=\"30\" height=\"33\" title=\"Cocoome.com Jackenerweiterung\"><\/strong><\/p>\n<p style=\"text-align: center;\">Coton biologique <strong>de haute qualit\u00e9<\/strong><br \/>\n(GOTS)<\/p>\n<p>[\/vc_column_text][\/vc_column][vc_column width=&#8221;1\/3&#8243;][vc_column_text css=&#8221;.vc_custom_1657825804501{margin-top: 25px !important;margin-right: 25px !important;margin-bottom: 25px !important;margin-left: 25px !important;padding-top: 25px !important;padding-right: 25px !important;padding-bottom: 25px !important;padding-left: 25px !important;border-radius: 1px !important;}&#8221; el_class=&#8221;.iconmittext&#8221;]<\/p>\n<p style=\"text-align: center;\"><strong><img class=\"alignnone wp-image-2952\" role=\"img\" src=\"https:\/\/www.cocoome.com\/wp-content\/uploads\/2020\/10\/heart-icon.svg\" alt=\"Cocoome.com Jackenerweiterung\" width=\"30\" height=\"33\" title=\"Cocoome.com Jackenerweiterung\"><\/strong><\/p>\n<p style=\"text-align: center;\"><strong>Il suffit de<\/strong> pr\u00e9parer<br \/>\n&#8211; de le mettre en place<\/p>\n<p>[\/vc_column_text][\/vc_column][vc_column width=&#8221;1\/3&#8243;][vc_column_text css=&#8221;.vc_custom_1657825822700{margin-top: 25px !important;margin-right: 25px !important;margin-bottom: 25px !important;margin-left: 25px !important;padding-top: 25px !important;padding-right: 25px !important;padding-bottom: 25px !important;padding-left: 25px !important;border-radius: 1px !important;}&#8221; el_class=&#8221;.iconmittext&#8221;]<\/p>\n<p style=\"text-align: center;\"><strong><img class=\"alignnone wp-image-2952\" role=\"img\" src=\"https:\/\/www.cocoome.com\/wp-content\/uploads\/2020\/10\/heart-icon.svg\" alt=\"Cocoome.com Jackenerweiterung\" width=\"30\" height=\"33\" title=\"Cocoome.com Jackenerweiterung\"><\/strong><\/p>\n<p style=\"text-align: center;\"><strong>Confortable<\/strong><br \/>\npour les \u00e9paules sensibles<\/p>\n<p>[\/vc_column_text][\/vc_column][\/vc_row][vc_row][vc_column][vc_empty_space][vc_column_text]<img class=\"wp-image-2995 aligncenter\" role=\"img\" src=\"https:\/\/www.cocoome.com\/wp-content\/uploads\/2020\/10\/tipp-font.svg\" alt=\"Meilleurs conseils d&#039;extension de veste\" width=\"170\" height=\"95\" title=\"Cocoome.com Jackenerweiterung\">[\/vc_column_text][vc_column_text]<\/p>\n<p style=\"text-align: center; font-size: 16px;\">Trie les brins de tissu dans les anneaux et serre le RingSling pr\u00e8s du corps (aussi serr\u00e9 qu&#8217;un T-shirt) avant d&#8217;y installer ton b\u00e9b\u00e9. Cela assure un confort parfait dans le RingSling \u00e9lastique ! <\/p>\n<p>[\/vc_column_text][vc_empty_space][\/vc_column][\/vc_row][vc_row full_width=&#8221;stretch_row_content_no_spaces&#8221; content_placement=&#8221;middle&#8221; css=&#8221;.vc_custom_1657827260725{margin-top: 0px !important;margin-bottom: 0px !important;border-top-width: 0px !important;border-bottom-width: 0px !important;padding-top: 0px !important;padding-bottom: 0px !important;background-image: url(https:\/\/www.cocoome.com\/wp-content\/uploads\/2022\/07\/RingSling-Tragehilfe.jpg?id=7129) !important;background-position: center !important;background-repeat: no-repeat !important;background-size: cover !important;}&#8221;][vc_column css=&#8221;.vc_custom_1605626856423{margin-top: 0px !important;margin-bottom: 0px !important;border-top-width: 0px !important;border-bottom-width: 0px !important;padding-top: 0px !important;padding-bottom: 0px !important;}&#8221; offset=&#8221;vc_hidden-sm vc_hidden-xs&#8221;][vc_empty_space height=&#8221;721&#8243;][\/vc_column][\/vc_row][vc_row full_width=&#8221;stretch_row_content_no_spaces&#8221; content_placement=&#8221;middle&#8221; css=&#8221;.vc_custom_1657827349126{margin-top: 0px !important;margin-bottom: 0px !important;border-top-width: 0px !important;border-bottom-width: 0px !important;padding-top: 0px !important;padding-bottom: 0px !important;background-position: center !important;background-repeat: no-repeat !important;background-size: cover !important;}&#8221;][vc_column offset=&#8221;vc_hidden-lg vc_hidden-md&#8221; css=&#8221;.vc_custom_1605626837372{margin-top: 0px !important;margin-bottom: 0px !important;border-top-width: 0px !important;border-bottom-width: 0px !important;padding-top: 0px !important;padding-bottom: 0px !important;}&#8221;][vc_single_image image=&#8221;7130&#8243; img_size=&#8221;full&#8221; css=&#8221;.vc_custom_1657827340456{margin-top: 0px !important;margin-bottom: 0px !important;border-top-width: 0px !important;border-bottom-width: 0px !important;padding-top: 0px !important;padding-bottom: 0px !important;}&#8221;][\/vc_column][\/vc_row][vc_row full_width=&#8221;stretch_row&#8221; css=&#8221;.vc_custom_1605626832008{margin-top: 0px !important;margin-bottom: 0px !important;border-top-width: 0px !important;border-bottom-width: 0px !important;padding-top: 0px !important;background-color: #f8f8f8 !important;}&#8221;][vc_column css=&#8221;.vc_custom_1605626827873{margin-top: 0px !important;border-top-width: 0px !important;padding-top: 0px !important;}&#8221;][vc_empty_space height=&#8221;50px&#8221;][vc_column_text]<\/p>\n<h2 style=\"text-align: center; text-transform: none;\">TEST\u00c9 <strong>AVEC COMP\u00c9TENCE<\/strong> <\/h2>\n<p>[\/vc_column_text][vc_column_text]<\/p>\n<p style=\"text-align: center; font-size: 16px;\">cocoo-me\u00ae RingSling a \u00e9t\u00e9 d\u00e9velopp\u00e9 et test\u00e9 en \u00e9troite collaboration avec des conseillers en portage. Les femmes sp\u00e9cialis\u00e9es, les sages-femmes et les \u00e9coles de portage recommandent cocoo-me\u00ae RingSling, un porte-b\u00e9b\u00e9 qui flatte absolument les \u00e9paules ! <\/p>\n<p>[\/vc_column_text][vc_empty_space][\/vc_column][\/vc_row][vc_row css=&#8221;.vc_custom_1603996988111{margin-top: -100px !important;}&#8221;][vc_column offset=&#8221;vc_hidden-sm vc_hidden-xs&#8221;][vc_single_image image=&#8221;3065&#8243; img_size=&#8221;full&#8221; alignment=&#8221;right&#8221; onclick=&#8221;zoom&#8221; css=&#8221;.vc_custom_1603997316936{margin-top: -15px !important;}&#8221;][\/vc_column][\/vc_row][vc_row css=&#8221;.vc_custom_1603997570510{padding-top: 35px !important;}&#8221;][vc_column offset=&#8221;vc_hidden-lg vc_hidden-md&#8221;][vc_single_image image=&#8221;3065&#8243; img_size=&#8221;full&#8221; alignment=&#8221;center&#8221; onclick=&#8221;zoom&#8221;][\/vc_column][\/vc_row][vc_row css=&#8221;.vc_custom_1605768735840{margin-top: 0px !important;margin-bottom: 0px !important;border-top-width: 0px !important;border-bottom-width: 0px !important;padding-top: 0px !important;padding-bottom: 0px !important;border-radius: 1px !important;}&#8221;][vc_column css=&#8221;.vc_custom_1605625657517{margin-top: 0px !important;margin-bottom: 0px !important;border-top-width: 0px !important;border-bottom-width: 0px !important;padding-top: 0px !important;padding-bottom: 0px !important;}&#8221;]<div class=\"preloader\"><div class=\"preloader-spin\"><\/div><\/div><div class=\"size-medium style1 gem-testimonials\" style=background-color:> <div id=\"post-28017\" class=\"gem-testimonial-item post-28017 thegem_testimonial type-thegem_testimonial status-publish has-post-thumbnail\"> <div class=\"gem-testimonial-wrapper quote-color-added \"> <div class=\"gem-testimonial-image\"> <img width=\"160\" height=\"160\" src=\"https:\/\/www.cocoome.com\/wp-content\/uploads\/2022\/07\/Nadine-Raschenhofer-RingSling-Feedback-Rezension-thegem-person-160.jpg\" class=\"img-responsive img-circle wp-post-image\" alt=\"Nadine Raschenhofer RingSling Feedback Rezension\" srcset=\"https:\/\/www.cocoome.com\/wp-content\/uploads\/2022\/07\/Nadine-Raschenhofer-RingSling-Feedback-Rezension-thegem-testimonial.jpg 2x\" sizes=\"100vw\" title=\"Cocoome.com Jackenerweiterung\"> <\/div> <div class=\"gem-testimonial-content\"> <div class=\"gem-testimonial-name\" style=\"color: #5a636a\">Nadine Raschhofer<\/div> <div class=\"gem-testimonial-company\" >Conseill\u00e8re en portage<\/div> <div class=\"gem-testimonial-text\" > <p>Je suis totalement enthousiaste. Il est tellement doux et confortable. Je ne suis pas vraiment fan des Ringsling car je les trouve toujours un peu inconfortables sur les \u00e9paules. Ce n&#8217;est d\u00e9finitivement pas le cas ici. C&#8217;est un m\u00e9ga plus, sans aucun doute.<\/p>\n<p>&nbsp;<\/p>\n<p><img class=\"wp-image-3171 aligncenter\" role=\"img\" src=\"https:\/\/www.cocoome.com\/wp-content\/uploads\/2020\/10\/quote-icon.svg\" alt=\"Commentaires - Meilleures extensions de veste et \u00e9charpes de portage de cocoome.com\" width=\"60\" height=\"44 padding-top:32px;\" title=\"Cocoome.com Jackenerweiterung\"><\/p> <\/div> <\/div> <span style=\"color: #ffffff \" class=\"custom-color-blockqute-mark\">&#xe60c;<\/span> <\/div> <\/div> <div class=\"testimonials_svg\"><svg style=\"fill: \" width=\"100\" height=\"50\"><path d=\"M 0,-1 Q 45,5 50,50 Q 55,5 100,-1\" \/><\/svg><\/div><\/div>[\/vc_column][\/vc_row][vc_row css=&#8221;.vc_custom_1605626633892{margin-top: 0px !important;border-top-width: 0px !important;padding-top: 0px !important;}&#8221;][vc_column css=&#8221;.vc_custom_1605626627348{margin-top: 0px !important;border-top-width: 0px !important;padding-top: 0px !important;}&#8221;][vc_column_text]<\/p>\n<h2 style=\"text-align: center;\"><strong>STAY FLEXIBLE<\/strong><\/h2>\n<p>[\/vc_column_text][vc_column_text]<\/p>\n<p style=\"text-align: center; font-size: 16px;\">Le <strong>RingSling<\/strong> est id\u00e9al pour les d\u00e9placements ou les moments interm\u00e9diaires.<\/p>\n<p>[\/vc_column_text][vc_empty_space][vc_masonry_media_grid element_width=&#8221;6&#8243; gap=&#8221;35&#8243; item=&#8221;6941&#8243; initial_loading_animation=&#8221;none&#8221; grid_id=&#8221;vc_gid:1729850865793-7a3f6b92-1958-3&#8243; include=&#8221;7134,7135&#8243;][vc_empty_space height=&#8221;70px&#8221;][vc_single_image image=&#8221;3002&#8243; img_size=&#8221;full&#8221; alignment=&#8221;center&#8221;][vc_empty_space][vc_column_text]<\/p>\n<p style=\"text-align: center;\">&#8211; par Inconnu &#8211;<\/p>\n<p style=\"text-align: center;\"><img class=\"alignnone wp-image-2952\" role=\"img\" src=\"https:\/\/www.cocoome.com\/wp-content\/uploads\/2020\/10\/heart-icon.svg\" alt=\"Cocoome.com Jackenerweiterung\" width=\"16\" height=\"17\" title=\"Cocoome.com Jackenerweiterung\"><\/p>\n<p>[\/vc_column_text][vc_empty_space][\/vc_column][\/vc_row][vc_row full_width=&#8221;stretch_row_content_no_spaces&#8221; content_placement=&#8221;middle&#8221; css=&#8221;.vc_custom_1657828270017{background-image: url(https:\/\/www.cocoome.com\/wp-content\/uploads\/2022\/07\/Der-RingSling-von-Cocoome-zum-Tragen-fuer-dein-Baby.jpg?id=7133) !important;background-position: center !important;background-repeat: no-repeat !important;background-size: cover !important;}&#8221;][vc_column][vc_empty_space height=&#8221;777&#8243;][\/vc_column][\/vc_row][vc_row][vc_column][vc_empty_space][vc_column_text]<\/p>\n<h2>Comment mettre correctement le cocoo-me Ring Sling ? \ud83e\udd70<\/h2>\n<p>Tatjana de @liebevoll_gebunden montre aujourd&#8217;hui la variante bascul\u00e9e &#8211; avec celle-ci, l&#8217;\u00e9charpe s&#8217;\u00e9loigne de ton cou et ne peut donc pas te serrer. Une fois pr\u00e9-attach\u00e9, tu peux toujours remettre le Ring Sling sans avoir \u00e0 tout r\u00e9-attacher. Nous te conseillons simplement de r\u00e9organiser l&#8217;\u00e9charpe dans les anneaux avant d&#8217;y placer ton b\u00e9b\u00e9 et de la tendre. \u2764\ufe0f Tu trouveras la vid\u00e9o correspondante <a href=\"https:\/\/www.cocoome.com\/fr\/instructions-pour-cocoo-me\/\">ici<\/a>.[\/vc_column_text][vc_empty_space][vc_column_text]<\/p>\n<h3>Autres aides au portage de COCOO-ME<\/h3>\n<ul>\n<li><a href=\"https:\/\/www.cocoome.com\/fr\/produkt\/cocoo-me-sling\/\">COCOO-ME\u00ae SLING (L&#8217;\u00e9charpe de portage \u00e9lastique !)<\/a><\/li>\n<li><a href=\"https:\/\/www.cocoome.com\/fr\/produkt\/cocoo-me-sling-preemie\/\">COCOO-ME\u00ae SLING PREEMIE (L&#8217;\u00e9charpe de portage pour les pr\u00e9matur\u00e9s !)<\/a><\/li>\n<\/ul>\n<p><a href=\"https:\/\/www.cocoome.com\/fr\/blog\/\">Sur notre blog<\/a>, tu trouveras \u00e9galement des articles int\u00e9ressants sur le portage de nos proches.[\/vc_column_text][vc_empty_space][\/vc_column][\/vc_row]<\/p>\n<\/div>","protected":false},"excerpt":{"rendered":"<p><strong>Un mod\u00e8le qui flatte absolument les \u00e9paules !<\/strong><\/p>\n<p>Le RingSling est l&#8217;aide au portage la plus simple pour les interventions rapides et les courtes distances. Il convient d\u00e8s la naissance et jusqu&#8217;\u00e0 la petite enfance. Gr\u00e2ce \u00e0 son \u00e9lasticit\u00e9, le RingSling de cocoo-me\u00ae offre une plus grande libert\u00e9 de mouvement que les RingSlings &#8220;classiques&#8221;. Il est particuli\u00e8rement souple au niveau des \u00e9paules et s&#8217;adapte parfaitement \u00e0 toi et au corps de ton b\u00e9b\u00e9. cocoo-me\u00ae RingSling est LA solution pour les b\u00e9b\u00e9s agit\u00e9s et les parents dont les \u00e9paules sont sensibles \u00e0 la pression !    <\/p>\n<p><a href=\"https:\/\/www.cocoome.com\/wp-content\/uploads\/2020\/10\/heart-icon.svg\"><img class=\"alignnone wp-image-2952\" role=\"img\" src=\"https:\/\/www.cocoome.com\/wp-content\/uploads\/2020\/10\/heart-icon.svg\" alt=\"\" width=\"18\" height=\"20\"><\/a> <strong>Simple et rapide<\/strong> &#8211; pr\u00e9parer et mettre en place<br \/>\n<a href=\"https:\/\/www.cocoome.com\/wp-content\/uploads\/2020\/10\/heart-icon.svg\"><img class=\"alignnone wp-image-2952\" role=\"img\" src=\"https:\/\/www.cocoome.com\/wp-content\/uploads\/2020\/10\/heart-icon.svg\" alt=\"\" width=\"18\" height=\"20\"><\/a> <strong>Confortable et souple<\/strong> &#8211; s&#8217;adapte comme une seconde peau<br \/>\n<a href=\"https:\/\/www.cocoome.com\/wp-content\/uploads\/2020\/10\/heart-icon.svg\"><img class=\"alignnone wp-image-2952\" role=\"img\" src=\"https:\/\/www.cocoome.com\/wp-content\/uploads\/2020\/10\/heart-icon.svg\" alt=\"\" width=\"18\" height=\"20\"><\/a> <strong>Mat\u00e9riau \u00e9lastique<\/strong> &#8211; particuli\u00e8rement agr\u00e9able au niveau des \u00e9paules et de la nuque<br \/>\n<a href=\"https:\/\/www.cocoome.com\/wp-content\/uploads\/2020\/10\/heart-icon.svg\"><img class=\"alignnone wp-image-2952\" role=\"img\" src=\"https:\/\/www.cocoome.com\/wp-content\/uploads\/2020\/10\/heart-icon.svg\" alt=\"\" width=\"18\" height=\"20\"><\/a> <strong>Parfait comme aide \u00e0 l&#8217;endormissement<\/strong> &#8211; pour les b\u00e9b\u00e9s agit\u00e9s qui exigent un mouvement constant<br \/>\n<a href=\"https:\/\/www.cocoome.com\/wp-content\/uploads\/2020\/10\/heart-icon.svg\"><img class=\"alignnone wp-image-2952\" role=\"img\" src=\"https:\/\/www.cocoome.com\/wp-content\/uploads\/2020\/10\/heart-icon.svg\" alt=\"\" width=\"18\" height=\"20\"><\/a> <strong>Id\u00e9al pour les voyages<\/strong> &#8211; petite taille de rangement<\/p>\n","protected":false},"featured_media":26651,"template":"","meta":[],"product_brand":[],"product_cat":[590,304],"product_tag":[317,320,318,319],"class_list":{"0":"post-27255","1":"product","2":"type-product","3":"status-publish","4":"has-post-thumbnail","6":"product_cat-fourrisseaux-de-transport","7":"product_cat-porte-bebe","8":"product_tag-echarpe-de-portage","9":"product_tag-flatteuse-pour-les-epaules","10":"product_tag-porte-bebe","11":"product_tag-ringsling-fr","13":"first","14":"instock","15":"taxable","16":"shipping-taxable","17":"purchasable","18":"product-type-variable","19":"has-default-attributes"},"_links":{"self":[{"href":"https:\/\/www.cocoome.com\/fr\/wp-json\/wp\/v2\/product\/27255","targetHints":{"allow":["GET"]}}],"collection":[{"href":"https:\/\/www.cocoome.com\/fr\/wp-json\/wp\/v2\/product"}],"about":[{"href":"https:\/\/www.cocoome.com\/fr\/wp-json\/wp\/v2\/types\/product"}],"wp:featuredmedia":[{"embeddable":true,"href":"https:\/\/www.cocoome.com\/fr\/wp-json\/wp\/v2\/media\/26651"}],"wp:attachment":[{"href":"https:\/\/www.cocoome.com\/fr\/wp-json\/wp\/v2\/media?parent=27255"}],"wp:term":[{"taxonomy":"product_brand","embeddable":true,"href":"https:\/\/www.cocoome.com\/fr\/wp-json\/wp\/v2\/product_brand?post=27255"},{"taxonomy":"product_cat","embeddable":true,"href":"https:\/\/www.cocoome.com\/fr\/wp-json\/wp\/v2\/product_cat?post=27255"},{"taxonomy":"product_tag","embeddable":true,"href":"https:\/\/www.cocoome.com\/fr\/wp-json\/wp\/v2\/product_tag?post=27255"}],"curies":[{"name":"wp","href":"https:\/\/api.w.org\/{rel}","templated":true}]}}