{"id":27186,"date":"2021-01-21T13:58:44","date_gmt":"2021-01-21T12:58:44","guid":{"rendered":"https:\/\/www.cocoome.com\/produkt\/accessoire-de-foulette-rouleau-de-nuque-pour-bebe-avec-elastique-a-boutons\/"},"modified":"2025-06-27T10:04:56","modified_gmt":"2025-06-27T08:04:56","slug":"accessoire-de-foulette-rouleau-de-nuque-pour-bebe-avec-elastique-a-boutons","status":"publish","type":"product","link":"https:\/\/www.cocoome.com\/fr\/produkt\/accessoire-de-foulette-rouleau-de-nuque-pour-bebe-avec-elastique-a-boutons\/","title":{"rendered":"ACCESSOIRE DE FOULETTE : Rouleau de nuque pour b\u00e9b\u00e9 avec \u00e9lastique \u00e0 boutons"},"content":{"rendered":"","protected":false},"excerpt":{"rendered":"<h2>ROULEAU POUR LA COUCHE DE B\u00c9B\u00c9 &amp; \u00c9VACUATION DU BOUTON &#8211; pour la s\u00e9curit\u00e9 du portage de b\u00e9b\u00e9<\/h2>\n<p>Le coussin cervical de cocoo-me\u00ae soutient la nuque de ton b\u00e9b\u00e9 lorsque tu le portes dans l&#8217;\u00e9charpe de portage.<\/p>\n<p>Particuli\u00e8rement soutenant lorsque le contr\u00f4le de la t\u00eate n&#8217;est pas encore d\u00e9velopp\u00e9 ou lorsque ton b\u00e9b\u00e9 s&#8217;endort dans l&#8217;\u00e9charpe de portage.<\/p>\n<p>Il suffit de l&#8217;enrouler dans la t\u00eate de l&#8217;\u00e9charpe de portage.<\/p>\n<p>Le rouleau de nuque pour b\u00e9b\u00e9 convient aussi merveilleusement bien comme petit vers \u00e0 saisir. Il incite votre b\u00e9b\u00e9 \u00e0 l&#8217;attraper et rappelle le cordon ombilical dans le ventre de b\u00e9b\u00e9.<br \/>\nAvec l&#8217;\u00e9lastique \u00e0 bouton cocoo-me\u00ae, vous pouvez facilement nouer votre \u00e9charpe de portage sur les bretelles. Ainsi, tu d\u00e9gageras la vue de ton b\u00e9b\u00e9 et tu assureras sa s\u00e9curit\u00e9 en le portant.<\/p>\n<p>Que ce soit pour l&#8217;\u00e9charpe de portage, le porte-b\u00e9b\u00e9, l&#8217;allaitement ou comme \u00e9lastique pour les cheveux. L&#8217;\u00e9lastique \u00e0 boutons de cocoo-me\u00ae est un v\u00e9ritable compagnon de tous les jours pour les mamans !<\/p>\n<p>&nbsp;<\/p>\n","protected":false},"featured_media":26315,"template":"","meta":[],"product_brand":[],"product_cat":[263,304],"product_tag":[307,305,306],"class_list":{"0":"post-27186","1":"product","2":"type-product","3":"status-publish","4":"has-post-thumbnail","6":"product_cat-accessoires-fr","7":"product_cat-porte-bebe","8":"product_tag-elastique-de-bouton","9":"product_tag-rouleau-pour-la-nuque","10":"product_tag-ver-a-prehension","12":"first","13":"outofstock","14":"taxable","15":"shipping-taxable","16":"purchasable","17":"product-type-variable"},"_links":{"self":[{"href":"https:\/\/www.cocoome.com\/fr\/wp-json\/wp\/v2\/product\/27186","targetHints":{"allow":["GET"]}}],"collection":[{"href":"https:\/\/www.cocoome.com\/fr\/wp-json\/wp\/v2\/product"}],"about":[{"href":"https:\/\/www.cocoome.com\/fr\/wp-json\/wp\/v2\/types\/product"}],"wp:featuredmedia":[{"embeddable":true,"href":"https:\/\/www.cocoome.com\/fr\/wp-json\/wp\/v2\/media\/26315"}],"wp:attachment":[{"href":"https:\/\/www.cocoome.com\/fr\/wp-json\/wp\/v2\/media?parent=27186"}],"wp:term":[{"taxonomy":"product_brand","embeddable":true,"href":"https:\/\/www.cocoome.com\/fr\/wp-json\/wp\/v2\/product_brand?post=27186"},{"taxonomy":"product_cat","embeddable":true,"href":"https:\/\/www.cocoome.com\/fr\/wp-json\/wp\/v2\/product_cat?post=27186"},{"taxonomy":"product_tag","embeddable":true,"href":"https:\/\/www.cocoome.com\/fr\/wp-json\/wp\/v2\/product_tag?post=27186"}],"curies":[{"name":"wp","href":"https:\/\/api.w.org\/{rel}","templated":true}]}}