{"id":27172,"date":"2021-02-22T09:11:19","date_gmt":"2021-02-22T08:11:19","guid":{"rendered":"https:\/\/www.cocoome.com\/produkt\/la-bande-abdominale-flexible-mamaband\/"},"modified":"2025-06-27T15:09:50","modified_gmt":"2025-06-27T13:09:50","slug":"la-bande-abdominale-flexible-mamaband","status":"publish","type":"product","link":"https:\/\/www.cocoome.com\/fr\/produkt\/la-bande-abdominale-flexible-mamaband\/","title":{"rendered":"La bande abdominale flexible &#8211; Mamaband"},"content":{"rendered":"","protected":false},"excerpt":{"rendered":"<p>Le Mamaband cocoome est ton compagnon id\u00e9al d\u00e8s la grossesse !<br \/>\nTu ne veux pas acheter de v\u00eatements de grossesse suppl\u00e9mentaires ? Avec le ruban de maman cocoome, tu peux facilement rallonger ton t-shirt. Ainsi, votre ventre de b\u00e9b\u00e9 reste bien au chaud.<br \/>\nIl peut \u00eatre utilis\u00e9 comme bande de ventre pour soutenir le ventre de b\u00e9b\u00e9 qui grandit et pour \u00e9gayer vos v\u00eatements de maternit\u00e9, mais aussi comme chauffe-dos et chauffe-reins.<br \/>\nLe meilleur : vous pouvez aussi utiliser le ruban de maman cocoome comme top ou jupe apr\u00e8s votre grossesse ! Des coutures sp\u00e9cialement fronc\u00e9es assurent un ajustement optimal.<\/p>\n<p>&nbsp;<\/p>\n<p><a href=\"https:\/\/www.cocoome.com\/wp-content\/uploads\/2020\/10\/heart-icon.svg\"><img class=\"alignnone wp-image-2952\" role=\"img\" src=\"https:\/\/www.cocoome.com\/wp-content\/uploads\/2020\/10\/heart-icon.svg\" alt=\"\" width=\"18\" height=\"20\"><\/a>  Soutient le ventre du b\u00e9b\u00e9 &#8211; soulage le dos<\/p>\n<p><a href=\"https:\/\/www.cocoome.com\/wp-content\/uploads\/2020\/10\/heart-icon.svg\"><img class=\"alignnone wp-image-2952\" role=\"img\" src=\"https:\/\/www.cocoome.com\/wp-content\/uploads\/2020\/10\/heart-icon.svg\" alt=\"\" width=\"18\" height=\"20\"><\/a>  Coupe optimale &#8211; moulant, mat\u00e9riau extensible<\/p>\n<p><a href=\"https:\/\/www.cocoome.com\/wp-content\/uploads\/2020\/10\/heart-icon.svg\"><img class=\"alignnone wp-image-2952\" role=\"img\" src=\"https:\/\/www.cocoome.com\/wp-content\/uploads\/2020\/10\/heart-icon.svg\" alt=\"\" width=\"18\" height=\"20\"><\/a>  Excellents mat\u00e9riaux &#8211; coton biologique (kbA), certifi\u00e9 GOTS<\/p>\n<p><a href=\"https:\/\/www.cocoome.com\/wp-content\/uploads\/2020\/10\/heart-icon.svg\"><img class=\"alignnone wp-image-2952\" role=\"img\" src=\"https:\/\/www.cocoome.com\/wp-content\/uploads\/2020\/10\/heart-icon.svg\" alt=\"\" width=\"18\" height=\"20\"><\/a>  Qualit\u00e9 sup\u00e9rieure &#8211; fabriqu\u00e9 \u00e0 la main en Autriche<\/p>\n<p><a href=\"https:\/\/www.cocoome.com\/wp-content\/uploads\/2020\/10\/heart-icon.svg\"><img class=\"alignnone wp-image-2952\" role=\"img\" src=\"https:\/\/www.cocoome.com\/wp-content\/uploads\/2020\/10\/heart-icon.svg\" alt=\"\" width=\"18\" height=\"20\"><\/a>  Polyvalent &#8211; bande ventrale, t-shirt, jupe, chauffe-dos et chauffe-reins<\/p>\n","protected":false},"featured_media":26081,"template":"","meta":[],"product_brand":[],"product_cat":[263],"product_tag":[288,286,290],"class_list":{"0":"post-27172","1":"product","2":"type-product","3":"status-publish","4":"has-post-thumbnail","6":"product_cat-accessoires-fr","7":"product_tag-bande-de-mamans","8":"product_tag-bande-ventrale","9":"product_tag-support-ventral","11":"first","12":"instock","13":"taxable","14":"shipping-taxable","15":"product-type-variable","16":"has-default-attributes"},"_links":{"self":[{"href":"https:\/\/www.cocoome.com\/fr\/wp-json\/wp\/v2\/product\/27172","targetHints":{"allow":["GET"]}}],"collection":[{"href":"https:\/\/www.cocoome.com\/fr\/wp-json\/wp\/v2\/product"}],"about":[{"href":"https:\/\/www.cocoome.com\/fr\/wp-json\/wp\/v2\/types\/product"}],"wp:featuredmedia":[{"embeddable":true,"href":"https:\/\/www.cocoome.com\/fr\/wp-json\/wp\/v2\/media\/26081"}],"wp:attachment":[{"href":"https:\/\/www.cocoome.com\/fr\/wp-json\/wp\/v2\/media?parent=27172"}],"wp:term":[{"taxonomy":"product_brand","embeddable":true,"href":"https:\/\/www.cocoome.com\/fr\/wp-json\/wp\/v2\/product_brand?post=27172"},{"taxonomy":"product_cat","embeddable":true,"href":"https:\/\/www.cocoome.com\/fr\/wp-json\/wp\/v2\/product_cat?post=27172"},{"taxonomy":"product_tag","embeddable":true,"href":"https:\/\/www.cocoome.com\/fr\/wp-json\/wp\/v2\/product_tag?post=27172"}],"curies":[{"name":"wp","href":"https:\/\/api.w.org\/{rel}","templated":true}]}}