{"id":33597,"date":"2024-11-08T18:14:18","date_gmt":"2024-11-08T17:14:18","guid":{"rendered":"https:\/\/www.cocoome.com\/instructions-pour-cocoo-me\/sac-de-puck-babycocoon-modes-demploi\/"},"modified":"2024-11-08T18:33:50","modified_gmt":"2024-11-08T17:33:50","slug":"sac-de-puck-babycocoon-modes-demploi","status":"publish","type":"page","link":"https:\/\/www.cocoome.com\/fr\/instructions-pour-cocoo-me\/sac-de-puck-babycocoon-modes-demploi\/","title":{"rendered":"SAC DE PUCK (BABYCOCOON) MODES D&#8217;EMPLOI"},"content":{"rendered":"<div class=\"wpb-content-wrapper\"><p>[vc_row full_width=&#8221;stretch_row&#8221; css=&#8221;.vc_custom_1676453096403{margin-top: 0px !important;margin-bottom: 0px !important;padding-top: 0px !important;}&#8221;][vc_column][vc_empty_space height=&#8221;64px&#8221;][vc_column_text css=&#8221;&#8221;]<\/p>\n<h1 style=\"text-align: center;\"><strong>COCOO-ME\u00ae SAC DE PUCK (BABYCOCOON)<\/strong><\/h1>\n<p>[\/vc_column_text][vc_separator color=&#8221;custom&#8221; border_width=&#8221;3&#8243; el_width=&#8221;30&#8243; accent_color=&#8221;#5a636a&#8221;][vc_empty_space][vc_single_image image=&#8221;18308&#8243; img_size=&#8221;full&#8221; alignment=&#8221;center&#8221; style=&#8221;vc_box_shadow_3d&#8221;][vc_empty_space][vc_empty_space][vc_row_inner][vc_column_inner width=&#8221;1\/3&#8243;]<div class=\"gem-youtube gem-wrapbox gem-wrapbox-style-5 rounded-corners shadow-box gem-wrapbox-position-below\" style=\"width: 100%;\"><div class=\"gem-wrapbox-inner gem-ratio-style\" style=\"padding-top: 56.25%\"> <div class=\"brlbs-cmpnt-container brlbs-cmpnt-content-blocker brlbs-cmpnt-with-individual-styles\" data-borlabs-cookie-content-blocker-id=\"default\" data-borlabs-cookie-content=\"PGlmcmFtZSBjbGFzcz0iZ2VtLXdyYXBib3gtZWxlbWVudCBpbWctcmVzcG9uc2l2ZSIgd2lkdGg9IjEwMCUiIGhlaWdodD0iMzAwIiBhbGxvd2Z1bGxzY3JlZW49ImFsbG93ZnVsbHNjcmVlbiIgZnJhbWVib3JkZXI9IjAiIHNjcm9sbGluZz0ibm8iIG1hcmdpbmhlaWdodD0iMCIgbWFyZ2lud2lkdGg9IjAiIHNyYz0iLy93d3cueW91dHViZS5jb20vZW1iZWQvbTdtUDNyVzF4Rlk\/cmVsPTAmYW1wO3dtb2RlPW9wYXF1ZSI+PC9pZnJhbWU+\"><div class=\"brlbs-cmpnt-cb-preset-a\"> <p class=\"brlbs-cmpnt-cb-description\">Vous \u00eates actuellement en train de consulter le contenu d'un espace r\u00e9serv\u00e9 de <strong>Par d\u00e9faut<\/strong>. Pour acc\u00e9der au contenu r\u00e9el, cliquez sur le bouton ci-dessous. Veuillez noter que ce faisant, des donn\u00e9es seront partag\u00e9es avec des providers tiers.<\/p> <div class=\"brlbs-cmpnt-cb-buttons\"> <a class=\"brlbs-cmpnt-cb-btn\" href=\"#\" data-borlabs-cookie-unblock role=\"button\">D\u00e9bloquer le contenu<\/a> <a class=\"brlbs-cmpnt-cb-btn\" href=\"#\" data-borlabs-cookie-accept-service role=\"button\" style=\"display: none\">Accepter le service requis et d\u00e9bloquer les contenus<\/a> <\/div> <a class=\"brlbs-cmpnt-cb-provider-toggle\" href=\"#\" data-borlabs-cookie-show-provider-information role=\"button\">Plus d'informations<\/a> <\/div><\/div><\/div><\/div>[\/vc_column_inner][\/vc_row_inner][vc_empty_space][\/vc_column][\/vc_row]<\/p>\n<\/div>","protected":false},"excerpt":{"rendered":"<p>[vc_row full_width=&#8221;stretch_row&#8221; css=&#8221;.vc_custom_1676453096403{margin-top: 0px !important;margin-bottom: 0px !important;padding-top: 0px !important;}&#8221;][vc_column][vc_empty_space height=&#8221;64px&#8221;][vc_column_text css=&#8221;&#8221;] COCOO-ME\u00ae SAC DE PUCK (BABYCOCOON) [\/vc_column_text][vc_separator color=&#8221;custom&#8221; border_width=&#8221;3&#8243; el_width=&#8221;30&#8243;&#8230;<\/p>\n","protected":false},"author":1,"featured_media":0,"parent":27632,"menu_order":0,"comment_status":"closed","ping_status":"closed","template":"","meta":{"footnotes":""},"class_list":["post-33597","page","type-page","status-publish"],"_links":{"self":[{"href":"https:\/\/www.cocoome.com\/fr\/wp-json\/wp\/v2\/pages\/33597","targetHints":{"allow":["GET"]}}],"collection":[{"href":"https:\/\/www.cocoome.com\/fr\/wp-json\/wp\/v2\/pages"}],"about":[{"href":"https:\/\/www.cocoome.com\/fr\/wp-json\/wp\/v2\/types\/page"}],"author":[{"embeddable":true,"href":"https:\/\/www.cocoome.com\/fr\/wp-json\/wp\/v2\/users\/1"}],"replies":[{"embeddable":true,"href":"https:\/\/www.cocoome.com\/fr\/wp-json\/wp\/v2\/comments?post=33597"}],"version-history":[{"count":0,"href":"https:\/\/www.cocoome.com\/fr\/wp-json\/wp\/v2\/pages\/33597\/revisions"}],"up":[{"embeddable":true,"href":"https:\/\/www.cocoome.com\/fr\/wp-json\/wp\/v2\/pages\/27632"}],"wp:attachment":[{"href":"https:\/\/www.cocoome.com\/fr\/wp-json\/wp\/v2\/media?parent=33597"}],"curies":[{"name":"wp","href":"https:\/\/api.w.org\/{rel}","templated":true}]}}