{"id":33472,"date":"2024-11-08T17:59:14","date_gmt":"2024-11-08T16:59:14","guid":{"rendered":"https:\/\/www.cocoome.com\/sling-modes-demploi\/"},"modified":"2025-06-27T10:03:38","modified_gmt":"2025-06-27T08:03:38","slug":"sling-modes-demploi","status":"publish","type":"page","link":"https:\/\/www.cocoome.com\/fr\/instructions-pour-cocoo-me\/sling-modes-demploi\/","title":{"rendered":"SLING MODES D&#8217;EMPLOI"},"content":{"rendered":"<div class=\"wpb-content-wrapper\"><p>[vc_row full_width=&#8221;stretch_row&#8221; css=&#8221;.vc_custom_1731087447798{margin-bottom: 0px !important;border-top-width: 0px !important;padding-bottom: 0px !important;background-color: #FFFFFF !important;border-top-style: solid !important;border-color: #9e9e9e !important;}&#8221;][vc_column css=&#8221;.vc_custom_1676386191589{margin-bottom: 0px !important;}&#8221;][vc_empty_space][vc_column_text css=&#8221;&#8221;]<\/p>\n<h1 style=\"text-align: center;\"><strong>COCOO-ME\u00ae SLING<\/strong><\/h1>\n<p>[\/vc_column_text][vc_separator color=&#8221;custom&#8221; accent_color=&#8221;#5a636a&#8221; border_width=&#8221;3&#8243; el_width=&#8221;30&#8243;][vc_empty_space][vc_single_image image=&#8221;18299&#8243; img_size=&#8221;full&#8221; alignment=&#8221;center&#8221; style=&#8221;vc_box_shadow_3d&#8221;][vc_empty_space][vc_btn title=&#8221;T\u00e9l\u00e9charger le guide PDF&#8221; size=&#8221;lg&#8221; align=&#8221;center&#8221; css=&#8221;&#8221; link=&#8221;url:https%3A%2F%2Fwww.cocoome.com%2Fwp-content%2Fuploads%2F2021%2F06%2FTT_2021-06-21_V4.pdf|target:_blank|&#8221; el_class=&#8221;buttonanleitung&#8221;][vc_btn title=&#8221;T\u00e9l\u00e9charger les instructions d&apos;entretien en PDF&#8221; size=&#8221;lg&#8221; align=&#8221;center&#8221; css=&#8221;&#8221; link=&#8221;url:https%3A%2F%2Fwww.cocoome.com%2Fwp-content%2Fuploads%2F2025%2F01%2FPflegehinweis-Tragehilfe-Tragetuch-13012024.pdf|target:_blank|&#8221; el_class=&#8221;buttonanleitung&#8221;][\/vc_column][\/vc_row][vc_row full_width=&#8221;stretch_row&#8221; css=&#8221;.vc_custom_1731087456543{margin-top: 0px !important;margin-bottom: 0px !important;border-top-width: 0px !important;border-bottom-width: 0px !important;padding-top: 0px !important;padding-bottom: 0px !important;background-color: #FFFFFF !important;border-top-style: solid !important;border-bottom-style: solid !important;}&#8221; tablet_padding_top=&#8221;0&#8243; tablet_margin_top=&#8221;0&#8243;][vc_column width=&#8221;1\/3&#8243;]<div class=\"gem-youtube gem-wrapbox gem-wrapbox-style-5 rounded-corners shadow-box gem-wrapbox-position-below\" style=\"width: 100%;\"><div class=\"gem-wrapbox-inner gem-ratio-style\" style=\"padding-top: 56.25%\"> <div class=\"brlbs-cmpnt-container brlbs-cmpnt-content-blocker brlbs-cmpnt-with-individual-styles\" data-borlabs-cookie-content-blocker-id=\"default\" data-borlabs-cookie-content=\"PGlmcmFtZSBjbGFzcz0iZ2VtLXdyYXBib3gtZWxlbWVudCBpbWctcmVzcG9uc2l2ZSIgd2lkdGg9IjEwMCUiIGhlaWdodD0iMzAwIiBhbGxvd2Z1bGxzY3JlZW49ImFsbG93ZnVsbHNjcmVlbiIgZnJhbWVib3JkZXI9IjAiIHNjcm9sbGluZz0ibm8iIG1hcmdpbmhlaWdodD0iMCIgbWFyZ2lud2lkdGg9IjAiIHNyYz0iLy93d3cueW91dHViZS5jb20vZW1iZWQvR2lCNkZjZGJIWUk\/cmVsPTAmYW1wO3dtb2RlPW9wYXF1ZSI+PC9pZnJhbWU+\"><div class=\"brlbs-cmpnt-cb-preset-a\"> <p class=\"brlbs-cmpnt-cb-description\">Vous \u00eates actuellement en train de consulter le contenu d'un espace r\u00e9serv\u00e9 de <strong>Par d\u00e9faut<\/strong>. Pour acc\u00e9der au contenu r\u00e9el, cliquez sur le bouton ci-dessous. Veuillez noter que ce faisant, des donn\u00e9es seront partag\u00e9es avec des providers tiers.<\/p> <div class=\"brlbs-cmpnt-cb-buttons\"> <a class=\"brlbs-cmpnt-cb-btn\" href=\"#\" data-borlabs-cookie-unblock role=\"button\">D\u00e9bloquer le contenu<\/a> <a class=\"brlbs-cmpnt-cb-btn\" href=\"#\" data-borlabs-cookie-accept-service role=\"button\" style=\"display: none\">Accepter le service requis et d\u00e9bloquer les contenus<\/a> <\/div> <a class=\"brlbs-cmpnt-cb-provider-toggle\" href=\"#\" data-borlabs-cookie-show-provider-information role=\"button\">Plus d'informations<\/a> <\/div><\/div><\/div><\/div>[\/vc_column][vc_column width=&#8221;1\/3&#8243;]<div class=\"gem-youtube gem-wrapbox gem-wrapbox-style-5 rounded-corners shadow-box gem-wrapbox-position-below\" style=\"width: 100%;\"><div class=\"gem-wrapbox-inner gem-ratio-style\" style=\"padding-top: 56.25%\"> <div class=\"brlbs-cmpnt-container brlbs-cmpnt-content-blocker brlbs-cmpnt-with-individual-styles\" data-borlabs-cookie-content-blocker-id=\"default\" data-borlabs-cookie-content=\"PGlmcmFtZSBjbGFzcz0iZ2VtLXdyYXBib3gtZWxlbWVudCBpbWctcmVzcG9uc2l2ZSIgd2lkdGg9IjEwMCUiIGhlaWdodD0iMzAwIiBhbGxvd2Z1bGxzY3JlZW49ImFsbG93ZnVsbHNjcmVlbiIgZnJhbWVib3JkZXI9IjAiIHNjcm9sbGluZz0ibm8iIG1hcmdpbmhlaWdodD0iMCIgbWFyZ2lud2lkdGg9IjAiIHNyYz0iLy93d3cueW91dHViZS5jb20vZW1iZWQvWEtCZGkxM0RBaFk\/cmVsPTAmYW1wO3dtb2RlPW9wYXF1ZSI+PC9pZnJhbWU+\"><div class=\"brlbs-cmpnt-cb-preset-a\"> <p class=\"brlbs-cmpnt-cb-description\">Vous \u00eates actuellement en train de consulter le contenu d'un espace r\u00e9serv\u00e9 de <strong>Par d\u00e9faut<\/strong>. Pour acc\u00e9der au contenu r\u00e9el, cliquez sur le bouton ci-dessous. Veuillez noter que ce faisant, des donn\u00e9es seront partag\u00e9es avec des providers tiers.<\/p> <div class=\"brlbs-cmpnt-cb-buttons\"> <a class=\"brlbs-cmpnt-cb-btn\" href=\"#\" data-borlabs-cookie-unblock role=\"button\">D\u00e9bloquer le contenu<\/a> <a class=\"brlbs-cmpnt-cb-btn\" href=\"#\" data-borlabs-cookie-accept-service role=\"button\" style=\"display: none\">Accepter le service requis et d\u00e9bloquer les contenus<\/a> <\/div> <a class=\"brlbs-cmpnt-cb-provider-toggle\" href=\"#\" data-borlabs-cookie-show-provider-information role=\"button\">Plus d'informations<\/a> <\/div><\/div><\/div><\/div>[\/vc_column][vc_column width=&#8221;1\/3&#8243;]<div class=\"gem-youtube gem-wrapbox gem-wrapbox-style-5 rounded-corners shadow-box gem-wrapbox-position-below\" style=\"width: 100%;\"><div class=\"gem-wrapbox-inner gem-ratio-style\" style=\"padding-top: 56.25%\"> <div class=\"brlbs-cmpnt-container brlbs-cmpnt-content-blocker brlbs-cmpnt-with-individual-styles\" data-borlabs-cookie-content-blocker-id=\"default\" data-borlabs-cookie-content=\"PGlmcmFtZSBjbGFzcz0iZ2VtLXdyYXBib3gtZWxlbWVudCBpbWctcmVzcG9uc2l2ZSIgd2lkdGg9IjEwMCUiIGhlaWdodD0iMzAwIiBhbGxvd2Z1bGxzY3JlZW49ImFsbG93ZnVsbHNjcmVlbiIgZnJhbWVib3JkZXI9IjAiIHNjcm9sbGluZz0ibm8iIG1hcmdpbmhlaWdodD0iMCIgbWFyZ2lud2lkdGg9IjAiIHNyYz0iLy93d3cueW91dHViZS5jb20vZW1iZWQvWWRrbEllU2wtMU0\/cmVsPTAmYW1wO3dtb2RlPW9wYXF1ZSI+PC9pZnJhbWU+\"><div class=\"brlbs-cmpnt-cb-preset-a\"> <p class=\"brlbs-cmpnt-cb-description\">Vous \u00eates actuellement en train de consulter le contenu d'un espace r\u00e9serv\u00e9 de <strong>Par d\u00e9faut<\/strong>. Pour acc\u00e9der au contenu r\u00e9el, cliquez sur le bouton ci-dessous. Veuillez noter que ce faisant, des donn\u00e9es seront partag\u00e9es avec des providers tiers.<\/p> <div class=\"brlbs-cmpnt-cb-buttons\"> <a class=\"brlbs-cmpnt-cb-btn\" href=\"#\" data-borlabs-cookie-unblock role=\"button\">D\u00e9bloquer le contenu<\/a> <a class=\"brlbs-cmpnt-cb-btn\" href=\"#\" data-borlabs-cookie-accept-service role=\"button\" style=\"display: none\">Accepter le service requis et d\u00e9bloquer les contenus<\/a> <\/div> <a class=\"brlbs-cmpnt-cb-provider-toggle\" href=\"#\" data-borlabs-cookie-show-provider-information role=\"button\">Plus d'informations<\/a> <\/div><\/div><\/div><\/div>[\/vc_column][\/vc_row][vc_row full_width=&#8221;stretch_row&#8221; css=&#8221;.vc_custom_1731087464043{margin-top: 0px !important;margin-bottom: 0px !important;padding-top: 0px !important;padding-bottom: 0px !important;background-color: #FFFFFF !important;}&#8221;][vc_column width=&#8221;1\/3&#8243;]<div class=\"gem-youtube gem-wrapbox gem-wrapbox-style-4 rounded-corners gem-wrapbox-position-below\" style=\"width: 100%;\"><div class=\"gem-wrapbox-inner gem-ratio-style\" style=\"padding-top: 56.25%\"> <div class=\"brlbs-cmpnt-container brlbs-cmpnt-content-blocker brlbs-cmpnt-with-individual-styles\" data-borlabs-cookie-content-blocker-id=\"default\" data-borlabs-cookie-content=\"PGlmcmFtZSBjbGFzcz0iZ2VtLXdyYXBib3gtZWxlbWVudCBpbWctcmVzcG9uc2l2ZSIgd2lkdGg9IjEwMCUiIGhlaWdodD0iMzAwIiBhbGxvd2Z1bGxzY3JlZW49ImFsbG93ZnVsbHNjcmVlbiIgZnJhbWVib3JkZXI9IjAiIHNjcm9sbGluZz0ibm8iIG1hcmdpbmhlaWdodD0iMCIgbWFyZ2lud2lkdGg9IjAiIHNyYz0iLy93d3cueW91dHViZS5jb20vZW1iZWQvY1NveXpnY1dqUTg\/cmVsPTAmYW1wO3dtb2RlPW9wYXF1ZSI+PC9pZnJhbWU+\"><div class=\"brlbs-cmpnt-cb-preset-a\"> <p class=\"brlbs-cmpnt-cb-description\">Vous \u00eates actuellement en train de consulter le contenu d'un espace r\u00e9serv\u00e9 de <strong>Par d\u00e9faut<\/strong>. Pour acc\u00e9der au contenu r\u00e9el, cliquez sur le bouton ci-dessous. Veuillez noter que ce faisant, des donn\u00e9es seront partag\u00e9es avec des providers tiers.<\/p> <div class=\"brlbs-cmpnt-cb-buttons\"> <a class=\"brlbs-cmpnt-cb-btn\" href=\"#\" data-borlabs-cookie-unblock role=\"button\">D\u00e9bloquer le contenu<\/a> <a class=\"brlbs-cmpnt-cb-btn\" href=\"#\" data-borlabs-cookie-accept-service role=\"button\" style=\"display: none\">Accepter le service requis et d\u00e9bloquer les contenus<\/a> <\/div> <a class=\"brlbs-cmpnt-cb-provider-toggle\" href=\"#\" data-borlabs-cookie-show-provider-information role=\"button\">Plus d'informations<\/a> <\/div><\/div><\/div><\/div>[vc_empty_space][\/vc_column][vc_column width=&#8221;1\/3&#8243;]<div class=\"gem-youtube gem-wrapbox gem-wrapbox-style-5 rounded-corners shadow-box gem-wrapbox-position-below\" style=\"width: 100%;\"><div class=\"gem-wrapbox-inner gem-ratio-style\" style=\"padding-top: 56.25%\"> <div class=\"brlbs-cmpnt-container brlbs-cmpnt-content-blocker brlbs-cmpnt-with-individual-styles\" data-borlabs-cookie-content-blocker-id=\"default\" data-borlabs-cookie-content=\"PGlmcmFtZSBjbGFzcz0iZ2VtLXdyYXBib3gtZWxlbWVudCBpbWctcmVzcG9uc2l2ZSIgd2lkdGg9IjEwMCUiIGhlaWdodD0iMzAwIiBhbGxvd2Z1bGxzY3JlZW49ImFsbG93ZnVsbHNjcmVlbiIgZnJhbWVib3JkZXI9IjAiIHNjcm9sbGluZz0ibm8iIG1hcmdpbmhlaWdodD0iMCIgbWFyZ2lud2lkdGg9IjAiIHNyYz0iLy93d3cueW91dHViZS5jb20vZW1iZWQvZl9BVmpLRmViQUk\/cmVsPTAmYW1wO3dtb2RlPW9wYXF1ZSI+PC9pZnJhbWU+\"><div class=\"brlbs-cmpnt-cb-preset-a\"> <p class=\"brlbs-cmpnt-cb-description\">Vous \u00eates actuellement en train de consulter le contenu d'un espace r\u00e9serv\u00e9 de <strong>Par d\u00e9faut<\/strong>. Pour acc\u00e9der au contenu r\u00e9el, cliquez sur le bouton ci-dessous. Veuillez noter que ce faisant, des donn\u00e9es seront partag\u00e9es avec des providers tiers.<\/p> <div class=\"brlbs-cmpnt-cb-buttons\"> <a class=\"brlbs-cmpnt-cb-btn\" href=\"#\" data-borlabs-cookie-unblock role=\"button\">D\u00e9bloquer le contenu<\/a> <a class=\"brlbs-cmpnt-cb-btn\" href=\"#\" data-borlabs-cookie-accept-service role=\"button\" style=\"display: none\">Accepter le service requis et d\u00e9bloquer les contenus<\/a> <\/div> <a class=\"brlbs-cmpnt-cb-provider-toggle\" href=\"#\" data-borlabs-cookie-show-provider-information role=\"button\">Plus d'informations<\/a> <\/div><\/div><\/div><\/div>[\/vc_column][vc_column width=&#8221;1\/3&#8243;]<div class=\"gem-youtube gem-wrapbox gem-wrapbox-style-5 rounded-corners shadow-box gem-wrapbox-position-below\" style=\"width: 100%;\"><div class=\"gem-wrapbox-inner gem-ratio-style\" style=\"padding-top: 56.25%\"> <div class=\"brlbs-cmpnt-container brlbs-cmpnt-content-blocker brlbs-cmpnt-with-individual-styles\" data-borlabs-cookie-content-blocker-id=\"default\" data-borlabs-cookie-content=\"PGlmcmFtZSBjbGFzcz0iZ2VtLXdyYXBib3gtZWxlbWVudCBpbWctcmVzcG9uc2l2ZSIgd2lkdGg9IjEwMCUiIGhlaWdodD0iMzAwIiBhbGxvd2Z1bGxzY3JlZW49ImFsbG93ZnVsbHNjcmVlbiIgZnJhbWVib3JkZXI9IjAiIHNjcm9sbGluZz0ibm8iIG1hcmdpbmhlaWdodD0iMCIgbWFyZ2lud2lkdGg9IjAiIHNyYz0iLy93d3cueW91dHViZS5jb20vZW1iZWQvUDhFNnB6WlV2XzA\/cmVsPTAmYW1wO3dtb2RlPW9wYXF1ZSI+PC9pZnJhbWU+\"><div class=\"brlbs-cmpnt-cb-preset-a\"> <p class=\"brlbs-cmpnt-cb-description\">Vous \u00eates actuellement en train de consulter le contenu d'un espace r\u00e9serv\u00e9 de <strong>Par d\u00e9faut<\/strong>. Pour acc\u00e9der au contenu r\u00e9el, cliquez sur le bouton ci-dessous. Veuillez noter que ce faisant, des donn\u00e9es seront partag\u00e9es avec des providers tiers.<\/p> <div class=\"brlbs-cmpnt-cb-buttons\"> <a class=\"brlbs-cmpnt-cb-btn\" href=\"#\" data-borlabs-cookie-unblock role=\"button\">D\u00e9bloquer le contenu<\/a> <a class=\"brlbs-cmpnt-cb-btn\" href=\"#\" data-borlabs-cookie-accept-service role=\"button\" style=\"display: none\">Accepter le service requis et d\u00e9bloquer les contenus<\/a> <\/div> <a class=\"brlbs-cmpnt-cb-provider-toggle\" href=\"#\" data-borlabs-cookie-show-provider-information role=\"button\">Plus d'informations<\/a> <\/div><\/div><\/div><\/div>[\/vc_column][\/vc_row]<\/p>\n<\/div>","protected":false},"excerpt":{"rendered":"<p>[vc_row full_width=&#8221;stretch_row&#8221; css=&#8221;.vc_custom_1731087447798{margin-bottom: 0px !important;border-top-width: 0px !important;padding-bottom: 0px !important;background-color: #FFFFFF !important;border-top-style: solid !important;border-color: #9e9e9e !important;}&#8221;][vc_column css=&#8221;.vc_custom_1676386191589{margin-bottom: 0px !important;}&#8221;][vc_empty_space][vc_column_text css=&#8221;&#8221;] COCOO-ME\u00ae&#8230;<\/p>\n","protected":false},"author":1,"featured_media":0,"parent":27632,"menu_order":0,"comment_status":"closed","ping_status":"closed","template":"","meta":{"footnotes":""},"class_list":["post-33472","page","type-page","status-publish"],"_links":{"self":[{"href":"https:\/\/www.cocoome.com\/fr\/wp-json\/wp\/v2\/pages\/33472","targetHints":{"allow":["GET"]}}],"collection":[{"href":"https:\/\/www.cocoome.com\/fr\/wp-json\/wp\/v2\/pages"}],"about":[{"href":"https:\/\/www.cocoome.com\/fr\/wp-json\/wp\/v2\/types\/page"}],"author":[{"embeddable":true,"href":"https:\/\/www.cocoome.com\/fr\/wp-json\/wp\/v2\/users\/1"}],"replies":[{"embeddable":true,"href":"https:\/\/www.cocoome.com\/fr\/wp-json\/wp\/v2\/comments?post=33472"}],"version-history":[{"count":0,"href":"https:\/\/www.cocoome.com\/fr\/wp-json\/wp\/v2\/pages\/33472\/revisions"}],"up":[{"embeddable":true,"href":"https:\/\/www.cocoome.com\/fr\/wp-json\/wp\/v2\/pages\/27632"}],"wp:attachment":[{"href":"https:\/\/www.cocoome.com\/fr\/wp-json\/wp\/v2\/media?parent=33472"}],"curies":[{"name":"wp","href":"https:\/\/api.w.org\/{rel}","templated":true}]}}