{"id":27653,"date":"2020-11-12T14:58:33","date_gmt":"2020-11-12T13:58:33","guid":{"rendered":"https:\/\/www.cocoome.com\/conseils-en-trages\/"},"modified":"2025-06-27T10:03:18","modified_gmt":"2025-06-27T08:03:18","slug":"conseils-en-trages","status":"publish","type":"page","link":"https:\/\/www.cocoome.com\/fr\/conseils-en-trages\/","title":{"rendered":"CONSEILS EN TRAGES"},"content":{"rendered":"<div class=\"wpb-content-wrapper\"><p>[vc_row full_width=&#8221;stretch_row_content_no_spaces&#8221; css=&#8221;.vc_custom_1614765544744{margin-top: 0px !important;margin-bottom: 0px !important;border-top-width: 0px !important;border-bottom-width: 0px !important;padding-top: 0px !important;padding-bottom: 0px !important;background-image: url(https:\/\/www.cocoome.com\/wp-content\/uploads\/2021\/02\/cocoome-Trageberatung-Tragetuch-Babytragetuch-Trageberaterin2021.jpg?id=4216) !important;background-position: center !important;background-repeat: no-repeat !important;background-size: cover !important;}&#8221;][vc_column offset=&#8221;vc_hidden-sm vc_hidden-xs&#8221;][vc_empty_space height=&#8221;633px&#8221;][\/vc_column][\/vc_row][vc_row full_width=&#8221;stretch_row_content_no_spaces&#8221; css=&#8221;.vc_custom_1614769927883{margin-top: 0px !important;margin-bottom: 0px !important;border-top-width: 0px !important;border-bottom-width: 0px !important;padding-top: 0px !important;padding-bottom: 0px !important;}&#8221; custom_css_code=&#8221;cGFkZGluZy10b3AlM0EtMzBweCUyMWltcG9ydGFudCUzQg==&#8221;][vc_column offset=&#8221;vc_hidden-lg vc_hidden-md&#8221;][vc_single_image image=&#8221;4216&#8243; img_size=&#8221;full&#8221; alignment=&#8221;center&#8221; css=&#8221;.vc_custom_1614769997855{margin-top: 0px !important;margin-bottom: 0px !important;border-top-width: 0px !important;border-bottom-width: 0px !important;padding-top: 0px !important;padding-bottom: 0px !important;}&#8221;][\/vc_column][\/vc_row][vc_row][vc_column][vc_empty_space][vc_row_inner][vc_column_inner][vc_column_text]<\/p>\n<h1 style=\"text-align: center;\"><strong>Pourquoi ai-je besoin d&#8217;un conseil en portage ?<\/strong><\/h1>\n<p>Les conseill\u00e8res en portage sont des accompagnatrices &#8211; sur ton chemin vers un portage de b\u00e9b\u00e9 s\u00fbr ! \u2764 Ils te montrent comment porter ton b\u00e9b\u00e9 pour que ce soit non seulement confortable et s\u00fbr pour toi et ton b\u00e9b\u00e9, mais aussi beau. Les conseill\u00e8res en portage ont g\u00e9n\u00e9ralement suivi une formation dans une \u00e9cole de portage &#8211; o\u00f9 elles apprennent diff\u00e9rentes techniques de nouage avec l&#8217;\u00e9charpe de portage, d\u00e9couvrent diff\u00e9rents accessoires de portage et \u00e9laborent un concept pour une consultation de portage. La conseill\u00e8re en portage t&#8217;aide \u00e0 \u00eatre aussi proche que possible de ton b\u00e9b\u00e9.[\/vc_column_text][\/vc_column_inner][\/vc_row_inner][vc_empty_space][\/vc_column][\/vc_row][vc_row full_width=&#8221;stretch_row&#8221; css=&#8221;.vc_custom_1744615780636{background-color: #EFEFEF !important;}&#8221;][vc_column][vc_empty_space][vc_column_text css=&#8221;&#8221;]<\/p>\n<h3 style=\"text-align: center;\" data-end=\"41\" data-start=\"0\"><strong data-end=\"39\" data-start=\"4\" data-olk-copy-source=\"MessageBody\">Conseils de portage en ligne gratuits<\/strong><\/h3>\n<p data-end=\"418\" data-start=\"43\">Vous avez re\u00e7u votre <strong data-end=\"81\" data-start=\"57\">porte-b\u00e9b\u00e9 cocoo-me\u00ae<\/strong>, mais <span data-end=\"124\" data-start=\"97\">il n&#8217;est pas bien ajust\u00e9<\/span>, vous ne vous sentez pas \u00e0 l&#8217;aise ou votre b\u00e9b\u00e9 ne semble pas satisfait ? Peut-\u00eatre que quelque chose glisse, appuie ou vous n&#8217;\u00eates pas s\u00fbr d&#8217;avoir tout r\u00e9gl\u00e9 correctement ? <span data-end=\"310\" data-start=\"277\">Ne vous inqui\u00e9tez pas &#8211; nous vous aidons !<\/span> Gr\u00e2ce \u00e0 notre <strong data-end=\"359\" data-start=\"323\">service gratuit de conseil en portage en ligne<\/strong>, vous trouverez l&#8217;ajustement parfait pour vous et votre b\u00e9b\u00e9. <\/p>\n<p data-end=\"628\" data-start=\"420\"><strong data-end=\"445\" data-start=\"423\">Voici comment cela fonctionne :<\/strong><br data-end=\"448\" data-start=\"445\">Envoyez-nous un e-mail \u00e0 <strong data-end=\"504\" data-start=\"475\">trageberatung@cocoome.com<\/strong> avec :<br data-end=\"512\" data-start=\"509\">\u2714 Une br\u00e8ve description de votre probl\u00e8me<br data-end=\"558\" data-start=\"555\">\u2714 Plusieurs photos de vous avec le porte-b\u00e9b\u00e9<br data-end=\"604\" data-start=\"601\">\u2714 Votre num\u00e9ro de t\u00e9l\u00e9phone<\/p>\n<p data-end=\"777\" data-start=\"630\">En fonction de votre demande, vous recevrez une r\u00e9ponse par e-mail ou nous organiserons un <strong data-end=\"725\" data-start=\"708\">appel WhatsApp<\/strong> afin de vous apporter la meilleure assistance possible.<\/p>\n<p>[\/vc_column_text][vc_empty_space][vc_row_inner el_disable_mobile=&#8221;1&#8243;][vc_column_inner width=&#8221;1\/4&#8243;][vc_single_image image=&#8221;36540&#8243; img_size=&#8221;200&#8243; alignment=&#8221;center&#8221; css=&#8221;&#8221;][\/vc_column_inner][vc_column_inner width=&#8221;1\/2&#8243;][vc_column_text css=&#8221;&#8221;]<\/p>\n<h3 data-end=\"813\" data-start=\"779\"><strong data-end=\"811\" data-start=\"783\" data-olk-copy-source=\"MessageBody\">Notre \u00e9quipe de conseil en portage<\/strong><\/h3>\n<p data-end=\"1020\" data-start=\"815\"><strong data-end=\"1035\" data-start=\"1025\">Carina<\/strong> &#8211; Maman de 2 enfants, <span data-end=\"1086\" data-start=\"1058\">conseill\u00e8re en portage depuis 2024<\/span>, chez cocoo-me\u00ae depuis 2025.<br data-end=\"1115\" data-start=\"1112\"><em data-end=\"1231\" data-start=\"1115\">&#8220;Un porte-b\u00e9b\u00e9 bien ajust\u00e9 rend le quotidien avec b\u00e9b\u00e9 tellement plus facile &#8211; je suis heureuse de vous aider \u00e0 le faire !&#8221;<\/em><\/p>\n<p data-end=\"1020\" data-start=\"815\"><strong data-end=\"826\" data-start=\"818\">Tina<\/strong> &#8211; Maman de 3 enfants, <span data-end=\"877\" data-start=\"849\">conseill\u00e8re en portage depuis 2021<\/span>, chez cocoo-me\u00ae depuis 2023.<br data-end=\"906\" data-start=\"903\"><em data-end=\"1018\" data-start=\"906\">&#8220;Le portage renforce les liens et offre un sentiment de s\u00e9curit\u00e9 &#8211; je vous aiderai volontiers \u00e0 trouver le mode de portage parfait&#8221;.<\/em><\/p>\n<p>[\/vc_column_text][\/vc_column_inner][vc_column_inner width=&#8221;1\/4&#8243;][vc_single_image image=&#8221;36544&#8243; img_size=&#8221;200&#8243; alignment=&#8221;center&#8221; css=&#8221;&#8221;][\/vc_column_inner][\/vc_row_inner][vc_row_inner el_disable_desktop=&#8221;1&#8243; el_disable_tablet=&#8221;1&#8243;][vc_column_inner width=&#8221;1\/3&#8243;][vc_column_text css=&#8221;&#8221;]<\/p>\n<h3 data-end=\"813\" data-start=\"779\"><strong data-end=\"811\" data-start=\"783\" data-olk-copy-source=\"MessageBody\">Notre \u00e9quipe de conseil en portage<\/strong><\/h3>\n<p data-end=\"1020\" data-start=\"815\"><strong data-end=\"1035\" data-start=\"1025\">Carina<\/strong> &#8211; Maman de 2 enfants, <span data-end=\"1086\" data-start=\"1058\">conseill\u00e8re en portage depuis 2024<\/span>, chez cocoo-me\u00ae depuis 2025.<br data-end=\"1115\" data-start=\"1112\"><em data-end=\"1231\" data-start=\"1115\">&#8220;Un porte-b\u00e9b\u00e9 bien ajust\u00e9 rend le quotidien avec b\u00e9b\u00e9 tellement plus facile &#8211; je suis heureuse de vous aider \u00e0 le faire !&#8221;<\/em><\/p>\n<p data-end=\"1020\" data-start=\"815\"><strong data-end=\"826\" data-start=\"818\">Tina<\/strong> &#8211; Maman de 3 enfants, <span data-end=\"877\" data-start=\"849\">conseill\u00e8re en portage depuis 2021<\/span>, chez cocoo-me\u00ae depuis 2023.<br data-end=\"906\" data-start=\"903\"><em data-end=\"1018\" data-start=\"906\">&#8220;Le portage renforce les liens et offre un sentiment de s\u00e9curit\u00e9 &#8211; je vous aiderai volontiers \u00e0 trouver le mode de portage parfait&#8221;.<\/em><\/p>\n<p>[\/vc_column_text][\/vc_column_inner][vc_column_inner width=&#8221;1\/3&#8243;][vc_single_image image=&#8221;36540&#8243; img_size=&#8221;200&#8243; alignment=&#8221;center&#8221; css=&#8221;&#8221;][\/vc_column_inner][vc_column_inner width=&#8221;1\/3&#8243;][vc_single_image image=&#8221;36544&#8243; img_size=&#8221;200&#8243; alignment=&#8221;center&#8221; css=&#8221;&#8221;][\/vc_column_inner][\/vc_row_inner][vc_empty_space][\/vc_column][\/vc_row][vc_row][vc_column][vc_empty_space][vc_empty_space][vc_column_text]<\/p>\n<h2 style=\"text-align: center;\"><strong>TU TROUVERAS ICI DES SAGES-FEMMES ET DES CONSEILL\u00c8RES EN PORTAGE QUI PROPOSENT NOS PRODUITS DANS LEUR ASSORTIMENT.<\/strong><\/h2>\n<p>[\/vc_column_text][vc_empty_space][vc_column_text]<\/p>\n<p style=\"text-align: center;\"><span style=\"color: #dec0cc;\"><strong><em>cliquer sur &#8220;Charger le contenu&#8221;, la carte est alors charg\u00e9e<\/em><\/strong><\/span><\/p>\n<p>[\/vc_column_text][\/vc_column][\/vc_row][vc_row full_width=&#8221;stretch_row_content_no_spaces&#8221;][vc_column][vc_raw_html]W2JvcmxhYnMtY29va2llIGlkPSJnb29nbGVtYXBzIiB0eXBlPSJjb250ZW50LWJsb2NrZXIiXVtwdXRfd3BnbSBpZD0iMSJdWy9ib3JsYWJzLWNvb2tpZV0=[\/vc_raw_html][vc_empty_space height=&#8221;50px&#8221;][\/vc_column][\/vc_row][vc_row][vc_column][vc_column_text]<\/p>\n<h2 style=\"text-align: center;\"><strong>Tu as des questions individuelles sur le portage et tu as besoin d&#8217;aide sur place ?<\/strong><\/h2>\n<h2 style=\"text-align: center;\"><strong>Dans ce cas, nous te recommandons vivement de suivre un conseil en portage !<\/strong><\/h2>\n<p style=\"text-align: center;\">Une conseill\u00e8re en portage r\u00e9pondra volontiers \u00e0 toutes tes questions et te donnera des conseils et des astuces. Nous t&#8217;aidons volontiers \u00e0 trouver une conseill\u00e8re en portage comp\u00e9tente dans ta r\u00e9gion ! N&#8217;h\u00e9site pas \u00e0 nous \u00e9crire.<\/p>\n<p>[\/vc_column_text][vc_column_text][\/vc_column_text][vc_empty_space]\n<div class=\"wpcf7 no-js\" id=\"wpcf7-f27863-o1\" lang=\"fr-FR\" dir=\"ltr\" data-wpcf7-id=\"27863\">\n<div class=\"screen-reader-response\"><p role=\"status\" aria-live=\"polite\" aria-atomic=\"true\"><\/p> <ul><\/ul><\/div>\n<form action=\"\/fr\/wp-json\/wp\/v2\/pages\/27653#wpcf7-f27863-o1\" method=\"post\" class=\"wpcf7-form init\" aria-label=\"Formulaire de contact\" novalidate=\"novalidate\" data-status=\"init\">\n<fieldset class=\"hidden-fields-container\"><input type=\"hidden\" name=\"_wpcf7\" value=\"27863\" \/><input type=\"hidden\" name=\"_wpcf7_version\" value=\"6.1.4\" \/><input type=\"hidden\" name=\"_wpcf7_locale\" value=\"fr_FR\" \/><input type=\"hidden\" name=\"_wpcf7_unit_tag\" value=\"wpcf7-f27863-o1\" \/><input type=\"hidden\" name=\"_wpcf7_container_post\" value=\"0\" \/><input type=\"hidden\" name=\"_wpcf7_posted_data_hash\" value=\"\" \/>\n<\/fieldset>\n<label>  Ton nom\n    <span class=\"wpcf7-form-control-wrap\" data-name=\"your-name\"><input size=\"40\" maxlength=\"400\" class=\"wpcf7-form-control wpcf7-text wpcf7-validates-as-required\" aria-required=\"true\" aria-invalid=\"false\" value=\"\" type=\"text\" name=\"your-name\" \/><\/span> <\/label>\n\n<label>  Ton adresse e-mail\n    <span class=\"wpcf7-form-control-wrap\" data-name=\"your-email\"><input size=\"40\" maxlength=\"400\" class=\"wpcf7-form-control wpcf7-email wpcf7-validates-as-required wpcf7-text wpcf7-validates-as-email\" aria-required=\"true\" aria-invalid=\"false\" value=\"\" type=\"email\" name=\"your-email\" \/><\/span> <\/label>\n\n<label>  Sujet\n    <span class=\"wpcf7-form-control-wrap\" data-name=\"your-subject\"><input size=\"40\" maxlength=\"400\" class=\"wpcf7-form-control wpcf7-text wpcf7-validates-as-required\" aria-required=\"true\" aria-invalid=\"false\" value=\"\" type=\"text\" name=\"your-subject\" \/><\/span> <\/label>\n\n<label>  Ton message (facultatif)\n    <span class=\"wpcf7-form-control-wrap\" data-name=\"your-message\"><textarea cols=\"40\" rows=\"10\" maxlength=\"2000\" class=\"wpcf7-form-control wpcf7-textarea\" aria-invalid=\"false\" name=\"your-message\"><\/textarea><\/span> <\/label>\n\n<span class=\"wpcf7-form-control-wrap\" data-name=\"Datenschutz\"><span class=\"wpcf7-form-control wpcf7-acceptance\"><span class=\"wpcf7-list-item\"><label><input type=\"checkbox\" name=\"Datenschutz\" value=\"1\" aria-invalid=\"false\" \/><span class=\"wpcf7-list-item-label\">Veuillez accepter nos informations sur la protection des donn\u00e9es. Nous devons conserver tes donn\u00e9es pour pouvoir te contacter.<\/span><\/label><\/span><\/span><\/span>\n\n<input class=\"wpcf7-form-control wpcf7-submit has-spinner\" type=\"submit\" value=\"Senden\" \/><div class=\"wpcf7-response-output\" aria-hidden=\"true\"><\/div>\n<\/form>\n<\/div>\n[vc_empty_space][\/vc_column][\/vc_row]<\/p>\n<\/div>","protected":false},"excerpt":{"rendered":"<p>[vc_row full_width=&#8221;stretch_row_content_no_spaces&#8221; css=&#8221;.vc_custom_1614765544744{margin-top: 0px !important;margin-bottom: 0px !important;border-top-width: 0px !important;border-bottom-width: 0px !important;padding-top: 0px !important;padding-bottom: 0px !important;background-image: url(https:\/\/www.cocoome.com\/wp-content\/uploads\/2021\/02\/cocoome-Trageberatung-Tragetuch-Babytragetuch-Trageberaterin2021.jpg?id=4216) !important;background-position: center !important;background-repeat: no-repeat&#8230;<\/p>\n","protected":false},"author":1,"featured_media":0,"parent":0,"menu_order":0,"comment_status":"closed","ping_status":"closed","template":"","meta":{"footnotes":""},"class_list":["post-27653","page","type-page","status-publish"],"_links":{"self":[{"href":"https:\/\/www.cocoome.com\/fr\/wp-json\/wp\/v2\/pages\/27653","targetHints":{"allow":["GET"]}}],"collection":[{"href":"https:\/\/www.cocoome.com\/fr\/wp-json\/wp\/v2\/pages"}],"about":[{"href":"https:\/\/www.cocoome.com\/fr\/wp-json\/wp\/v2\/types\/page"}],"author":[{"embeddable":true,"href":"https:\/\/www.cocoome.com\/fr\/wp-json\/wp\/v2\/users\/1"}],"replies":[{"embeddable":true,"href":"https:\/\/www.cocoome.com\/fr\/wp-json\/wp\/v2\/comments?post=27653"}],"version-history":[{"count":0,"href":"https:\/\/www.cocoome.com\/fr\/wp-json\/wp\/v2\/pages\/27653\/revisions"}],"wp:attachment":[{"href":"https:\/\/www.cocoome.com\/fr\/wp-json\/wp\/v2\/media?parent=27653"}],"curies":[{"name":"wp","href":"https:\/\/api.w.org\/{rel}","templated":true}]}}