{"id":27632,"date":"2020-11-02T15:38:26","date_gmt":"2020-11-02T14:38:26","guid":{"rendered":"https:\/\/www.cocoome.com\/instructions-pour-cocoo-me\/"},"modified":"2024-11-11T07:38:33","modified_gmt":"2024-11-11T06:38:33","slug":"instructions-pour-cocoo-me","status":"publish","type":"page","link":"https:\/\/www.cocoome.com\/fr\/instructions-pour-cocoo-me\/","title":{"rendered":"Instructions pour COCOO-ME"},"content":{"rendered":"<div class=\"wpb-content-wrapper\"><p>[vc_row full_width=&#8221;stretch_row&#8221; css=&#8221;.vc_custom_1676387086908{margin-top: 0px !important;padding-top: 0px !important;}&#8221; el_class=&#8221;headerblock&#8221;][vc_column][vc_empty_space][vc_column_text css=&#8221;&#8221;]<\/p>\n<h1 style=\"text-align: center;\"><strong>Instructions<\/strong><\/h1>\n<p style=\"text-align: center;\">Nous avons rassembl\u00e9 pour vous tous les modes d&#8217;emploi des diff\u00e9rents produits. Il vous suffit de cliquer sur le bouton correspondant pour acc\u00e9der directement aux instructions du produit. Si vous avez des questions, n&#8217;h\u00e9sitez pas \u00e0 nous \u00e9crire<a href=\"https:\/\/www.cocoome.com\/fr\/contact\/\">(page de contact<\/a>) :  <\/p>\n<p>[\/vc_column_text][vc_empty_space][vc_row_inner][vc_column_inner width=&#8221;1\/3&#8243;][\/vc_column_inner][vc_column_inner width=&#8221;1\/3&#8243;][vc_btn title=&#8221;H\u00c9LIUM HALFBUCKLE&#8221; size=&#8221;lg&#8221; align=&#8221;center&#8221; css=&#8221;&#8221; button_block=&#8221;true&#8221; link=&#8221;url:https%3A%2F%2Fwww.cocoome.com%2Ffr%2Finstructions-pour-cocoo-me%2Fhelium-halfbuckle-instructions%2F|title:H%C3%89LIUM%20HALFBUCKLE%20INSTRUCTIONS|target:_blank|&#8221; el_class=&#8221;buttonanleitung&#8221;][\/vc_column_inner][vc_column_inner width=&#8221;1\/3&#8243;][\/vc_column_inner][\/vc_row_inner][vc_row_inner][vc_column_inner width=&#8221;1\/3&#8243;][\/vc_column_inner][vc_column_inner width=&#8221;1\/3&#8243;][vc_btn title=&#8221;SLING&#8221; size=&#8221;lg&#8221; align=&#8221;center&#8221; css=&#8221;&#8221; button_block=&#8221;true&#8221; link=&#8221;url:https%3A%2F%2Fwww.cocoome.com%2Ffr%2Finstructions-pour-cocoo-me%2Fsling-modes-demploi%2F|title:SLING|target:_blank|&#8221; el_class=&#8221;buttonanleitung&#8221;][\/vc_column_inner][vc_column_inner width=&#8221;1\/3&#8243;][\/vc_column_inner][\/vc_row_inner][vc_row_inner][vc_column_inner width=&#8221;1\/3&#8243;][\/vc_column_inner][vc_column_inner width=&#8221;1\/3&#8243;][vc_btn title=&#8221;SLING PREEMIE&#8221; size=&#8221;lg&#8221; align=&#8221;center&#8221; css=&#8221;&#8221; button_block=&#8221;true&#8221; link=&#8221;url:https%3A%2F%2Fwww.cocoome.com%2Ffr%2Finstructions-pour-cocoo-me%2Fsling-preemie-instructions%2F|title:SLING%20PREEMIE|target:_blank|&#8221; el_class=&#8221;buttonanleitung&#8221;][\/vc_column_inner][vc_column_inner width=&#8221;1\/3&#8243;][\/vc_column_inner][\/vc_row_inner][vc_row_inner][vc_column_inner width=&#8221;1\/3&#8243;][\/vc_column_inner][vc_column_inner width=&#8221;1\/3&#8243;][vc_btn title=&#8221;RINGSLING&#8221; size=&#8221;lg&#8221; align=&#8221;center&#8221; css=&#8221;&#8221; button_block=&#8221;true&#8221; link=&#8221;url:https%3A%2F%2Fwww.cocoome.com%2Ffr%2Finstructions-pour-cocoo-me%2Finstructions-ringsling%2F|title:RINGSLING|target:_blank|&#8221; el_class=&#8221;buttonanleitung&#8221;][\/vc_column_inner][vc_column_inner width=&#8221;1\/3&#8243;][\/vc_column_inner][\/vc_row_inner][vc_row_inner][vc_column_inner width=&#8221;1\/3&#8243;][\/vc_column_inner][vc_column_inner width=&#8221;1\/3&#8243;][vc_btn title=&#8221;SAC \u00c0 PUCES (BABYCOCOON)&#8221; size=&#8221;lg&#8221; align=&#8221;center&#8221; css=&#8221;&#8221; button_block=&#8221;true&#8221; link=&#8221;url:https%3A%2F%2Fwww.cocoome.com%2Ffr%2Finstructions-pour-cocoo-me%2Fsac-de-puck-babycocoon-modes-demploi%2F|title:RINGSLING|target:_blank|&#8221; el_class=&#8221;buttonanleitung&#8221;][\/vc_column_inner][vc_column_inner width=&#8221;1\/3&#8243;][\/vc_column_inner][\/vc_row_inner][vc_row_inner][vc_column_inner width=&#8221;1\/3&#8243;][\/vc_column_inner][vc_column_inner width=&#8221;1\/3&#8243;][vc_btn title=&#8221;EXTENSION DE VESTE CLIP-IN&#8221; size=&#8221;lg&#8221; align=&#8221;center&#8221; css=&#8221;&#8221; button_block=&#8221;true&#8221; link=&#8221;url:https%3A%2F%2Fwww.cocoome.com%2Ffr%2Finstructions-pour-cocoo-me%2Fclip-in-extension-de-veste-instructions%2F|title:RINGSLING|target:_blank|&#8221; el_class=&#8221;buttonanleitung&#8221;][\/vc_column_inner][vc_column_inner width=&#8221;1\/3&#8243;][\/vc_column_inner][\/vc_row_inner][vc_row_inner][vc_column_inner width=&#8221;1\/3&#8243;][\/vc_column_inner][vc_column_inner width=&#8221;1\/3&#8243;][vc_btn title=&#8221;ALLROUNDER 4IN1 SAC \u00c0 PIEDS&#8221; size=&#8221;lg&#8221; align=&#8221;center&#8221; css=&#8221;&#8221; button_block=&#8221;true&#8221; link=&#8221;url:https%3A%2F%2Fwww.cocoome.com%2Ffr%2Finstructions-pour-cocoo-me%2Fallrounder-4in1-sac-a-pieds-mode-demploi%2F|title:RINGSLING|target:_blank|&#8221; el_class=&#8221;buttonanleitung&#8221;][\/vc_column_inner][vc_column_inner width=&#8221;1\/3&#8243;][\/vc_column_inner][\/vc_row_inner][vc_row_inner][vc_column_inner width=&#8221;1\/3&#8243;][\/vc_column_inner][vc_column_inner width=&#8221;1\/3&#8243;][vc_btn title=&#8221;WOLLWALK&#8221; size=&#8221;lg&#8221; align=&#8221;center&#8221; css=&#8221;&#8221; button_block=&#8221;true&#8221; link=&#8221;url:https%3A%2F%2Fwww.cocoome.com%2Ffr%2Finstructions-pour-cocoo-me%2Flaine-de-laine-instructions%2F|title:WOLLWALK|target:_blank|&#8221; el_class=&#8221;buttonanleitung&#8221;][\/vc_column_inner][vc_column_inner width=&#8221;1\/3&#8243;][\/vc_column_inner][\/vc_row_inner][\/vc_column][\/vc_row]<\/p>\n<\/div>","protected":false},"excerpt":{"rendered":"<p>[vc_row full_width=&#8221;stretch_row&#8221; css=&#8221;.vc_custom_1676387086908{margin-top: 0px !important;padding-top: 0px !important;}&#8221; el_class=&#8221;headerblock&#8221;][vc_column][vc_empty_space][vc_column_text css=&#8221;&#8221;] Instructions Nous avons rassembl\u00e9 pour vous tous les modes d&#8217;emploi des&#8230;<\/p>\n","protected":false},"author":1,"featured_media":0,"parent":0,"menu_order":0,"comment_status":"closed","ping_status":"closed","template":"","meta":{"footnotes":""},"class_list":["post-27632","page","type-page","status-publish"],"_links":{"self":[{"href":"https:\/\/www.cocoome.com\/fr\/wp-json\/wp\/v2\/pages\/27632","targetHints":{"allow":["GET"]}}],"collection":[{"href":"https:\/\/www.cocoome.com\/fr\/wp-json\/wp\/v2\/pages"}],"about":[{"href":"https:\/\/www.cocoome.com\/fr\/wp-json\/wp\/v2\/types\/page"}],"author":[{"embeddable":true,"href":"https:\/\/www.cocoome.com\/fr\/wp-json\/wp\/v2\/users\/1"}],"replies":[{"embeddable":true,"href":"https:\/\/www.cocoome.com\/fr\/wp-json\/wp\/v2\/comments?post=27632"}],"version-history":[{"count":0,"href":"https:\/\/www.cocoome.com\/fr\/wp-json\/wp\/v2\/pages\/27632\/revisions"}],"wp:attachment":[{"href":"https:\/\/www.cocoome.com\/fr\/wp-json\/wp\/v2\/media?parent=27632"}],"curies":[{"name":"wp","href":"https:\/\/api.w.org\/{rel}","templated":true}]}}