{"id":27614,"date":"2020-11-12T15:28:20","date_gmt":"2020-11-12T14:28:20","guid":{"rendered":"https:\/\/www.cocoome.com\/professionnels\/"},"modified":"2025-06-27T10:04:31","modified_gmt":"2025-06-27T08:04:31","slug":"professionnels","status":"publish","type":"page","link":"https:\/\/www.cocoome.com\/fr\/professionnels\/","title":{"rendered":"Professionnels"},"content":{"rendered":"<div class=\"wpb-content-wrapper\"><p>[vc_row full_width=&#8221;stretch_row_content_no_spaces&#8221; css=&#8221;.vc_custom_1614765544744{margin-top: 0px !important;margin-bottom: 0px !important;border-top-width: 0px !important;border-bottom-width: 0px !important;padding-top: 0px !important;padding-bottom: 0px !important;background-image: url(https:\/\/www.cocoome.com\/wp-content\/uploads\/2021\/02\/cocoome-Trageberatung-Tragetuch-Babytragetuch-Trageberaterin2021.jpg?id=4216) !important;background-position: center !important;background-repeat: no-repeat !important;background-size: cover !important;}&#8221;][vc_column offset=&#8221;vc_hidden-sm vc_hidden-xs&#8221;][vc_empty_space height=&#8221;633px&#8221;][\/vc_column][\/vc_row][vc_row full_width=&#8221;stretch_row_content_no_spaces&#8221; css=&#8221;.vc_custom_1614769927883{margin-top: 0px !important;margin-bottom: 0px !important;border-top-width: 0px !important;border-bottom-width: 0px !important;padding-top: 0px !important;padding-bottom: 0px !important;}&#8221; custom_css_code=&#8221;cGFkZGluZy10b3AlM0EtMzBweCUyMWltcG9ydGFudCUzQg==&#8221;][vc_column offset=&#8221;vc_hidden-lg vc_hidden-md&#8221;][vc_single_image image=&#8221;4216&#8243; img_size=&#8221;full&#8221; alignment=&#8221;center&#8221; css=&#8221;.vc_custom_1614769997855{margin-top: 0px !important;margin-bottom: 0px !important;border-top-width: 0px !important;border-bottom-width: 0px !important;padding-top: 0px !important;padding-bottom: 0px !important;}&#8221;][\/vc_column][\/vc_row][vc_row][vc_column][vc_empty_space][vc_column_text]<\/p>\n<h1 style=\"text-align: center;\">PERSONNES SP\u00c9CIALIS\u00c9ES<wbr><\/wbr>ONEN<\/h1>\n<p>[\/vc_column_text][vc_empty_space][vc_column_text css=&#8221;&#8221;]<\/p>\n<p style=\"text-align: center;\">Vous travaillez dans les soins post-partum, l&#8217;animation de cours ou le conseil en portage ? Alors profitez de notre offre exclusive pour les professionnels : Vous b\u00e9n\u00e9ficiez d&#8217;une <strong>remise<\/strong> unique de <strong>40 %<\/strong> sur nos porte-b\u00e9b\u00e9s (\u00e0 l&#8217;exception des articles de la cat\u00e9gorie &#8220;Divers&#8221;). <\/p>\n<p style=\"text-align: center;\">&#8220;<strong>Utilisez \u00e9galement notre mod\u00e8le de dropshipping : vous commandez pour vos clients, nous livrons directement \u00e0 leur adresse<\/strong>&#8220;<strong>.<\/strong><\/p>\n<p style=\"text-align: center;\">Pour plus d&#8217;informations, n&#8217;h\u00e9sitez pas \u00e0 nous contacter &#8211; nous serons ravis de vous accueillir !<\/p>\n<p style=\"text-align: center;\">Envoyez-nous votre demande (y compris votre certificat de formation) soit via notre formulaire de contact (8 Mo maximum, PDF ou JPG uniquement), soit par e-mail \u00e0 <a href=\"mailto:fachpersonen@cocoome.com\" target=\"_blank\" rel=\"noopener noreferrer\">fachpersonen@cocoome.com.<\/a><\/p>\n<p>[\/vc_column_text][vc_empty_space]\n<div class=\"wpcf7 no-js\" id=\"wpcf7-f38434-o1\" lang=\"fr-FR\" dir=\"ltr\" data-wpcf7-id=\"38434\">\n<div class=\"screen-reader-response\"><p role=\"status\" aria-live=\"polite\" aria-atomic=\"true\"><\/p> <ul><\/ul><\/div>\n<form action=\"\/fr\/wp-json\/wp\/v2\/pages\/27614#wpcf7-f38434-o1\" method=\"post\" class=\"wpcf7-form init\" aria-label=\"Formulaire de contact\" enctype=\"multipart\/form-data\" novalidate=\"novalidate\" data-status=\"init\">\n<fieldset class=\"hidden-fields-container\"><input type=\"hidden\" name=\"_wpcf7\" value=\"38434\" \/><input type=\"hidden\" name=\"_wpcf7_version\" value=\"6.1.4\" \/><input type=\"hidden\" name=\"_wpcf7_locale\" value=\"fr_FR\" \/><input type=\"hidden\" name=\"_wpcf7_unit_tag\" value=\"wpcf7-f38434-o1\" \/><input type=\"hidden\" name=\"_wpcf7_container_post\" value=\"0\" \/><input type=\"hidden\" name=\"_wpcf7_posted_data_hash\" value=\"\" \/>\n<\/fieldset>\n<label>  Pr\u00e9nom\n    <span class=\"wpcf7-form-control-wrap\" data-name=\"Vorname\"><input size=\"40\" maxlength=\"400\" class=\"wpcf7-form-control wpcf7-text wpcf7-validates-as-required\" aria-required=\"true\" aria-invalid=\"false\" value=\"\" type=\"text\" name=\"Vorname\" \/><\/span> <\/label>\n\n<label>  Nom de famille\n    <span class=\"wpcf7-form-control-wrap\" data-name=\"Nachname\"><input size=\"40\" maxlength=\"400\" class=\"wpcf7-form-control wpcf7-text wpcf7-validates-as-required\" aria-required=\"true\" aria-invalid=\"false\" value=\"\" type=\"text\" name=\"Nachname\" \/><\/span> <\/label>\n\n<label>  Soci\u00e9t\u00e9\n    <span class=\"wpcf7-form-control-wrap\" data-name=\"Firma\"><input size=\"40\" maxlength=\"400\" class=\"wpcf7-form-control wpcf7-text wpcf7-validates-as-required\" aria-required=\"true\" aria-invalid=\"false\" value=\"\" type=\"text\" name=\"Firma\" \/><\/span> <\/label>\n\n<label>  Adresse\n    <span class=\"wpcf7-form-control-wrap\" data-name=\"Adresse\"><input size=\"40\" maxlength=\"400\" class=\"wpcf7-form-control wpcf7-text wpcf7-validates-as-required\" aria-required=\"true\" aria-invalid=\"false\" value=\"\" type=\"text\" name=\"Adresse\" \/><\/span> <\/label>\n\n<label>  Ton adresse e-mail\n    <span class=\"wpcf7-form-control-wrap\" data-name=\"your-email\"><input size=\"40\" maxlength=\"400\" class=\"wpcf7-form-control wpcf7-email wpcf7-validates-as-required wpcf7-text wpcf7-validates-as-email\" aria-required=\"true\" aria-invalid=\"false\" value=\"\" type=\"email\" name=\"your-email\" \/><\/span> <\/label>\n\n<label>  Sujet\n    <span class=\"wpcf7-form-control-wrap\" data-name=\"your-subject\"><input size=\"40\" maxlength=\"400\" class=\"wpcf7-form-control wpcf7-text wpcf7-validates-as-required\" aria-required=\"true\" aria-invalid=\"false\" value=\"\" type=\"text\" name=\"your-subject\" \/><\/span> <\/label>\n\n<label>  Ton message (facultatif)\n    <span class=\"wpcf7-form-control-wrap\" data-name=\"your-message\"><textarea cols=\"40\" rows=\"10\" maxlength=\"2000\" class=\"wpcf7-form-control wpcf7-textarea\" aria-invalid=\"false\" name=\"your-message\"><\/textarea><\/span> <\/label>\n\nPreuve du m\u00e9tier\/de la formation (par pdf\/jpg) :\n\n<span class=\"wpcf7-form-control-wrap\" data-name=\"Unterlagen1\"><input size=\"40\" class=\"wpcf7-form-control wpcf7-file\" id=\"Upload1\" accept=\".gif,.png,.jpg,.jpeg,.pdf\" aria-invalid=\"false\" type=\"file\" name=\"Unterlagen1\" \/><\/span>\n\n<span class=\"wpcf7-form-control-wrap\" data-name=\"Unterlagen2\"><input size=\"40\" class=\"wpcf7-form-control wpcf7-file\" id=\"Upload2\" accept=\".gif,.png,.jpg,.jpeg,.pdf\" aria-invalid=\"false\" type=\"file\" name=\"Unterlagen2\" \/><\/span>\n\n<span class=\"wpcf7-form-control-wrap\" data-name=\"Datenschutz\"><span class=\"wpcf7-form-control wpcf7-acceptance\"><span class=\"wpcf7-list-item\"><label><input type=\"checkbox\" name=\"Datenschutz\" value=\"1\" aria-invalid=\"false\" \/><span class=\"wpcf7-list-item-label\">Veuillez accepter nos informations sur la protection des donn\u00e9es. Nous devons conserver tes donn\u00e9es pour pouvoir te contacter.<\/span><\/label><\/span><\/span><\/span>\n\n<input class=\"wpcf7-form-control wpcf7-submit has-spinner\" type=\"submit\" value=\"Envoyer\" \/><div class=\"wpcf7-response-output\" aria-hidden=\"true\"><\/div>\n<\/form>\n<\/div>\n[vc_empty_space][vc_column_text]<\/p>\n<h2 style=\"text-align: center;\">Inscription \u00e0 la newsletter pour les professionnels<\/h2>\n<p style=\"text-align: center;\">Inscris-toi \u00e0 la newsletter et ne manque aucune nouvelle !<\/p>\n<p>[\/vc_column_text][vc_empty_space][vc_raw_html]PCEtLSBCZWdpbiBTZW5kaW5ibHVlIEZvcm0gLS0+IDwhLS0gU1RBUlQgLSBXZSByZWNvbW1lbmQgdG8gcGxhY2UgdGhlIGJlbG93IGNvZGUgaW4gaGVhZCB0YWcgb2YgeW91ciB3ZWJzaXRlIGh0bWwgLS0+IDxzdHlsZT4gQGZvbnQtZmFjZSB7IGZvbnQtZGlzcGxheTogYmxvY2s7IGZvbnQtZmFtaWx5OiBSb2JvdG87IHNyYzogdXJsKGh0dHBzOi8vYXNzZXRzLnNlbmRpbmJsdWUuY29tL2ZvbnQvUm9ib3RvL0xhdGluL25vcm1hbC9ub3JtYWwvNzUyOTkwN2U5ZWFmOGViYjUyMjBjNWY5ODUwZTM4MTEud29mZjIpIGZvcm1hdCgid29mZjIiKSwgdXJsKGh0dHBzOi8vYXNzZXRzLnNlbmRpbmJsdWUuY29tL2ZvbnQvUm9ib3RvL0xhdGluL25vcm1hbC9ub3JtYWwvMjVjNjc4ZmVhZmRjMTc1YTcwOTIyYTExNmM5YmUzZTcud29mZikgZm9ybWF0KCJ3b2ZmIikgfSBAZm9udC1mYWNlIHsgZm9udC1kaXNwbGF5OiBmYWxsYmFjazsgZm9udC1mYW1pbHk6IFJvYm90bzsgZm9udC13ZWlnaHQ6IDYwMDsgc3JjOiB1cmwoaHR0cHM6Ly9hc3NldHMuc2VuZGluYmx1ZS5jb20vZm9udC9Sb2JvdG8vTGF0aW4vbWVkaXVtL25vcm1hbC82ZTljYWVlYWZiMWYzNDkxYmUzZTMyNzQ0YmMzMDQ0MC53b2ZmMikgZm9ybWF0KCJ3b2ZmMiIpLCB1cmwoaHR0cHM6Ly9hc3NldHMuc2VuZGluYmx1ZS5jb20vZm9udC9Sb2JvdG8vTGF0aW4vbWVkaXVtL25vcm1hbC83MTUwMWYwZDhkNWFhOTU5NjBmNjQ3NWQ1NDg3ZDRjMi53b2ZmKSBmb3JtYXQoIndvZmYiKSB9IEBmb250LWZhY2UgeyBmb250LWRpc3BsYXk6IGZhbGxiYWNrOyBmb250LWZhbWlseTogUm9ib3RvOyBmb250LXdlaWdodDogNzAwOyBzcmM6IHVybChodHRwczovL2Fzc2V0cy5zZW5kaW5ibHVlLmNvbS9mb250L1JvYm90by9MYXRpbi9ib2xkL25vcm1hbC8zZWY3Y2YxNThmMzEwY2Y3NTJkNWFkMDhjZDBlN2U2MC53b2ZmMikgZm9ybWF0KCJ3b2ZmMiIpLCB1cmwoaHR0cHM6Ly9hc3NldHMuc2VuZGluYmx1ZS5jb20vZm9udC9Sb2JvdG8vTGF0aW4vYm9sZC9ub3JtYWwvZWNlM2ExZDgyZjE4YjYwYmNjZTAyMTE3MjVjNDc2YWEud29mZikgZm9ybWF0KCJ3b2ZmIikgfSAjc2liLWNvbnRhaW5lciBpbnB1dDotbXMtaW5wdXQtcGxhY2Vob2xkZXIgeyB0ZXh0LWFsaWduOiBsZWZ0OyBmb250LWZhbWlseTogIkhlbHZldGljYSIsIHNhbnMtc2VyaWY7IGNvbG9yOiAjYzBjY2RhOyB9ICNzaWItY29udGFpbmVyIGlucHV0OjpwbGFjZWhvbGRlciB7IHRleHQtYWxpZ246IGxlZnQ7IGZvbnQtZmFtaWx5OiAiSGVsdmV0aWNhIiwgc2Fucy1zZXJpZjsgY29sb3I6ICNjMGNjZGE7IH0gPC9zdHlsZT4gPGxpbmsgcmVsPSJzdHlsZXNoZWV0IiBocmVmPSJodHRwczovL3NpYmZvcm1zLmNvbS9mb3Jtcy9lbmQtZm9ybS9idWlsZC9zaWItc3R5bGVzLmNzcyI+IDwhLS0gRU5EIC0gV2UgcmVjb21tZW5kIHRvIHBsYWNlIHRoZSBhYm92ZSBjb2RlIGluIGhlYWQgdGFnIG9mIHlvdXIgd2Vic2l0ZSBodG1sIC0tPiA8IS0tIFNUQVJUIC0gV2UgcmVjb21tZW5kIHRvIHBsYWNlIHRoZSBiZWxvdyBjb2RlIHdoZXJlIHlvdSB3YW50IHRoZSBmb3JtIGluIHlvdXIgd2Vic2l0ZSBodG1sIC0tPiA8ZGl2IGNsYXNzPSJzaWItZm9ybSIgc3R5bGU9InRleHQtYWxpZ246IGNlbnRlcjsgYmFja2dyb3VuZC1jb2xvcjogI0VGRjJGNzsgICI+IDxkaXYgaWQ9InNpYi1mb3JtLWNvbnRhaW5lciIgY2xhc3M9InNpYi1mb3JtLWNvbnRhaW5lciI+IDxkaXYgaWQ9InNpYi1jb250YWluZXIiIGNsYXNzPSJzaWItY29udGFpbmVyLS1sYXJnZSBzaWItY29udGFpbmVyLS12ZXJ0aWNhbCIgc3R5bGU9InRleHQtYWxpZ246Y2VudGVyOyBiYWNrZ3JvdW5kLWNvbG9yOnJnYmEoMjU1LDI1NSwyNTUsMSk7IG1heC13aWR0aDo1NDBweDsgYm9yZGVyLXJhZGl1czozcHg7IGJvcmRlci13aWR0aDoxcHg7IGJvcmRlci1jb2xvcjojQzBDQ0Q5OyBib3JkZXItc3R5bGU6c29saWQ7Ij4gPGZvcm0gaWQ9InNpYi1mb3JtIiBtZXRob2Q9IlBPU1QiIGFjdGlvbj0iaHR0cHM6Ly9kYTY1YTUwZi5zaWJmb3Jtcy5jb20vc2VydmUvTVVJRUFJcUpLRTNxZHBOcl8tZTlGNkVobDU2V2lWajlDdXJWLTkyWDV1NEdBd1R4SXppcWxGa2d4Xzc5M0RUd2tQTWQ2WTRlc1BBaDNiTHU3V1FKSlpRa0FGdElkbkxENDFDRlY5SllYYV9qcXJGbl9WRlBxMURoN0R5eVRxUi1XSXNyZFZINk03b3Bfdkc3Rmo0WVZNLUNmZ2J5akpDNEVhS2c5azd5UzNKRFpfREpKSnFhVXJrdVJhMkZKN0ZRWWhxaVBDazV5RjRoWVZ1diI+IDxkaXYgc3R5bGU9InBhZGRpbmc6IDhweCAwOyI+IDxkaXYgY2xhc3M9InNpYi1mb3JtLWJsb2NrIiBzdHlsZT0iZm9udC1zaXplOjMycHg7IHRleHQtYWxpZ246bGVmdDsgZm9udC13ZWlnaHQ6NzAwOyBmb250LWZhbWlseToiIGhlbHZldGljYT0iIiBzYW5zLXNlcmlmPSIiIGNvbG9yOj0iIiBiYWNrZ3JvdW5kLWNvbG9yOnRyYW5zcGFyZW50PSIiPiA8cD5CdWxsZXRpbiBkJ2luZm9ybWF0aW9uPC9wPiA8L2Rpdj4gPC9kaXY+IDxkaXYgc3R5bGU9InBhZGRpbmc6IDhweCAwOyI+IDxkaXYgY2xhc3M9InNpYi1mb3JtLWJsb2NrIiBzdHlsZT0iZm9udC1zaXplOjE2cHg7IHRleHQtYWxpZ246bGVmdDsgZm9udC1mYW1pbHk6IiBoZWx2ZXRpY2E9IiIgc2Fucy1zZXJpZj0iIiBjb2xvcjo9IiIgYmFja2dyb3VuZC1jb2xvcjp0cmFuc3BhcmVudD0iIj4gPGRpdiBjbGFzcz0ic2liLXRleHQtZm9ybS1ibG9jayI+IDxwPkluc2NyaXZlei12b3VzIMOgIG5vdHJlIG5ld3NsZXR0ZXIgcG91ciDDqnRyZSB0ZW51IGF1IGNvdXJhbnQuPC9wPiA8L2Rpdj4gPC9kaXY+IDwvZGl2PiA8ZGl2IHN0eWxlPSJwYWRkaW5nOiA4cHggMDsiPiA8ZGl2IGNsYXNzPSJzaWItaW5wdXQgc2liLWZvcm0tYmxvY2siPiA8ZGl2IGNsYXNzPSJmb3JtX19lbnRyeSBlbnRyeV9ibG9jayI+IDxkaXYgY2xhc3M9ImZvcm1fX2xhYmVsLXJvdyAiPiA8bGFiZWwgY2xhc3M9ImVudHJ5X19sYWJlbCIgc3R5bGU9ImZvbnQtc2l6ZToxNnB4OyB0ZXh0LWFsaWduOmxlZnQ7IGZvbnQtd2VpZ2h0OjcwMDsgZm9udC1mYW1pbHk6IiBoZWx2ZXRpY2E9IiIgc2Fucy1zZXJpZj0iIiBjb2xvcjo9IiIgZm9yPSJGSVJTVE5BTUUiIGRhdGEtcmVxdWlyZWQ9IioiPiAgU2Fpc2lzc2V6IHZvdHJlL3ZvcyBwcsOpbm9tKHMpICA8L2xhYmVsPiA8ZGl2IGNsYXNzPSJlbnRyeV9fZmllbGQiPiA8aW5wdXQgY2xhc3M9ImlucHV0IiBtYXhsZW5ndGg9IjIwMCIgdHlwZT0idGV4dCIgaWQ9IkZJUlNUTkFNRSIgbmFtZT0iRklSU1ROQU1FIiBhdXRvY29tcGxldGU9Im9mZiIgcGxhY2Vob2xkZXI9IlByw6lub20iIGRhdGEtcmVxdWlyZWQ9InRydWUiIHJlcXVpcmVkPSIiPiA8L2Rpdj4gPC9kaXY+IDxsYWJlbCBjbGFzcz0iZW50cnlfX2Vycm9yIGVudHJ5X19lcnJvci0tcHJpbWFyeSIgc3R5bGU9ImZvbnQtc2l6ZToxNnB4OyB0ZXh0LWFsaWduOmxlZnQ7IGZvbnQtZmFtaWx5OiIgaGVsdmV0aWNhPSIiIHNhbnMtc2VyaWY9IiIgY29sb3I6PSIiIGJhY2tncm91bmQtY29sb3I6PSIiIGJvcmRlci1yYWRpdXM6M3B4PSIiIGJvcmRlci1jb2xvcjo9IiI+IDwvbGFiZWw+IDxsYWJlbCBjbGFzcz0iZW50cnlfX3NwZWNpZmljYXRpb24iIHN0eWxlPSJmb250LXNpemU6MTJweDsgdGV4dC1hbGlnbjpsZWZ0OyBmb250LWZhbWlseToiIGhlbHZldGljYT0iIiBzYW5zLXNlcmlmPSIiIGNvbG9yOj0iIj4gIFBlcnNvbm5hbGlzZXogY2UgdGV4dGUgZCdhaWRlIG9wdGlvbm5lbCBhdmFudCBkZSBwdWJsaWVyIHZvdHJlIGZvcm11bGFpcmUuICA8L2xhYmVsPiA8L2Rpdj4gPC9kaXY+IDwvZGl2PiA8ZGl2IHN0eWxlPSJwYWRkaW5nOiA4cHggMDsiPiA8ZGl2IGNsYXNzPSJzaWItaW5wdXQgc2liLWZvcm0tYmxvY2siPiA8ZGl2IGNsYXNzPSJmb3JtX19lbnRyeSBlbnRyeV9ibG9jayI+IDxkaXYgY2xhc3M9ImZvcm1fX2xhYmVsLXJvdyAiPiA8bGFiZWwgY2xhc3M9ImVudHJ5X19sYWJlbCIgc3R5bGU9ImZvbnQtc2l6ZToxNnB4OyB0ZXh0LWFsaWduOmxlZnQ7IGZvbnQtd2VpZ2h0OjcwMDsgZm9udC1mYW1pbHk6IiBoZWx2ZXRpY2E9IiIgc2Fucy1zZXJpZj0iIiBjb2xvcjo9IiIgZm9yPSJMQVNUTkFNRSIgZGF0YS1yZXF1aXJlZD0iKiI+ICBTYWlzaXNzZXogdm90cmUvdm9zIG5vbShzKSBkZSBmYW1pbGxlICA8L2xhYmVsPiA8ZGl2IGNsYXNzPSJlbnRyeV9fZmllbGQiPiA8aW5wdXQgY2xhc3M9ImlucHV0IiBtYXhsZW5ndGg9IjIwMCIgdHlwZT0idGV4dCIgaWQ9IkxBU1ROQU1FIiBuYW1lPSJMQVNUTkFNRSIgYXV0b2NvbXBsZXRlPSJvZmYiIHBsYWNlaG9sZGVyPSJOb20gZGUgZmFtaWxsZSIgZGF0YS1yZXF1aXJlZD0idHJ1ZSIgcmVxdWlyZWQ9IiI+IDwvZGl2PiA8L2Rpdj4gPGxhYmVsIGNsYXNzPSJlbnRyeV9fZXJyb3IgZW50cnlfX2Vycm9yLS1wcmltYXJ5IiBzdHlsZT0iZm9udC1zaXplOjE2cHg7IHRleHQtYWxpZ246bGVmdDsgZm9udC1mYW1pbHk6IiBoZWx2ZXRpY2E9IiIgc2Fucy1zZXJpZj0iIiBjb2xvcjo9IiIgYmFja2dyb3VuZC1jb2xvcjo9IiIgYm9yZGVyLXJhZGl1czozcHg9IiIgYm9yZGVyLWNvbG9yOj0iIj4gPC9sYWJlbD4gPGxhYmVsIGNsYXNzPSJlbnRyeV9fc3BlY2lmaWNhdGlvbiIgc3R5bGU9ImZvbnQtc2l6ZToxMnB4OyB0ZXh0LWFsaWduOmxlZnQ7IGZvbnQtZmFtaWx5OiIgaGVsdmV0aWNhPSIiIHNhbnMtc2VyaWY9IiIgY29sb3I6PSIiPiAgUGVyc29ubmFsaXNleiBjZSB0ZXh0ZSBkJ2FpZGUgb3B0aW9ubmVsIGF2YW50IGRlIHB1YmxpZXIgdm90cmUgZm9ybXVsYWlyZS4gIDwvbGFiZWw+IDwvZGl2PiA8L2Rpdj4gPC9kaXY+IDxkaXYgc3R5bGU9InBhZGRpbmc6IDhweCAwOyI+IDxkaXYgY2xhc3M9InNpYi1pbnB1dCBzaWItZm9ybS1ibG9jayI+IDxkaXYgY2xhc3M9ImZvcm1fX2VudHJ5IGVudHJ5X2Jsb2NrIj4gPGRpdiBjbGFzcz0iZm9ybV9fbGFiZWwtcm93ICI+IDxsYWJlbCBjbGFzcz0iZW50cnlfX2xhYmVsIiBzdHlsZT0iZm9udC1zaXplOjE2cHg7IHRleHQtYWxpZ246bGVmdDsgZm9udC13ZWlnaHQ6NzAwOyBmb250LWZhbWlseToiIGhlbHZldGljYT0iIiBzYW5zLXNlcmlmPSIiIGNvbG9yOj0iIiBmb3I9IkVNQUlMIiBkYXRhLXJlcXVpcmVkPSIqIj4gIFNhaXNpc3NleiB2b3RyZSBhZHJlc3NlIGUtbWFpbCBwb3VyIHZvdXMgaW5zY3JpcmUgIDwvbGFiZWw+IDxkaXYgY2xhc3M9ImVudHJ5X19maWVsZCI+IDxpbnB1dCBjbGFzcz0iaW5wdXQiIHR5cGU9InRleHQiIGlkPSJFTUFJTCIgbmFtZT0iRU1BSUwiIGF1dG9jb21wbGV0ZT0ib2ZmIiBwbGFjZWhvbGRlcj0iRU1BSUwiIGRhdGEtcmVxdWlyZWQ9InRydWUiIHJlcXVpcmVkPSIiPiA8L2Rpdj4gPC9kaXY+IDxsYWJlbCBjbGFzcz0iZW50cnlfX2Vycm9yIGVudHJ5X19lcnJvci0tcHJpbWFyeSIgc3R5bGU9ImZvbnQtc2l6ZToxNnB4OyB0ZXh0LWFsaWduOmxlZnQ7IGZvbnQtZmFtaWx5OiIgaGVsdmV0aWNhPSIiIHNhbnMtc2VyaWY9IiIgY29sb3I6PSIiIGJhY2tncm91bmQtY29sb3I6PSIiIGJvcmRlci1yYWRpdXM6M3B4PSIiIGJvcmRlci1jb2xvcjo9IiI+IDwvbGFiZWw+IDxsYWJlbCBjbGFzcz0iZW50cnlfX3NwZWNpZmljYXRpb24iIHN0eWxlPSJmb250LXNpemU6MTJweDsgdGV4dC1hbGlnbjpsZWZ0OyBmb250LWZhbWlseToiIGhlbHZldGljYT0iIiBzYW5zLXNlcmlmPSIiIGNvbG9yOj0iIj4gIFZldWlsbGV6IGluZGlxdWVyIHZvdHJlIGFkcmVzc2UgZS1tYWlsIHBvdXIgbCdpbnNjcmlwdGlvbiwgcGFyIGV4ZW1wbGUgYWJjQHh5ei5jb20uICA8L2xhYmVsPiA8L2Rpdj4gPC9kaXY+IDwvZGl2PiA8ZGl2IHN0eWxlPSJwYWRkaW5nOiA4cHggMDsiPiA8ZGl2IGNsYXNzPSJzaWItb3B0aW4gc2liLWZvcm0tYmxvY2siPiA8ZGl2IGNsYXNzPSJmb3JtX19lbnRyeSBlbnRyeV9tY3EiPiA8ZGl2IGNsYXNzPSJmb3JtX19sYWJlbC1yb3cgIj4gPGRpdiBjbGFzcz0iZW50cnlfX2Nob2ljZSI+IDxsYWJlbD4gPGlucHV0IHR5cGU9ImNoZWNrYm94IiBjbGFzcz0iaW5wdXRfcmVwbGFjZWQiIHZhbHVlPSIxIiBpZD0iT1BUX0lOIiBuYW1lPSJPUFRfSU4iPiA8c3BhbiBjbGFzcz0iY2hlY2tib3ggY2hlY2tib3hfdGlja19wb3NpdGl2ZSI+PC9zcGFuPjxzcGFuIHN0eWxlPSJmb250LXNpemU6MTRweDsgdGV4dC1hbGlnbjpsZWZ0OyBmb250LWZhbWlseToiIGhlbHZldGljYT0iIiBzYW5zLXNlcmlmPSIiIGNvbG9yOj0iIiBiYWNrZ3JvdW5kLWNvbG9yOnRyYW5zcGFyZW50PSIiPjxwPkplIHNvdWhhaXRlIHJlY2V2b2lyIHZvdHJlIG5ld3NsZXR0ZXIgZXQgaidhY2NlcHRlIGxhIGTDqWNsYXJhdGlvbiBkZSBjb25maWRlbnRpYWxpdMOpLjwvcD48L3NwYW4+IDwvbGFiZWw+IDwvZGl2PiA8L2Rpdj4gPGxhYmVsIGNsYXNzPSJlbnRyeV9fZXJyb3IgZW50cnlfX2Vycm9yLS1wcmltYXJ5IiBzdHlsZT0iZm9udC1zaXplOjE2cHg7IHRleHQtYWxpZ246bGVmdDsgZm9udC1mYW1pbHk6IiBoZWx2ZXRpY2E9IiIgc2Fucy1zZXJpZj0iIiBjb2xvcjo9IiIgYmFja2dyb3VuZC1jb2xvcjo9IiIgYm9yZGVyLXJhZGl1czozcHg9IiIgYm9yZGVyLWNvbG9yOj0iIj4gPC9sYWJlbD4gPGxhYmVsIGNsYXNzPSJlbnRyeV9fc3BlY2lmaWNhdGlvbiIgc3R5bGU9ImZvbnQtc2l6ZToxMnB4OyB0ZXh0LWFsaWduOmxlZnQ7IGZvbnQtZmFtaWx5OiIgaGVsdmV0aWNhPSIiIHNhbnMtc2VyaWY9IiIgY29sb3I6PSIiPiAgVm91cyBwb3V2ZXogdm91cyBkw6lzYWJvbm5lciDDoCB0b3V0IG1vbWVudCBlbiBjbGlxdWFudCBzdXIgbGUgbGllbiBkYW5zIG5vdHJlIG5ld3NsZXR0ZXIuICA8L2xhYmVsPiA8L2Rpdj4gPC9kaXY+IDwvZGl2PiA8ZGl2IHN0eWxlPSJwYWRkaW5nOiA4cHggMDsiPiA8ZGl2IGNsYXNzPSJzaWItZm9ybV9fZGVjbGFyYXRpb24iPiA8ZGl2IGNsYXNzPSJkZWNsYXJhdGlvbi1ibG9jay1pY29uIj4gPHN2ZyBjbGFzcz0iaWNvbl9fU1ZHIiB3aWR0aD0iMCIgaGVpZ2h0PSIwIiB2ZXJzaW9uPSIxLjEiIHhtbG5zPSJodHRwOi8vd3d3LnczLm9yZy8yMDAwL3N2ZyI+IDxkZWZzPiA8c3ltYm9sIGlkPSJzdmdJY29uLXNwaGVyZSIgdmlld2JveD0iMCAwIDYzIDYzIj4gPHBhdGggY2xhc3M9InBhdGgxIiBkPSJNMzEuNTQgMGwxLjA1IDMuMDYgMy4zODUtLjAxLTIuNzM1IDEuODk3IDEuMDUgMy4wNDItMi43NDgtMS44ODYtMi43MzggMS44ODYgMS4wNDQtMy4wNS0yLjc0NS0xLjg5N2gzLjM5M3ptMTMuOTcgMy4wMTlMNDYuNTU1IDYuNGwzLjM4NC4wMS0yLjc0MyAyLjEwMSAxLjA0OCAzLjM4Ny0yLjc1Mi0yLjEtMi43NTIgMi4xIDEuMDU0LTMuMzgyLTIuNzQ1LTIuMTA1aDMuMzg1em05Ljk5OCAxMC4wNTZsMS4wMzkgMy4zODJoMy4zOGwtMi43NTEgMi4xIDEuMDUgMy4zODItMi43NDQtMi4wOTEtMi43NDMgMi4wOTEgMS4wNTQtMy4zODEtMi43NTQtMi4xaDMuMzg1ek01OC41OCAyNy4xbDEuMDQgMy4zNzJoMy4zNzlsLTIuNzUyIDIuMDk2IDEuMDUgMy4zODctMi43NDQtMi4wOTEtMi43NSAyLjA5MiAxLjA1NC0zLjM4Ny0yLjc0Ny0yLjA5N2gzLjM3NnptLTMuMDc2IDE0LjAybDEuMDQ0IDMuMzY0aDMuMzg1bC0yLjc0MyAyLjA5IDEuMDUgMy4zOTItMi43NDQtMi4wOTctMi43NDMgMi4wOTcgMS4wNTItMy4zNzctMi43NTItMi4xMTcgMy4zODUtLjAxem0tOS45ODUgOS45MWwxLjA0NSAzLjM2NGgzLjM5M2wtMi43NTIgMi4wOSAxLjA1IDMuMzkzLTIuNzQ1LTIuMDk3LTIuNzQzIDIuMDk3IDEuMDUtMy4zODMtMi43NTEtMi4xIDMuMzg0LS4wMXpNMzEuNDUgNTUuMDFsMS4wNDQgMy4wNDMgMy4zOTMtLjAwOC0yLjc1MiAxLjlMMzQuMTkgNjNsLTIuNzQ0LTEuODk1LTIuNzQ4IDEuODkxIDEuMDU0LTMuMDUtMi43NDMtMS45aDMuMzg0em0tMTMuOTM0LTMuOThsMS4wMzYgMy4zNjRoMy40MDJsLTIuNzUyIDIuMDkgMS4wNTMgMy4zOTMtMi43NDctMi4wOTctMi43NTIgMi4wOTcgMS4wNTMtMy4zODItMi43NDMtMi4xIDMuMzg0LS4wMXptLTkuOTgxLTkuOTFsMS4wNDUgMy4zNjRoMy4zOThsLTIuNzQ4IDIuMDkgMS4wNSAzLjM5Mi0yLjc1My0yLjEtMi43NTIgMi4wOTYgMS4wNTMtMy4zODItMi43NDMtMi4xMDIgMy4zODQtLjAwOXpNNC40NjYgMjcuMWwxLjAzOCAzLjM3Mkg4Ljg4bC0yLjc1MiAyLjA5NyAxLjA1MyAzLjM4Ny0yLjc0My0yLjA5LTIuNzQ4IDIuMDkgMS4wNTMtMy4zODdMMCAzMC40NzJoMy4zODV6bTMuMDY5LTE0LjAyNWwxLjA0NSAzLjM4MmgzLjM5NUw5LjIzIDE4LjU2bDEuMDUgMy4zODEtMi43NTItMi4wOS0yLjc1MiAyLjA5IDEuMDUzLTMuMzgxLTIuNzQ0LTIuMWgzLjM4NHptOS45OS0xMC4wNTZMMTguNTcgNi40bDMuMzkzLjAxLTIuNzQzIDIuMSAxLjA1IDMuMzczLTIuNzU0LTIuMDkyLTIuNzUxIDIuMDkyIDEuMDUzLTMuMzgyLTIuNzQ0LTIuMWgzLjM4NHptMjQuOTM4IDE5LjM5NGwtMTAtNC4yMmEyLjQ4IDIuNDggMCAwMC0xLjkyMSAwbC0xMCA0LjIyQTIuNTI5IDIuNTI5IDAgMDAxOSAyNC43NWMwIDEwLjQ3IDUuOTY0IDE3LjcwNSAxMS41MzcgMjAuMDU3YTIuNDggMi40OCAwIDAwMS45MjEgMEMzNi45MjEgNDIuOTI0IDQ0IDM2LjQyMSA0NCAyNC43NWEyLjUzMiAyLjUzMiAwIDAwLTEuNTM3LTIuMzM2em0tMi40NiA2LjAyM2wtOS41ODMgOS43MDVhLjgzLjgzIDAgMDEtMS4xNzcgMGwtNS40MTYtNS40ODVhLjg1NS44NTUgMCAwMTAtMS4xOTJsMS4xNzctMS4xOTJhLjgzLjgzIDAgMDExLjE3NyAwbDMuNjUgMy42OTcgNy44MTktNy45MTZhLjgzLjgzIDAgMDExLjE3NyAwbDEuMTc3IDEuMTkxYS44NDMuODQzIDAgMDEwIDEuMTkyeiIgZmlsbD0iIzAwOTJGRiI+PC9wYXRoPiA8L3N5bWJvbD4gPC9kZWZzPiA8L3N2Zz4gPHN2ZyBjbGFzcz0ic3ZnSWNvbi1zcGhlcmUiIHN0eWxlPSJ3aWR0aDo2M3B4OyBoZWlnaHQ6NjNweDsiPiA8dXNlIHhsaW5rOmhyZWY9IiNzdmdJY29uLXNwaGVyZSIvPiA8L3N2Zz4gPC9kaXY+IDxwIHN0eWxlPSJmb250LXNpemU6MTRweDsgdGV4dC1hbGlnbjpsZWZ0OyBmb250LWZhbWlseToiIGhlbHZldGljYT0iIiBzYW5zLXNlcmlmPSIiIGNvbG9yOj0iIiBiYWNrZ3JvdW5kLWNvbG9yOnRyYW5zcGFyZW50PSIiPiAgTm91cyB1dGlsaXNvbnMgU2VuZGluYmx1ZSBjb21tZSBub3RyZSBwbGF0ZWZvcm1lIGRlIG1hcmtldGluZy4gRW4gcmVtcGxpc3NhbnQgZXQgZW4gZW52b3lhbnQgbGUgZm9ybXVsYWlyZSwgdm91cyBjb25maXJtZXogcXVlIGxlcyBpbmZvcm1hdGlvbnMgcXVlIHZvdXMgZm91cm5pc3NleiBzZXJvbnQgdHJhbnNtaXNlcyDDoCBTZW5kaW5ibHVlIHBvdXIgw6p0cmUgdHJhaXTDqWVzIGNvbmZvcm3DqW1lbnQgYXV4IDxhIHRhcmdldD0iX2JsYW5rIiBjbGFzcz0iY2xpY2thYmxlX2xpbmsiIGhyZWY9Imh0dHBzOi8vZGUuc2VuZGluYmx1ZS5jb20vbGVnYWwvdGVybXNvZnVzZS8iPmNvbmRpdGlvbnMgZCd1dGlsaXNhdGlvbjwvYT4uICA8L3A+IDwvZGl2PiA8L2Rpdj4gPGRpdiBzdHlsZT0icGFkZGluZzogOHB4IDA7Ij4gPGRpdiBjbGFzcz0ic2liLWZvcm0tYmxvY2siIHN0eWxlPSJ0ZXh0LWFsaWduOiBsZWZ0Ij4gPGJ1dHRvbiBjbGFzcz0ic2liLWZvcm0tYmxvY2tfX2J1dHRvbiBzaWItZm9ybS1ibG9ja19fYnV0dG9uLXdpdGgtbG9hZGVyIiBzdHlsZT0iZm9udC1zaXplOjE2cHg7IHRleHQtYWxpZ246bGVmdDsgZm9udC13ZWlnaHQ6NzAwOyBmb250LWZhbWlseToiIGhlbHZldGljYT0iIiBzYW5zLXNlcmlmPSIiIGNvbG9yOj0iIiBiYWNrZ3JvdW5kLWNvbG9yOj0iIiBib3JkZXItcmFkaXVzOjNweD0iIiBib3JkZXItd2lkdGg6MHB4PSIiIGZvcm09InNpYi1mb3JtIiB0eXBlPSJzdWJtaXQiPiA8c3ZnIGNsYXNzPSJpY29uIGNsaWNrYWJsZV9faWNvbiBwcm9ncmVzcy1pbmRpY2F0b3JfX2ljb24gc2liLWhpZGUtbG9hZGVyLWljb24iIHZpZXdib3g9IjAgMCA1MTIgNTEyIj4gPHBhdGggZD0iTTQ2MC4xMTYgMzczLjg0NmwtMjAuODIzLTEyLjAyMmMtNS41NDEtMy4xOTktNy41NC0xMC4xNTktNC42NjMtMTUuODc0IDMwLjEzNy01OS44ODYgMjguMzQzLTEzMS42NTItNS4zODYtMTg5Ljk0Ni0zMy42NDEtNTguMzk0LTk0Ljg5Ni05NS44MzMtMTYxLjgyNy05OS42NzZDMjYxLjAyOCA1NS45NjEgMjU2IDUwLjc1MSAyNTYgNDQuMzUyVjIwLjMwOWMwLTYuOTA0IDUuODA4LTEyLjMzNyAxMi43MDMtMTEuOTgyIDgzLjU1NiA0LjMwNiAxNjAuMTYzIDUwLjg2NCAyMDIuMTEgMTIzLjY3NyA0Mi4wNjMgNzIuNjk2IDQ0LjA3OSAxNjIuMzE2IDYuMDMxIDIzNi44MzItMy4xNCA2LjE0OC0xMC43NSA4LjQ2MS0xNi43MjggNS4wMXoiLz4gPC9zdmc+ICBJTlNDUklWRVotVk9VUyAgPC9idXR0b24+IDwvZGl2PiA8L2Rpdj4gPGlucHV0IHR5cGU9InRleHQiIG5hbWU9ImVtYWlsX2FkZHJlc3NfY2hlY2siIHZhbHVlPSIiIGNsYXNzPSJpbnB1dC0taGlkZGVuIj4gPGlucHV0IHR5cGU9ImhpZGRlbiIgbmFtZT0ibG9jYWxlIiB2YWx1ZT0iZGUiPiA8aW5wdXQgdHlwZT0iaGlkZGVuIiBuYW1lPSJodG1sX3R5cGUiIHZhbHVlPSJzaW1wbGUiPiA8L2Zvcm0+IDwvZGl2PiA8L2Rpdj4gPC9kaXY+IDwhLS0gRU5EIC0gV2UgcmVjb21tZW5kIHRvIHBsYWNlIHRoZSBiZWxvdyBjb2RlIHdoZXJlIHlvdSB3YW50IHRoZSBmb3JtIGluIHlvdXIgd2Vic2l0ZSBodG1sIC0tPiA8IS0tIEVuZCBTZW5kaW5ibHVlIEZvcm0gLS0+[\/vc_raw_html][\/vc_column][\/vc_row][vc_row][vc_column][vc_column_text css=&#8221;&#8221;]<\/p>\n<h3>Notre brochure produit &#8211; Disponible d\u00e8s maintenant dans la boutique<\/h3>\n<p>Veuillez ne pas ajouter plus de 30 STK par commande dans le panier. Merci beaucoup.[\/vc_column_text]<div class=\"woocommerce \">\t<div class=\"products row inline-row columns-4\">\r\n<div class=\"inline-column col-sm-3 col-xs-6 first product type-product post-31972 status-publish instock product_cat-materiel-publicitaire has-post-thumbnail taxable shipping-taxable purchasable product-type-simple\">\n\n\t<div class=\"product-inner centered-box\">\n\n\t\t\n\t\t<a href=\"https:\/\/www.cocoome.com\/fr\/produkt\/brochure-produit\/\" class=\"product-image\">\n\t\t\t<div class=\"product-labels\"><\/div>\n\t\t\t<span class=\"product-image-inner\"><img width=\"480\" height=\"480\" src=\"https:\/\/www.cocoome.com\/wp-content\/uploads\/2024\/05\/IMG_4317.jpeg\" class=\"attachment-thegem-product-catalog\" alt=\"Brochure produit\" title=\"Cocoome.com Jackenerweiterung\"><img width=\"480\" height=\"480\" src=\"https:\/\/www.cocoome.com\/wp-content\/uploads\/2024\/05\/IMG_4318.jpeg\" class=\"attachment woo-product-hover\" alt=\"Brochure produit\" title=\"Cocoome.com Jackenerweiterung\"><\/span>\n\t\t<\/a>\n\n\t\t<div class=\"product-info clearfix\">\n\t\t\t\t\t\t<div class=\"product-title title-h6\"><a href=\"https:\/\/www.cocoome.com\/fr\/produkt\/brochure-produit\/\">Brochure produit<\/a><\/div>\n\t\t\t\n\n\t<div class=\"product-price\"><span class=\"price\"><span class=\"woocommerce-Price-amount amount\">FREE<\/span><\/span><\/div>\n\n\t\t<\/div>\n\n\t\t\t\t\t<div class=\"product-bottom clearfix\">\n\t\t\t\t<a href=\"\/fr\/wp-json\/wp\/v2\/pages\/27614?add-to-cart=31972\" data-quantity=\"1\" class=\"button product_type_simple add_to_cart_button ajax_add_to_cart\" data-product_id=\"31972\" data-product_sku=\"Produktbroschuere\" aria-label=\"Ajouter au panier\u00a0: &ldquo;Brochure produit&rdquo;\" rel=\"nofollow\" data-success_message=\"\u00ab\u00a0Brochure produit\u00a0\u00bb a \u00e9t\u00e9 ajout\u00e9 \u00e0 votre panier\">Ajouter au panier<\/a>\t<span id=\"woocommerce_loop_add_to_cart_link_describedby_31972\" class=\"screen-reader-text\">\n\t\t\t<\/span>\n<a href=\"https:\/\/www.cocoome.com\/fr\/produkt\/brochure-produit\/\" class=\"bottom-product-link\" aria-label=\"<?php echo esc_attr(get_the_title()); ?>\"><\/a>\t\t\t<\/div>\n\t\t\n\t<\/div>\n<\/div>\n    <\/div>\r\n<\/div>[\/vc_column][\/vc_row]<\/p>\n<\/div>","protected":false},"excerpt":{"rendered":"<p>[vc_row full_width=&#8221;stretch_row_content_no_spaces&#8221; css=&#8221;.vc_custom_1614765544744{margin-top: 0px !important;margin-bottom: 0px !important;border-top-width: 0px !important;border-bottom-width: 0px !important;padding-top: 0px !important;padding-bottom: 0px !important;background-image: url(https:\/\/www.cocoome.com\/wp-content\/uploads\/2021\/02\/cocoome-Trageberatung-Tragetuch-Babytragetuch-Trageberaterin2021.jpg?id=4216) !important;background-position: center !important;background-repeat: no-repeat&#8230;<\/p>\n","protected":false},"author":1,"featured_media":0,"parent":0,"menu_order":0,"comment_status":"closed","ping_status":"closed","template":"","meta":{"footnotes":""},"class_list":["post-27614","page","type-page","status-publish"],"_links":{"self":[{"href":"https:\/\/www.cocoome.com\/fr\/wp-json\/wp\/v2\/pages\/27614","targetHints":{"allow":["GET"]}}],"collection":[{"href":"https:\/\/www.cocoome.com\/fr\/wp-json\/wp\/v2\/pages"}],"about":[{"href":"https:\/\/www.cocoome.com\/fr\/wp-json\/wp\/v2\/types\/page"}],"author":[{"embeddable":true,"href":"https:\/\/www.cocoome.com\/fr\/wp-json\/wp\/v2\/users\/1"}],"replies":[{"embeddable":true,"href":"https:\/\/www.cocoome.com\/fr\/wp-json\/wp\/v2\/comments?post=27614"}],"version-history":[{"count":0,"href":"https:\/\/www.cocoome.com\/fr\/wp-json\/wp\/v2\/pages\/27614\/revisions"}],"wp:attachment":[{"href":"https:\/\/www.cocoome.com\/fr\/wp-json\/wp\/v2\/media?parent=27614"}],"curies":[{"name":"wp","href":"https:\/\/api.w.org\/{rel}","templated":true}]}}