{"id":27573,"date":"2020-10-28T09:03:59","date_gmt":"2020-10-28T08:03:59","guid":{"rendered":"https:\/\/www.cocoome.com\/modes-denvoi\/"},"modified":"2024-01-18T12:06:12","modified_gmt":"2024-01-18T11:06:12","slug":"modes-denvoi","status":"publish","type":"page","link":"https:\/\/www.cocoome.com\/fr\/modes-denvoi\/","title":{"rendered":"Modes d&#8217;envoi"},"content":{"rendered":"\n<h3 class=\"wp-block-heading\">Exp\u00e9dition<\/h3>\n\n<p>Autriche : \u20ac 4,80 (d\u00e9lai d&#8217;environ 2-3 jours ouvrables)<br\/>Allemagne : \u20ac 7,50 Dur\u00e9e env. 2-5 jours ouvrables)<\/p>\n\n<p>Suisse : \u20ac 25,00 hors frais de port Droits de douane\/taxes (d\u00e9lai d&#8217;environ 5 \u00e0 7 jours ouvrables &#8211; en fonction des autorit\u00e9s douani\u00e8res)<\/p>\n\n<p>Norv\u00e8ge : \u20ac 25,00 hors taxes Droits de douane\/taxes (d\u00e9lai d&#8217;environ 5 \u00e0 7 jours ouvrables &#8211; en fonction des autorit\u00e9s douani\u00e8res)<\/p>\n\n<p>Envoi vers l&#8217;UE (liste de pays ci-dessous) : \u20ac 9,90<\/p>\n\n<p>Nous nous r\u00e9servons le droit de ne livrer que dans les pays suivants :<\/p>\n\n<ul class=\"wp-block-list\"><li>Belgique<\/li><li>Danemark (sauf \u00celes F\u00e9ro\u00e9 &amp; Groenland )<\/li><li>Estonie<\/li><li>Finlande (sauf Aland)<\/li><li>France (hors d\u00e9partements d&#8217;outre-mer)<\/li><li>Grande-Bretagne et Irlande du Nord (\u00e0 l&#8217;exception des territoires d&#8217;outre-mer)<\/li><li>Irlande<\/li><li>Italie (sauf Campione d&#8217;Italia, Livigno, Saint-Marin, Cit\u00e9 du Vatican)<\/li><li>Croatie<\/li><li>Lettonie<\/li><li>Lituanie<\/li><li>Luxembourg<\/li><li>Pays-Bas (hors d\u00e9partements d&#8217;outre-mer)<\/li><li>Pologne<\/li><li>Su\u00e8de<\/li><li>Slovaquie<\/li><li>Slov\u00e9nie<\/li><li>Espagne<\/li><li>R\u00e9publique tch\u00e8que<\/li><li>Hongrie<\/li><\/ul>\n","protected":false},"excerpt":{"rendered":"<p>Exp\u00e9dition Autriche : \u20ac 4,80 (d\u00e9lai d&#8217;environ 2-3 jours ouvrables)Allemagne : \u20ac 7,50 Dur\u00e9e env. 2-5 jours ouvrables) Suisse :&#8230;<\/p>\n","protected":false},"author":1,"featured_media":0,"parent":0,"menu_order":0,"comment_status":"closed","ping_status":"closed","template":"","meta":{"footnotes":""},"class_list":["post-27573","page","type-page","status-publish"],"_links":{"self":[{"href":"https:\/\/www.cocoome.com\/fr\/wp-json\/wp\/v2\/pages\/27573","targetHints":{"allow":["GET"]}}],"collection":[{"href":"https:\/\/www.cocoome.com\/fr\/wp-json\/wp\/v2\/pages"}],"about":[{"href":"https:\/\/www.cocoome.com\/fr\/wp-json\/wp\/v2\/types\/page"}],"author":[{"embeddable":true,"href":"https:\/\/www.cocoome.com\/fr\/wp-json\/wp\/v2\/users\/1"}],"replies":[{"embeddable":true,"href":"https:\/\/www.cocoome.com\/fr\/wp-json\/wp\/v2\/comments?post=27573"}],"version-history":[{"count":0,"href":"https:\/\/www.cocoome.com\/fr\/wp-json\/wp\/v2\/pages\/27573\/revisions"}],"wp:attachment":[{"href":"https:\/\/www.cocoome.com\/fr\/wp-json\/wp\/v2\/media?parent=27573"}],"curies":[{"name":"wp","href":"https:\/\/api.w.org\/{rel}","templated":true}]}}