{"id":27551,"date":"2020-10-21T14:05:44","date_gmt":"2020-10-21T12:05:44","guid":{"rendered":"https:\/\/www.cocoome.com\/expedition\/"},"modified":"2024-11-12T10:21:16","modified_gmt":"2024-11-12T09:21:16","slug":"expedition","status":"publish","type":"page","link":"https:\/\/www.cocoome.com\/fr\/expedition\/","title":{"rendered":"Exp\u00e9dition"},"content":{"rendered":"<h3>Exp\u00e9dition<\/h3>\n<p><b>Livraison gratuite \u00e0 partir de 80\u20ac dans l&#8217;UE<\/b><\/p>\n<p><strong>Envoi standard<\/strong><\/p>\n<p>Autriche : \u20ac 4,80 (d\u00e9lai d&#8217;environ 2-3 jours ouvrables)<\/p>\n<p>Allemagne : \u20ac 7,50 Dur\u00e9e env. 2-5 jours ouvrables)<\/p>\n<p>Suisse : \u20ac 25,00 hors frais de port Droits de douane\/taxes (d\u00e9lai d&#8217;environ 5 \u00e0 7 jours ouvrables &#8211; en fonction des autorit\u00e9s douani\u00e8res)<\/p>\n<p>Norv\u00e8ge : \u20ac 25,00 hors taxes Droits de douane\/taxes (d\u00e9lai d&#8217;environ 5 \u00e0 7 jours ouvrables &#8211; en fonction des autorit\u00e9s douani\u00e8res)<\/p>\n<p>Royaume-Uni (<span class=\"\">Royaume-Uni) : \u20ac 15,00 hors taxes Droits de douane\/taxes (d\u00e9lai d&#8217;environ 5 \u00e0 7 jours ouvrables &#8211; en fonction des autorit\u00e9s douani\u00e8res)<\/span><\/p>\n<p>Envoi vers l&#8217;UE (liste de pays ci-dessous) : \u20ac 9,90<\/p>\n<p><strong>Nos prestataires de services de colis (envoi standard)<\/strong><\/p>\n<div>Autriche : \u00d6sterr. Courrier<\/div>\n<div>Allemagne : Post\/DHL<\/div>\n<div>Autres pays de l&#8217;UE : FedEx<\/div>\n<div><\/div>\n<div><\/div>\n<p><strong>Envoi express<\/strong><\/p>\n<p>Allemagne \u20ac12,50<\/p>\n<div>Suisse, Royaume-Uni (UK) : \u20ac35,-<\/div>\n<div><\/div>\n<div>Autres pays de l&#8217;UE : \u20ac22,50<\/div>\n<div>\n<div><\/div>\n<div>Les d\u00e9lais de livraison express avec FedEx sont g\u00e9n\u00e9ralement de 1 \u00e0 3 jours.<\/div>\n<\/div>\n<div><\/div>\n<div><\/div>\n<p><strong>Nous nous r\u00e9servons le droit de ne livrer que dans les pays suivants :<\/strong><\/p>\n<ul>\n<li>Belgique<\/li>\n<li>Danemark (sauf \u00celes F\u00e9ro\u00e9 &amp; Groenland )<\/li>\n<li>Estonie<\/li>\n<li>Finlande (sauf Aland)<\/li>\n<li>France (hors d\u00e9partements d&#8217;outre-mer)<\/li>\n<li>Gr\u00e8ce<\/li>\n<li>Grande-Bretagne et Irlande du Nord (\u00e0 l&#8217;exception des territoires d&#8217;outre-mer)<\/li>\n<li>Irlande<\/li>\n<li>Italie (sauf Campione d&#8217;Italia, Livigno, Saint-Marin, Cit\u00e9 du Vatican)<\/li>\n<li>Croatie<\/li>\n<li>Lettonie<\/li>\n<li>Lituanie<\/li>\n<li>Luxembourg<\/li>\n<li>Pays-Bas (hors d\u00e9partements d&#8217;outre-mer)<\/li>\n<li>Norv\u00e8ge<\/li>\n<li>Pologne<\/li>\n<li>Su\u00e8de<\/li>\n<li>Slovaquie<\/li>\n<li>Slov\u00e9nie<\/li>\n<li>R\u00e9publique tch\u00e8que<\/li>\n<li>Hongrie<\/li>\n<\/ul>\n","protected":false},"excerpt":{"rendered":"<p>Exp\u00e9dition Livraison gratuite \u00e0 partir de 80\u20ac dans l&#8217;UE Envoi standard Autriche : \u20ac 4,80 (d\u00e9lai d&#8217;environ 2-3 jours ouvrables)&#8230;<\/p>\n","protected":false},"author":1,"featured_media":0,"parent":0,"menu_order":0,"comment_status":"closed","ping_status":"closed","template":"","meta":{"footnotes":""},"class_list":["post-27551","page","type-page","status-publish"],"_links":{"self":[{"href":"https:\/\/www.cocoome.com\/fr\/wp-json\/wp\/v2\/pages\/27551","targetHints":{"allow":["GET"]}}],"collection":[{"href":"https:\/\/www.cocoome.com\/fr\/wp-json\/wp\/v2\/pages"}],"about":[{"href":"https:\/\/www.cocoome.com\/fr\/wp-json\/wp\/v2\/types\/page"}],"author":[{"embeddable":true,"href":"https:\/\/www.cocoome.com\/fr\/wp-json\/wp\/v2\/users\/1"}],"replies":[{"embeddable":true,"href":"https:\/\/www.cocoome.com\/fr\/wp-json\/wp\/v2\/comments?post=27551"}],"version-history":[{"count":0,"href":"https:\/\/www.cocoome.com\/fr\/wp-json\/wp\/v2\/pages\/27551\/revisions"}],"wp:attachment":[{"href":"https:\/\/www.cocoome.com\/fr\/wp-json\/wp\/v2\/media?parent=27551"}],"curies":[{"name":"wp","href":"https:\/\/api.w.org\/{rel}","templated":true}]}}