{"id":27550,"date":"2020-10-21T14:05:15","date_gmt":"2020-10-21T12:05:15","guid":{"rendered":"https:\/\/www.cocoome.com\/mentions-legales\/"},"modified":"2025-01-02T10:11:08","modified_gmt":"2025-01-02T09:11:08","slug":"mentions-legales","status":"publish","type":"page","link":"https:\/\/www.cocoome.com\/fr\/mentions-legales\/","title":{"rendered":"Mentions l\u00e9gales"},"content":{"rendered":"<div class=\"wpb-content-wrapper\"><p>[vc_row][vc_column][vc_row_inner][vc_column_inner][vc_empty_space][vc_column_text]<\/p>\n<h1>Mentions l\u00e9gales<\/h1>\n<p>[\/vc_column_text][vc_empty_space][\/vc_column_inner][\/vc_row_inner][vc_column_text css=&#8221;&#8221;]<\/p>\n<div class=\"pbuilder_module\" data-shortcode=\"heading\" data-modid=\"1\">\n<h2 id=\"frb_h_180381012\"><strong><span style=\"color: #5b626c; font-size: 16px;\">Nom de l&#8217;entreprise : cocoome e.U.<\/span><\/strong><\/h2>\n<\/div>\n<div class=\"pbuilder_module\" data-shortcode=\"text\" data-modid=\"0\">\n<div id=\"frb_text_1584983044\" class=\"\">\n<div class=\"frb_text\">\n<p>&nbsp;<\/p>\n<p>Propri\u00e9taire : Julia P\u00f6tsch<\/p>\n<p>Secteur : Vente par correspondance<\/p>\n<p>Num\u00e9ro d&#8217;identification fiscale :<\/p>\n<p>ATU71446937, DE326001917<\/p>\n<p>Num\u00e9ro de registre du commerce : FN462772y<\/p>\n<p>Tribunal du registre du commerce : Graz<\/p>\n<p>Adresse : Hengsberg 64<\/p>\n<p>Code postal et lieu : 8411 Hengsberg<\/p>\n<p>Pays : Austria<\/p>\n<p>E-mail : <a href=\"mailto:hello@cocoome.com\" target=\"_blank\" rel=\"noopener noreferrer\">hello@cocoome.com<\/a><\/p>\n<p>T\u00e9l\u00e9phone : +43 676 9444630<\/p>\n<\/div>\n<\/div>\n<\/div>\n<h3>R\u00c8GLEMENT ALTERNATIF DES LITIGES CONFORM\u00c9MENT \u00c0 L&#8217;ART. 14 ABS. 1 ODR-VO ET \u00a7 36 VSBG<\/h3>\n<p><!-- \/wp:post-content --><\/p>\n<p><!-- wp:paragraph -->La Commission europ\u00e9enne met \u00e0 disposition une plate-forme de r\u00e8glement en ligne des litiges (OS) que vous trouverez sur <a href=\"https:\/\/ec.europa.eu\/consumers\/odr\" target=\"_blank\" rel=\"noreferrer noopener\">https:\/\/ec.europa.eu\/consumers\/odr<\/a>. Nous ne sommes pas tenus de participer \u00e0 une proc\u00e9dure de r\u00e8glement des litiges devant un organisme de conciliation des consommateurs et ne sommes pas dispos\u00e9s \u00e0 le faire. <\/p>\n<p>&nbsp;<\/p>\n<h3><strong>Images :<\/strong><\/h3>\n<p><strong><a href=\"https:\/\/www.monikareiter.com\/\" target=\"_blank\" rel=\"noopener noreferrer\">Monika Reiter Photographie<\/a><\/strong><br \/>(FH) Tanja Stolz Photo pr\u00e9f\u00e9r\u00e9e &#8211; Photographie de b\u00e9b\u00e9<\/p>\n<p><strong>Gumpinger &amp; Sturm GesbR<\/strong><br \/><a href=\"http:\/\/www.kamerakinderweddings.com\" target=\"_blank\" rel=\"noopener noreferrer\">http:\/\/www.kamerakinderweddings.com<\/a><\/p>\n<h3 class=\"moz-quote-pre\">Design &amp; graphisme<\/h3>\n<p class=\"moz-quote-pre\">Visual Art Designory e.U., Zeillergasse 73\/1, A-8020 Graz<\/p>\n<h3 class=\"moz-quote-pre\">Illustrations<\/h3>\n<p class=\"moz-quote-pre\">mnutzDesign e.U., Gartengasse 29\/2. 1er \u00e9tage, A-8010 Graz<\/p>\n<h3><strong>Mise en \u0153uvre du site web :<\/strong><\/h3>\n<p><!-- \/wp:paragraph --><\/p>\n<p><!-- wp:paragraph --><a class=\"rank-math-link\" href=\"http:\/\/www.neumeith.at\" target=\"_blank\" rel=\"noopener\">R\u00e9alisation du site web avec Mag. Thomas Neumeister &#8211; www.neumeith.at<\/a><\/p>\n<h2><strong>FABRICANTS :<\/strong><\/h2>\n<p>cocoome e.U.<\/p>\n<p>Adresse : Hengsberg 64<\/p>\n<p>Code postal et lieu : 8411 Hengsberg<\/p>\n<p><strong>Info :<\/strong><\/p>\n<p>Adresse e-mail et adresse postale selon les mentions l\u00e9gales. Les num\u00e9ros de lot\/num\u00e9ro de s\u00e9rie sont indiqu\u00e9s sur l&#8217;\u00e9tiquette du produit. <\/p>\n<p><!-- \/wp:paragraph --> <\/p>\n<p>[\/vc_column_text][\/vc_column][\/vc_row]<\/p>\n<\/div>","protected":false},"excerpt":{"rendered":"<p>[vc_row][vc_column][vc_row_inner][vc_column_inner][vc_empty_space][vc_column_text] Mentions l\u00e9gales [\/vc_column_text][vc_empty_space][\/vc_column_inner][\/vc_row_inner][vc_column_text css=&#8221;&#8221;] Nom de l&#8217;entreprise : cocoome e.U. &nbsp; Propri\u00e9taire : Julia P\u00f6tsch Secteur : Vente par&#8230;<\/p>\n","protected":false},"author":1,"featured_media":0,"parent":0,"menu_order":0,"comment_status":"closed","ping_status":"closed","template":"","meta":{"footnotes":""},"class_list":["post-27550","page","type-page","status-publish"],"_links":{"self":[{"href":"https:\/\/www.cocoome.com\/fr\/wp-json\/wp\/v2\/pages\/27550","targetHints":{"allow":["GET"]}}],"collection":[{"href":"https:\/\/www.cocoome.com\/fr\/wp-json\/wp\/v2\/pages"}],"about":[{"href":"https:\/\/www.cocoome.com\/fr\/wp-json\/wp\/v2\/types\/page"}],"author":[{"embeddable":true,"href":"https:\/\/www.cocoome.com\/fr\/wp-json\/wp\/v2\/users\/1"}],"replies":[{"embeddable":true,"href":"https:\/\/www.cocoome.com\/fr\/wp-json\/wp\/v2\/comments?post=27550"}],"version-history":[{"count":0,"href":"https:\/\/www.cocoome.com\/fr\/wp-json\/wp\/v2\/pages\/27550\/revisions"}],"wp:attachment":[{"href":"https:\/\/www.cocoome.com\/fr\/wp-json\/wp\/v2\/media?parent=27550"}],"curies":[{"name":"wp","href":"https:\/\/api.w.org\/{rel}","templated":true}]}}