{"id":27532,"date":"2020-10-15T13:34:20","date_gmt":"2020-10-15T11:34:20","guid":{"rendered":"https:\/\/www.cocoome.com\/declaration-de-confidentialite\/"},"modified":"2025-07-28T20:37:50","modified_gmt":"2025-07-28T18:37:50","slug":"declaration-de-confidentialite","status":"publish","type":"page","link":"https:\/\/www.cocoome.com\/fr\/declaration-de-confidentialite\/","title":{"rendered":"D\u00e9claration de confidentialit\u00e9"},"content":{"rendered":"\n<h1><strong>D\u00e9claration sur l&#8217;obligation d&#8217;information<\/strong><\/h1>\n<p><em>(D\u00e9claration de confidentialit\u00e9)<\/em><\/p>\n<p>La protection de vos donn\u00e9es personnelles nous tient particuli\u00e8rement \u00e0 c\u0153ur. Nous traitons donc vos donn\u00e9es exclusivement sur la base des dispositions l\u00e9gales (RGPD, TKG 2003). Dans ces informations sur la protection des donn\u00e9es, nous vous informons sur les principaux aspects du traitement des donn\u00e9es dans le cadre de notre site web.<\/p>\n<p><strong>Nous contacter<\/strong><br\/>Si vous prenez contact avec nous par le biais du formulaire sur le site web ou par e-mail, les donn\u00e9es que vous avez indiqu\u00e9es seront enregistr\u00e9es chez nous pendant six mois pour le traitement de la demande et en cas de questions de suivi. Nous ne transmettons pas ces donn\u00e9es sans votre consentement.<\/p>\n<p><strong>Stockage des donn\u00e9es<\/strong><br\/>Nous attirons votre attention sur le fait que, dans le but de faciliter le processus d&#8217;achat et d&#8217;ex\u00e9cuter ult\u00e9rieurement le contrat, l&#8217;exploitant de la boutique en ligne enregistre les donn\u00e9es IP du titulaire de la connexion dans le cadre de cookies, ainsi que le nom, l&#8217;adresse, l&#8217;adresse e-mail et les modalit\u00e9s de paiement de l&#8217;acheteur.<br\/>Les donn\u00e9es que vous fournissez sont n\u00e9cessaires \u00e0 l&#8217;ex\u00e9cution du contrat ou \u00e0 la mise en \u0153uvre de mesures pr\u00e9contractuelles. Sans ces donn\u00e9es, nous ne pouvons pas conclure le contrat avec vous. Aucune donn\u00e9e n&#8217;est transmise \u00e0 des tiers, \u00e0 l&#8217;exception de la transmission des modalit\u00e9s de paiement aux \u00e9tablissements bancaires\/prestataires de paiement charg\u00e9s de la transaction \u00e0 des fins de pr\u00e9l\u00e8vement du prix d&#8217;achat, \u00e0 l&#8217;entreprise de transport\/d&#8217;exp\u00e9dition que nous avons mandat\u00e9e pour la livraison de la marchandise ainsi qu&#8217;\u00e0 notre conseiller fiscal pour remplir nos obligations fiscales.<br\/>Apr\u00e8s l&#8217;interruption du processus d&#8217;achat, les donn\u00e9es enregistr\u00e9es chez nous sont supprim\u00e9es. En cas de conclusion d&#8217;un contrat, toutes les donn\u00e9es issues de la relation contractuelle sont conserv\u00e9es jusqu&#8217;\u00e0 l&#8217;expiration du d\u00e9lai de conservation pr\u00e9vu par le droit fiscal (7 ans).<\/p>\n<p>Les donn\u00e9es relatives au nom, \u00e0 l&#8217;adresse, aux marchandises achet\u00e9es et \u00e0 la date d&#8217;achat sont en outre conserv\u00e9es jusqu&#8217;\u00e0 l&#8217;expiration de la responsabilit\u00e9 du fait des produits (10 ans). Le traitement des donn\u00e9es est effectu\u00e9 sur la base des dispositions l\u00e9gales de l&#8217;article 96, paragraphe 3, de la loi sur les t\u00e9l\u00e9communications (TKG) et de l&#8217;article 6, paragraphe 1, point a) (consentement) et\/ou point b) (n\u00e9cessaire \u00e0 l&#8217;ex\u00e9cution du contrat) du RGPD.<\/p>\n<p><strong>Cookies<\/strong><br\/>Notre site web utilise ce que l&#8217;on appelle des cookies. Il s&#8217;agit de petits fichiers texte qui sont d\u00e9pos\u00e9s sur votre terminal \u00e0 l&#8217;aide du navigateur. Ils ne font pas de d\u00e9g\u00e2ts.<br\/>Nous utilisons des cookies pour rendre notre offre plus conviviale. Certains cookies restent enregistr\u00e9s sur votre terminal jusqu&#8217;\u00e0 ce que vous les supprimiez. Ils nous permettent de reconna\u00eetre votre navigateur lors de votre prochaine visite.<br\/>Si vous ne le souhaitez pas, vous pouvez configurer votre navigateur de mani\u00e8re \u00e0 ce qu&#8217;il vous informe de l&#8217;installation de cookies et que vous ne l&#8217;autorisiez qu&#8217;au cas par cas.<br\/>Si vous d\u00e9sactivez les cookies, la fonctionnalit\u00e9 de notre site web peut \u00eatre limit\u00e9e.<\/p>\n<p> <\/p>\n<p>\n\n\n\n\n\n\n\n\n\n\n\n\n\n<\/p>\n<p> <\/p>\n<p><strong>Analyse du web<\/strong><\/p>\n<p><br\/>Notre site web utilise des fonctions du service d&#8217;analyse web Google Analytics, eTracker, et Siteground. Pour ce faire, nous utilisons des cookies qui permettent d&#8217;analyser l&#8217;utilisation du site par vos utilisateurs. Les informations ainsi g\u00e9n\u00e9r\u00e9es sont transmises au serveur du fournisseur et y sont enregistr\u00e9es.<br\/>Vous pouvez emp\u00eacher cela en configurant votre navigateur de mani\u00e8re \u00e0 ce qu&#8217;aucun cookie ne soit enregistr\u00e9.<br\/>Nous avons conclu un contrat correspondant avec le fournisseur pour le traitement des donn\u00e9es de commande.<br\/>Votre adresse IP est saisie, mais imm\u00e9diatement pseudonymis\u00e9e par la suppression des 8 derniers bits. De ce fait, seule une localisation approximative est d\u00e9sormais possible.<br\/>La relation avec le fournisseur d&#8217;analyse web est bas\u00e9e sur des clauses contractuelles standard\/une d\u00e9cision d&#8217;ad\u00e9quation de la Commission europ\u00e9enne.<br\/>Le traitement des donn\u00e9es est effectu\u00e9 sur la base des dispositions l\u00e9gales de l&#8217;article 96, paragraphe 3, de la loi sur les t\u00e9l\u00e9communications (TKG) et de l&#8217;article 6, paragraphe 1, point a) (consentement) et\/ou f) (int\u00e9r\u00eat l\u00e9gitime) du RGPD.<br\/>Notre pr\u00e9occupation au sens du RGPD (int\u00e9r\u00eat l\u00e9gitime) est d&#8217;am\u00e9liorer notre offre et notre pr\u00e9sence sur le web. Comme la vie priv\u00e9e de nos utilisateurs est importante pour nous, les donn\u00e9es des utilisateurs sont pseudonymis\u00e9es.<br\/>Les donn\u00e9es des utilisateurs sont conserv\u00e9es pendant une dur\u00e9e de 50 mois.<\/p>\n<p><strong>Bulletin d&#8217;information<\/strong><\/p>\n<p><br\/>Vous avez la possibilit\u00e9 de vous abonner \u00e0 notre newsletter via notre site web. Pour ce faire, nous avons besoin de votre adresse e-mail et de votre d\u00e9claration d&#8217;accord avec l&#8217;abonnement \u00e0 la newsletter.<br\/>Une fois que vous vous \u00eates inscrit \u00e0 la newsletter, nous vous envoyons un e-mail de confirmation avec un lien pour confirmer votre inscription.<br\/>Vous pouvez annuler votre abonnement \u00e0 la newsletter \u00e0 tout moment. Veuillez envoyer votre annulation \u00e0 l&#8217;adresse e-mail suivante : hello@cocoome.com. Nous supprimerons ensuite imm\u00e9diatement vos donn\u00e9es en rapport avec l&#8217;envoi de la newsletter.<\/p>\n<p><strong>Vos droits<\/strong><\/p>\n<p><br\/>Vous disposez en principe des droits d&#8217;acc\u00e8s, de rectification, d&#8217;effacement, de limitation, de portabilit\u00e9 des donn\u00e9es, de r\u00e9vocation et d&#8217;opposition. Si vous pensez que le traitement de vos donn\u00e9es enfreint la l\u00e9gislation sur la protection des donn\u00e9es ou que vos droits en mati\u00e8re de protection des donn\u00e9es ont \u00e9t\u00e9 viol\u00e9s d&#8217;une autre mani\u00e8re, vous pouvez d\u00e9poser une plainte aupr\u00e8s de l&#8217;autorit\u00e9 de contr\u00f4le. En Autriche, il s&#8217;agit de l&#8217;autorit\u00e9 de protection des donn\u00e9es.<\/p>\n<p><strong>Vous pouvez nous contacter aux coordonn\u00e9es suivantes :<\/strong><br\/>cocoome e.U.<br\/>Hengsberg 64<br\/>A-8411 Hengsberg<br\/>T\u00e9l : +43 6507700793<br\/>Courrier \u00e9lectronique : hello@cocoome.com<\/p>\n<p>Mise \u00e0 jour : d\u00e9cembre 2017<\/p>\n","protected":false},"excerpt":{"rendered":"<p>D\u00e9claration sur l&#8217;obligation d&#8217;information (D\u00e9claration de confidentialit\u00e9) La protection de vos donn\u00e9es personnelles nous tient particuli\u00e8rement \u00e0 c\u0153ur. Nous traitons&#8230;<\/p>\n","protected":false},"author":1,"featured_media":0,"parent":0,"menu_order":0,"comment_status":"closed","ping_status":"closed","template":"","meta":{"footnotes":""},"class_list":["post-27532","page","type-page","status-publish"],"_links":{"self":[{"href":"https:\/\/www.cocoome.com\/fr\/wp-json\/wp\/v2\/pages\/27532","targetHints":{"allow":["GET"]}}],"collection":[{"href":"https:\/\/www.cocoome.com\/fr\/wp-json\/wp\/v2\/pages"}],"about":[{"href":"https:\/\/www.cocoome.com\/fr\/wp-json\/wp\/v2\/types\/page"}],"author":[{"embeddable":true,"href":"https:\/\/www.cocoome.com\/fr\/wp-json\/wp\/v2\/users\/1"}],"replies":[{"embeddable":true,"href":"https:\/\/www.cocoome.com\/fr\/wp-json\/wp\/v2\/comments?post=27532"}],"version-history":[{"count":0,"href":"https:\/\/www.cocoome.com\/fr\/wp-json\/wp\/v2\/pages\/27532\/revisions"}],"wp:attachment":[{"href":"https:\/\/www.cocoome.com\/fr\/wp-json\/wp\/v2\/media?parent=27532"}],"curies":[{"name":"wp","href":"https:\/\/api.w.org\/{rel}","templated":true}]}}