{"id":27115,"date":"2019-01-14T07:02:05","date_gmt":"2019-01-14T06:02:05","guid":{"rendered":"https:\/\/www.cocoome.com\/panier\/"},"modified":"2025-06-27T15:10:50","modified_gmt":"2025-06-27T13:10:50","slug":"panier","status":"publish","type":"page","link":"https:\/\/www.cocoome.com\/fr\/panier\/","title":{"rendered":"Chariot d&#8217;achat"},"content":{"rendered":"<div class=\"wpb-content-wrapper\"><p>[vc_row disable_element=&#8221;yes&#8221;][vc_column][vc_empty_space]<style>.thegem-custom-69fcbfcd7634e2245 .gem-icon-half-1 {color: #DD3333;}.thegem-custom-69fcbfcd7634e2245 .gem-icon-half-2 {color: #DD3333;}.thegem-custom-69fcbfcd7634e2245 .gem-icon-style-gradient .back-angle {background: linear-gradient( to bottom, #DD3333, ); -webkit-text-fill-color: transparent; -webkit-background-clip: text;}.thegem-custom-69fcbfcd7634e2245 .gem-icon  {font-size: 22pxpx;}.thegem-custom-69fcbfcd7634e2245 .gem-icon:not(.gem-simple-icon) .gem-icon-inner {width: 33px; height: 33px; line-height: 33px;}.thegem-custom-69fcbfcd7634e2245 .gem-icon.gem-simple-icon {width: 22pxpx; height: 22pxpx; line-height: 22pxpx;}.thegem-custom-69fcbfcd7634e2245 a:hover .gem-infotext-icon .gem-icon-half-1 {color: #DD3333 !important;}.thegem-custom-69fcbfcd7634e2245 a:hover .gem-infotext-icon .gem-icon-half-2 {color: #DD3333 !important;}.thegem-custom-69fcbfcd7634e2245 a:hover .gem-infotext-icon .gem-icon-style-gradient .back-angle {background: linear-gradient( to bottom, #DD3333, ); -webkit-text-fill-color: transparent; -webkit-background-clip: text;}.gem-infotext.thegem-custom-69fcbfcd7634e2245 .gem-infotext-icon {margin-top:-2px !important;}.gem-infotext.thegem-custom-69fcbfcd7634e2245 .gem-infotext-icon {margin-right:8px !important;}.gem-infotext.thegem-custom-69fcbfcd7634e2245 .title-customize {color:#DD3333 !important;}.gem-infotext.thegem-custom-69fcbfcd7634e2245 a:hover .gem-infotext .title-customize {color:#DD3333 !important;}<\/style><div class=\"gem-infotext vc_custom_1734681168042 alignment-left thegem-custom-69fcbfcd7634e2245\"> <div class=\"gem-infotext-wrap position--left vertical--center\"> <div class=\"gem-infotext-icon\"> <div class=\"gem-icon gem-simple-icon gem-icon-pack-thegem-header gem-icon-size-custom\"> <div class=\"gem-icon-inner\"><span class=\"gem-icon-half-1\"><span class=\"back-angle\">&#xe701;<\/span><\/span><span class=\"gem-icon-half-2\"><span class=\"back-angle\">&#xe701;<\/span><\/span><\/div> <\/div> <\/div> <div class=\"gem-infotext\"> <div class=\"gem-infotext__title\"> <div class=\"title-customize text-body light\" style=\"\"> Wir g\u00f6nnen uns eine kurze Pause. Bestellungen werden ab 02.01.2025 wieder bearbeitet und umgehend verschickt.<br \/>\nAls kleine Entschuldigung f\u00fcr die Wartezeit findet ihr eine kleine \u00dcberraschung in eurer Bestellung. Vielen Dank f\u00fcr euer Verst\u00e4ndnis und eure Unterst\u00fctzung. <\/div> <\/div> <\/div> <\/div> <\/div>[\/vc_column][\/vc_row][vc_row][vc_column][\/vc_column][\/vc_row]<\/p>\n<\/div>","protected":false},"excerpt":{"rendered":"<p>[vc_row disable_element=&#8221;yes&#8221;][vc_column][vc_empty_space][\/vc_column][\/vc_row][vc_row][vc_column][\/vc_column][\/vc_row]<\/p>\n","protected":false},"author":1,"featured_media":0,"parent":0,"menu_order":0,"comment_status":"closed","ping_status":"closed","template":"","meta":{"footnotes":""},"class_list":["post-27115","page","type-page","status-publish"],"_links":{"self":[{"href":"https:\/\/www.cocoome.com\/fr\/wp-json\/wp\/v2\/pages\/27115","targetHints":{"allow":["GET"]}}],"collection":[{"href":"https:\/\/www.cocoome.com\/fr\/wp-json\/wp\/v2\/pages"}],"about":[{"href":"https:\/\/www.cocoome.com\/fr\/wp-json\/wp\/v2\/types\/page"}],"author":[{"embeddable":true,"href":"https:\/\/www.cocoome.com\/fr\/wp-json\/wp\/v2\/users\/1"}],"replies":[{"embeddable":true,"href":"https:\/\/www.cocoome.com\/fr\/wp-json\/wp\/v2\/comments?post=27115"}],"version-history":[{"count":0,"href":"https:\/\/www.cocoome.com\/fr\/wp-json\/wp\/v2\/pages\/27115\/revisions"}],"wp:attachment":[{"href":"https:\/\/www.cocoome.com\/fr\/wp-json\/wp\/v2\/media?parent=27115"}],"curies":[{"name":"wp","href":"https:\/\/api.w.org\/{rel}","templated":true}]}}